{"id":104,"date":"2015-10-13T23:18:37","date_gmt":"2015-10-13T22:18:37","guid":{"rendered":"https:\/\/encretplomb.ch\/wp-projet\/?page_id=104"},"modified":"2023-05-17T10:31:17","modified_gmt":"2023-05-17T08:31:17","slug":"a_propos","status":"publish","type":"page","link":"https:\/\/encretplomb.ch\/index.php\/a_propos\/","title":{"rendered":"A propos mus\u00e9e encretplomb"},"content":{"rendered":"\n<div class=\"wp-block-columns is-layout-flex wp-container-core-columns-is-layout-d0b3c9c8 wp-block-columns-is-layout-flex\">\n<div class=\"wp-block-column is-layout-flow wp-block-column-is-layout-flow\">\n<h2 class=\"wp-block-heading\"><strong>Association d&rsquo;Encre et de Plomb<\/strong><\/h2>\n\n\n\n<p>Gutenberg a inscrit son nom dans la lign\u00e9e des g\u00e9ants de la Renaissance. La composition \u00e0 partir de caract\u00e8res en plomb et l\u2019impression typographique ont \u00e9t\u00e9, 500 ans durant, le proc\u00e9d\u00e9 d\u2019impression majeur. La soci\u00e9t\u00e9 toute enti\u00e8re a b\u00e9n\u00e9fici\u00e9 de cette ing\u00e9nieuse d\u00e9couverte. En 1493 d\u00e9j\u00e0, un certain Jean Belot imprimait \u00e0 Lausanne un psautier. Pendant le demi-mill\u00e9naire qui suit, Lausanne comptera une multitude d\u2019imprimeurs et officines r\u00e9put\u00e9s loin \u00e0 la ronde. D\u00e8s les ann\u00e9es 1970 du XXe si\u00e8cle, les progr\u00e8s techniques ont consid\u00e9rablement modifi\u00e9 la fa\u00e7on \u00ab&nbsp;ancestrale&nbsp;\u00bb de travailler.&nbsp;Les imprimeries typographiques ont \u00ab&nbsp;mis \u00e0 la casse&nbsp;\u00bb tout un patrimoine industriel. Nous avons sauvegard\u00e9 et maintenu en \u00e9tat de marche du mat\u00e9riel pour animer l\u2019Atelier-Mus\u00e9e, notre d\u00e9sir \u00e9tant de le l\u00e9guer \u00e0 nos descendants. L\u2019aventure d\u2019un groupe de passionn\u00e9s prenait forme et l\u2019Association d\u2019Encre et de Plomb voyait le jour <a rel=\"noreferrer noopener\" href=\"https:\/\/encretplomb.ch\/wp-content\/uploads\/2016\/04\/Liste-%C3%A9quipements-Encre-Plomb.pdf\" target=\"_blank\">voir les \u00e9quipements<\/a>.<\/p>\n\n\n\n<p><a href=\"https:\/\/encretplomb.ch\/\"><img data-recalc-dims=\"1\" decoding=\"async\" src=\"https:\/\/i0.wp.com\/encretplomb.ch\/wp-content\/uploads\/2021\/06\/93634-e1622902593923.png?w=580&#038;ssl=1\" alt=\"\"><\/a><\/p>\n<\/div>\n\n\n\n<div class=\"wp-block-column is-layout-flow wp-block-column-is-layout-flow\">\n<h2 class=\"wp-block-heading\"><strong>Buts de l&rsquo;Atelier-Mus\u00e9e Encre &amp; Plomb<\/strong><\/h2>\n\n\n\n<p>Le but premier a \u00e9t\u00e9 la sauvegarde et la p\u00e9rennisation de l\u2019outil professionnel typographique. Apr\u00e8s le temps de la mise en ordre du mat\u00e9riel, la suite logique \u00e9tait d\u2019en faire profiter le public, averti ou non. Ainsi des visites ont \u00e9t\u00e9 mises sur pied, pour les \u00e9coles, les groupements divers et autres associations.&nbsp;Lors de ces visites, le compositeur-typographe, le linotypiste, l\u2019imprimeur et le relieur mettent en valeur les savoirs de l\u2019imprimerie d\u2019hier.&nbsp;Les Compagnons font partager leur passion pour les m\u00e9tiers qu\u2019ils ont pratiqu\u00e9s durant leur vie professionnelle. Une autre activit\u00e9 est la r\u00e9alisation de petits travaux ainsi que des tirages de luxe en typographie &#8211; pour lesquels il n\u2019y a plus d\u2019imprimeries \u00e9quip\u00e9es &#8211; avec finition en reliure artisanale.&nbsp;<a href=\"https:\/\/encretplomb.ch\/index.php\/prestations\/\">Voir nos prestations<\/a>. Le monde num\u00e9rique et virtuel d\u2019internet nous int\u00e9resse \u00e9galement mais nous restons des disciples ind\u00e9fectibles du g\u00e9nial Gutenberg, inventeur de la typographie.<\/p>\n\n\n\n<p><a href=\"https:\/\/encretplomb.ch\/\"><img data-recalc-dims=\"1\" decoding=\"async\" src=\"https:\/\/i0.wp.com\/encretplomb.ch\/wp-content\/uploads\/2021\/06\/93634-e1622902593923.png?w=580&#038;ssl=1\" alt=\"\"><\/a><\/p>\n<\/div>\n<\/div>\n\n\n\n<h2 class=\"wp-block-heading\"><strong>Le patron des imprimeurs et des typographes<\/strong><\/h2>\n\n\n\n<div class=\"wp-block-columns is-layout-flex wp-container-core-columns-is-layout-d0b3c9c8 wp-block-columns-is-layout-flex\">\n<div class=\"wp-block-column is-layout-flow wp-block-column-is-layout-flow\" style=\"--col-width:66.66%;flex-basis:66.66%\">\n<p><strong>Saint Jean Porte latine<\/strong> est le nom d&rsquo;une f\u00eate de l&rsquo;\u00c9glise de Rome en l&rsquo;honneur de l\u2019ap\u00f4tre et \u00e9vang\u00e9liste <a href=\"https:\/\/fr.wikipedia.org\/wiki\/Jean_(ap%C3%B4tre)\">Jean<\/a>. Elle est c\u00e9l\u00e9br\u00e9e le 6 mai. L&#8217;empereur <a href=\"https:\/\/fr.wikipedia.org\/wiki\/Domitien\">Domitien<\/a> le fit plonger dans une cuve d&rsquo;huile bouillante. Cette derni\u00e8re se transforma en bain rafra\u00eechissant. Ce supplice eut lieu pr\u00e8s de la porte de <a href=\"https:\/\/fr.wikipedia.org\/wiki\/Rome\">Rome<\/a> situ\u00e9e sur la <a href=\"https:\/\/fr.wikipedia.org\/wiki\/Voie_Latine\">Voie latine<\/a> et donc nomm\u00e9e <a href=\"https:\/\/fr.wikipedia.org\/wiki\/Porta_Latina\"><em>Porta Latina<\/em><\/a>.<\/p>\n\n\n\n<p><strong>Saint Jean<\/strong><\/p>\n\n\n\n<p>Originellement saint patron des <a href=\"https:\/\/fr.wikipedia.org\/wiki\/Viticulteur\">vignerons<\/a> et <a href=\"https:\/\/fr.wikipedia.org\/wiki\/Tonnelier\">tonneliers<\/a>, <strong>il devint patron des <\/strong><a href=\"https:\/\/fr.wikipedia.org\/wiki\/Cirier_(m%C3%A9tier)\"><strong>ciriers<\/strong><\/a><strong>, des <\/strong><a href=\"https:\/\/fr.wikipedia.org\/wiki\/Imprimeur\"><strong>imprimeurs<\/strong><\/a><strong> et des <\/strong><a href=\"https:\/\/fr.wikipedia.org\/wiki\/Typographe\"><strong>typographes<\/strong><\/a><strong><sup>.&nbsp; <\/sup><\/strong>Pour ces derniers, les explications \u00e9taient multiples&nbsp;: la Porte latine avait peut-\u00eatre, avec ses deux battants, la forme d&rsquo;un livre&nbsp;; les imprimeurs utilisent des encres grasses, r\u00e9f\u00e9rence probable \u00e0 l&rsquo;huile bouillante dans laquelle Domitien le fit plonger&nbsp;; enfin, saint Jean a \u00e9crit des ouvrages importants comme son <em>\u00c9vangile<\/em> et l&rsquo;<em>Apocalypse<\/em> (le <a href=\"https:\/\/fr.wikipedia.org\/wiki\/Corpus_johannique\">corpus johannique<\/a>). L&rsquo;ensemble du petit mat\u00e9riel des ouvriers typographes (<a href=\"https:\/\/fr.wikipedia.org\/wiki\/Composteur_(imprimerie)\">composteur<\/a>, <a href=\"https:\/\/fr.wikipedia.org\/wiki\/Gal%C3%A9e_(imprimerie)\">gal\u00e9e<\/a>, etc.) s&rsquo;appelait le \u00ab&nbsp;saint-jean\u00bb.<\/p>\n<\/div>\n\n\n\n<div class=\"wp-block-column is-layout-flow wp-block-column-is-layout-flow\" style=\"--col-width:33.33%;flex-basis:33.33%\">\n<figure class=\"wp-block-image size-large is-resized\"><img data-recalc-dims=\"1\" loading=\"lazy\" decoding=\"async\" data-attachment-id=\"5784\" data-permalink=\"https:\/\/encretplomb.ch\/?attachment_id=5784\" data-orig-file=\"https:\/\/i0.wp.com\/encretplomb.ch\/wp-content\/uploads\/2023\/05\/Saint-Jean.jpg?fit=930%2C1370&amp;ssl=1\" data-orig-size=\"930,1370\" data-comments-opened=\"0\" data-image-meta=\"{&quot;aperture&quot;:&quot;0&quot;,&quot;credit&quot;:&quot;&quot;,&quot;camera&quot;:&quot;&quot;,&quot;caption&quot;:&quot;&quot;,&quot;created_timestamp&quot;:&quot;0&quot;,&quot;copyright&quot;:&quot;&quot;,&quot;focal_length&quot;:&quot;0&quot;,&quot;iso&quot;:&quot;0&quot;,&quot;shutter_speed&quot;:&quot;0&quot;,&quot;title&quot;:&quot;&quot;,&quot;orientation&quot;:&quot;1&quot;}\" data-image-title=\"Saint-Jean\" data-image-description=\"\" data-image-caption=\"\" data-large-file=\"https:\/\/i0.wp.com\/encretplomb.ch\/wp-content\/uploads\/2023\/05\/Saint-Jean.jpg?fit=580%2C855&amp;ssl=1\" src=\"https:\/\/i0.wp.com\/encretplomb.ch\/wp-content\/uploads\/2023\/05\/Saint-Jean.jpg?resize=192%2C282&#038;ssl=1\" alt=\"\" class=\"wp-image-5784\" width=\"192\" height=\"282\" srcset=\"https:\/\/i0.wp.com\/encretplomb.ch\/wp-content\/uploads\/2023\/05\/Saint-Jean.jpg?resize=695%2C1024&amp;ssl=1 695w, https:\/\/i0.wp.com\/encretplomb.ch\/wp-content\/uploads\/2023\/05\/Saint-Jean.jpg?resize=204%2C300&amp;ssl=1 204w, https:\/\/i0.wp.com\/encretplomb.ch\/wp-content\/uploads\/2023\/05\/Saint-Jean.jpg?w=930&amp;ssl=1 930w\" sizes=\"auto, (max-width: 192px) 100vw, 192px\" \/><\/figure>\n<\/div>\n<\/div>\n\n\n","protected":false},"excerpt":{"rendered":"<p>Association d&rsquo;Encre et de Plomb Gutenberg a inscrit son nom dans la lign\u00e9e des g\u00e9ants de la Renaissance. La composition \u00e0 partir de caract\u00e8res en plomb et l\u2019impression typographique ont \u00e9t\u00e9, 500 ans durant, le proc\u00e9d\u00e9 d\u2019impression majeur. La soci\u00e9t\u00e9 toute enti\u00e8re a b\u00e9n\u00e9fici\u00e9 de cette ing\u00e9nieuse d\u00e9couverte. En 1493 d\u00e9j\u00e0, un certain Jean Belot&hellip;<\/p>\n","protected":false},"author":7,"featured_media":0,"parent":0,"menu_order":0,"comment_status":"closed","ping_status":"closed","template":"templates\/template-full-width.php","meta":{"footnotes":""},"class_list":["post-104","page","type-page","status-publish","hentry"],"yoast_head":"<!-- This site is optimized with the Yoast SEO plugin v27.4 - https:\/\/yoast.com\/product\/yoast-seo-wordpress\/ -->\n<title>A propos mus\u00e9e encretplomb - Atelier-Mus\u00e9e Encre &amp; Plomb<\/title>\n<meta name=\"description\" content=\"Mus\u00e9e historique de la typographie et de ses diff\u00e9rents m\u00e9tiers.\" \/>\n<meta name=\"robots\" content=\"index, follow, max-snippet:-1, max-image-preview:large, max-video-preview:-1\" \/>\n<link rel=\"canonical\" href=\"https:\/\/encretplomb.ch\/index.php\/a_propos\/\" \/>\n<meta property=\"og:locale\" content=\"fr_FR\" \/>\n<meta property=\"og:type\" content=\"article\" \/>\n<meta property=\"og:title\" content=\"A propos mus\u00e9e encretplomb - Atelier-Mus\u00e9e Encre &amp; Plomb\" \/>\n<meta property=\"og:description\" content=\"Mus\u00e9e historique de la typographie et de ses diff\u00e9rents m\u00e9tiers.\" \/>\n<meta property=\"og:url\" content=\"https:\/\/encretplomb.ch\/index.php\/a_propos\/\" \/>\n<meta property=\"og:site_name\" content=\"Atelier-Mus\u00e9e Encre &amp; Plomb\" \/>\n<meta property=\"article:modified_time\" content=\"2023-05-17T08:31:17+00:00\" \/>\n<meta property=\"og:image\" content=\"https:\/\/encretplomb.ch\/wp-content\/uploads\/2021\/06\/93634-e1622902593923.png\" \/>\n<meta name=\"twitter:card\" content=\"summary_large_image\" \/>\n<meta name=\"twitter:label1\" content=\"Dur\u00e9e de lecture estim\u00e9e\" \/>\n\t<meta name=\"twitter:data1\" content=\"3 minutes\" \/>\n<script type=\"application\/ld+json\" class=\"yoast-schema-graph\">{\"@context\":\"https:\\\/\\\/schema.org\",\"@graph\":[{\"@type\":\"WebPage\",\"@id\":\"https:\\\/\\\/encretplomb.ch\\\/index.php\\\/a_propos\\\/\",\"url\":\"https:\\\/\\\/encretplomb.ch\\\/index.php\\\/a_propos\\\/\",\"name\":\"A propos mus\u00e9e encretplomb - Atelier-Mus\u00e9e Encre &amp; Plomb\",\"isPartOf\":{\"@id\":\"https:\\\/\\\/encretplomb.ch\\\/#website\"},\"primaryImageOfPage\":{\"@id\":\"https:\\\/\\\/encretplomb.ch\\\/index.php\\\/a_propos\\\/#primaryimage\"},\"image\":{\"@id\":\"https:\\\/\\\/encretplomb.ch\\\/index.php\\\/a_propos\\\/#primaryimage\"},\"thumbnailUrl\":\"https:\\\/\\\/encretplomb.ch\\\/wp-content\\\/uploads\\\/2021\\\/06\\\/93634-e1622902593923.png\",\"datePublished\":\"2015-10-13T22:18:37+00:00\",\"dateModified\":\"2023-05-17T08:31:17+00:00\",\"description\":\"Mus\u00e9e historique de la typographie et de ses diff\u00e9rents m\u00e9tiers.\",\"breadcrumb\":{\"@id\":\"https:\\\/\\\/encretplomb.ch\\\/index.php\\\/a_propos\\\/#breadcrumb\"},\"inLanguage\":\"fr-FR\",\"potentialAction\":[{\"@type\":\"ReadAction\",\"target\":[\"https:\\\/\\\/encretplomb.ch\\\/index.php\\\/a_propos\\\/\"]}]},{\"@type\":\"ImageObject\",\"inLanguage\":\"fr-FR\",\"@id\":\"https:\\\/\\\/encretplomb.ch\\\/index.php\\\/a_propos\\\/#primaryimage\",\"url\":\"https:\\\/\\\/i0.wp.com\\\/encretplomb.ch\\\/wp-content\\\/uploads\\\/2021\\\/06\\\/93634-e1622902593923.png?fit=30%2C30&ssl=1\",\"contentUrl\":\"https:\\\/\\\/i0.wp.com\\\/encretplomb.ch\\\/wp-content\\\/uploads\\\/2021\\\/06\\\/93634-e1622902593923.png?fit=30%2C30&ssl=1\",\"width\":30,\"height\":30},{\"@type\":\"BreadcrumbList\",\"@id\":\"https:\\\/\\\/encretplomb.ch\\\/index.php\\\/a_propos\\\/#breadcrumb\",\"itemListElement\":[{\"@type\":\"ListItem\",\"position\":1,\"name\":\"Accueil\",\"item\":\"https:\\\/\\\/encretplomb.ch\\\/\"},{\"@type\":\"ListItem\",\"position\":2,\"name\":\"A propos mus\u00e9e encretplomb\"}]},{\"@type\":\"WebSite\",\"@id\":\"https:\\\/\\\/encretplomb.ch\\\/#website\",\"url\":\"https:\\\/\\\/encretplomb.ch\\\/\",\"name\":\"Atelier-Mus\u00e9e Encre &amp; Plomb\",\"description\":\"Mus\u00e9e vivant de la typographie\",\"publisher\":{\"@id\":\"https:\\\/\\\/encretplomb.ch\\\/#organization\"},\"potentialAction\":[{\"@type\":\"SearchAction\",\"target\":{\"@type\":\"EntryPoint\",\"urlTemplate\":\"https:\\\/\\\/encretplomb.ch\\\/?s={search_term_string}\"},\"query-input\":{\"@type\":\"PropertyValueSpecification\",\"valueRequired\":true,\"valueName\":\"search_term_string\"}}],\"inLanguage\":\"fr-FR\"},{\"@type\":\"Organization\",\"@id\":\"https:\\\/\\\/encretplomb.ch\\\/#organization\",\"name\":\"Atelier Mus\u00e9e de la Typographie\",\"url\":\"https:\\\/\\\/encretplomb.ch\\\/\",\"logo\":{\"@type\":\"ImageObject\",\"inLanguage\":\"fr-FR\",\"@id\":\"https:\\\/\\\/encretplomb.ch\\\/#\\\/schema\\\/logo\\\/image\\\/\",\"url\":\"https:\\\/\\\/i0.wp.com\\\/encretplomb.ch\\\/wp-content\\\/uploads\\\/2021\\\/05\\\/cropped-Logo_AEP-12-1.04.18-Original-.jpg?fit=1591%2C653&ssl=1\",\"contentUrl\":\"https:\\\/\\\/i0.wp.com\\\/encretplomb.ch\\\/wp-content\\\/uploads\\\/2021\\\/05\\\/cropped-Logo_AEP-12-1.04.18-Original-.jpg?fit=1591%2C653&ssl=1\",\"width\":1591,\"height\":653,\"caption\":\"Atelier Mus\u00e9e de la Typographie\"},\"image\":{\"@id\":\"https:\\\/\\\/encretplomb.ch\\\/#\\\/schema\\\/logo\\\/image\\\/\"}}]}<\/script>\n<!-- \/ Yoast SEO plugin. -->","yoast_head_json":{"title":"A propos mus\u00e9e encretplomb - Atelier-Mus\u00e9e Encre &amp; Plomb","description":"Mus\u00e9e historique de la typographie et de ses diff\u00e9rents m\u00e9tiers.","robots":{"index":"index","follow":"follow","max-snippet":"max-snippet:-1","max-image-preview":"max-image-preview:large","max-video-preview":"max-video-preview:-1"},"canonical":"https:\/\/encretplomb.ch\/index.php\/a_propos\/","og_locale":"fr_FR","og_type":"article","og_title":"A propos mus\u00e9e encretplomb - Atelier-Mus\u00e9e Encre &amp; Plomb","og_description":"Mus\u00e9e historique de la typographie et de ses diff\u00e9rents m\u00e9tiers.","og_url":"https:\/\/encretplomb.ch\/index.php\/a_propos\/","og_site_name":"Atelier-Mus\u00e9e Encre &amp; Plomb","article_modified_time":"2023-05-17T08:31:17+00:00","og_image":[{"url":"https:\/\/encretplomb.ch\/wp-content\/uploads\/2021\/06\/93634-e1622902593923.png","type":"","width":"","height":""}],"twitter_card":"summary_large_image","twitter_misc":{"Dur\u00e9e de lecture estim\u00e9e":"3 minutes"},"schema":{"@context":"https:\/\/schema.org","@graph":[{"@type":"WebPage","@id":"https:\/\/encretplomb.ch\/index.php\/a_propos\/","url":"https:\/\/encretplomb.ch\/index.php\/a_propos\/","name":"A propos mus\u00e9e encretplomb - Atelier-Mus\u00e9e Encre &amp; Plomb","isPartOf":{"@id":"https:\/\/encretplomb.ch\/#website"},"primaryImageOfPage":{"@id":"https:\/\/encretplomb.ch\/index.php\/a_propos\/#primaryimage"},"image":{"@id":"https:\/\/encretplomb.ch\/index.php\/a_propos\/#primaryimage"},"thumbnailUrl":"https:\/\/encretplomb.ch\/wp-content\/uploads\/2021\/06\/93634-e1622902593923.png","datePublished":"2015-10-13T22:18:37+00:00","dateModified":"2023-05-17T08:31:17+00:00","description":"Mus\u00e9e historique de la typographie et de ses diff\u00e9rents m\u00e9tiers.","breadcrumb":{"@id":"https:\/\/encretplomb.ch\/index.php\/a_propos\/#breadcrumb"},"inLanguage":"fr-FR","potentialAction":[{"@type":"ReadAction","target":["https:\/\/encretplomb.ch\/index.php\/a_propos\/"]}]},{"@type":"ImageObject","inLanguage":"fr-FR","@id":"https:\/\/encretplomb.ch\/index.php\/a_propos\/#primaryimage","url":"https:\/\/i0.wp.com\/encretplomb.ch\/wp-content\/uploads\/2021\/06\/93634-e1622902593923.png?fit=30%2C30&ssl=1","contentUrl":"https:\/\/i0.wp.com\/encretplomb.ch\/wp-content\/uploads\/2021\/06\/93634-e1622902593923.png?fit=30%2C30&ssl=1","width":30,"height":30},{"@type":"BreadcrumbList","@id":"https:\/\/encretplomb.ch\/index.php\/a_propos\/#breadcrumb","itemListElement":[{"@type":"ListItem","position":1,"name":"Accueil","item":"https:\/\/encretplomb.ch\/"},{"@type":"ListItem","position":2,"name":"A propos mus\u00e9e encretplomb"}]},{"@type":"WebSite","@id":"https:\/\/encretplomb.ch\/#website","url":"https:\/\/encretplomb.ch\/","name":"Atelier-Mus\u00e9e Encre &amp; Plomb","description":"Mus\u00e9e vivant de la typographie","publisher":{"@id":"https:\/\/encretplomb.ch\/#organization"},"potentialAction":[{"@type":"SearchAction","target":{"@type":"EntryPoint","urlTemplate":"https:\/\/encretplomb.ch\/?s={search_term_string}"},"query-input":{"@type":"PropertyValueSpecification","valueRequired":true,"valueName":"search_term_string"}}],"inLanguage":"fr-FR"},{"@type":"Organization","@id":"https:\/\/encretplomb.ch\/#organization","name":"Atelier Mus\u00e9e de la Typographie","url":"https:\/\/encretplomb.ch\/","logo":{"@type":"ImageObject","inLanguage":"fr-FR","@id":"https:\/\/encretplomb.ch\/#\/schema\/logo\/image\/","url":"https:\/\/i0.wp.com\/encretplomb.ch\/wp-content\/uploads\/2021\/05\/cropped-Logo_AEP-12-1.04.18-Original-.jpg?fit=1591%2C653&ssl=1","contentUrl":"https:\/\/i0.wp.com\/encretplomb.ch\/wp-content\/uploads\/2021\/05\/cropped-Logo_AEP-12-1.04.18-Original-.jpg?fit=1591%2C653&ssl=1","width":1591,"height":653,"caption":"Atelier Mus\u00e9e de la Typographie"},"image":{"@id":"https:\/\/encretplomb.ch\/#\/schema\/logo\/image\/"}}]}},"jetpack_sharing_enabled":true,"_links":{"self":[{"href":"https:\/\/encretplomb.ch\/index.php\/wp-json\/wp\/v2\/pages\/104","targetHints":{"allow":["GET"]}}],"collection":[{"href":"https:\/\/encretplomb.ch\/index.php\/wp-json\/wp\/v2\/pages"}],"about":[{"href":"https:\/\/encretplomb.ch\/index.php\/wp-json\/wp\/v2\/types\/page"}],"author":[{"embeddable":true,"href":"https:\/\/encretplomb.ch\/index.php\/wp-json\/wp\/v2\/users\/7"}],"replies":[{"embeddable":true,"href":"https:\/\/encretplomb.ch\/index.php\/wp-json\/wp\/v2\/comments?post=104"}],"version-history":[{"count":50,"href":"https:\/\/encretplomb.ch\/index.php\/wp-json\/wp\/v2\/pages\/104\/revisions"}],"predecessor-version":[{"id":5792,"href":"https:\/\/encretplomb.ch\/index.php\/wp-json\/wp\/v2\/pages\/104\/revisions\/5792"}],"wp:attachment":[{"href":"https:\/\/encretplomb.ch\/index.php\/wp-json\/wp\/v2\/media?parent=104"}],"curies":[{"name":"wp","href":"https:\/\/api.w.org\/{rel}","templated":true}]}}