{"id":143,"date":"2015-10-18T23:43:39","date_gmt":"2015-10-18T21:43:39","guid":{"rendered":"https:\/\/encretplomb.ch\/wp-projet\/?page_id=143"},"modified":"2024-04-30T22:11:29","modified_gmt":"2024-04-30T20:11:29","slug":"visites","status":"publish","type":"page","link":"https:\/\/encretplomb.ch\/index.php\/visites\/","title":{"rendered":"A propos des visites"},"content":{"rendered":"\n<p class=\"has-text-align-center\"><strong>Visites en semaine et le samedi matin (pr\u00e9voir 2 heures) uniquement sur rendez-vous.<\/strong> <br>Adressez votre demande (date et nombre de personnes) en utilisant notre <a href=\"https:\/\/encretplomb.ch\/index.php\/contact\/\">formulaire de contact<\/a><br>Nous vous r\u00e9pondrons rapidement pour vous confirmer votre&nbsp;demande. Merci pour votre int\u00e9r\u00eat et \u00e0 bient\u00f4t&nbsp;!<br><\/p>\n\n\n\n<div class=\"wp-block-columns is-layout-flex wp-container-core-columns-is-layout-d0b3c9c8 wp-block-columns-is-layout-flex\">\n<div class=\"wp-block-column is-layout-flow wp-block-column-is-layout-flow\">\n<h2 class=\"wp-block-heading tw-mb-3 tw-mt-0 has-vivid-red-color has-text-color\"><strong>Visites pour classes d\u2019\u00e9cole<\/strong><\/h2>\n\n\n\n<p>Nous accueillons avec plaisir les classes d\u2019\u00e9cole pour compl\u00e9ter et illustrer l\u2019enseignement dispens\u00e9 en classe. L\u2019\u00e2ge id\u00e9al des \u00e9l\u00e8ves est de 8 \u00e0 16 ans pour des classes jusqu\u2019\u00e0 20 \u00e9l\u00e8ves environ. La visite comprend la projection d\u2019un film retra\u00e7ant l\u2019histoire de l\u2019imprimerie et des d\u00e9monstrations pratiques de 4 m\u00e9tiers par des Compagnons.<\/p>\n<\/div>\n\n\n\n<div class=\"wp-block-column is-layout-flow wp-block-column-is-layout-flow\">\n<h2 class=\"wp-block-heading has-vivid-red-color has-text-color\"><strong>Visites pour groupes d&rsquo;adultes<\/strong><\/h2>\n\n\n\n<p>Les groupes d&rsquo;adultes jusqu\u2019\u00e0 une trentaine de personnes sont \u00e9galement les bienvenus.&nbsp;La visite commence par la projection d\u2019un film d\u2019une quinzaine de minutes. Ensuite, les Compagnons vous feront d\u00e9couvrir leurs m\u00e9tiers. Par des d\u00e9monstrations pratiques et des explications d\u00e9taill\u00e9es, vous comprendrez comment le compositeur-typographe, le linotypiste, l\u2019imprimeur et le relieur accomplissaient leur travail.<\/p>\n<\/div>\n<\/div>\n\n\n\n<p class=\"has-text-align-center\">En direct, sous vos yeux, vous pourrez voir comment se faisait un livre, un journal et suivre les diff\u00e9rentes \u00e9tapes de la cr\u00e9ation d\u2019un imprim\u00e9.<\/p>\n\n\n\n<p class=\"has-text-align-center\">Pendant environ 2 heures vous allez remonter le temps et d\u00e9couvrir la typographie de Gutenberg.<\/p>\n\n\n\n<p class=\"has-text-align-center\"><em>Sur demande, un ap\u00e9ritif \u00ab&nbsp;sur le marbre&nbsp;\u00bb peut \u00eatre organis\u00e9.<\/em><br>&nbsp; &nbsp;Vin blanc\/rouge, min\u00e9rales, sodas, jus de fruits, feuillet\u00e9s sal\u00e9s, fruits secs, etc.<\/p>\n\n\n\n<p class=\"has-text-align-center\"><a href=\"https:\/\/encretplomb.ch\/wp-content\/uploads\/2024\/04\/Final-avec-cadre.pdf\" target=\"_blank\" rel=\"noreferrer noopener\">Tarif des entr\u00e9es et Acc\u00e8s au Mus\u00e9e<\/a><\/p>\n\n\n\n<figure class=\"wp-block-image size-large is-resized is-style-rounded\"><a href=\"https:\/\/encretplomb.ch\/\"><img data-recalc-dims=\"1\" decoding=\"async\" data-attachment-id=\"4315\" data-permalink=\"https:\/\/encretplomb.ch\/93634\/\" data-orig-file=\"https:\/\/i0.wp.com\/encretplomb.ch\/wp-content\/uploads\/2021\/06\/93634-e1622902593923.png?fit=30%2C30&amp;ssl=1\" data-orig-size=\"30,30\" data-comments-opened=\"0\" data-image-meta=\"{&quot;aperture&quot;:&quot;0&quot;,&quot;credit&quot;:&quot;&quot;,&quot;camera&quot;:&quot;&quot;,&quot;caption&quot;:&quot;&quot;,&quot;created_timestamp&quot;:&quot;0&quot;,&quot;copyright&quot;:&quot;&quot;,&quot;focal_length&quot;:&quot;0&quot;,&quot;iso&quot;:&quot;0&quot;,&quot;shutter_speed&quot;:&quot;0&quot;,&quot;title&quot;:&quot;&quot;,&quot;orientation&quot;:&quot;0&quot;}\" data-image-title=\"93634\" data-image-description=\"\" data-image-caption=\"\" data-large-file=\"https:\/\/i0.wp.com\/encretplomb.ch\/wp-content\/uploads\/2021\/06\/93634-e1622902593923.png?fit=30%2C30&amp;ssl=1\" src=\"https:\/\/i0.wp.com\/encretplomb.ch\/wp-content\/uploads\/2021\/06\/93634.png?w=580&#038;ssl=1\" alt=\"\" class=\"wp-image-4315\" style=\"width:40px;height:auto\"\/><\/a><\/figure>\n","protected":false},"excerpt":{"rendered":"<p>Visites en semaine et le samedi matin (pr\u00e9voir 2 heures) uniquement sur rendez-vous. Adressez votre demande (date et nombre de personnes) en utilisant notre formulaire de contactNous vous r\u00e9pondrons rapidement pour vous confirmer votre&nbsp;demande. Merci pour votre int\u00e9r\u00eat et \u00e0 bient\u00f4t&nbsp;! Visites pour classes d\u2019\u00e9cole Nous accueillons avec plaisir les classes d\u2019\u00e9cole pour compl\u00e9ter et&hellip;<\/p>\n","protected":false},"author":7,"featured_media":0,"parent":0,"menu_order":0,"comment_status":"closed","ping_status":"closed","template":"templates\/template-full-width.php","meta":{"footnotes":""},"class_list":["post-143","page","type-page","status-publish","hentry"],"yoast_head":"<!-- This site is optimized with the Yoast SEO plugin v27.4 - https:\/\/yoast.com\/product\/yoast-seo-wordpress\/ -->\n<title>A propos des visites - Atelier-Mus\u00e9e Encre &amp; Plomb<\/title>\n<meta name=\"robots\" content=\"index, follow, max-snippet:-1, max-image-preview:large, max-video-preview:-1\" \/>\n<link rel=\"canonical\" href=\"https:\/\/encretplomb.ch\/index.php\/visites\/\" \/>\n<meta property=\"og:locale\" content=\"fr_FR\" \/>\n<meta property=\"og:type\" content=\"article\" \/>\n<meta property=\"og:title\" content=\"A propos des visites - Atelier-Mus\u00e9e Encre &amp; Plomb\" \/>\n<meta property=\"og:description\" content=\"Visites en semaine et le samedi matin (pr\u00e9voir 2 heures) uniquement sur rendez-vous. Adressez votre demande (date et nombre de personnes) en utilisant notre formulaire de contactNous vous r\u00e9pondrons rapidement pour vous confirmer votre&nbsp;demande. Merci pour votre int\u00e9r\u00eat et \u00e0 bient\u00f4t&nbsp;! Visites pour classes d\u2019\u00e9cole Nous accueillons avec plaisir les classes d\u2019\u00e9cole pour compl\u00e9ter et&hellip;\" \/>\n<meta property=\"og:url\" content=\"https:\/\/encretplomb.ch\/index.php\/visites\/\" \/>\n<meta property=\"og:site_name\" content=\"Atelier-Mus\u00e9e Encre &amp; Plomb\" \/>\n<meta property=\"article:modified_time\" content=\"2024-04-30T20:11:29+00:00\" \/>\n<meta property=\"og:image\" content=\"https:\/\/encretplomb.ch\/wp-content\/uploads\/2021\/06\/93634.png\" \/>\n<meta name=\"twitter:card\" content=\"summary_large_image\" \/>\n<meta name=\"twitter:label1\" content=\"Dur\u00e9e de lecture estim\u00e9e\" \/>\n\t<meta name=\"twitter:data1\" content=\"2 minutes\" \/>\n<script type=\"application\/ld+json\" class=\"yoast-schema-graph\">{\"@context\":\"https:\\\/\\\/schema.org\",\"@graph\":[{\"@type\":\"WebPage\",\"@id\":\"https:\\\/\\\/encretplomb.ch\\\/index.php\\\/visites\\\/\",\"url\":\"https:\\\/\\\/encretplomb.ch\\\/index.php\\\/visites\\\/\",\"name\":\"A propos des visites - Atelier-Mus\u00e9e Encre &amp; Plomb\",\"isPartOf\":{\"@id\":\"https:\\\/\\\/encretplomb.ch\\\/#website\"},\"primaryImageOfPage\":{\"@id\":\"https:\\\/\\\/encretplomb.ch\\\/index.php\\\/visites\\\/#primaryimage\"},\"image\":{\"@id\":\"https:\\\/\\\/encretplomb.ch\\\/index.php\\\/visites\\\/#primaryimage\"},\"thumbnailUrl\":\"https:\\\/\\\/encretplomb.ch\\\/wp-content\\\/uploads\\\/2021\\\/06\\\/93634.png\",\"datePublished\":\"2015-10-18T21:43:39+00:00\",\"dateModified\":\"2024-04-30T20:11:29+00:00\",\"breadcrumb\":{\"@id\":\"https:\\\/\\\/encretplomb.ch\\\/index.php\\\/visites\\\/#breadcrumb\"},\"inLanguage\":\"fr-FR\",\"potentialAction\":[{\"@type\":\"ReadAction\",\"target\":[\"https:\\\/\\\/encretplomb.ch\\\/index.php\\\/visites\\\/\"]}]},{\"@type\":\"ImageObject\",\"inLanguage\":\"fr-FR\",\"@id\":\"https:\\\/\\\/encretplomb.ch\\\/index.php\\\/visites\\\/#primaryimage\",\"url\":\"https:\\\/\\\/encretplomb.ch\\\/wp-content\\\/uploads\\\/2021\\\/06\\\/93634.png\",\"contentUrl\":\"https:\\\/\\\/encretplomb.ch\\\/wp-content\\\/uploads\\\/2021\\\/06\\\/93634.png\"},{\"@type\":\"BreadcrumbList\",\"@id\":\"https:\\\/\\\/encretplomb.ch\\\/index.php\\\/visites\\\/#breadcrumb\",\"itemListElement\":[{\"@type\":\"ListItem\",\"position\":1,\"name\":\"Accueil\",\"item\":\"https:\\\/\\\/encretplomb.ch\\\/\"},{\"@type\":\"ListItem\",\"position\":2,\"name\":\"A propos des visites\"}]},{\"@type\":\"WebSite\",\"@id\":\"https:\\\/\\\/encretplomb.ch\\\/#website\",\"url\":\"https:\\\/\\\/encretplomb.ch\\\/\",\"name\":\"Atelier-Mus\u00e9e Encre &amp; Plomb\",\"description\":\"Mus\u00e9e vivant de la typographie\",\"publisher\":{\"@id\":\"https:\\\/\\\/encretplomb.ch\\\/#organization\"},\"potentialAction\":[{\"@type\":\"SearchAction\",\"target\":{\"@type\":\"EntryPoint\",\"urlTemplate\":\"https:\\\/\\\/encretplomb.ch\\\/?s={search_term_string}\"},\"query-input\":{\"@type\":\"PropertyValueSpecification\",\"valueRequired\":true,\"valueName\":\"search_term_string\"}}],\"inLanguage\":\"fr-FR\"},{\"@type\":\"Organization\",\"@id\":\"https:\\\/\\\/encretplomb.ch\\\/#organization\",\"name\":\"Atelier Mus\u00e9e de la Typographie\",\"url\":\"https:\\\/\\\/encretplomb.ch\\\/\",\"logo\":{\"@type\":\"ImageObject\",\"inLanguage\":\"fr-FR\",\"@id\":\"https:\\\/\\\/encretplomb.ch\\\/#\\\/schema\\\/logo\\\/image\\\/\",\"url\":\"https:\\\/\\\/i0.wp.com\\\/encretplomb.ch\\\/wp-content\\\/uploads\\\/2021\\\/05\\\/cropped-Logo_AEP-12-1.04.18-Original-.jpg?fit=1591%2C653&ssl=1\",\"contentUrl\":\"https:\\\/\\\/i0.wp.com\\\/encretplomb.ch\\\/wp-content\\\/uploads\\\/2021\\\/05\\\/cropped-Logo_AEP-12-1.04.18-Original-.jpg?fit=1591%2C653&ssl=1\",\"width\":1591,\"height\":653,\"caption\":\"Atelier Mus\u00e9e de la Typographie\"},\"image\":{\"@id\":\"https:\\\/\\\/encretplomb.ch\\\/#\\\/schema\\\/logo\\\/image\\\/\"}}]}<\/script>\n<!-- \/ Yoast SEO plugin. -->","yoast_head_json":{"title":"A propos des visites - Atelier-Mus\u00e9e Encre &amp; Plomb","robots":{"index":"index","follow":"follow","max-snippet":"max-snippet:-1","max-image-preview":"max-image-preview:large","max-video-preview":"max-video-preview:-1"},"canonical":"https:\/\/encretplomb.ch\/index.php\/visites\/","og_locale":"fr_FR","og_type":"article","og_title":"A propos des visites - Atelier-Mus\u00e9e Encre &amp; Plomb","og_description":"Visites en semaine et le samedi matin (pr\u00e9voir 2 heures) uniquement sur rendez-vous. Adressez votre demande (date et nombre de personnes) en utilisant notre formulaire de contactNous vous r\u00e9pondrons rapidement pour vous confirmer votre&nbsp;demande. Merci pour votre int\u00e9r\u00eat et \u00e0 bient\u00f4t&nbsp;! Visites pour classes d\u2019\u00e9cole Nous accueillons avec plaisir les classes d\u2019\u00e9cole pour compl\u00e9ter et&hellip;","og_url":"https:\/\/encretplomb.ch\/index.php\/visites\/","og_site_name":"Atelier-Mus\u00e9e Encre &amp; Plomb","article_modified_time":"2024-04-30T20:11:29+00:00","og_image":[{"url":"https:\/\/encretplomb.ch\/wp-content\/uploads\/2021\/06\/93634.png","type":"","width":"","height":""}],"twitter_card":"summary_large_image","twitter_misc":{"Dur\u00e9e de lecture estim\u00e9e":"2 minutes"},"schema":{"@context":"https:\/\/schema.org","@graph":[{"@type":"WebPage","@id":"https:\/\/encretplomb.ch\/index.php\/visites\/","url":"https:\/\/encretplomb.ch\/index.php\/visites\/","name":"A propos des visites - Atelier-Mus\u00e9e Encre &amp; Plomb","isPartOf":{"@id":"https:\/\/encretplomb.ch\/#website"},"primaryImageOfPage":{"@id":"https:\/\/encretplomb.ch\/index.php\/visites\/#primaryimage"},"image":{"@id":"https:\/\/encretplomb.ch\/index.php\/visites\/#primaryimage"},"thumbnailUrl":"https:\/\/encretplomb.ch\/wp-content\/uploads\/2021\/06\/93634.png","datePublished":"2015-10-18T21:43:39+00:00","dateModified":"2024-04-30T20:11:29+00:00","breadcrumb":{"@id":"https:\/\/encretplomb.ch\/index.php\/visites\/#breadcrumb"},"inLanguage":"fr-FR","potentialAction":[{"@type":"ReadAction","target":["https:\/\/encretplomb.ch\/index.php\/visites\/"]}]},{"@type":"ImageObject","inLanguage":"fr-FR","@id":"https:\/\/encretplomb.ch\/index.php\/visites\/#primaryimage","url":"https:\/\/encretplomb.ch\/wp-content\/uploads\/2021\/06\/93634.png","contentUrl":"https:\/\/encretplomb.ch\/wp-content\/uploads\/2021\/06\/93634.png"},{"@type":"BreadcrumbList","@id":"https:\/\/encretplomb.ch\/index.php\/visites\/#breadcrumb","itemListElement":[{"@type":"ListItem","position":1,"name":"Accueil","item":"https:\/\/encretplomb.ch\/"},{"@type":"ListItem","position":2,"name":"A propos des visites"}]},{"@type":"WebSite","@id":"https:\/\/encretplomb.ch\/#website","url":"https:\/\/encretplomb.ch\/","name":"Atelier-Mus\u00e9e Encre &amp; Plomb","description":"Mus\u00e9e vivant de la typographie","publisher":{"@id":"https:\/\/encretplomb.ch\/#organization"},"potentialAction":[{"@type":"SearchAction","target":{"@type":"EntryPoint","urlTemplate":"https:\/\/encretplomb.ch\/?s={search_term_string}"},"query-input":{"@type":"PropertyValueSpecification","valueRequired":true,"valueName":"search_term_string"}}],"inLanguage":"fr-FR"},{"@type":"Organization","@id":"https:\/\/encretplomb.ch\/#organization","name":"Atelier Mus\u00e9e de la Typographie","url":"https:\/\/encretplomb.ch\/","logo":{"@type":"ImageObject","inLanguage":"fr-FR","@id":"https:\/\/encretplomb.ch\/#\/schema\/logo\/image\/","url":"https:\/\/i0.wp.com\/encretplomb.ch\/wp-content\/uploads\/2021\/05\/cropped-Logo_AEP-12-1.04.18-Original-.jpg?fit=1591%2C653&ssl=1","contentUrl":"https:\/\/i0.wp.com\/encretplomb.ch\/wp-content\/uploads\/2021\/05\/cropped-Logo_AEP-12-1.04.18-Original-.jpg?fit=1591%2C653&ssl=1","width":1591,"height":653,"caption":"Atelier Mus\u00e9e de la Typographie"},"image":{"@id":"https:\/\/encretplomb.ch\/#\/schema\/logo\/image\/"}}]}},"jetpack_sharing_enabled":true,"_links":{"self":[{"href":"https:\/\/encretplomb.ch\/index.php\/wp-json\/wp\/v2\/pages\/143","targetHints":{"allow":["GET"]}}],"collection":[{"href":"https:\/\/encretplomb.ch\/index.php\/wp-json\/wp\/v2\/pages"}],"about":[{"href":"https:\/\/encretplomb.ch\/index.php\/wp-json\/wp\/v2\/types\/page"}],"author":[{"embeddable":true,"href":"https:\/\/encretplomb.ch\/index.php\/wp-json\/wp\/v2\/users\/7"}],"replies":[{"embeddable":true,"href":"https:\/\/encretplomb.ch\/index.php\/wp-json\/wp\/v2\/comments?post=143"}],"version-history":[{"count":141,"href":"https:\/\/encretplomb.ch\/index.php\/wp-json\/wp\/v2\/pages\/143\/revisions"}],"predecessor-version":[{"id":6032,"href":"https:\/\/encretplomb.ch\/index.php\/wp-json\/wp\/v2\/pages\/143\/revisions\/6032"}],"wp:attachment":[{"href":"https:\/\/encretplomb.ch\/index.php\/wp-json\/wp\/v2\/media?parent=143"}],"curies":[{"name":"wp","href":"https:\/\/api.w.org\/{rel}","templated":true}]}}