{"id":164,"date":"2015-10-19T00:23:40","date_gmt":"2015-10-18T22:23:40","guid":{"rendered":"https:\/\/encretplomb.ch\/wp-projet\/?page_id=164"},"modified":"2023-05-22T17:50:34","modified_gmt":"2023-05-22T15:50:34","slug":"gazette","status":"publish","type":"page","link":"https:\/\/encretplomb.ch\/index.php\/gazette\/","title":{"rendered":"Gazette"},"content":{"rendered":"\n<p><span style=\"color: #333333;\">Afin de maintenir le contact avec nos membres et toutes les personnes int\u00e9ress\u00e9es par notre d\u00e9marche, nous \u00e9ditons la <span style=\"color: #993300;\"><strong>Gazette du pays de l\u2019encre et du plomb<\/strong><\/span> qui para\u00eet au minimum deux fois l\u2019an.<\/span><\/p>\n\n\n\n<p><span style=\"color: #333333;\">Cette Gazette refl\u00e8te la vie de notre Atelier-Mus\u00e9e. Nous rappelons \u00e0 tous nos membres et amis que nous pouvons faire para\u00eetre des textes et photos relatifs \u00e0 nos m\u00e9tiers. Si vous poss\u00e9dez de tels documents, merci de prendre contact avec nous.<\/span><\/p>\n\n\n\n<p><span style=\"color: #333333;\">D\u00e9sormais, notre journal est disponible sur le site, mais la version \u00ab papier \u00bb est toujours envoy\u00e9e aux membres, aux donateurs et aux sympathisants inscrits dans notre fichier.<\/span><\/p>\n\n\n\n<div class=\"wp-block-columns is-layout-flex wp-container-core-columns-is-layout-d0b3c9c8 wp-block-columns-is-layout-flex\">\n<div class=\"wp-block-column is-layout-flow wp-block-column-is-layout-flow\" style=\"--col-width:25%;flex-basis:25%\">\n<figure class=\"wp-block-image size-large\"><img data-recalc-dims=\"1\" decoding=\"async\" src=\"https:\/\/i0.wp.com\/encretplomb.ch\/wp-content\/uploads\/2017\/11\/Sans-nom-1.jpg?w=580&#038;ssl=1\" alt=\"\"\/><\/figure>\n<\/div>\n\n\n\n<div class=\"wp-block-column is-layout-flow wp-block-column-is-layout-flow\" style=\"--col-width:50%;flex-basis:50%\">\n<p><a href=\"https:\/\/encretplomb.ch\/wp-content\/uploads\/2023\/05\/Gazette-Avril-23.pdf\" target=\"_blank\" rel=\"noreferrer noopener\">Avril 2023<\/a><br><a href=\"https:\/\/encretplomb.ch\/wp-content\/uploads\/2022\/10\/Gazette-33-A4.pdf\" target=\"_blank\" rel=\"noreferrer noopener\">Octobre 2022<\/a><br><a href=\"https:\/\/encretplomb.ch\/wp-content\/uploads\/2022\/03\/Gazette-32-A4.pdf\" target=\"_blank\" rel=\"noreferrer noopener\">Mars 2022<\/a><br><a href=\"https:\/\/encretplomb.ch\/wp-content\/uploads\/2021\/09\/Gazette-31-A4.pdf\" target=\"_blank\" rel=\"noreferrer noopener\">Octobre 2021<\/a><br><a href=\"https:\/\/encretplomb.ch\/wp-content\/uploads\/2021\/04\/Gazette30A4.pdf\" target=\"_blank\" rel=\"noreferrer noopener\">Avril 2021<\/a><br><a href=\"https:\/\/encretplomb.ch\/wp-content\/uploads\/2020\/12\/Gazette-29-A4-1.pdf\" target=\"_blank\" rel=\"noreferrer noopener\">Novembre 2020<\/a><br><a href=\"https:\/\/encretplomb.ch\/wp-content\/uploads\/2020\/03\/Gazette-A4-N\u00b0-28.pdf\" target=\"_blank\" rel=\"noreferrer noopener\">Mars 2020<\/a><br><a href=\"https:\/\/encretplomb.ch\/wp-content\/uploads\/2019\/11\/Gazette-27-A4.pdf\" target=\"_blank\" rel=\"noreferrer noopener\">Octobre 2019<\/a><br><br><br><br><br><br><br><br><a href=\"https:\/\/encretplomb.ch\/index.php\/publicationsaep\/\">Autres publications<\/a><br><\/p>\n<\/div>\n\n\n\n<div class=\"wp-block-column is-layout-flow wp-block-column-is-layout-flow\" style=\"--col-width:25%;flex-basis:25%\">\n<p><\/p>\n<\/div>\n<\/div>\n\n\n\n<p><\/p>\n","protected":false},"excerpt":{"rendered":"<p>Afin de maintenir le contact avec nos membres et toutes les personnes int\u00e9ress\u00e9es par notre d\u00e9marche, nous \u00e9ditons la Gazette du pays de l\u2019encre et du plomb qui para\u00eet au minimum deux fois l\u2019an. Cette Gazette refl\u00e8te la vie de notre Atelier-Mus\u00e9e. Nous rappelons \u00e0 tous nos membres et amis que nous pouvons faire para\u00eetre&hellip;<\/p>\n","protected":false},"author":7,"featured_media":0,"parent":0,"menu_order":0,"comment_status":"closed","ping_status":"closed","template":"templates\/template-full-width.php","meta":{"footnotes":""},"class_list":["post-164","page","type-page","status-publish","hentry"],"yoast_head":"<!-- This site is optimized with the Yoast SEO plugin v27.5 - https:\/\/yoast.com\/product\/yoast-seo-wordpress\/ -->\n<title>Gazette - Atelier-Mus\u00e9e Encre &amp; Plomb<\/title>\n<meta name=\"description\" content=\"La Gazette refl\u00e8te les activit\u00e9s de l&#039;Atelier-Mus\u00e9e Encre &amp; Plomb\" \/>\n<meta name=\"robots\" content=\"index, follow, max-snippet:-1, max-image-preview:large, max-video-preview:-1\" \/>\n<link rel=\"canonical\" href=\"https:\/\/encretplomb.ch\/index.php\/gazette\/\" \/>\n<meta property=\"og:locale\" content=\"fr_FR\" \/>\n<meta property=\"og:type\" content=\"article\" \/>\n<meta property=\"og:title\" content=\"Gazette - Atelier-Mus\u00e9e Encre &amp; Plomb\" \/>\n<meta property=\"og:description\" content=\"La Gazette refl\u00e8te les activit\u00e9s de l&#039;Atelier-Mus\u00e9e Encre &amp; Plomb\" \/>\n<meta property=\"og:url\" content=\"https:\/\/encretplomb.ch\/index.php\/gazette\/\" \/>\n<meta property=\"og:site_name\" content=\"Atelier-Mus\u00e9e Encre &amp; Plomb\" \/>\n<meta property=\"article:modified_time\" content=\"2023-05-22T15:50:34+00:00\" \/>\n<meta property=\"og:image\" content=\"https:\/\/encretplomb.ch\/wp-content\/uploads\/2017\/11\/Sans-nom-1.jpg\" \/>\n<meta name=\"twitter:card\" content=\"summary_large_image\" \/>\n<meta name=\"twitter:label1\" content=\"Dur\u00e9e de lecture estim\u00e9e\" \/>\n\t<meta name=\"twitter:data1\" content=\"1 minute\" \/>\n<script type=\"application\/ld+json\" class=\"yoast-schema-graph\">{\"@context\":\"https:\\\/\\\/schema.org\",\"@graph\":[{\"@type\":\"WebPage\",\"@id\":\"https:\\\/\\\/encretplomb.ch\\\/index.php\\\/gazette\\\/\",\"url\":\"https:\\\/\\\/encretplomb.ch\\\/index.php\\\/gazette\\\/\",\"name\":\"Gazette - Atelier-Mus\u00e9e Encre &amp; Plomb\",\"isPartOf\":{\"@id\":\"https:\\\/\\\/encretplomb.ch\\\/#website\"},\"primaryImageOfPage\":{\"@id\":\"https:\\\/\\\/encretplomb.ch\\\/index.php\\\/gazette\\\/#primaryimage\"},\"image\":{\"@id\":\"https:\\\/\\\/encretplomb.ch\\\/index.php\\\/gazette\\\/#primaryimage\"},\"thumbnailUrl\":\"https:\\\/\\\/encretplomb.ch\\\/wp-content\\\/uploads\\\/2017\\\/11\\\/Sans-nom-1.jpg\",\"datePublished\":\"2015-10-18T22:23:40+00:00\",\"dateModified\":\"2023-05-22T15:50:34+00:00\",\"description\":\"La Gazette refl\u00e8te les activit\u00e9s de l'Atelier-Mus\u00e9e Encre & Plomb\",\"breadcrumb\":{\"@id\":\"https:\\\/\\\/encretplomb.ch\\\/index.php\\\/gazette\\\/#breadcrumb\"},\"inLanguage\":\"fr-FR\",\"potentialAction\":[{\"@type\":\"ReadAction\",\"target\":[\"https:\\\/\\\/encretplomb.ch\\\/index.php\\\/gazette\\\/\"]}]},{\"@type\":\"ImageObject\",\"inLanguage\":\"fr-FR\",\"@id\":\"https:\\\/\\\/encretplomb.ch\\\/index.php\\\/gazette\\\/#primaryimage\",\"url\":\"https:\\\/\\\/i0.wp.com\\\/encretplomb.ch\\\/wp-content\\\/uploads\\\/2017\\\/11\\\/Sans-nom-1.jpg?fit=340%2C481&ssl=1\",\"contentUrl\":\"https:\\\/\\\/i0.wp.com\\\/encretplomb.ch\\\/wp-content\\\/uploads\\\/2017\\\/11\\\/Sans-nom-1.jpg?fit=340%2C481&ssl=1\",\"width\":340,\"height\":481},{\"@type\":\"BreadcrumbList\",\"@id\":\"https:\\\/\\\/encretplomb.ch\\\/index.php\\\/gazette\\\/#breadcrumb\",\"itemListElement\":[{\"@type\":\"ListItem\",\"position\":1,\"name\":\"Accueil\",\"item\":\"https:\\\/\\\/encretplomb.ch\\\/\"},{\"@type\":\"ListItem\",\"position\":2,\"name\":\"Gazette\"}]},{\"@type\":\"WebSite\",\"@id\":\"https:\\\/\\\/encretplomb.ch\\\/#website\",\"url\":\"https:\\\/\\\/encretplomb.ch\\\/\",\"name\":\"Atelier-Mus\u00e9e Encre &amp; Plomb\",\"description\":\"Mus\u00e9e vivant de la typographie\",\"publisher\":{\"@id\":\"https:\\\/\\\/encretplomb.ch\\\/#organization\"},\"potentialAction\":[{\"@type\":\"SearchAction\",\"target\":{\"@type\":\"EntryPoint\",\"urlTemplate\":\"https:\\\/\\\/encretplomb.ch\\\/?s={search_term_string}\"},\"query-input\":{\"@type\":\"PropertyValueSpecification\",\"valueRequired\":true,\"valueName\":\"search_term_string\"}}],\"inLanguage\":\"fr-FR\"},{\"@type\":\"Organization\",\"@id\":\"https:\\\/\\\/encretplomb.ch\\\/#organization\",\"name\":\"Atelier Mus\u00e9e de la Typographie\",\"url\":\"https:\\\/\\\/encretplomb.ch\\\/\",\"logo\":{\"@type\":\"ImageObject\",\"inLanguage\":\"fr-FR\",\"@id\":\"https:\\\/\\\/encretplomb.ch\\\/#\\\/schema\\\/logo\\\/image\\\/\",\"url\":\"https:\\\/\\\/i0.wp.com\\\/encretplomb.ch\\\/wp-content\\\/uploads\\\/2021\\\/05\\\/cropped-Logo_AEP-12-1.04.18-Original-.jpg?fit=1591%2C653&ssl=1\",\"contentUrl\":\"https:\\\/\\\/i0.wp.com\\\/encretplomb.ch\\\/wp-content\\\/uploads\\\/2021\\\/05\\\/cropped-Logo_AEP-12-1.04.18-Original-.jpg?fit=1591%2C653&ssl=1\",\"width\":1591,\"height\":653,\"caption\":\"Atelier Mus\u00e9e de la Typographie\"},\"image\":{\"@id\":\"https:\\\/\\\/encretplomb.ch\\\/#\\\/schema\\\/logo\\\/image\\\/\"}}]}<\/script>\n<!-- \/ Yoast SEO plugin. -->","yoast_head_json":{"title":"Gazette - Atelier-Mus\u00e9e Encre &amp; Plomb","description":"La Gazette refl\u00e8te les activit\u00e9s de l'Atelier-Mus\u00e9e Encre & Plomb","robots":{"index":"index","follow":"follow","max-snippet":"max-snippet:-1","max-image-preview":"max-image-preview:large","max-video-preview":"max-video-preview:-1"},"canonical":"https:\/\/encretplomb.ch\/index.php\/gazette\/","og_locale":"fr_FR","og_type":"article","og_title":"Gazette - Atelier-Mus\u00e9e Encre &amp; Plomb","og_description":"La Gazette refl\u00e8te les activit\u00e9s de l'Atelier-Mus\u00e9e Encre & Plomb","og_url":"https:\/\/encretplomb.ch\/index.php\/gazette\/","og_site_name":"Atelier-Mus\u00e9e Encre &amp; Plomb","article_modified_time":"2023-05-22T15:50:34+00:00","og_image":[{"url":"https:\/\/encretplomb.ch\/wp-content\/uploads\/2017\/11\/Sans-nom-1.jpg","type":"","width":"","height":""}],"twitter_card":"summary_large_image","twitter_misc":{"Dur\u00e9e de lecture estim\u00e9e":"1 minute"},"schema":{"@context":"https:\/\/schema.org","@graph":[{"@type":"WebPage","@id":"https:\/\/encretplomb.ch\/index.php\/gazette\/","url":"https:\/\/encretplomb.ch\/index.php\/gazette\/","name":"Gazette - Atelier-Mus\u00e9e Encre &amp; Plomb","isPartOf":{"@id":"https:\/\/encretplomb.ch\/#website"},"primaryImageOfPage":{"@id":"https:\/\/encretplomb.ch\/index.php\/gazette\/#primaryimage"},"image":{"@id":"https:\/\/encretplomb.ch\/index.php\/gazette\/#primaryimage"},"thumbnailUrl":"https:\/\/encretplomb.ch\/wp-content\/uploads\/2017\/11\/Sans-nom-1.jpg","datePublished":"2015-10-18T22:23:40+00:00","dateModified":"2023-05-22T15:50:34+00:00","description":"La Gazette refl\u00e8te les activit\u00e9s de l'Atelier-Mus\u00e9e Encre & Plomb","breadcrumb":{"@id":"https:\/\/encretplomb.ch\/index.php\/gazette\/#breadcrumb"},"inLanguage":"fr-FR","potentialAction":[{"@type":"ReadAction","target":["https:\/\/encretplomb.ch\/index.php\/gazette\/"]}]},{"@type":"ImageObject","inLanguage":"fr-FR","@id":"https:\/\/encretplomb.ch\/index.php\/gazette\/#primaryimage","url":"https:\/\/i0.wp.com\/encretplomb.ch\/wp-content\/uploads\/2017\/11\/Sans-nom-1.jpg?fit=340%2C481&ssl=1","contentUrl":"https:\/\/i0.wp.com\/encretplomb.ch\/wp-content\/uploads\/2017\/11\/Sans-nom-1.jpg?fit=340%2C481&ssl=1","width":340,"height":481},{"@type":"BreadcrumbList","@id":"https:\/\/encretplomb.ch\/index.php\/gazette\/#breadcrumb","itemListElement":[{"@type":"ListItem","position":1,"name":"Accueil","item":"https:\/\/encretplomb.ch\/"},{"@type":"ListItem","position":2,"name":"Gazette"}]},{"@type":"WebSite","@id":"https:\/\/encretplomb.ch\/#website","url":"https:\/\/encretplomb.ch\/","name":"Atelier-Mus\u00e9e Encre &amp; Plomb","description":"Mus\u00e9e vivant de la typographie","publisher":{"@id":"https:\/\/encretplomb.ch\/#organization"},"potentialAction":[{"@type":"SearchAction","target":{"@type":"EntryPoint","urlTemplate":"https:\/\/encretplomb.ch\/?s={search_term_string}"},"query-input":{"@type":"PropertyValueSpecification","valueRequired":true,"valueName":"search_term_string"}}],"inLanguage":"fr-FR"},{"@type":"Organization","@id":"https:\/\/encretplomb.ch\/#organization","name":"Atelier Mus\u00e9e de la Typographie","url":"https:\/\/encretplomb.ch\/","logo":{"@type":"ImageObject","inLanguage":"fr-FR","@id":"https:\/\/encretplomb.ch\/#\/schema\/logo\/image\/","url":"https:\/\/i0.wp.com\/encretplomb.ch\/wp-content\/uploads\/2021\/05\/cropped-Logo_AEP-12-1.04.18-Original-.jpg?fit=1591%2C653&ssl=1","contentUrl":"https:\/\/i0.wp.com\/encretplomb.ch\/wp-content\/uploads\/2021\/05\/cropped-Logo_AEP-12-1.04.18-Original-.jpg?fit=1591%2C653&ssl=1","width":1591,"height":653,"caption":"Atelier Mus\u00e9e de la Typographie"},"image":{"@id":"https:\/\/encretplomb.ch\/#\/schema\/logo\/image\/"}}]}},"jetpack_sharing_enabled":true,"_links":{"self":[{"href":"https:\/\/encretplomb.ch\/index.php\/wp-json\/wp\/v2\/pages\/164","targetHints":{"allow":["GET"]}}],"collection":[{"href":"https:\/\/encretplomb.ch\/index.php\/wp-json\/wp\/v2\/pages"}],"about":[{"href":"https:\/\/encretplomb.ch\/index.php\/wp-json\/wp\/v2\/types\/page"}],"author":[{"embeddable":true,"href":"https:\/\/encretplomb.ch\/index.php\/wp-json\/wp\/v2\/users\/7"}],"replies":[{"embeddable":true,"href":"https:\/\/encretplomb.ch\/index.php\/wp-json\/wp\/v2\/comments?post=164"}],"version-history":[{"count":201,"href":"https:\/\/encretplomb.ch\/index.php\/wp-json\/wp\/v2\/pages\/164\/revisions"}],"predecessor-version":[{"id":5804,"href":"https:\/\/encretplomb.ch\/index.php\/wp-json\/wp\/v2\/pages\/164\/revisions\/5804"}],"wp:attachment":[{"href":"https:\/\/encretplomb.ch\/index.php\/wp-json\/wp\/v2\/media?parent=164"}],"curies":[{"name":"wp","href":"https:\/\/api.w.org\/{rel}","templated":true}]}}