{"id":252,"date":"2015-12-20T00:27:04","date_gmt":"2015-12-19T22:27:04","guid":{"rendered":"https:\/\/encretplomb.ch\/wp-projet\/?page_id=252"},"modified":"2016-06-21T09:11:00","modified_gmt":"2016-06-21T08:11:00","slug":"legal","status":"publish","type":"page","link":"https:\/\/encretplomb.ch\/index.php\/legal\/","title":{"rendered":"Mentions l\u00e9gales"},"content":{"rendered":"<h2><span style=\"color: #800000;\"><strong>Mentions l\u00e9gales<\/strong><\/span><\/h2>\n<h5>(version du 10 janvier 2016)<\/h5>\n<p style=\"text-align: justify;\">Le pr\u00e9sent texte a pour objet de d\u00e9finir les modalit\u00e9s et conditions dans lesquelles d\u2019une part le Mus\u00e9e Encre et Plomb repr\u00e9sent\u00e9 par le site encretplomb.ch (ci-apr\u00e8s : l&rsquo;EDITEUR) met \u00e0 la disposition de ses utilisateurs (ci-apr\u00e8s l&rsquo;UTILISATEUR), le site et les services disponibles sur le site, et d\u2019autre part la mani\u00e8re par laquelle l\u2019utilisateur acc\u00e8de au site et utilise ses services.<\/p>\n<p style=\"text-align: justify;\">Toute connexion au site est subordonn\u00e9e au respect des pr\u00e9sentes conditions. Pour l\u2019utilisateur, le simple acc\u00e8s au site de l\u2019EDITEUR \u00e0 l\u2019adresse URL suivante https:\/\/encretplomb.ch (ci-apr\u00e8s : LE SITE DE L\u2019EDITEUR \/ SON SITE) implique l\u2019acceptation de l\u2019ensemble des conditions d\u00e9crites ci-apr\u00e8s.<\/p>\n<p style=\"padding-left: 30px;\">1. <a href=\"#un\">Propri\u00e9t\u00e9 intellectuelle<\/a><\/p>\n<p style=\"padding-left: 30px;\">2. <a href=\"#deux\">Liens hypertextes<\/a><\/p>\n<p style=\"padding-left: 30px;\">3. <a href=\"#trois\">Responsabilit\u00e9 de l\u2019\u00e9diteur<\/a><\/p>\n<p style=\"padding-left: 30px;\">4. <a href=\"#quatre\">Acc\u00e8s au site<\/a><\/p>\n<p style=\"padding-left: 30px;\">5. <a href=\"#cinq\">Modification des conditions d\u2019utilisation<\/a><\/p>\n<p style=\"padding-left: 30px;\">6. <a href=\"#six\">R\u00e8gles d&rsquo;usage d&rsquo;Internet<\/a><\/p>\n<p style=\"padding-left: 30px;\">7. <a href=\"#sept\">Google Analytics<\/a><\/p>\n<p style=\"padding-left: 30px;\">8. <a href=\"#huit\">Licences<\/a><\/p>\n<p style=\"padding-left: 30px;\">9. <a href=\"#neuf\">Droit applicable<\/a><\/p>\n<p>&nbsp;<\/p>\n<h3 id=\"un\">1. Propri\u00e9t\u00e9 intellectuelle<\/h3>\n<p style=\"text-align: justify;\">La structure g\u00e9n\u00e9rale du site de l\u2019\u00e9diteur ainsi que les textes, graphiques, images, sons et vid\u00e9os la composant sont la propri\u00e9t\u00e9 de l&rsquo;\u00e9diteur ou sont publi\u00e9s avec autorisation ad-hoc. Toute repr\u00e9sentation et\/ou reproduction et\/ou exploitation partielle ou totale des contenus et services propos\u00e9s par le site de l\u2019\u00e9diteur, par quelque proc\u00e9d\u00e9 que ce soit, sans l&rsquo;autorisation pr\u00e9alable \u00e9crite du d\u00e9tenteur des droits inh\u00e9rents est strictement interdite et serait susceptible de constituer une contrefa\u00e7on au sens des articles l\u00e9gaux en vigueur relatifs \u00e0 la protection de la propri\u00e9t\u00e9 intellectuelle.<\/p>\n<h3 id=\"deux\">2. Liens hypertextes<\/h3>\n<p style=\"text-align: justify;\">Le site de l\u2019\u00e9diteur peut contenir des liens hypertextes menant vers d\u2019autres sites pr\u00e9sents sur le r\u00e9seau Internet. Les liens vers ces autres ressources vous font quitter le site de l\u2019\u00e9diteur. Il est possible de cr\u00e9er un lien vers les pages de ce site sans autorisation expresse de l\u2019\u00e9diteur. Aucune autorisation ou demande d\u2019information pr\u00e9alable ne peut \u00eatre exig\u00e9e par l\u2019\u00e9diteur \u00e0 l\u2019\u00e9gard d\u2019un site qui souhaite \u00e9tablir un lien vers le site de l\u2019\u00e9diteur pour autant que le site h\u00e9bergeant le lien ne d\u00e9nigre ni le travail, ni la r\u00e9putation de l\u2019\u00e9diteur. Il convient toutefois d\u2019afficher ce site dans une nouvelle fen\u00eatre du navigateur. L\u2019\u00e9diteur se r\u00e9serve le droit de demander la suppression d\u2019un lien qu\u2019il estime non conforme \u00e0 l\u2019objet de son site.<\/p>\n<h3 id=\"trois\">3. Responsabilit\u00e9 de l\u2019\u00e9diteur<\/h3>\n<p style=\"text-align: justify;\">Le mat\u00e9riel publi\u00e9 sur ce site ou accessible par ce site proviennent de sources consid\u00e9r\u00e9es comme \u00e9tant fiables et dont les droits de publication sont d\u00e9tenus par l\u2019\u00e9diteur. Toutefois, ce mat\u00e9riel est susceptible de contenir des inexactitudes techniques et des erreurs typographiques. L\u2019\u00e9diteur se r\u00e9serve le droit de les corriger, d\u00e8s que ces erreurs sont port\u00e9es \u00e0 sa connaissance. Les informations et\/ou documents disponibles sur ce site sont susceptibles d\u2019\u00eatre modifi\u00e9s \u00e0 tout moment, et peuvent avoir fait l\u2019objet de mises \u00e0 jour. En particulier, ils peuvent avoir fait l\u2019objet d\u2019une mise \u00e0 jour entre le moment de leur t\u00e9l\u00e9chargement et celui o\u00f9 l\u2019utilisateur en prend connaissance. L\u2019utilisation des informations et\/ou documents disponibles sur ce site se fait sous l\u2019enti\u00e8re et seule responsabilit\u00e9 de l\u2019utilisateur, qui assume la totalit\u00e9 des cons\u00e9quences pouvant en d\u00e9couler, sans que l\u2019\u00e9diteur puisse \u00eatre recherch\u00e9 \u00e0 ce titre, et sans recours contre ce dernier. L\u2019\u00e9diteur ne pourra en aucun cas \u00eatre tenu responsable de tout dommage de quelque nature qu\u2019il soit r\u00e9sultant de l\u2019interpr\u00e9tation ou de l\u2019utilisation des informations et\/ou documents disponibles sur ce site.<\/p>\n<h3 id=\"quatre\">4. Acc\u00e8s au site<\/h3>\n<p style=\"text-align: justify;\">L\u2019\u00e9diteur, par l\u2019entremise de services lou\u00e9s aupr\u00e8s d\u2019un h\u00e9bergeur, s\u2019efforce de permettre l\u2019acc\u00e8s au site 24 heures sur 24, 7 jours sur 7, sauf en cas de force majeure ou d\u2019un \u00e9v\u00e9nement hors du contr\u00f4le de l\u2019\u00e9diteur, et sous r\u00e9serve des \u00e9ventuelles pannes et interventions de maintenance n\u00e9cessaires au bon fonctionnement du site et des services. Par cons\u00e9quent, l\u2019\u00e9diteur ne peut garantir une disponibilit\u00e9 du site et\/ou des services, une fiabilit\u00e9 des transmissions et des performances en terme de temps de r\u00e9ponse ou de qualit\u00e9. Il n\u2019est pr\u00e9vu aucune assistance technique vis \u00e0 vis de l\u2019utilisateur que ce soit par des moyens \u00e9lectronique ou t\u00e9l\u00e9phonique. La responsabilit\u00e9 de l\u2019\u00e9diteur ne saurait \u00eatre engag\u00e9e en cas d\u2019impossibilit\u00e9 d\u2019acc\u00e8s \u00e0 ce site et\/ou d\u2019utilisation des services. Par ailleurs, l\u2019\u00e9diteur peut \u00eatre amen\u00e9 \u00e0 interrompre le site ou une partie des services, \u00e0 tout moment sans pr\u00e9avis, le tout sans droit \u00e0 indemnit\u00e9s. L\u2019utilisateur reconna\u00eet et accepte que l\u2019\u00e9diteur ne soit pas responsable des interruptions, et des cons\u00e9quences qui peuvent en d\u00e9couler pour l\u2019utilisateur ou tout tiers.<\/p>\n<h3 id=\"cinq\">5. Modification des conditions d\u2019utilisation<\/h3>\n<p style=\"text-align: justify;\">L\u2019\u00e9diteur se r\u00e9serve la possibilit\u00e9 de modifier, \u00e0 tout moment et sans pr\u00e9avis, les pr\u00e9sentes conditions d\u2019utilisation afin de les adapter aux \u00e9volutions du site et\/ou de son exploitation.<\/p>\n<h3 id=\"six\">6. R\u00e8gles d&rsquo;usage d&rsquo;Internet<\/h3>\n<p style=\"text-align: justify;\">L\u2019utilisateur d\u00e9clare accepter les caract\u00e9ristiques et les limites de l\u2019Internet, et notamment reconna\u00eet que l\u2019\u00e9diteur n\u2019assume aucune responsabilit\u00e9 sur les services accessibles par Internet. Il n\u2019exerce aucun contr\u00f4le de quelque forme que ce soit sur la nature et les caract\u00e9ristiques des donn\u00e9es qui pourraient transiter par l\u2019interm\u00e9diaire du centre serveur de son h\u00e9bergeur. L\u2019utilisateur reconna\u00eet que les donn\u00e9es circulant sur Internet ne sont pas prot\u00e9g\u00e9es notamment contre les d\u00e9tournements \u00e9ventuels. La communication de toute information jug\u00e9e par l\u2019utilisateur de nature sensible ou confidentielle se fait \u00e0 ses risques et p\u00e9rils. L\u2019utilisateur reconna\u00eet que les donn\u00e9es circulant sur Internet peuvent \u00eatre r\u00e9glement\u00e9es en termes d\u2019usage ou \u00eatre prot\u00e9g\u00e9es par un droit de propri\u00e9t\u00e9. L\u2019utilisateur est seul responsable de l\u2019usage des donn\u00e9es qu\u2019il consulte, interroge et transf\u00e8re sur Internet. L\u2019utilisateur reconna\u00eet que l\u2019\u00e9diteur ne dispose d\u2019aucun moyen de contr\u00f4le sur le contenu des services accessibles sur Internet.<\/p>\n<h3 id=\"sept\">7. Google Analytics<\/h3>\n<p style=\"text-align: justify;\">Ce site utilise Google Analytics, un service d&rsquo;analyse de site internet fourni par Google Inc. (ci-apr\u00e8s GOOGLE). Google Analytics utilise des cookies, qui sont des fichiers texte plac\u00e9s sur votre ordinateur ou appareil mobile, pour aider le site internet \u00e0 analyser l&rsquo;utilisation du site par ses utilisateurs. Les donn\u00e9es g\u00e9n\u00e9r\u00e9es par les cookies concernant votre utilisation du site (y compris votre adresse IP) seront transmises et stock\u00e9es par Google sur des serveurs situ\u00e9s aux Etats-Unis. Google utilisera cette information dans le but d&rsquo;\u00e9valuer votre utilisation du site, de compiler des rapports sur l&rsquo;activit\u00e9 du site \u00e0 destination de son \u00e9diteur et de fournir d&rsquo;autres services relatifs \u00e0 l&rsquo;activit\u00e9 du site et \u00e0 l&rsquo;utilisation d&rsquo;Internet. Google est susceptible de communiquer ces donn\u00e9es \u00e0 des tiers en cas d&rsquo;obligation l\u00e9gale ou lorsque ces tiers traitent ces donn\u00e9es pour le compte de Google, y compris notamment l&rsquo;\u00e9diteur de ce site. Google ne recoupera pas votre adresse IP avec toute autre donn\u00e9e d\u00e9tenue par Google. Vous pouvez d\u00e9sactiver l&rsquo;utilisation de cookies en s\u00e9lectionnant les param\u00e8tres appropri\u00e9s de votre navigateur. Cependant, une telle d\u00e9sactivation pourrait emp\u00eacher l&rsquo;utilisation de certaines fonctionnalit\u00e9s de ce site. En utilisant ce site internet, vous consentez express\u00e9ment au traitement de vos donn\u00e9es nominatives par Google dans les conditions et pour les finalit\u00e9s d\u00e9crites ci-dessus.<\/p>\n<h3 id=\"huit\">8. Licences<\/h3>\n<p style=\"text-align: justify;\">Ce site est construit et g\u00e9r\u00e9 en faisant usage de l&rsquo;application WordPress (wordpress.com) ainsi que de compl\u00e9ments li\u00e9s ou int\u00e9gr\u00e9s \u00e0 cette application. Les licences applicables sont en vigueur.<\/p>\n<h3 id=\"neuf\">9. Droit applicable<\/h3>\n<p style=\"text-align: justify;\">Tant le pr\u00e9sent site que les modalit\u00e9s et conditions de son utilisation sont r\u00e9gis par le droit suisse, quel que soit le lieu d\u2019utilisation. En cas de contestation \u00e9ventuelle, et apr\u00e8s l\u2019\u00e9chec de toute tentative de recherche d\u2019une solution amiable, les tribunaux suisses seront seuls comp\u00e9tents pour conna\u00eetre l\u2019issue de tout litige. Le for juridique est CH-1022 Chavannes-pr\u00e8s-Renens. Pour toute question relative aux pr\u00e9sentes conditions d\u2019utilisation du site, vous pouvez \u00e9crire par courrier postal \u00e0 l&rsquo;Atelier-Mus\u00e9e Encre &amp; Plomb (adresse ci-dessous) ou faire usage du formulaire de contact.<\/p>\n<p>Le site internet encretplomb.ch est <span style=\"text-decoration: underline;\">repr\u00e9sent\u00e9 et g\u00e9r\u00e9<\/span> par :<br \/>\nAtelier-Mus\u00e9e Encre &amp; Plomb<br \/>\nAv. de la Gare 34 &#8211; Case postale 5<br \/>\nCH-1022 Chavannes-Renens<\/p>\n<p>Le site internet encretplomb.ch est <span style=\"text-decoration: underline;\">d\u00e9velopp\u00e9<\/span> par :<br \/>\nPatrick Michel<br \/>\nAv. de la Gare 9<br \/>\nCH-1022 Chavannes-Renens<\/p>\n<p>Le site internet encretplomb.ch est <span style=\"text-decoration: underline;\">h\u00e9berg\u00e9<\/span> par :<br \/>\nInfomaniak Network SA<br \/>\nAv. de la Praille 26<br \/>\nCH-1227 Carouge GE<\/p>\n","protected":false},"excerpt":{"rendered":"<p>Mentions l\u00e9gales (version du 10 janvier 2016) Le pr\u00e9sent texte a pour objet de d\u00e9finir les modalit\u00e9s et conditions dans lesquelles d\u2019une part le Mus\u00e9e Encre et Plomb repr\u00e9sent\u00e9 par le site encretplomb.ch (ci-apr\u00e8s : l&rsquo;EDITEUR) met \u00e0 la disposition de ses utilisateurs (ci-apr\u00e8s l&rsquo;UTILISATEUR), le site et les services disponibles sur le site, et&hellip;<\/p>\n","protected":false},"author":3,"featured_media":0,"parent":0,"menu_order":0,"comment_status":"closed","ping_status":"closed","template":"","meta":{"footnotes":""},"class_list":["post-252","page","type-page","status-publish","hentry"],"yoast_head":"<!-- This site is optimized with the Yoast SEO plugin v27.4 - https:\/\/yoast.com\/product\/yoast-seo-wordpress\/ -->\n<title>Mentions l\u00e9gales - Atelier-Mus\u00e9e Encre &amp; Plomb<\/title>\n<meta name=\"robots\" content=\"index, follow, max-snippet:-1, max-image-preview:large, max-video-preview:-1\" \/>\n<link rel=\"canonical\" href=\"https:\/\/encretplomb.ch\/index.php\/legal\/\" \/>\n<meta property=\"og:locale\" content=\"fr_FR\" \/>\n<meta property=\"og:type\" content=\"article\" \/>\n<meta property=\"og:title\" content=\"Mentions l\u00e9gales - Atelier-Mus\u00e9e Encre &amp; Plomb\" \/>\n<meta property=\"og:description\" content=\"Mentions l\u00e9gales (version du 10 janvier 2016) Le pr\u00e9sent texte a pour objet de d\u00e9finir les modalit\u00e9s et conditions dans lesquelles d\u2019une part le Mus\u00e9e Encre et Plomb repr\u00e9sent\u00e9 par le site encretplomb.ch (ci-apr\u00e8s : l&rsquo;EDITEUR) met \u00e0 la disposition de ses utilisateurs (ci-apr\u00e8s l&rsquo;UTILISATEUR), le site et les services disponibles sur le site, et&hellip;\" \/>\n<meta property=\"og:url\" content=\"https:\/\/encretplomb.ch\/index.php\/legal\/\" \/>\n<meta property=\"og:site_name\" content=\"Atelier-Mus\u00e9e Encre &amp; Plomb\" \/>\n<meta property=\"article:modified_time\" content=\"2016-06-21T08:11:00+00:00\" \/>\n<meta name=\"twitter:card\" content=\"summary_large_image\" \/>\n<meta name=\"twitter:label1\" content=\"Dur\u00e9e de lecture estim\u00e9e\" \/>\n\t<meta name=\"twitter:data1\" content=\"8 minutes\" \/>\n<script type=\"application\/ld+json\" class=\"yoast-schema-graph\">{\"@context\":\"https:\\\/\\\/schema.org\",\"@graph\":[{\"@type\":\"WebPage\",\"@id\":\"https:\\\/\\\/encretplomb.ch\\\/index.php\\\/legal\\\/\",\"url\":\"https:\\\/\\\/encretplomb.ch\\\/index.php\\\/legal\\\/\",\"name\":\"Mentions l\u00e9gales - Atelier-Mus\u00e9e Encre &amp; Plomb\",\"isPartOf\":{\"@id\":\"https:\\\/\\\/encretplomb.ch\\\/#website\"},\"datePublished\":\"2015-12-19T22:27:04+00:00\",\"dateModified\":\"2016-06-21T08:11:00+00:00\",\"breadcrumb\":{\"@id\":\"https:\\\/\\\/encretplomb.ch\\\/index.php\\\/legal\\\/#breadcrumb\"},\"inLanguage\":\"fr-FR\",\"potentialAction\":[{\"@type\":\"ReadAction\",\"target\":[\"https:\\\/\\\/encretplomb.ch\\\/index.php\\\/legal\\\/\"]}]},{\"@type\":\"BreadcrumbList\",\"@id\":\"https:\\\/\\\/encretplomb.ch\\\/index.php\\\/legal\\\/#breadcrumb\",\"itemListElement\":[{\"@type\":\"ListItem\",\"position\":1,\"name\":\"Accueil\",\"item\":\"https:\\\/\\\/encretplomb.ch\\\/\"},{\"@type\":\"ListItem\",\"position\":2,\"name\":\"Mentions l\u00e9gales\"}]},{\"@type\":\"WebSite\",\"@id\":\"https:\\\/\\\/encretplomb.ch\\\/#website\",\"url\":\"https:\\\/\\\/encretplomb.ch\\\/\",\"name\":\"Atelier-Mus\u00e9e Encre &amp; Plomb\",\"description\":\"Mus\u00e9e vivant de la typographie\",\"publisher\":{\"@id\":\"https:\\\/\\\/encretplomb.ch\\\/#organization\"},\"potentialAction\":[{\"@type\":\"SearchAction\",\"target\":{\"@type\":\"EntryPoint\",\"urlTemplate\":\"https:\\\/\\\/encretplomb.ch\\\/?s={search_term_string}\"},\"query-input\":{\"@type\":\"PropertyValueSpecification\",\"valueRequired\":true,\"valueName\":\"search_term_string\"}}],\"inLanguage\":\"fr-FR\"},{\"@type\":\"Organization\",\"@id\":\"https:\\\/\\\/encretplomb.ch\\\/#organization\",\"name\":\"Atelier Mus\u00e9e de la Typographie\",\"url\":\"https:\\\/\\\/encretplomb.ch\\\/\",\"logo\":{\"@type\":\"ImageObject\",\"inLanguage\":\"fr-FR\",\"@id\":\"https:\\\/\\\/encretplomb.ch\\\/#\\\/schema\\\/logo\\\/image\\\/\",\"url\":\"https:\\\/\\\/i0.wp.com\\\/encretplomb.ch\\\/wp-content\\\/uploads\\\/2021\\\/05\\\/cropped-Logo_AEP-12-1.04.18-Original-.jpg?fit=1591%2C653&ssl=1\",\"contentUrl\":\"https:\\\/\\\/i0.wp.com\\\/encretplomb.ch\\\/wp-content\\\/uploads\\\/2021\\\/05\\\/cropped-Logo_AEP-12-1.04.18-Original-.jpg?fit=1591%2C653&ssl=1\",\"width\":1591,\"height\":653,\"caption\":\"Atelier Mus\u00e9e de la Typographie\"},\"image\":{\"@id\":\"https:\\\/\\\/encretplomb.ch\\\/#\\\/schema\\\/logo\\\/image\\\/\"}}]}<\/script>\n<!-- \/ Yoast SEO plugin. -->","yoast_head_json":{"title":"Mentions l\u00e9gales - Atelier-Mus\u00e9e Encre &amp; Plomb","robots":{"index":"index","follow":"follow","max-snippet":"max-snippet:-1","max-image-preview":"max-image-preview:large","max-video-preview":"max-video-preview:-1"},"canonical":"https:\/\/encretplomb.ch\/index.php\/legal\/","og_locale":"fr_FR","og_type":"article","og_title":"Mentions l\u00e9gales - Atelier-Mus\u00e9e Encre &amp; Plomb","og_description":"Mentions l\u00e9gales (version du 10 janvier 2016) Le pr\u00e9sent texte a pour objet de d\u00e9finir les modalit\u00e9s et conditions dans lesquelles d\u2019une part le Mus\u00e9e Encre et Plomb repr\u00e9sent\u00e9 par le site encretplomb.ch (ci-apr\u00e8s : l&rsquo;EDITEUR) met \u00e0 la disposition de ses utilisateurs (ci-apr\u00e8s l&rsquo;UTILISATEUR), le site et les services disponibles sur le site, et&hellip;","og_url":"https:\/\/encretplomb.ch\/index.php\/legal\/","og_site_name":"Atelier-Mus\u00e9e Encre &amp; Plomb","article_modified_time":"2016-06-21T08:11:00+00:00","twitter_card":"summary_large_image","twitter_misc":{"Dur\u00e9e de lecture estim\u00e9e":"8 minutes"},"schema":{"@context":"https:\/\/schema.org","@graph":[{"@type":"WebPage","@id":"https:\/\/encretplomb.ch\/index.php\/legal\/","url":"https:\/\/encretplomb.ch\/index.php\/legal\/","name":"Mentions l\u00e9gales - Atelier-Mus\u00e9e Encre &amp; Plomb","isPartOf":{"@id":"https:\/\/encretplomb.ch\/#website"},"datePublished":"2015-12-19T22:27:04+00:00","dateModified":"2016-06-21T08:11:00+00:00","breadcrumb":{"@id":"https:\/\/encretplomb.ch\/index.php\/legal\/#breadcrumb"},"inLanguage":"fr-FR","potentialAction":[{"@type":"ReadAction","target":["https:\/\/encretplomb.ch\/index.php\/legal\/"]}]},{"@type":"BreadcrumbList","@id":"https:\/\/encretplomb.ch\/index.php\/legal\/#breadcrumb","itemListElement":[{"@type":"ListItem","position":1,"name":"Accueil","item":"https:\/\/encretplomb.ch\/"},{"@type":"ListItem","position":2,"name":"Mentions l\u00e9gales"}]},{"@type":"WebSite","@id":"https:\/\/encretplomb.ch\/#website","url":"https:\/\/encretplomb.ch\/","name":"Atelier-Mus\u00e9e Encre &amp; Plomb","description":"Mus\u00e9e vivant de la typographie","publisher":{"@id":"https:\/\/encretplomb.ch\/#organization"},"potentialAction":[{"@type":"SearchAction","target":{"@type":"EntryPoint","urlTemplate":"https:\/\/encretplomb.ch\/?s={search_term_string}"},"query-input":{"@type":"PropertyValueSpecification","valueRequired":true,"valueName":"search_term_string"}}],"inLanguage":"fr-FR"},{"@type":"Organization","@id":"https:\/\/encretplomb.ch\/#organization","name":"Atelier Mus\u00e9e de la Typographie","url":"https:\/\/encretplomb.ch\/","logo":{"@type":"ImageObject","inLanguage":"fr-FR","@id":"https:\/\/encretplomb.ch\/#\/schema\/logo\/image\/","url":"https:\/\/i0.wp.com\/encretplomb.ch\/wp-content\/uploads\/2021\/05\/cropped-Logo_AEP-12-1.04.18-Original-.jpg?fit=1591%2C653&ssl=1","contentUrl":"https:\/\/i0.wp.com\/encretplomb.ch\/wp-content\/uploads\/2021\/05\/cropped-Logo_AEP-12-1.04.18-Original-.jpg?fit=1591%2C653&ssl=1","width":1591,"height":653,"caption":"Atelier Mus\u00e9e de la Typographie"},"image":{"@id":"https:\/\/encretplomb.ch\/#\/schema\/logo\/image\/"}}]}},"jetpack_sharing_enabled":false,"_links":{"self":[{"href":"https:\/\/encretplomb.ch\/index.php\/wp-json\/wp\/v2\/pages\/252","targetHints":{"allow":["GET"]}}],"collection":[{"href":"https:\/\/encretplomb.ch\/index.php\/wp-json\/wp\/v2\/pages"}],"about":[{"href":"https:\/\/encretplomb.ch\/index.php\/wp-json\/wp\/v2\/types\/page"}],"author":[{"embeddable":true,"href":"https:\/\/encretplomb.ch\/index.php\/wp-json\/wp\/v2\/users\/3"}],"replies":[{"embeddable":true,"href":"https:\/\/encretplomb.ch\/index.php\/wp-json\/wp\/v2\/comments?post=252"}],"version-history":[{"count":10,"href":"https:\/\/encretplomb.ch\/index.php\/wp-json\/wp\/v2\/pages\/252\/revisions"}],"predecessor-version":[{"id":1710,"href":"https:\/\/encretplomb.ch\/index.php\/wp-json\/wp\/v2\/pages\/252\/revisions\/1710"}],"wp:attachment":[{"href":"https:\/\/encretplomb.ch\/index.php\/wp-json\/wp\/v2\/media?parent=252"}],"curies":[{"name":"wp","href":"https:\/\/api.w.org\/{rel}","templated":true}]}}