{"id":4433,"date":"2021-06-18T14:13:17","date_gmt":"2021-06-18T12:13:17","guid":{"rendered":"https:\/\/encretplomb.ch\/?page_id=4433"},"modified":"2023-05-17T09:37:24","modified_gmt":"2023-05-17T07:37:24","slug":"linotype","status":"publish","type":"page","link":"https:\/\/encretplomb.ch\/index.php\/linotype\/","title":{"rendered":"Film la Linotype"},"content":{"rendered":"\n<h2 class=\"wp-block-heading\">La composition chaude<\/h2>\n\n\n\n<p>Le premier film tourn\u00e9 est consacr\u00e9 \u00e0 la \u00ab\u00a0composition chaude\u00a0\u00bb. C\u2019est Ren\u00e9 Wenger, Compagnon linotypiste qui a permis au r\u00e9alisateur, Alain Wenker, de documenter ce m\u00e9tier en expliquant le fonctionnement d\u2019une machine \u00e0 composer. Partant du clavier, toutes les \u00e9tapes sont pr\u00e9sent\u00e9es et c\u2019est gr\u00e2ce au talent de Ren\u00e9 que des images tr\u00e8s d\u00e9monstratives ont \u00e9t\u00e9 tourn\u00e9es.<\/p>\n<p>Le film permettra de pr\u00e9senter la composition m\u00e9canique lorsque les Compagnons se rendront sur des manifestations extra-muros et lorsque des visiteurs manifesteront un int\u00e9r\u00eat particulier pour ce type de composition.<\/p>\n<p><a href=\"https:\/\/films.encretplomb.ch\/Lino-Inter.mp4\" target=\"_blank\" rel=\"noopener\">Voir le film &gt;<\/a><\/p>\n\n\n\n<figure class=\"wp-block-image size-large is-resized\"><img data-recalc-dims=\"1\" loading=\"lazy\" decoding=\"async\" data-attachment-id=\"5486\" data-permalink=\"https:\/\/encretplomb.ch\/img_5677\/\" data-orig-file=\"https:\/\/i0.wp.com\/encretplomb.ch\/wp-content\/uploads\/2022\/08\/IMG_5677-scaled.jpg?fit=2220%2C2560&amp;ssl=1\" data-orig-size=\"2220,2560\" data-comments-opened=\"0\" data-image-meta=\"{&quot;aperture&quot;:&quot;2.2&quot;,&quot;credit&quot;:&quot;&quot;,&quot;camera&quot;:&quot;iPhone 6s Plus&quot;,&quot;caption&quot;:&quot;&quot;,&quot;created_timestamp&quot;:&quot;1594726000&quot;,&quot;copyright&quot;:&quot;&quot;,&quot;focal_length&quot;:&quot;4.15&quot;,&quot;iso&quot;:&quot;100&quot;,&quot;shutter_speed&quot;:&quot;0.058823529411765&quot;,&quot;title&quot;:&quot;&quot;,&quot;orientation&quot;:&quot;1&quot;}\" data-image-title=\"IMG_5677\" data-image-description=\"\" data-image-caption=\"\" data-large-file=\"https:\/\/i0.wp.com\/encretplomb.ch\/wp-content\/uploads\/2022\/08\/IMG_5677-scaled.jpg?fit=580%2C669&amp;ssl=1\" src=\"https:\/\/i0.wp.com\/encretplomb.ch\/wp-content\/uploads\/2022\/08\/IMG_5677.jpg?resize=378%2C435&#038;ssl=1\" alt=\"\" class=\"wp-image-5486\" width=\"378\" height=\"435\" srcset=\"https:\/\/i0.wp.com\/encretplomb.ch\/wp-content\/uploads\/2022\/08\/IMG_5677-scaled.jpg?resize=888%2C1024&amp;ssl=1 888w, https:\/\/i0.wp.com\/encretplomb.ch\/wp-content\/uploads\/2022\/08\/IMG_5677-scaled.jpg?resize=260%2C300&amp;ssl=1 260w, https:\/\/i0.wp.com\/encretplomb.ch\/wp-content\/uploads\/2022\/08\/IMG_5677-scaled.jpg?resize=1332%2C1536&amp;ssl=1 1332w, https:\/\/i0.wp.com\/encretplomb.ch\/wp-content\/uploads\/2022\/08\/IMG_5677-scaled.jpg?resize=1776%2C2048&amp;ssl=1 1776w, https:\/\/i0.wp.com\/encretplomb.ch\/wp-content\/uploads\/2022\/08\/IMG_5677-scaled.jpg?resize=1200%2C1384&amp;ssl=1 1200w, https:\/\/i0.wp.com\/encretplomb.ch\/wp-content\/uploads\/2022\/08\/IMG_5677-scaled.jpg?resize=1980%2C2283&amp;ssl=1 1980w\" sizes=\"auto, (max-width: 378px) 100vw, 378px\" \/><\/figure>\n\n\n\n<p>Autres vid\u00e9os sur les m\u00e9tiers de la typographie<\/p>\n\n\n\n<ul class=\"wp-block-list\">\n<li><a href=\"https:\/\/encretplomb.ch\/index.php\/limpression-typographique\/\">L&rsquo;impression typographique<\/a><\/li>\n\n\n\n<li><a href=\"https:\/\/encretplomb.ch\/index.php\/compositeur-typographe\/\">La composition manuelle<\/a><\/li>\n\n\n\n<li><a href=\"https:\/\/encretplomb.ch\/index.php\/la-reliure-artisanale\/\">La reliure artisanale<\/a><\/li>\n<\/ul>\n","protected":false},"excerpt":{"rendered":"<p>La composition chaude Le premier film tourn\u00e9 est consacr\u00e9 \u00e0 la \u00ab\u00a0composition chaude\u00a0\u00bb. C\u2019est Ren\u00e9 Wenger, Compagnon linotypiste qui a permis au r\u00e9alisateur, Alain Wenker, de documenter ce m\u00e9tier en expliquant le fonctionnement d\u2019une machine \u00e0 composer. Partant du clavier, toutes les \u00e9tapes sont pr\u00e9sent\u00e9es et c\u2019est gr\u00e2ce au talent de Ren\u00e9 que des images&hellip;<\/p>\n","protected":false},"author":7,"featured_media":0,"parent":0,"menu_order":0,"comment_status":"closed","ping_status":"closed","template":"templates\/template-full-width.php","meta":{"footnotes":""},"class_list":["post-4433","page","type-page","status-publish","hentry"],"yoast_head":"<!-- This site is optimized with the Yoast SEO plugin v27.5 - https:\/\/yoast.com\/product\/yoast-seo-wordpress\/ -->\n<title>Film la Linotype - Atelier-Mus\u00e9e Encre &amp; Plomb<\/title>\n<meta name=\"description\" content=\"Film d\u00e9monstration d&#039;une Linotype \u00e0 atelier-mus\u00e9e Encre et Plomb Chavannes-pr\u00e8s-Renens\" \/>\n<meta name=\"robots\" content=\"index, follow, max-snippet:-1, max-image-preview:large, max-video-preview:-1\" \/>\n<link rel=\"canonical\" href=\"https:\/\/encretplomb.ch\/index.php\/linotype\/\" \/>\n<meta property=\"og:locale\" content=\"fr_FR\" \/>\n<meta property=\"og:type\" content=\"article\" \/>\n<meta property=\"og:title\" content=\"Film la Linotype - Atelier-Mus\u00e9e Encre &amp; Plomb\" \/>\n<meta property=\"og:description\" content=\"Film d\u00e9monstration d&#039;une Linotype \u00e0 atelier-mus\u00e9e Encre et Plomb Chavannes-pr\u00e8s-Renens\" \/>\n<meta property=\"og:url\" content=\"https:\/\/encretplomb.ch\/index.php\/linotype\/\" \/>\n<meta property=\"og:site_name\" content=\"Atelier-Mus\u00e9e Encre &amp; Plomb\" \/>\n<meta property=\"article:modified_time\" content=\"2023-05-17T07:37:24+00:00\" \/>\n<meta property=\"og:image\" content=\"https:\/\/encretplomb.ch\/wp-content\/uploads\/2022\/08\/IMG_5677-888x1024.jpg\" \/>\n<meta name=\"twitter:card\" content=\"summary_large_image\" \/>\n<meta name=\"twitter:label1\" content=\"Dur\u00e9e de lecture estim\u00e9e\" \/>\n\t<meta name=\"twitter:data1\" content=\"1 minute\" \/>\n<script type=\"application\/ld+json\" class=\"yoast-schema-graph\">{\"@context\":\"https:\\\/\\\/schema.org\",\"@graph\":[{\"@type\":[\"WebPage\",\"ItemPage\"],\"@id\":\"https:\\\/\\\/encretplomb.ch\\\/index.php\\\/linotype\\\/\",\"url\":\"https:\\\/\\\/encretplomb.ch\\\/index.php\\\/linotype\\\/\",\"name\":\"Film la Linotype - Atelier-Mus\u00e9e Encre &amp; Plomb\",\"isPartOf\":{\"@id\":\"https:\\\/\\\/encretplomb.ch\\\/#website\"},\"primaryImageOfPage\":{\"@id\":\"https:\\\/\\\/encretplomb.ch\\\/index.php\\\/linotype\\\/#primaryimage\"},\"image\":{\"@id\":\"https:\\\/\\\/encretplomb.ch\\\/index.php\\\/linotype\\\/#primaryimage\"},\"thumbnailUrl\":\"https:\\\/\\\/encretplomb.ch\\\/wp-content\\\/uploads\\\/2022\\\/08\\\/IMG_5677-888x1024.jpg\",\"datePublished\":\"2021-06-18T12:13:17+00:00\",\"dateModified\":\"2023-05-17T07:37:24+00:00\",\"description\":\"Film d\u00e9monstration d'une Linotype \u00e0 atelier-mus\u00e9e Encre et Plomb Chavannes-pr\u00e8s-Renens\",\"breadcrumb\":{\"@id\":\"https:\\\/\\\/encretplomb.ch\\\/index.php\\\/linotype\\\/#breadcrumb\"},\"inLanguage\":\"fr-FR\",\"potentialAction\":[{\"@type\":\"ReadAction\",\"target\":[\"https:\\\/\\\/encretplomb.ch\\\/index.php\\\/linotype\\\/\"]}]},{\"@type\":\"ImageObject\",\"inLanguage\":\"fr-FR\",\"@id\":\"https:\\\/\\\/encretplomb.ch\\\/index.php\\\/linotype\\\/#primaryimage\",\"url\":\"https:\\\/\\\/i0.wp.com\\\/encretplomb.ch\\\/wp-content\\\/uploads\\\/2022\\\/08\\\/IMG_5677-scaled.jpg?fit=2220%2C2560&ssl=1\",\"contentUrl\":\"https:\\\/\\\/i0.wp.com\\\/encretplomb.ch\\\/wp-content\\\/uploads\\\/2022\\\/08\\\/IMG_5677-scaled.jpg?fit=2220%2C2560&ssl=1\",\"width\":2220,\"height\":2560},{\"@type\":\"BreadcrumbList\",\"@id\":\"https:\\\/\\\/encretplomb.ch\\\/index.php\\\/linotype\\\/#breadcrumb\",\"itemListElement\":[{\"@type\":\"ListItem\",\"position\":1,\"name\":\"Accueil\",\"item\":\"https:\\\/\\\/encretplomb.ch\\\/\"},{\"@type\":\"ListItem\",\"position\":2,\"name\":\"Film la Linotype\"}]},{\"@type\":\"WebSite\",\"@id\":\"https:\\\/\\\/encretplomb.ch\\\/#website\",\"url\":\"https:\\\/\\\/encretplomb.ch\\\/\",\"name\":\"Atelier-Mus\u00e9e Encre &amp; Plomb\",\"description\":\"Mus\u00e9e vivant de la typographie\",\"publisher\":{\"@id\":\"https:\\\/\\\/encretplomb.ch\\\/#organization\"},\"potentialAction\":[{\"@type\":\"SearchAction\",\"target\":{\"@type\":\"EntryPoint\",\"urlTemplate\":\"https:\\\/\\\/encretplomb.ch\\\/?s={search_term_string}\"},\"query-input\":{\"@type\":\"PropertyValueSpecification\",\"valueRequired\":true,\"valueName\":\"search_term_string\"}}],\"inLanguage\":\"fr-FR\"},{\"@type\":\"Organization\",\"@id\":\"https:\\\/\\\/encretplomb.ch\\\/#organization\",\"name\":\"Atelier Mus\u00e9e de la Typographie\",\"url\":\"https:\\\/\\\/encretplomb.ch\\\/\",\"logo\":{\"@type\":\"ImageObject\",\"inLanguage\":\"fr-FR\",\"@id\":\"https:\\\/\\\/encretplomb.ch\\\/#\\\/schema\\\/logo\\\/image\\\/\",\"url\":\"https:\\\/\\\/i0.wp.com\\\/encretplomb.ch\\\/wp-content\\\/uploads\\\/2021\\\/05\\\/cropped-Logo_AEP-12-1.04.18-Original-.jpg?fit=1591%2C653&ssl=1\",\"contentUrl\":\"https:\\\/\\\/i0.wp.com\\\/encretplomb.ch\\\/wp-content\\\/uploads\\\/2021\\\/05\\\/cropped-Logo_AEP-12-1.04.18-Original-.jpg?fit=1591%2C653&ssl=1\",\"width\":1591,\"height\":653,\"caption\":\"Atelier Mus\u00e9e de la Typographie\"},\"image\":{\"@id\":\"https:\\\/\\\/encretplomb.ch\\\/#\\\/schema\\\/logo\\\/image\\\/\"}}]}<\/script>\n<!-- \/ Yoast SEO plugin. -->","yoast_head_json":{"title":"Film la Linotype - Atelier-Mus\u00e9e Encre &amp; Plomb","description":"Film d\u00e9monstration d'une Linotype \u00e0 atelier-mus\u00e9e Encre et Plomb Chavannes-pr\u00e8s-Renens","robots":{"index":"index","follow":"follow","max-snippet":"max-snippet:-1","max-image-preview":"max-image-preview:large","max-video-preview":"max-video-preview:-1"},"canonical":"https:\/\/encretplomb.ch\/index.php\/linotype\/","og_locale":"fr_FR","og_type":"article","og_title":"Film la Linotype - Atelier-Mus\u00e9e Encre &amp; Plomb","og_description":"Film d\u00e9monstration d'une Linotype \u00e0 atelier-mus\u00e9e Encre et Plomb Chavannes-pr\u00e8s-Renens","og_url":"https:\/\/encretplomb.ch\/index.php\/linotype\/","og_site_name":"Atelier-Mus\u00e9e Encre &amp; Plomb","article_modified_time":"2023-05-17T07:37:24+00:00","og_image":[{"url":"https:\/\/encretplomb.ch\/wp-content\/uploads\/2022\/08\/IMG_5677-888x1024.jpg","type":"","width":"","height":""}],"twitter_card":"summary_large_image","twitter_misc":{"Dur\u00e9e de lecture estim\u00e9e":"1 minute"},"schema":{"@context":"https:\/\/schema.org","@graph":[{"@type":["WebPage","ItemPage"],"@id":"https:\/\/encretplomb.ch\/index.php\/linotype\/","url":"https:\/\/encretplomb.ch\/index.php\/linotype\/","name":"Film la Linotype - Atelier-Mus\u00e9e Encre &amp; Plomb","isPartOf":{"@id":"https:\/\/encretplomb.ch\/#website"},"primaryImageOfPage":{"@id":"https:\/\/encretplomb.ch\/index.php\/linotype\/#primaryimage"},"image":{"@id":"https:\/\/encretplomb.ch\/index.php\/linotype\/#primaryimage"},"thumbnailUrl":"https:\/\/encretplomb.ch\/wp-content\/uploads\/2022\/08\/IMG_5677-888x1024.jpg","datePublished":"2021-06-18T12:13:17+00:00","dateModified":"2023-05-17T07:37:24+00:00","description":"Film d\u00e9monstration d'une Linotype \u00e0 atelier-mus\u00e9e Encre et Plomb Chavannes-pr\u00e8s-Renens","breadcrumb":{"@id":"https:\/\/encretplomb.ch\/index.php\/linotype\/#breadcrumb"},"inLanguage":"fr-FR","potentialAction":[{"@type":"ReadAction","target":["https:\/\/encretplomb.ch\/index.php\/linotype\/"]}]},{"@type":"ImageObject","inLanguage":"fr-FR","@id":"https:\/\/encretplomb.ch\/index.php\/linotype\/#primaryimage","url":"https:\/\/i0.wp.com\/encretplomb.ch\/wp-content\/uploads\/2022\/08\/IMG_5677-scaled.jpg?fit=2220%2C2560&ssl=1","contentUrl":"https:\/\/i0.wp.com\/encretplomb.ch\/wp-content\/uploads\/2022\/08\/IMG_5677-scaled.jpg?fit=2220%2C2560&ssl=1","width":2220,"height":2560},{"@type":"BreadcrumbList","@id":"https:\/\/encretplomb.ch\/index.php\/linotype\/#breadcrumb","itemListElement":[{"@type":"ListItem","position":1,"name":"Accueil","item":"https:\/\/encretplomb.ch\/"},{"@type":"ListItem","position":2,"name":"Film la Linotype"}]},{"@type":"WebSite","@id":"https:\/\/encretplomb.ch\/#website","url":"https:\/\/encretplomb.ch\/","name":"Atelier-Mus\u00e9e Encre &amp; Plomb","description":"Mus\u00e9e vivant de la typographie","publisher":{"@id":"https:\/\/encretplomb.ch\/#organization"},"potentialAction":[{"@type":"SearchAction","target":{"@type":"EntryPoint","urlTemplate":"https:\/\/encretplomb.ch\/?s={search_term_string}"},"query-input":{"@type":"PropertyValueSpecification","valueRequired":true,"valueName":"search_term_string"}}],"inLanguage":"fr-FR"},{"@type":"Organization","@id":"https:\/\/encretplomb.ch\/#organization","name":"Atelier Mus\u00e9e de la Typographie","url":"https:\/\/encretplomb.ch\/","logo":{"@type":"ImageObject","inLanguage":"fr-FR","@id":"https:\/\/encretplomb.ch\/#\/schema\/logo\/image\/","url":"https:\/\/i0.wp.com\/encretplomb.ch\/wp-content\/uploads\/2021\/05\/cropped-Logo_AEP-12-1.04.18-Original-.jpg?fit=1591%2C653&ssl=1","contentUrl":"https:\/\/i0.wp.com\/encretplomb.ch\/wp-content\/uploads\/2021\/05\/cropped-Logo_AEP-12-1.04.18-Original-.jpg?fit=1591%2C653&ssl=1","width":1591,"height":653,"caption":"Atelier Mus\u00e9e de la Typographie"},"image":{"@id":"https:\/\/encretplomb.ch\/#\/schema\/logo\/image\/"}}]}},"jetpack_sharing_enabled":true,"_links":{"self":[{"href":"https:\/\/encretplomb.ch\/index.php\/wp-json\/wp\/v2\/pages\/4433","targetHints":{"allow":["GET"]}}],"collection":[{"href":"https:\/\/encretplomb.ch\/index.php\/wp-json\/wp\/v2\/pages"}],"about":[{"href":"https:\/\/encretplomb.ch\/index.php\/wp-json\/wp\/v2\/types\/page"}],"author":[{"embeddable":true,"href":"https:\/\/encretplomb.ch\/index.php\/wp-json\/wp\/v2\/users\/7"}],"replies":[{"embeddable":true,"href":"https:\/\/encretplomb.ch\/index.php\/wp-json\/wp\/v2\/comments?post=4433"}],"version-history":[{"count":22,"href":"https:\/\/encretplomb.ch\/index.php\/wp-json\/wp\/v2\/pages\/4433\/revisions"}],"predecessor-version":[{"id":5782,"href":"https:\/\/encretplomb.ch\/index.php\/wp-json\/wp\/v2\/pages\/4433\/revisions\/5782"}],"wp:attachment":[{"href":"https:\/\/encretplomb.ch\/index.php\/wp-json\/wp\/v2\/media?parent=4433"}],"curies":[{"name":"wp","href":"https:\/\/api.w.org\/{rel}","templated":true}]}}