{"id":4573,"date":"2018-10-16T15:38:00","date_gmt":"2018-10-16T13:38:00","guid":{"rendered":"https:\/\/encretplomb.ch\/?page_id=4573"},"modified":"2022-07-09T10:03:04","modified_gmt":"2022-07-09T08:03:04","slug":"une-classe-de-lecal","status":"publish","type":"page","link":"https:\/\/encretplomb.ch\/index.php\/une-classe-de-lecal\/","title":{"rendered":"2018 Une classe de l&rsquo;ECAL"},"content":{"rendered":"\n<h2 class=\"has-text-align-center wp-block-heading\">Une classe de l&rsquo;ECAL en visite \u00e0 l&rsquo;Atelier-Mus\u00e9e Encre &amp; Plomb<\/h2>\n\n\n\n<p>Au d\u00e9but octobre 2018, Monsieur Matthieu Cortat, professeur \u00e0 l\u2019ECAL, est venu chez Encre &amp; Plomb pour familiariser ses \u00e9l\u00e8ves avec la typographie. Cela pour la seconde ann\u00e9e.<\/p>\n\n\n\n<p>Quelques \u00e9l\u00e8ves se sont frott\u00e9s \u00e0 la composition tandis que d\u2019autres suivaient les explications des guides de la linotype et de l\u2019impression.<\/p>\n\n\n\n<p>Mais les futurs designers marqu\u00e8rent un int\u00e9r\u00eat particulier pour les catalogues de caract\u00e8res expos\u00e9s en \u00e9vidence. Plusieurs polices se sont vite retrouv\u00e9es pi\u00e9g\u00e9es dans la m\u00e9moire des smartphones, la cr\u00e9ation d\u2019une police de caract\u00e8res \u00e9tant dans le programme de leur session annuelle.<\/p>\n\n\n\n<p>En conclusion, la rencontre a \u00e9t\u00e9 unanimement appr\u00e9ci\u00e9e et une visite d\u2019Encre &amp;&nbsp;Plomb sera agend\u00e9e chaque ann\u00e9e pour les nouveaux \u00e9tudiants.<\/p>\n\n\n\n<div class=\"wp-block-columns is-layout-flex wp-container-core-columns-is-layout-d0b3c9c8 wp-block-columns-is-layout-flex\">\n<div class=\"wp-block-column is-layout-flow wp-block-column-is-layout-flow\" style=\"--col-width:25%;flex-basis:25%\"><\/div>\n\n\n\n<div class=\"wp-block-column is-layout-flow wp-block-column-is-layout-flow\" style=\"--col-width:50%;flex-basis:50%\"><div class=\"n2-section-smartslider fitvidsignore  n2_clear\" data-ssid=\"7\" tabindex=\"0\" role=\"region\" aria-label=\"Diaporama\"><div id=\"n2-ss-7-align\" class=\"n2-ss-align\"><div class=\"n2-padding\"><div id=\"n2-ss-7\" data-creator=\"Smart Slider 3\" data-responsive=\"auto\" class=\"n2-ss-slider n2-ow n2-has-hover n2notransition  \">\n\n\n\n\n\n\n\n\n\n\n\n\n\n<div class=\"n2-ss-slider-wrapper-inside\">\n        <div class=\"n2-ss-slider-1 n2_ss__touch_element n2-ow\">\n            <div class=\"n2-ss-slider-2 n2-ow\">\n                                                    <div class=\"n2-ss-background-animation n2-ow\"><\/div>\n                                <div class=\"n2-ss-slider-3 n2-ow\">\n\n                    <div class=\"n2-ss-slide-backgrounds n2-ow-all\"><div class=\"n2-ss-slide-background\" data-public-id=\"1\" data-mode=\"fill\"><div class=\"n2-ss-slide-background-image\" data-blur=\"0\" data-opacity=\"100\" data-x=\"50\" data-y=\"50\" data-alt=\"\" data-title=\"\"><picture class=\"skip-lazy jetpack-lazy-image\" data-skip-lazy=\"1\"><img decoding=\"async\" src=\"\/\/encretplomb.ch\/wp-content\/uploads\/2018\/10\/IMG_8992.jpeg\" alt=\"\" title=\"\" loading=\"lazy\" class=\"skip-lazy jetpack-lazy-image\" data-skip-lazy=\"1\"><\/picture><\/div><div data-color=\"RGBA(255,255,255,0)\" style=\"background-color: RGBA(255,255,255,0);\" class=\"n2-ss-slide-background-color\"><\/div><\/div><div class=\"n2-ss-slide-background\" data-public-id=\"2\" data-mode=\"fill\" aria-hidden=\"true\"><div class=\"n2-ss-slide-background-image\" data-blur=\"0\" data-opacity=\"100\" data-x=\"50\" data-y=\"50\" data-alt=\"\" data-title=\"\"><picture class=\"skip-lazy jetpack-lazy-image\" data-skip-lazy=\"1\"><img decoding=\"async\" src=\"\/\/encretplomb.ch\/wp-content\/uploads\/2018\/10\/IMG_8990.jpeg\" alt=\"\" title=\"\" loading=\"lazy\" class=\"skip-lazy jetpack-lazy-image\" data-skip-lazy=\"1\"><\/picture><\/div><div data-color=\"RGBA(255,255,255,0)\" style=\"background-color: RGBA(255,255,255,0);\" class=\"n2-ss-slide-background-color\"><\/div><\/div><div class=\"n2-ss-slide-background\" data-public-id=\"3\" data-mode=\"fill\" aria-hidden=\"true\"><div class=\"n2-ss-slide-background-image\" data-blur=\"0\" data-opacity=\"100\" data-x=\"50\" data-y=\"50\" data-alt=\"\" data-title=\"\"><picture class=\"skip-lazy jetpack-lazy-image\" data-skip-lazy=\"1\"><img decoding=\"async\" src=\"\/\/encretplomb.ch\/wp-content\/uploads\/2018\/10\/IMG_8976.jpeg\" alt=\"\" title=\"\" loading=\"lazy\" class=\"skip-lazy jetpack-lazy-image\" data-skip-lazy=\"1\"><\/picture><\/div><div data-color=\"RGBA(255,255,255,0)\" style=\"background-color: RGBA(255,255,255,0);\" class=\"n2-ss-slide-background-color\"><\/div><\/div><div class=\"n2-ss-slide-background\" data-public-id=\"4\" data-mode=\"fill\" aria-hidden=\"true\"><div class=\"n2-ss-slide-background-image\" data-blur=\"0\" data-opacity=\"100\" data-x=\"86\" data-y=\"39\" data-alt=\"\" data-title=\"\" style=\"--ss-o-pos-x:86%;--ss-o-pos-y:39%\"><picture class=\"skip-lazy jetpack-lazy-image\" data-skip-lazy=\"1\"><img decoding=\"async\" src=\"\/\/encretplomb.ch\/wp-content\/uploads\/2018\/10\/IMG_8973.jpeg\" alt=\"\" title=\"\" loading=\"lazy\" class=\"skip-lazy jetpack-lazy-image\" data-skip-lazy=\"1\"><\/picture><\/div><div data-color=\"RGBA(255,255,255,0)\" style=\"background-color: RGBA(255,255,255,0);\" class=\"n2-ss-slide-background-color\"><\/div><\/div><div class=\"n2-ss-slide-background\" data-public-id=\"5\" data-mode=\"fill\" aria-hidden=\"true\"><div class=\"n2-ss-slide-background-image\" data-blur=\"0\" data-opacity=\"100\" data-x=\"50\" data-y=\"50\" data-alt=\"\" data-title=\"\"><picture class=\"skip-lazy jetpack-lazy-image\" data-skip-lazy=\"1\"><img decoding=\"async\" src=\"\/\/encretplomb.ch\/wp-content\/uploads\/2018\/10\/IMG_8961.jpeg\" alt=\"\" title=\"\" loading=\"lazy\" class=\"skip-lazy jetpack-lazy-image\" data-skip-lazy=\"1\"><\/picture><\/div><div data-color=\"RGBA(255,255,255,0)\" style=\"background-color: RGBA(255,255,255,0);\" class=\"n2-ss-slide-background-color\"><\/div><\/div><div class=\"n2-ss-slide-background\" data-public-id=\"6\" data-mode=\"fill\" aria-hidden=\"true\"><div class=\"n2-ss-slide-background-image\" data-blur=\"0\" data-opacity=\"100\" data-x=\"50\" data-y=\"50\" data-alt=\"\" data-title=\"\"><picture class=\"skip-lazy jetpack-lazy-image\" data-skip-lazy=\"1\"><img decoding=\"async\" src=\"\/\/encretplomb.ch\/wp-content\/uploads\/2018\/10\/IMG_8957.jpeg\" alt=\"\" title=\"\" loading=\"lazy\" class=\"skip-lazy jetpack-lazy-image\" data-skip-lazy=\"1\"><\/picture><\/div><div data-color=\"RGBA(255,255,255,0)\" style=\"background-color: RGBA(255,255,255,0);\" class=\"n2-ss-slide-background-color\"><\/div><\/div><\/div>                    <div class=\"n2-ss-slider-4 n2-ow\">\n                        <svg xmlns=\"http:\/\/www.w3.org\/2000\/svg\" viewBox=\"0 0 800 600\" data-related-device=\"desktopPortrait\" class=\"n2-ow n2-ss-preserve-size n2-ss-preserve-size--slider n2-ss-slide-limiter\"><\/svg><div data-first=\"1\" data-slide-duration=\"0\" data-id=\"44\" data-slide-public-id=\"1\" data-title=\"Une mine d'or, ces catalogues de caract\u00e8res!\" data-description=\"D'infinies possibilit\u00e9s\" class=\"n2-ss-slide n2-ow  n2-ss-slide-44\"><div role=\"note\" class=\"n2-ss-slide--focus\" tabindex=\"-1\">Une mine d&rsquo;or, ces catalogues de caract\u00e8res!<\/div><div class=\"n2-ss-layers-container n2-ss-slide-limiter n2-ow\"><div class=\"n2-ss-layer n2-ow n-uc-DQg56Xjcwy6V\" data-sstype=\"slide\" data-pm=\"default\"><\/div><\/div><\/div><div data-slide-duration=\"0\" data-id=\"45\" data-slide-public-id=\"2\" aria-hidden=\"true\" data-title=\"Bernard d\u00e9montre la machine Johannisberg\" class=\"n2-ss-slide n2-ow  n2-ss-slide-45\"><div role=\"note\" class=\"n2-ss-slide--focus\" tabindex=\"-1\">Bernard d\u00e9montre la machine Johannisberg<\/div><div class=\"n2-ss-layers-container n2-ss-slide-limiter n2-ow\"><div class=\"n2-ss-layer n2-ow n-uc-nT1naDCZxmvl\" data-sstype=\"slide\" data-pm=\"default\"><\/div><\/div><\/div><div data-slide-duration=\"0\" data-id=\"46\" data-slide-public-id=\"3\" aria-hidden=\"true\" data-title=\"La presse Gutenberg bien entour\u00e9e !\" class=\"n2-ss-slide n2-ow  n2-ss-slide-46\"><div role=\"note\" class=\"n2-ss-slide--focus\" tabindex=\"-1\">La presse Gutenberg bien entour\u00e9e !<\/div><div class=\"n2-ss-layers-container n2-ss-slide-limiter n2-ow\"><div class=\"n2-ss-layer n2-ow n-uc-8AUogincYQWx\" data-sstype=\"slide\" data-pm=\"default\"><\/div><\/div><\/div><div data-slide-duration=\"0\" data-id=\"47\" data-slide-public-id=\"4\" aria-hidden=\"true\" data-title=\"Une \u00e9l\u00e8ve tente la composition.\" class=\"n2-ss-slide n2-ow  n2-ss-slide-47\"><div role=\"note\" class=\"n2-ss-slide--focus\" tabindex=\"-1\">Une \u00e9l\u00e8ve tente la composition.<\/div><div class=\"n2-ss-layers-container n2-ss-slide-limiter n2-ow\"><div class=\"n2-ss-layer n2-ow n-uc-ijqAxlYvL3GS\" data-sstype=\"slide\" data-pm=\"default\"><\/div><\/div><\/div><div data-slide-duration=\"0\" data-id=\"48\" data-slide-public-id=\"5\" aria-hidden=\"true\" data-title=\"Joanne Bantick explique aux anglophones !\" class=\"n2-ss-slide n2-ow  n2-ss-slide-48\"><div role=\"note\" class=\"n2-ss-slide--focus\" tabindex=\"-1\">Joanne Bantick explique aux anglophones !<\/div><div class=\"n2-ss-layers-container n2-ss-slide-limiter n2-ow\"><div class=\"n2-ss-layer n2-ow n-uc-2fH0Go0s5s0e\" data-sstype=\"slide\" data-pm=\"default\"><\/div><\/div><\/div><div data-slide-duration=\"0\" data-id=\"49\" data-slide-public-id=\"6\" aria-hidden=\"true\" data-title=\"Alors, cette lino, elle fonctionne comment ?\" class=\"n2-ss-slide n2-ow  n2-ss-slide-49\"><div role=\"note\" class=\"n2-ss-slide--focus\" tabindex=\"-1\">Alors, cette lino, elle fonctionne comment ?<\/div><div class=\"n2-ss-layers-container n2-ss-slide-limiter n2-ow\"><div class=\"n2-ss-layer n2-ow n-uc-G33w3em2WQFn\" data-sstype=\"slide\" data-pm=\"default\"><\/div><\/div><\/div>                    <\/div>\n\n                                    <\/div>\n            <\/div>\n        <\/div>\n        <div class=\"n2-ss-slider-controls n2-ss-slider-controls-absolute-center-bottom\"><div style=\"--widget-offset:30px;text-align: center;width:100%;\" class=\"n2-ss-widget nextend-bar nextend-bar-horizontal n2-ss-widget-hidden n2-ow-all\"><div class=\"n2-style-3745c27e4cee514fb93ac00b0ec9858c-simple \" style=\"display: inline-block;\"><span class=\"n2-font-86860a54b7064aeda4451b2de9b363f3-simple \">&nbsp;<\/span><\/div><\/div><\/div><\/div><\/div><ss3-loader><\/ss3-loader><\/div><\/div><div class=\"n2_clear\"><\/div><\/div><\/div>\n\n\n\n<div class=\"wp-block-column is-layout-flow wp-block-column-is-layout-flow\" style=\"--col-width:25%;flex-basis:25%\"><\/div>\n<\/div>\n\n\n\n<p> <\/p>\n","protected":false},"excerpt":{"rendered":"<p>Une classe de l&rsquo;ECAL en visite \u00e0 l&rsquo;Atelier-Mus\u00e9e Encre &amp; Plomb Au d\u00e9but octobre 2018, Monsieur Matthieu Cortat, professeur \u00e0 l\u2019ECAL, est venu chez Encre &amp; Plomb pour familiariser ses \u00e9l\u00e8ves avec la typographie. Cela pour la seconde ann\u00e9e. Quelques \u00e9l\u00e8ves se sont frott\u00e9s \u00e0 la composition tandis que d\u2019autres suivaient les explications des guides&hellip;<\/p>\n","protected":false},"author":6,"featured_media":4809,"parent":0,"menu_order":2,"comment_status":"closed","ping_status":"closed","template":"templates\/template-full-width.php","meta":{"footnotes":""},"class_list":["post-4573","page","type-page","status-publish","has-post-thumbnail","hentry"],"yoast_head":"<!-- This site is optimized with the Yoast SEO plugin v27.5 - https:\/\/yoast.com\/product\/yoast-seo-wordpress\/ -->\n<title>2018 Une classe de l&#039;ECAL - Atelier-Mus\u00e9e Encre &amp; Plomb<\/title>\n<meta name=\"robots\" content=\"noindex, follow\" \/>\n<meta property=\"og:locale\" content=\"fr_FR\" \/>\n<meta property=\"og:type\" content=\"article\" \/>\n<meta property=\"og:title\" content=\"2018 Une classe de l&#039;ECAL - Atelier-Mus\u00e9e Encre &amp; Plomb\" \/>\n<meta property=\"og:description\" content=\"Une classe de l&rsquo;ECAL en visite \u00e0 l&rsquo;Atelier-Mus\u00e9e Encre &amp; Plomb Au d\u00e9but octobre 2018, Monsieur Matthieu Cortat, professeur \u00e0 l\u2019ECAL, est venu chez Encre &amp; Plomb pour familiariser ses \u00e9l\u00e8ves avec la typographie. Cela pour la seconde ann\u00e9e. Quelques \u00e9l\u00e8ves se sont frott\u00e9s \u00e0 la composition tandis que d\u2019autres suivaient les explications des guides&hellip;\" \/>\n<meta property=\"og:url\" content=\"https:\/\/encretplomb.ch\/index.php\/2018\/10\/16\/une-classe-de-lecal\/\" \/>\n<meta property=\"og:site_name\" content=\"Atelier-Mus\u00e9e Encre &amp; Plomb\" \/>\n<meta property=\"article:published_time\" content=\"2018-10-16T13:38:00+00:00\" \/>\n<meta property=\"article:modified_time\" content=\"2022-07-09T08:03:04+00:00\" \/>\n<meta property=\"og:image\" content=\"https:\/\/encretplomb.ch\/wp-content\/uploads\/2021\/08\/IMG_8972-scaled.jpg\" \/>\n\t<meta property=\"og:image:width\" content=\"2560\" \/>\n\t<meta property=\"og:image:height\" content=\"1680\" \/>\n\t<meta property=\"og:image:type\" content=\"image\/jpeg\" \/>\n<meta name=\"author\" content=\"Encre &amp; Plomb\" \/>\n<meta name=\"twitter:card\" content=\"summary_large_image\" \/>\n<meta name=\"twitter:label1\" content=\"\u00c9crit par\" \/>\n\t<meta name=\"twitter:data1\" content=\"Encre &amp; Plomb\" \/>\n\t<meta name=\"twitter:label2\" content=\"Dur\u00e9e de lecture estim\u00e9e\" \/>\n\t<meta name=\"twitter:data2\" content=\"1 minute\" \/>\n<script type=\"application\/ld+json\" class=\"yoast-schema-graph\">{\"@context\":\"https:\\\/\\\/schema.org\",\"@graph\":[{\"@type\":\"Article\",\"@id\":\"https:\\\/\\\/encretplomb.ch\\\/index.php\\\/2018\\\/10\\\/16\\\/une-classe-de-lecal\\\/#article\",\"isPartOf\":{\"@id\":\"https:\\\/\\\/encretplomb.ch\\\/index.php\\\/2018\\\/10\\\/16\\\/une-classe-de-lecal\\\/\"},\"author\":{\"name\":\"Encre &amp; Plomb\",\"@id\":\"https:\\\/\\\/encretplomb.ch\\\/#\\\/schema\\\/person\\\/c3f132c2222546680499dcfa8806acea\"},\"headline\":\"2018 Une classe de l&rsquo;ECAL\",\"datePublished\":\"2018-10-16T13:38:00+00:00\",\"dateModified\":\"2022-07-09T08:03:04+00:00\",\"mainEntityOfPage\":{\"@id\":\"https:\\\/\\\/encretplomb.ch\\\/index.php\\\/2018\\\/10\\\/16\\\/une-classe-de-lecal\\\/\"},\"wordCount\":157,\"publisher\":{\"@id\":\"https:\\\/\\\/encretplomb.ch\\\/#organization\"},\"image\":{\"@id\":\"https:\\\/\\\/encretplomb.ch\\\/index.php\\\/2018\\\/10\\\/16\\\/une-classe-de-lecal\\\/#primaryimage\"},\"thumbnailUrl\":\"https:\\\/\\\/i0.wp.com\\\/encretplomb.ch\\\/wp-content\\\/uploads\\\/2021\\\/08\\\/IMG_8972-scaled.jpg?fit=2560%2C1680&ssl=1\",\"articleSection\":[\"Ev\u00e9nement\"],\"inLanguage\":\"fr-FR\"},{\"@type\":\"WebPage\",\"@id\":\"https:\\\/\\\/encretplomb.ch\\\/index.php\\\/2018\\\/10\\\/16\\\/une-classe-de-lecal\\\/\",\"url\":\"https:\\\/\\\/encretplomb.ch\\\/index.php\\\/2018\\\/10\\\/16\\\/une-classe-de-lecal\\\/\",\"name\":\"2018 Une classe de l'ECAL - Atelier-Mus\u00e9e Encre &amp; Plomb\",\"isPartOf\":{\"@id\":\"https:\\\/\\\/encretplomb.ch\\\/#website\"},\"primaryImageOfPage\":{\"@id\":\"https:\\\/\\\/encretplomb.ch\\\/index.php\\\/2018\\\/10\\\/16\\\/une-classe-de-lecal\\\/#primaryimage\"},\"image\":{\"@id\":\"https:\\\/\\\/encretplomb.ch\\\/index.php\\\/2018\\\/10\\\/16\\\/une-classe-de-lecal\\\/#primaryimage\"},\"thumbnailUrl\":\"https:\\\/\\\/i0.wp.com\\\/encretplomb.ch\\\/wp-content\\\/uploads\\\/2021\\\/08\\\/IMG_8972-scaled.jpg?fit=2560%2C1680&ssl=1\",\"datePublished\":\"2018-10-16T13:38:00+00:00\",\"dateModified\":\"2022-07-09T08:03:04+00:00\",\"breadcrumb\":{\"@id\":\"https:\\\/\\\/encretplomb.ch\\\/index.php\\\/2018\\\/10\\\/16\\\/une-classe-de-lecal\\\/#breadcrumb\"},\"inLanguage\":\"fr-FR\",\"potentialAction\":[{\"@type\":\"ReadAction\",\"target\":[\"https:\\\/\\\/encretplomb.ch\\\/index.php\\\/2018\\\/10\\\/16\\\/une-classe-de-lecal\\\/\"]}]},{\"@type\":\"ImageObject\",\"inLanguage\":\"fr-FR\",\"@id\":\"https:\\\/\\\/encretplomb.ch\\\/index.php\\\/2018\\\/10\\\/16\\\/une-classe-de-lecal\\\/#primaryimage\",\"url\":\"https:\\\/\\\/i0.wp.com\\\/encretplomb.ch\\\/wp-content\\\/uploads\\\/2021\\\/08\\\/IMG_8972-scaled.jpg?fit=2560%2C1680&ssl=1\",\"contentUrl\":\"https:\\\/\\\/i0.wp.com\\\/encretplomb.ch\\\/wp-content\\\/uploads\\\/2021\\\/08\\\/IMG_8972-scaled.jpg?fit=2560%2C1680&ssl=1\",\"width\":2560,\"height\":1680},{\"@type\":\"BreadcrumbList\",\"@id\":\"https:\\\/\\\/encretplomb.ch\\\/index.php\\\/2018\\\/10\\\/16\\\/une-classe-de-lecal\\\/#breadcrumb\",\"itemListElement\":[{\"@type\":\"ListItem\",\"position\":1,\"name\":\"Accueil\",\"item\":\"https:\\\/\\\/encretplomb.ch\\\/\"},{\"@type\":\"ListItem\",\"position\":2,\"name\":\"2018 Une classe de l&rsquo;ECAL\"}]},{\"@type\":\"WebSite\",\"@id\":\"https:\\\/\\\/encretplomb.ch\\\/#website\",\"url\":\"https:\\\/\\\/encretplomb.ch\\\/\",\"name\":\"Atelier-Mus\u00e9e Encre &amp; Plomb\",\"description\":\"Mus\u00e9e vivant de la typographie\",\"publisher\":{\"@id\":\"https:\\\/\\\/encretplomb.ch\\\/#organization\"},\"potentialAction\":[{\"@type\":\"SearchAction\",\"target\":{\"@type\":\"EntryPoint\",\"urlTemplate\":\"https:\\\/\\\/encretplomb.ch\\\/?s={search_term_string}\"},\"query-input\":{\"@type\":\"PropertyValueSpecification\",\"valueRequired\":true,\"valueName\":\"search_term_string\"}}],\"inLanguage\":\"fr-FR\"},{\"@type\":\"Organization\",\"@id\":\"https:\\\/\\\/encretplomb.ch\\\/#organization\",\"name\":\"Atelier Mus\u00e9e de la Typographie\",\"url\":\"https:\\\/\\\/encretplomb.ch\\\/\",\"logo\":{\"@type\":\"ImageObject\",\"inLanguage\":\"fr-FR\",\"@id\":\"https:\\\/\\\/encretplomb.ch\\\/#\\\/schema\\\/logo\\\/image\\\/\",\"url\":\"https:\\\/\\\/i0.wp.com\\\/encretplomb.ch\\\/wp-content\\\/uploads\\\/2021\\\/05\\\/cropped-Logo_AEP-12-1.04.18-Original-.jpg?fit=1591%2C653&ssl=1\",\"contentUrl\":\"https:\\\/\\\/i0.wp.com\\\/encretplomb.ch\\\/wp-content\\\/uploads\\\/2021\\\/05\\\/cropped-Logo_AEP-12-1.04.18-Original-.jpg?fit=1591%2C653&ssl=1\",\"width\":1591,\"height\":653,\"caption\":\"Atelier Mus\u00e9e de la Typographie\"},\"image\":{\"@id\":\"https:\\\/\\\/encretplomb.ch\\\/#\\\/schema\\\/logo\\\/image\\\/\"}},{\"@type\":\"Person\",\"@id\":\"https:\\\/\\\/encretplomb.ch\\\/#\\\/schema\\\/person\\\/c3f132c2222546680499dcfa8806acea\",\"name\":\"Encre &amp; Plomb\"}]}<\/script>\n<!-- \/ Yoast SEO plugin. -->","yoast_head_json":{"title":"2018 Une classe de l'ECAL - Atelier-Mus\u00e9e Encre &amp; Plomb","robots":{"index":"noindex","follow":"follow"},"og_locale":"fr_FR","og_type":"article","og_title":"2018 Une classe de l'ECAL - Atelier-Mus\u00e9e Encre &amp; Plomb","og_description":"Une classe de l&rsquo;ECAL en visite \u00e0 l&rsquo;Atelier-Mus\u00e9e Encre &amp; Plomb Au d\u00e9but octobre 2018, Monsieur Matthieu Cortat, professeur \u00e0 l\u2019ECAL, est venu chez Encre &amp; Plomb pour familiariser ses \u00e9l\u00e8ves avec la typographie. Cela pour la seconde ann\u00e9e. Quelques \u00e9l\u00e8ves se sont frott\u00e9s \u00e0 la composition tandis que d\u2019autres suivaient les explications des guides&hellip;","og_url":"https:\/\/encretplomb.ch\/index.php\/2018\/10\/16\/une-classe-de-lecal\/","og_site_name":"Atelier-Mus\u00e9e Encre &amp; Plomb","article_published_time":"2018-10-16T13:38:00+00:00","article_modified_time":"2022-07-09T08:03:04+00:00","og_image":[{"width":2560,"height":1680,"url":"https:\/\/encretplomb.ch\/wp-content\/uploads\/2021\/08\/IMG_8972-scaled.jpg","type":"image\/jpeg"}],"author":"Encre &amp; Plomb","twitter_card":"summary_large_image","twitter_misc":{"\u00c9crit par":"Encre &amp; Plomb","Dur\u00e9e de lecture estim\u00e9e":"1 minute"},"schema":{"@context":"https:\/\/schema.org","@graph":[{"@type":"Article","@id":"https:\/\/encretplomb.ch\/index.php\/2018\/10\/16\/une-classe-de-lecal\/#article","isPartOf":{"@id":"https:\/\/encretplomb.ch\/index.php\/2018\/10\/16\/une-classe-de-lecal\/"},"author":{"name":"Encre &amp; Plomb","@id":"https:\/\/encretplomb.ch\/#\/schema\/person\/c3f132c2222546680499dcfa8806acea"},"headline":"2018 Une classe de l&rsquo;ECAL","datePublished":"2018-10-16T13:38:00+00:00","dateModified":"2022-07-09T08:03:04+00:00","mainEntityOfPage":{"@id":"https:\/\/encretplomb.ch\/index.php\/2018\/10\/16\/une-classe-de-lecal\/"},"wordCount":157,"publisher":{"@id":"https:\/\/encretplomb.ch\/#organization"},"image":{"@id":"https:\/\/encretplomb.ch\/index.php\/2018\/10\/16\/une-classe-de-lecal\/#primaryimage"},"thumbnailUrl":"https:\/\/i0.wp.com\/encretplomb.ch\/wp-content\/uploads\/2021\/08\/IMG_8972-scaled.jpg?fit=2560%2C1680&ssl=1","articleSection":["Ev\u00e9nement"],"inLanguage":"fr-FR"},{"@type":"WebPage","@id":"https:\/\/encretplomb.ch\/index.php\/2018\/10\/16\/une-classe-de-lecal\/","url":"https:\/\/encretplomb.ch\/index.php\/2018\/10\/16\/une-classe-de-lecal\/","name":"2018 Une classe de l'ECAL - Atelier-Mus\u00e9e Encre &amp; Plomb","isPartOf":{"@id":"https:\/\/encretplomb.ch\/#website"},"primaryImageOfPage":{"@id":"https:\/\/encretplomb.ch\/index.php\/2018\/10\/16\/une-classe-de-lecal\/#primaryimage"},"image":{"@id":"https:\/\/encretplomb.ch\/index.php\/2018\/10\/16\/une-classe-de-lecal\/#primaryimage"},"thumbnailUrl":"https:\/\/i0.wp.com\/encretplomb.ch\/wp-content\/uploads\/2021\/08\/IMG_8972-scaled.jpg?fit=2560%2C1680&ssl=1","datePublished":"2018-10-16T13:38:00+00:00","dateModified":"2022-07-09T08:03:04+00:00","breadcrumb":{"@id":"https:\/\/encretplomb.ch\/index.php\/2018\/10\/16\/une-classe-de-lecal\/#breadcrumb"},"inLanguage":"fr-FR","potentialAction":[{"@type":"ReadAction","target":["https:\/\/encretplomb.ch\/index.php\/2018\/10\/16\/une-classe-de-lecal\/"]}]},{"@type":"ImageObject","inLanguage":"fr-FR","@id":"https:\/\/encretplomb.ch\/index.php\/2018\/10\/16\/une-classe-de-lecal\/#primaryimage","url":"https:\/\/i0.wp.com\/encretplomb.ch\/wp-content\/uploads\/2021\/08\/IMG_8972-scaled.jpg?fit=2560%2C1680&ssl=1","contentUrl":"https:\/\/i0.wp.com\/encretplomb.ch\/wp-content\/uploads\/2021\/08\/IMG_8972-scaled.jpg?fit=2560%2C1680&ssl=1","width":2560,"height":1680},{"@type":"BreadcrumbList","@id":"https:\/\/encretplomb.ch\/index.php\/2018\/10\/16\/une-classe-de-lecal\/#breadcrumb","itemListElement":[{"@type":"ListItem","position":1,"name":"Accueil","item":"https:\/\/encretplomb.ch\/"},{"@type":"ListItem","position":2,"name":"2018 Une classe de l&rsquo;ECAL"}]},{"@type":"WebSite","@id":"https:\/\/encretplomb.ch\/#website","url":"https:\/\/encretplomb.ch\/","name":"Atelier-Mus\u00e9e Encre &amp; Plomb","description":"Mus\u00e9e vivant de la typographie","publisher":{"@id":"https:\/\/encretplomb.ch\/#organization"},"potentialAction":[{"@type":"SearchAction","target":{"@type":"EntryPoint","urlTemplate":"https:\/\/encretplomb.ch\/?s={search_term_string}"},"query-input":{"@type":"PropertyValueSpecification","valueRequired":true,"valueName":"search_term_string"}}],"inLanguage":"fr-FR"},{"@type":"Organization","@id":"https:\/\/encretplomb.ch\/#organization","name":"Atelier Mus\u00e9e de la Typographie","url":"https:\/\/encretplomb.ch\/","logo":{"@type":"ImageObject","inLanguage":"fr-FR","@id":"https:\/\/encretplomb.ch\/#\/schema\/logo\/image\/","url":"https:\/\/i0.wp.com\/encretplomb.ch\/wp-content\/uploads\/2021\/05\/cropped-Logo_AEP-12-1.04.18-Original-.jpg?fit=1591%2C653&ssl=1","contentUrl":"https:\/\/i0.wp.com\/encretplomb.ch\/wp-content\/uploads\/2021\/05\/cropped-Logo_AEP-12-1.04.18-Original-.jpg?fit=1591%2C653&ssl=1","width":1591,"height":653,"caption":"Atelier Mus\u00e9e de la Typographie"},"image":{"@id":"https:\/\/encretplomb.ch\/#\/schema\/logo\/image\/"}},{"@type":"Person","@id":"https:\/\/encretplomb.ch\/#\/schema\/person\/c3f132c2222546680499dcfa8806acea","name":"Encre &amp; Plomb"}]}},"jetpack_sharing_enabled":true,"_links":{"self":[{"href":"https:\/\/encretplomb.ch\/index.php\/wp-json\/wp\/v2\/pages\/4573","targetHints":{"allow":["GET"]}}],"collection":[{"href":"https:\/\/encretplomb.ch\/index.php\/wp-json\/wp\/v2\/pages"}],"about":[{"href":"https:\/\/encretplomb.ch\/index.php\/wp-json\/wp\/v2\/types\/page"}],"author":[{"embeddable":true,"href":"https:\/\/encretplomb.ch\/index.php\/wp-json\/wp\/v2\/users\/6"}],"replies":[{"embeddable":true,"href":"https:\/\/encretplomb.ch\/index.php\/wp-json\/wp\/v2\/comments?post=4573"}],"version-history":[{"count":11,"href":"https:\/\/encretplomb.ch\/index.php\/wp-json\/wp\/v2\/pages\/4573\/revisions"}],"predecessor-version":[{"id":5126,"href":"https:\/\/encretplomb.ch\/index.php\/wp-json\/wp\/v2\/pages\/4573\/revisions\/5126"}],"wp:featuredmedia":[{"embeddable":true,"href":"https:\/\/encretplomb.ch\/index.php\/wp-json\/wp\/v2\/media\/4809"}],"wp:attachment":[{"href":"https:\/\/encretplomb.ch\/index.php\/wp-json\/wp\/v2\/media?parent=4573"}],"curies":[{"name":"wp","href":"https:\/\/api.w.org\/{rel}","templated":true}]}}