{"id":4580,"date":"2018-09-29T16:11:00","date_gmt":"2018-09-29T14:11:00","guid":{"rendered":"https:\/\/encretplomb.ch\/?page_id=4580"},"modified":"2022-08-07T11:08:07","modified_gmt":"2022-08-07T09:08:07","slug":"gruyere-2018","status":"publish","type":"page","link":"https:\/\/encretplomb.ch\/index.php\/gruyere-2018\/","title":{"rendered":"2018 Gruy\u00e8re 2018"},"content":{"rendered":"\n<h2 class=\"has-text-align-center wp-block-heading\">20e F\u00eate du Livre \u00e0 Gruy\u00e8res 29-30 septembre 2018<\/h2>\n\n\n\n<p>Apr\u00e8s 2017, l\u2019Atelier-Mus\u00e9e Encre&amp; Plomb a particip\u00e9 pour la deuxi\u00e8me fois \u00e0 cette manifestation. Cela se passe sur la rue principale de cette belle bourgade gru\u00e9rienne au cachet particulier.<\/p>\n\n\n\n<p>Pendant ces 2 jours, l\u2019activit\u00e9 sur notre stand fut tr\u00e8s soutenue. Environ 180 marque-pages ont \u00e9t\u00e9 imprim\u00e9s. Selon l\u2019affluence, nous aidons les visiteurs \u00e0 composer et \u00e0 imprimer pour leur grand plaisir. Pour l\u2019anecdote, nous avons eu des typographes grecs, portugais et \u00e9cossais, surpris agr\u00e9ablement de d\u00e9couvrir notre stand.<\/p>\n\n\n\n<p>Parmi les diff\u00e9rents contacts, 5 personnes enthousiastes d\u00e9sirent visiter notre Atelier-Mus\u00e9e en 2019, qui en famille, qui en groupe.<\/p>\n\n\n\n<p>Pour terminer, il est certain que les panneaux de pr\u00e9sentation (voir photo) am\u00e8nent un plus et rendent notre environnement plus chaleureux. Une vraie r\u00e9ussite.<\/p>\n\n\n\n<div class=\"wp-block-columns is-layout-flex wp-container-core-columns-is-layout-d0b3c9c8 wp-block-columns-is-layout-flex\">\n<div class=\"wp-block-column is-layout-flow wp-block-column-is-layout-flow\">\n<figure class=\"wp-block-image size-large is-style-default\"><img data-recalc-dims=\"1\" loading=\"lazy\" decoding=\"async\" width=\"580\" height=\"380\" data-attachment-id=\"2962\" data-permalink=\"https:\/\/encretplomb.ch\/gruyeres-2018_2\/\" data-orig-file=\"https:\/\/i0.wp.com\/encretplomb.ch\/wp-content\/uploads\/2018\/10\/Gruy%C3%A8res-2018_2.jpg?fit=1000%2C655&amp;ssl=1\" data-orig-size=\"1000,655\" data-comments-opened=\"1\" data-image-meta=\"{&quot;aperture&quot;:&quot;4&quot;,&quot;credit&quot;:&quot;&quot;,&quot;camera&quot;:&quot;Canon PowerShot G7 X&quot;,&quot;caption&quot;:&quot;&quot;,&quot;created_timestamp&quot;:&quot;1538238915&quot;,&quot;copyright&quot;:&quot;&quot;,&quot;focal_length&quot;:&quot;8.8&quot;,&quot;iso&quot;:&quot;125&quot;,&quot;shutter_speed&quot;:&quot;0.004&quot;,&quot;title&quot;:&quot;&quot;,&quot;orientation&quot;:&quot;1&quot;}\" data-image-title=\"Gruy\u00e8res 2018_2\" data-image-description=\"\" data-image-caption=\"\" data-large-file=\"https:\/\/i0.wp.com\/encretplomb.ch\/wp-content\/uploads\/2018\/10\/Gruy%C3%A8res-2018_2.jpg?fit=580%2C380&amp;ssl=1\" src=\"https:\/\/i0.wp.com\/encretplomb.ch\/wp-content\/uploads\/2018\/10\/Gruy%C3%A8res-2018_2.jpg?resize=580%2C380&#038;ssl=1\" alt=\"\" class=\"wp-image-2962\" srcset=\"https:\/\/i0.wp.com\/encretplomb.ch\/wp-content\/uploads\/2018\/10\/Gruy%C3%A8res-2018_2.jpg?w=1000&amp;ssl=1 1000w, https:\/\/i0.wp.com\/encretplomb.ch\/wp-content\/uploads\/2018\/10\/Gruy%C3%A8res-2018_2.jpg?resize=300%2C197&amp;ssl=1 300w, https:\/\/i0.wp.com\/encretplomb.ch\/wp-content\/uploads\/2018\/10\/Gruy%C3%A8res-2018_2.jpg?resize=458%2C300&amp;ssl=1 458w\" sizes=\"auto, (max-width: 580px) 100vw, 580px\" \/><\/figure>\n\n\n\n<figure class=\"wp-block-image size-large is-style-default\"><img data-recalc-dims=\"1\" loading=\"lazy\" decoding=\"async\" width=\"580\" height=\"381\" data-attachment-id=\"2961\" data-permalink=\"https:\/\/encretplomb.ch\/gruyeres-2018_1\/\" data-orig-file=\"https:\/\/i0.wp.com\/encretplomb.ch\/wp-content\/uploads\/2018\/10\/Gruy%C3%A8res-2018_1.jpg?fit=1000%2C657&amp;ssl=1\" data-orig-size=\"1000,657\" data-comments-opened=\"1\" data-image-meta=\"{&quot;aperture&quot;:&quot;4&quot;,&quot;credit&quot;:&quot;&quot;,&quot;camera&quot;:&quot;Canon PowerShot G7 X&quot;,&quot;caption&quot;:&quot;&quot;,&quot;created_timestamp&quot;:&quot;1538238549&quot;,&quot;copyright&quot;:&quot;&quot;,&quot;focal_length&quot;:&quot;8.8&quot;,&quot;iso&quot;:&quot;125&quot;,&quot;shutter_speed&quot;:&quot;0.005&quot;,&quot;title&quot;:&quot;&quot;,&quot;orientation&quot;:&quot;1&quot;}\" data-image-title=\"Gruy\u00e8res 2018_1\" data-image-description=\"\" data-image-caption=\"\" data-large-file=\"https:\/\/i0.wp.com\/encretplomb.ch\/wp-content\/uploads\/2018\/10\/Gruy%C3%A8res-2018_1.jpg?fit=580%2C381&amp;ssl=1\" src=\"https:\/\/i0.wp.com\/encretplomb.ch\/wp-content\/uploads\/2018\/10\/Gruy%C3%A8res-2018_1.jpg?resize=580%2C381&#038;ssl=1\" alt=\"\" class=\"wp-image-2961\" srcset=\"https:\/\/i0.wp.com\/encretplomb.ch\/wp-content\/uploads\/2018\/10\/Gruy%C3%A8res-2018_1.jpg?w=1000&amp;ssl=1 1000w, https:\/\/i0.wp.com\/encretplomb.ch\/wp-content\/uploads\/2018\/10\/Gruy%C3%A8res-2018_1.jpg?resize=300%2C197&amp;ssl=1 300w, https:\/\/i0.wp.com\/encretplomb.ch\/wp-content\/uploads\/2018\/10\/Gruy%C3%A8res-2018_1.jpg?resize=457%2C300&amp;ssl=1 457w\" sizes=\"auto, (max-width: 580px) 100vw, 580px\" \/><\/figure>\n<\/div>\n\n\n\n<div class=\"wp-block-column is-layout-flow wp-block-column-is-layout-flow\">\n<figure class=\"wp-block-image size-large is-style-default\"><img data-recalc-dims=\"1\" loading=\"lazy\" decoding=\"async\" width=\"580\" height=\"386\" data-attachment-id=\"2963\" data-permalink=\"https:\/\/encretplomb.ch\/gruyeres-2018_3\/\" data-orig-file=\"https:\/\/i0.wp.com\/encretplomb.ch\/wp-content\/uploads\/2018\/10\/Gruy%C3%A8res-2018_3.jpg?fit=1000%2C666&amp;ssl=1\" data-orig-size=\"1000,666\" data-comments-opened=\"1\" data-image-meta=\"{&quot;aperture&quot;:&quot;4&quot;,&quot;credit&quot;:&quot;&quot;,&quot;camera&quot;:&quot;Canon PowerShot G7 X&quot;,&quot;caption&quot;:&quot;&quot;,&quot;created_timestamp&quot;:&quot;1538239906&quot;,&quot;copyright&quot;:&quot;&quot;,&quot;focal_length&quot;:&quot;8.8&quot;,&quot;iso&quot;:&quot;125&quot;,&quot;shutter_speed&quot;:&quot;0.00625&quot;,&quot;title&quot;:&quot;&quot;,&quot;orientation&quot;:&quot;1&quot;}\" data-image-title=\"Gruy\u00e8res 2018_3\" data-image-description=\"\" data-image-caption=\"\" data-large-file=\"https:\/\/i0.wp.com\/encretplomb.ch\/wp-content\/uploads\/2018\/10\/Gruy%C3%A8res-2018_3.jpg?fit=580%2C386&amp;ssl=1\" src=\"https:\/\/i0.wp.com\/encretplomb.ch\/wp-content\/uploads\/2018\/10\/Gruy%C3%A8res-2018_3.jpg?resize=580%2C386&#038;ssl=1\" alt=\"\" class=\"wp-image-2963\" srcset=\"https:\/\/i0.wp.com\/encretplomb.ch\/wp-content\/uploads\/2018\/10\/Gruy%C3%A8res-2018_3.jpg?w=1000&amp;ssl=1 1000w, https:\/\/i0.wp.com\/encretplomb.ch\/wp-content\/uploads\/2018\/10\/Gruy%C3%A8res-2018_3.jpg?resize=300%2C200&amp;ssl=1 300w, https:\/\/i0.wp.com\/encretplomb.ch\/wp-content\/uploads\/2018\/10\/Gruy%C3%A8res-2018_3.jpg?resize=450%2C300&amp;ssl=1 450w\" sizes=\"auto, (max-width: 580px) 100vw, 580px\" \/><\/figure>\n\n\n\n<figure class=\"wp-block-image size-large is-style-default\"><img data-recalc-dims=\"1\" loading=\"lazy\" decoding=\"async\" width=\"580\" height=\"386\" data-attachment-id=\"2964\" data-permalink=\"https:\/\/encretplomb.ch\/gruyeres-2018_4\/\" data-orig-file=\"https:\/\/i0.wp.com\/encretplomb.ch\/wp-content\/uploads\/2018\/10\/Gruy%C3%A8res-2018_4.jpg?fit=1000%2C666&amp;ssl=1\" data-orig-size=\"1000,666\" data-comments-opened=\"1\" data-image-meta=\"{&quot;aperture&quot;:&quot;4&quot;,&quot;credit&quot;:&quot;&quot;,&quot;camera&quot;:&quot;Canon PowerShot G7 X&quot;,&quot;caption&quot;:&quot;&quot;,&quot;created_timestamp&quot;:&quot;1538231413&quot;,&quot;copyright&quot;:&quot;&quot;,&quot;focal_length&quot;:&quot;8.8&quot;,&quot;iso&quot;:&quot;125&quot;,&quot;shutter_speed&quot;:&quot;0.0025&quot;,&quot;title&quot;:&quot;&quot;,&quot;orientation&quot;:&quot;1&quot;}\" data-image-title=\"Gruy\u00e8res 2018_4\" data-image-description=\"\" data-image-caption=\"\" data-large-file=\"https:\/\/i0.wp.com\/encretplomb.ch\/wp-content\/uploads\/2018\/10\/Gruy%C3%A8res-2018_4.jpg?fit=580%2C386&amp;ssl=1\" src=\"https:\/\/i0.wp.com\/encretplomb.ch\/wp-content\/uploads\/2018\/10\/Gruy%C3%A8res-2018_4.jpg?resize=580%2C386&#038;ssl=1\" alt=\"\" class=\"wp-image-2964\" srcset=\"https:\/\/i0.wp.com\/encretplomb.ch\/wp-content\/uploads\/2018\/10\/Gruy%C3%A8res-2018_4.jpg?w=1000&amp;ssl=1 1000w, https:\/\/i0.wp.com\/encretplomb.ch\/wp-content\/uploads\/2018\/10\/Gruy%C3%A8res-2018_4.jpg?resize=300%2C200&amp;ssl=1 300w, https:\/\/i0.wp.com\/encretplomb.ch\/wp-content\/uploads\/2018\/10\/Gruy%C3%A8res-2018_4.jpg?resize=450%2C300&amp;ssl=1 450w\" sizes=\"auto, (max-width: 580px) 100vw, 580px\" \/><\/figure>\n<\/div>\n<\/div>\n\n\n\n<div class=\"wp-block-columns is-layout-flex wp-container-core-columns-is-layout-d0b3c9c8 wp-block-columns-is-layout-flex\">\n<div class=\"wp-block-column is-layout-flow wp-block-column-is-layout-flow\"><\/div>\n\n\n\n<div class=\"wp-block-column is-layout-flow wp-block-column-is-layout-flow\"><\/div>\n<\/div>\n","protected":false},"excerpt":{"rendered":"<p>20e F\u00eate du Livre \u00e0 Gruy\u00e8res 29-30 septembre 2018 Apr\u00e8s 2017, l\u2019Atelier-Mus\u00e9e Encre&amp; Plomb a particip\u00e9 pour la deuxi\u00e8me fois \u00e0 cette manifestation. Cela se passe sur la rue principale de cette belle bourgade gru\u00e9rienne au cachet particulier. Pendant ces 2 jours, l\u2019activit\u00e9 sur notre stand fut tr\u00e8s soutenue. Environ 180 marque-pages ont \u00e9t\u00e9 imprim\u00e9s.&hellip;<\/p>\n","protected":false},"author":6,"featured_media":0,"parent":0,"menu_order":1,"comment_status":"closed","ping_status":"closed","template":"templates\/template-full-width.php","meta":{"footnotes":""},"class_list":["post-4580","page","type-page","status-publish","hentry"],"yoast_head":"<!-- This site is optimized with the Yoast SEO plugin v27.4 - https:\/\/yoast.com\/product\/yoast-seo-wordpress\/ -->\n<title>2018 Gruy\u00e8re 2018 - Atelier-Mus\u00e9e Encre &amp; Plomb<\/title>\n<meta name=\"robots\" content=\"index, follow, max-snippet:-1, max-image-preview:large, max-video-preview:-1\" \/>\n<link rel=\"canonical\" href=\"https:\/\/encretplomb.ch\/index.php\/gruyere-2018\/\" \/>\n<meta property=\"og:locale\" content=\"fr_FR\" \/>\n<meta property=\"og:type\" content=\"article\" \/>\n<meta property=\"og:title\" content=\"2018 Gruy\u00e8re 2018 - Atelier-Mus\u00e9e Encre &amp; Plomb\" \/>\n<meta property=\"og:description\" content=\"20e F\u00eate du Livre \u00e0 Gruy\u00e8res 29-30 septembre 2018 Apr\u00e8s 2017, l\u2019Atelier-Mus\u00e9e Encre&amp; Plomb a particip\u00e9 pour la deuxi\u00e8me fois \u00e0 cette manifestation. Cela se passe sur la rue principale de cette belle bourgade gru\u00e9rienne au cachet particulier. Pendant ces 2 jours, l\u2019activit\u00e9 sur notre stand fut tr\u00e8s soutenue. Environ 180 marque-pages ont \u00e9t\u00e9 imprim\u00e9s.&hellip;\" \/>\n<meta property=\"og:url\" content=\"https:\/\/encretplomb.ch\/index.php\/gruyere-2018\/\" \/>\n<meta property=\"og:site_name\" content=\"Atelier-Mus\u00e9e Encre &amp; Plomb\" \/>\n<meta property=\"article:modified_time\" content=\"2022-08-07T09:08:07+00:00\" \/>\n<meta name=\"twitter:card\" content=\"summary_large_image\" \/>\n<meta name=\"twitter:label1\" content=\"Dur\u00e9e de lecture estim\u00e9e\" \/>\n\t<meta name=\"twitter:data1\" content=\"2 minutes\" \/>\n<script type=\"application\/ld+json\" class=\"yoast-schema-graph\">{\"@context\":\"https:\\\/\\\/schema.org\",\"@graph\":[{\"@type\":\"WebPage\",\"@id\":\"https:\\\/\\\/encretplomb.ch\\\/index.php\\\/gruyere-2018\\\/\",\"url\":\"https:\\\/\\\/encretplomb.ch\\\/index.php\\\/gruyere-2018\\\/\",\"name\":\"2018 Gruy\u00e8re 2018 - Atelier-Mus\u00e9e Encre &amp; Plomb\",\"isPartOf\":{\"@id\":\"https:\\\/\\\/encretplomb.ch\\\/#website\"},\"datePublished\":\"2018-09-29T14:11:00+00:00\",\"dateModified\":\"2022-08-07T09:08:07+00:00\",\"breadcrumb\":{\"@id\":\"https:\\\/\\\/encretplomb.ch\\\/index.php\\\/gruyere-2018\\\/#breadcrumb\"},\"inLanguage\":\"fr-FR\",\"potentialAction\":[{\"@type\":\"ReadAction\",\"target\":[\"https:\\\/\\\/encretplomb.ch\\\/index.php\\\/gruyere-2018\\\/\"]}]},{\"@type\":\"BreadcrumbList\",\"@id\":\"https:\\\/\\\/encretplomb.ch\\\/index.php\\\/gruyere-2018\\\/#breadcrumb\",\"itemListElement\":[{\"@type\":\"ListItem\",\"position\":1,\"name\":\"Accueil\",\"item\":\"https:\\\/\\\/encretplomb.ch\\\/\"},{\"@type\":\"ListItem\",\"position\":2,\"name\":\"2018 Gruy\u00e8re 2018\"}]},{\"@type\":\"WebSite\",\"@id\":\"https:\\\/\\\/encretplomb.ch\\\/#website\",\"url\":\"https:\\\/\\\/encretplomb.ch\\\/\",\"name\":\"Atelier-Mus\u00e9e Encre &amp; Plomb\",\"description\":\"Mus\u00e9e vivant de la typographie\",\"publisher\":{\"@id\":\"https:\\\/\\\/encretplomb.ch\\\/#organization\"},\"potentialAction\":[{\"@type\":\"SearchAction\",\"target\":{\"@type\":\"EntryPoint\",\"urlTemplate\":\"https:\\\/\\\/encretplomb.ch\\\/?s={search_term_string}\"},\"query-input\":{\"@type\":\"PropertyValueSpecification\",\"valueRequired\":true,\"valueName\":\"search_term_string\"}}],\"inLanguage\":\"fr-FR\"},{\"@type\":\"Organization\",\"@id\":\"https:\\\/\\\/encretplomb.ch\\\/#organization\",\"name\":\"Atelier Mus\u00e9e de la Typographie\",\"url\":\"https:\\\/\\\/encretplomb.ch\\\/\",\"logo\":{\"@type\":\"ImageObject\",\"inLanguage\":\"fr-FR\",\"@id\":\"https:\\\/\\\/encretplomb.ch\\\/#\\\/schema\\\/logo\\\/image\\\/\",\"url\":\"https:\\\/\\\/i0.wp.com\\\/encretplomb.ch\\\/wp-content\\\/uploads\\\/2021\\\/05\\\/cropped-Logo_AEP-12-1.04.18-Original-.jpg?fit=1591%2C653&ssl=1\",\"contentUrl\":\"https:\\\/\\\/i0.wp.com\\\/encretplomb.ch\\\/wp-content\\\/uploads\\\/2021\\\/05\\\/cropped-Logo_AEP-12-1.04.18-Original-.jpg?fit=1591%2C653&ssl=1\",\"width\":1591,\"height\":653,\"caption\":\"Atelier Mus\u00e9e de la Typographie\"},\"image\":{\"@id\":\"https:\\\/\\\/encretplomb.ch\\\/#\\\/schema\\\/logo\\\/image\\\/\"}}]}<\/script>\n<!-- \/ Yoast SEO plugin. -->","yoast_head_json":{"title":"2018 Gruy\u00e8re 2018 - Atelier-Mus\u00e9e Encre &amp; Plomb","robots":{"index":"index","follow":"follow","max-snippet":"max-snippet:-1","max-image-preview":"max-image-preview:large","max-video-preview":"max-video-preview:-1"},"canonical":"https:\/\/encretplomb.ch\/index.php\/gruyere-2018\/","og_locale":"fr_FR","og_type":"article","og_title":"2018 Gruy\u00e8re 2018 - Atelier-Mus\u00e9e Encre &amp; Plomb","og_description":"20e F\u00eate du Livre \u00e0 Gruy\u00e8res 29-30 septembre 2018 Apr\u00e8s 2017, l\u2019Atelier-Mus\u00e9e Encre&amp; Plomb a particip\u00e9 pour la deuxi\u00e8me fois \u00e0 cette manifestation. Cela se passe sur la rue principale de cette belle bourgade gru\u00e9rienne au cachet particulier. Pendant ces 2 jours, l\u2019activit\u00e9 sur notre stand fut tr\u00e8s soutenue. Environ 180 marque-pages ont \u00e9t\u00e9 imprim\u00e9s.&hellip;","og_url":"https:\/\/encretplomb.ch\/index.php\/gruyere-2018\/","og_site_name":"Atelier-Mus\u00e9e Encre &amp; Plomb","article_modified_time":"2022-08-07T09:08:07+00:00","twitter_card":"summary_large_image","twitter_misc":{"Dur\u00e9e de lecture estim\u00e9e":"2 minutes"},"schema":{"@context":"https:\/\/schema.org","@graph":[{"@type":"WebPage","@id":"https:\/\/encretplomb.ch\/index.php\/gruyere-2018\/","url":"https:\/\/encretplomb.ch\/index.php\/gruyere-2018\/","name":"2018 Gruy\u00e8re 2018 - Atelier-Mus\u00e9e Encre &amp; Plomb","isPartOf":{"@id":"https:\/\/encretplomb.ch\/#website"},"datePublished":"2018-09-29T14:11:00+00:00","dateModified":"2022-08-07T09:08:07+00:00","breadcrumb":{"@id":"https:\/\/encretplomb.ch\/index.php\/gruyere-2018\/#breadcrumb"},"inLanguage":"fr-FR","potentialAction":[{"@type":"ReadAction","target":["https:\/\/encretplomb.ch\/index.php\/gruyere-2018\/"]}]},{"@type":"BreadcrumbList","@id":"https:\/\/encretplomb.ch\/index.php\/gruyere-2018\/#breadcrumb","itemListElement":[{"@type":"ListItem","position":1,"name":"Accueil","item":"https:\/\/encretplomb.ch\/"},{"@type":"ListItem","position":2,"name":"2018 Gruy\u00e8re 2018"}]},{"@type":"WebSite","@id":"https:\/\/encretplomb.ch\/#website","url":"https:\/\/encretplomb.ch\/","name":"Atelier-Mus\u00e9e Encre &amp; Plomb","description":"Mus\u00e9e vivant de la typographie","publisher":{"@id":"https:\/\/encretplomb.ch\/#organization"},"potentialAction":[{"@type":"SearchAction","target":{"@type":"EntryPoint","urlTemplate":"https:\/\/encretplomb.ch\/?s={search_term_string}"},"query-input":{"@type":"PropertyValueSpecification","valueRequired":true,"valueName":"search_term_string"}}],"inLanguage":"fr-FR"},{"@type":"Organization","@id":"https:\/\/encretplomb.ch\/#organization","name":"Atelier Mus\u00e9e de la Typographie","url":"https:\/\/encretplomb.ch\/","logo":{"@type":"ImageObject","inLanguage":"fr-FR","@id":"https:\/\/encretplomb.ch\/#\/schema\/logo\/image\/","url":"https:\/\/i0.wp.com\/encretplomb.ch\/wp-content\/uploads\/2021\/05\/cropped-Logo_AEP-12-1.04.18-Original-.jpg?fit=1591%2C653&ssl=1","contentUrl":"https:\/\/i0.wp.com\/encretplomb.ch\/wp-content\/uploads\/2021\/05\/cropped-Logo_AEP-12-1.04.18-Original-.jpg?fit=1591%2C653&ssl=1","width":1591,"height":653,"caption":"Atelier Mus\u00e9e de la Typographie"},"image":{"@id":"https:\/\/encretplomb.ch\/#\/schema\/logo\/image\/"}}]}},"jetpack_sharing_enabled":true,"_links":{"self":[{"href":"https:\/\/encretplomb.ch\/index.php\/wp-json\/wp\/v2\/pages\/4580","targetHints":{"allow":["GET"]}}],"collection":[{"href":"https:\/\/encretplomb.ch\/index.php\/wp-json\/wp\/v2\/pages"}],"about":[{"href":"https:\/\/encretplomb.ch\/index.php\/wp-json\/wp\/v2\/types\/page"}],"author":[{"embeddable":true,"href":"https:\/\/encretplomb.ch\/index.php\/wp-json\/wp\/v2\/users\/6"}],"replies":[{"embeddable":true,"href":"https:\/\/encretplomb.ch\/index.php\/wp-json\/wp\/v2\/comments?post=4580"}],"version-history":[{"count":6,"href":"https:\/\/encretplomb.ch\/index.php\/wp-json\/wp\/v2\/pages\/4580\/revisions"}],"predecessor-version":[{"id":5125,"href":"https:\/\/encretplomb.ch\/index.php\/wp-json\/wp\/v2\/pages\/4580\/revisions\/5125"}],"wp:attachment":[{"href":"https:\/\/encretplomb.ch\/index.php\/wp-json\/wp\/v2\/media?parent=4580"}],"curies":[{"name":"wp","href":"https:\/\/api.w.org\/{rel}","templated":true}]}}