{"id":4740,"date":"2021-07-02T07:26:56","date_gmt":"2021-07-02T05:26:56","guid":{"rendered":"https:\/\/encretplomb.ch\/?page_id=4740"},"modified":"2026-03-18T11:45:35","modified_gmt":"2026-03-18T10:45:35","slug":"publicationsaep","status":"publish","type":"page","link":"https:\/\/encretplomb.ch\/index.php\/publicationsaep\/","title":{"rendered":"Publications"},"content":{"rendered":"\n<h2 class=\"wp-block-heading\">Publications de l&rsquo;Atelier-Mus\u00e9e Encre &amp; Plomb<\/h2>\n\n\n\n<div class=\"wp-block-columns is-layout-flex wp-container-core-columns-is-layout-d0b3c9c8 wp-block-columns-is-layout-flex\">\n<div class=\"wp-block-column is-layout-flow wp-block-column-is-layout-flow\">\n<h2 class=\"wp-block-heading\">La Gazette<\/h2>\n\n\n\n<p>Refl\u00e8te la vie de l&rsquo;Atelier-Mus\u00e9e et para\u00eet au minimum deux fois l&rsquo;an. <br>Elle est adress\u00e9e aux membres, donateurs et sympathisants dans sa version papier. Vous pouvez acc\u00e9der aux derniers num\u00e9ros ci-dessous.<br> <\/p>\n\n\n\n<div class=\"wp-block-columns is-layout-flex wp-container-core-columns-is-layout-d0b3c9c8 wp-block-columns-is-layout-flex\">\n<div class=\"wp-block-column is-layout-flow wp-block-column-is-layout-flow\" style=\"--col-width:33.33%;flex-basis:33.33%\">\n<figure class=\"wp-block-image size-large is-resized is-style-default\"><img data-recalc-dims=\"1\" loading=\"lazy\" decoding=\"async\" width=\"580\" height=\"844\" data-attachment-id=\"4053\" data-permalink=\"https:\/\/encretplomb.ch\/gazette30img\/\" data-orig-file=\"https:\/\/i0.wp.com\/encretplomb.ch\/wp-content\/uploads\/2021\/04\/Gazette30img-e1625204975809.png?fit=1701%2C2474&amp;ssl=1\" data-orig-size=\"1701,2474\" data-comments-opened=\"1\" data-image-meta=\"{&quot;aperture&quot;:&quot;0&quot;,&quot;credit&quot;:&quot;&quot;,&quot;camera&quot;:&quot;&quot;,&quot;caption&quot;:&quot;&quot;,&quot;created_timestamp&quot;:&quot;0&quot;,&quot;copyright&quot;:&quot;&quot;,&quot;focal_length&quot;:&quot;0&quot;,&quot;iso&quot;:&quot;0&quot;,&quot;shutter_speed&quot;:&quot;0&quot;,&quot;title&quot;:&quot;&quot;,&quot;orientation&quot;:&quot;0&quot;}\" data-image-title=\"Gazette30img\" data-image-description=\"\" data-image-caption=\"\" data-large-file=\"https:\/\/i0.wp.com\/encretplomb.ch\/wp-content\/uploads\/2021\/04\/Gazette30img-e1625204975809.png?fit=580%2C844&amp;ssl=1\" src=\"https:\/\/i0.wp.com\/encretplomb.ch\/wp-content\/uploads\/2021\/04\/Gazette30img-e1625204975809-704x1024.png?resize=580%2C844&#038;ssl=1\" alt=\"\" class=\"wp-image-4053\" srcset=\"https:\/\/i0.wp.com\/encretplomb.ch\/wp-content\/uploads\/2021\/04\/Gazette30img-e1625204975809.png?resize=704%2C1024&amp;ssl=1 704w, https:\/\/i0.wp.com\/encretplomb.ch\/wp-content\/uploads\/2021\/04\/Gazette30img-e1625204975809.png?resize=206%2C300&amp;ssl=1 206w, https:\/\/i0.wp.com\/encretplomb.ch\/wp-content\/uploads\/2021\/04\/Gazette30img-e1625204975809.png?resize=1056%2C1536&amp;ssl=1 1056w, https:\/\/i0.wp.com\/encretplomb.ch\/wp-content\/uploads\/2021\/04\/Gazette30img-e1625204975809.png?resize=1408%2C2048&amp;ssl=1 1408w, https:\/\/i0.wp.com\/encretplomb.ch\/wp-content\/uploads\/2021\/04\/Gazette30img-e1625204975809.png?resize=1200%2C1745&amp;ssl=1 1200w, https:\/\/i0.wp.com\/encretplomb.ch\/wp-content\/uploads\/2021\/04\/Gazette30img-e1625204975809.png?w=1701&amp;ssl=1 1701w\" sizes=\"auto, (max-width: 580px) 100vw, 580px\" \/><\/figure>\n<\/div>\n\n\n\n<div class=\"wp-block-column is-layout-flow wp-block-column-is-layout-flow\" style=\"--col-width:66.66%;flex-basis:66.66%\">\n<p><a href=\"https:\/\/encretplomb.ch\/wp-content\/uploads\/2026\/03\/Gazette_40.pdf\">Avril 2026<\/a><br><a href=\"https:\/\/encretplomb.ch\/wp-content\/uploads\/2025\/10\/Gazette-39-pour-site.pdf\">Octobre 25<\/a><br><a href=\"https:\/\/encretplomb.ch\/wp-content\/uploads\/2025\/04\/Gazette_38.pdf\">Avril 2025<\/a><br><a href=\"https:\/\/encretplomb.ch\/wp-content\/uploads\/2024\/11\/Gazette-37-pour-site.pdf\">Octobre 2024<\/a><br><a href=\"https:\/\/encretplomb.ch\/wp-content\/uploads\/2024\/04\/Gazette-36.pdf\">Avril 2024<\/a><br><a href=\"https:\/\/encretplomb.ch\/wp-content\/uploads\/2023\/11\/gazette-35-8-pages.pdf\" target=\"_blank\" rel=\"noreferrer noopener\">Octobre 2023<\/a><br><a href=\"https:\/\/encretplomb.ch\/wp-content\/uploads\/2023\/05\/Gazette-Avril-23.pdf\" target=\"_blank\" rel=\"noreferrer noopener\">Avril 2023<\/a><br><a href=\"https:\/\/encretplomb.ch\/wp-content\/uploads\/2022\/10\/Gazette-33-A4.pdf\" target=\"_blank\" rel=\"noreferrer noopener\">Octobre 2022<\/a><br><a href=\"https:\/\/encretplomb.ch\/wp-content\/uploads\/2022\/03\/Gazette-32-A4.pdf\" target=\"_blank\" rel=\"noreferrer noopener\">Mars 2022<\/a><br><\/p>\n<\/div>\n<\/div>\n\n\n<\/div>\n\n\n\n<div class=\"wp-block-column is-vertically-aligned-top is-layout-flow wp-block-column-is-layout-flow\">\n<h2 class=\"wp-block-heading\">Les films<\/h2>\n\n\n\n<p>D\u00e9couvrez les quatre m\u00e9tiers pr\u00e9sent\u00e9s dans notre Atelier-Mus\u00e9e. Nos quatre documentaires r\u00e9sument de mani\u00e8re succincte chaque profession. Pour en savoir plus, une visite \u00e0 Encre &amp; Plomb s\u2019impose&nbsp;!<br><br><a href=\"https:\/\/encretplomb.ch\/index.php\/linotype\/\">La composition chaude<\/a><br><a href=\"https:\/\/encretplomb.ch\/index.php\/compositeur-typographe\/\">La composition manuelle<\/a><br><a href=\"https:\/\/encretplomb.ch\/index.php\/limpression-typographique\/\">L&rsquo;impression<\/a><br><a href=\"https:\/\/encretplomb.ch\/index.php\/la-reliure-artisanale\/\">La reliure artisanale<\/a><br><br><br>                   <\/p>\n\n\n\n<figure class=\"wp-block-image size-full is-resized\"><a href=\"https:\/\/encretplomb.ch\"><img data-recalc-dims=\"1\" loading=\"lazy\" decoding=\"async\" width=\"45\" height=\"45\" data-attachment-id=\"6164\" data-permalink=\"https:\/\/encretplomb.ch\/index.php\/publicationsaep\/image\/\" data-orig-file=\"https:\/\/i0.wp.com\/encretplomb.ch\/wp-content\/uploads\/2024\/11\/image.png?fit=45%2C45&amp;ssl=1\" data-orig-size=\"45,45\" data-comments-opened=\"0\" data-image-meta=\"{&quot;aperture&quot;:&quot;0&quot;,&quot;credit&quot;:&quot;&quot;,&quot;camera&quot;:&quot;&quot;,&quot;caption&quot;:&quot;&quot;,&quot;created_timestamp&quot;:&quot;0&quot;,&quot;copyright&quot;:&quot;&quot;,&quot;focal_length&quot;:&quot;0&quot;,&quot;iso&quot;:&quot;0&quot;,&quot;shutter_speed&quot;:&quot;0&quot;,&quot;title&quot;:&quot;&quot;,&quot;orientation&quot;:&quot;0&quot;}\" data-image-title=\"image\" data-image-description=\"\" data-image-caption=\"\" data-large-file=\"https:\/\/i0.wp.com\/encretplomb.ch\/wp-content\/uploads\/2024\/11\/image.png?fit=45%2C45&amp;ssl=1\" src=\"https:\/\/i0.wp.com\/encretplomb.ch\/wp-content\/uploads\/2024\/11\/image.png?resize=45%2C45&#038;ssl=1\" alt=\"\" class=\"wp-image-6164\" style=\"width:45px;height:auto\"\/><\/a><\/figure>\n\n\n\n\n\n\n\n\n\n<p><a href=\"https:\/\/encretplomb.ch\/\"><br \/><br \/><\/a><\/p>\n<\/div>\n\n\n\n<div class=\"wp-block-column is-vertically-aligned-top is-layout-flow wp-block-column-is-layout-flow\">\n<h2 class=\"wp-block-heading\">Des publications<\/h2>\n\n\n\n<p>Un livre, Typographes et imprimeurs en suisse romande <a href=\"https:\/\/encretplomb.ch\/index.php\/typographes-une-histoire\/\">(en vente)<\/a><br>La plaquette Encre &amp; Plomb<br>Un prospectus<br><a href=\"https:\/\/encretplomb.ch\/index.php\/autres\/\">et bien d&rsquo;autres<\/a><\/p>\n<\/div>\n<\/div>\n","protected":false},"excerpt":{"rendered":"<p>Publications de l&rsquo;Atelier-Mus\u00e9e Encre &amp; Plomb La Gazette Refl\u00e8te la vie de l&rsquo;Atelier-Mus\u00e9e et para\u00eet au minimum deux fois l&rsquo;an. Elle est adress\u00e9e aux membres, donateurs et sympathisants dans sa version papier. Vous pouvez acc\u00e9der aux derniers num\u00e9ros ci-dessous. Avril 2026Octobre 25Avril 2025Octobre 2024Avril 2024Octobre 2023Avril 2023Octobre 2022Mars 2022 Les films D\u00e9couvrez les quatre m\u00e9tiers&hellip;<\/p>\n","protected":false},"author":7,"featured_media":0,"parent":0,"menu_order":0,"comment_status":"closed","ping_status":"closed","template":"templates\/template-full-width.php","meta":{"footnotes":""},"class_list":["post-4740","page","type-page","status-publish","hentry"],"yoast_head":"<!-- This site is optimized with the Yoast SEO plugin v27.3 - https:\/\/yoast.com\/product\/yoast-seo-wordpress\/ -->\n<title>Publications - Atelier-Mus\u00e9e Encre &amp; Plomb<\/title>\n<meta name=\"robots\" content=\"index, follow, max-snippet:-1, max-image-preview:large, max-video-preview:-1\" \/>\n<link rel=\"canonical\" href=\"https:\/\/encretplomb.ch\/index.php\/publicationsaep\/\" \/>\n<meta property=\"og:locale\" content=\"fr_FR\" \/>\n<meta property=\"og:type\" content=\"article\" \/>\n<meta property=\"og:title\" content=\"Publications - Atelier-Mus\u00e9e Encre &amp; Plomb\" \/>\n<meta property=\"og:description\" content=\"Publications de l&rsquo;Atelier-Mus\u00e9e Encre &amp; Plomb La Gazette Refl\u00e8te la vie de l&rsquo;Atelier-Mus\u00e9e et para\u00eet au minimum deux fois l&rsquo;an. Elle est adress\u00e9e aux membres, donateurs et sympathisants dans sa version papier. Vous pouvez acc\u00e9der aux derniers num\u00e9ros ci-dessous. Avril 2026Octobre 25Avril 2025Octobre 2024Avril 2024Octobre 2023Avril 2023Octobre 2022Mars 2022 Les films D\u00e9couvrez les quatre m\u00e9tiers&hellip;\" \/>\n<meta property=\"og:url\" content=\"https:\/\/encretplomb.ch\/index.php\/publicationsaep\/\" \/>\n<meta property=\"og:site_name\" content=\"Atelier-Mus\u00e9e Encre &amp; Plomb\" \/>\n<meta property=\"article:modified_time\" content=\"2026-03-18T10:45:35+00:00\" \/>\n<meta property=\"og:image\" content=\"https:\/\/encretplomb.ch\/wp-content\/uploads\/2021\/04\/Gazette30img-e1625204975809-704x1024.png\" \/>\n<meta name=\"twitter:card\" content=\"summary_large_image\" \/>\n<meta name=\"twitter:label1\" content=\"Dur\u00e9e de lecture estim\u00e9e\" \/>\n\t<meta name=\"twitter:data1\" content=\"1 minute\" \/>\n<script type=\"application\/ld+json\" class=\"yoast-schema-graph\">{\"@context\":\"https:\\\/\\\/schema.org\",\"@graph\":[{\"@type\":\"WebPage\",\"@id\":\"https:\\\/\\\/encretplomb.ch\\\/index.php\\\/publicationsaep\\\/\",\"url\":\"https:\\\/\\\/encretplomb.ch\\\/index.php\\\/publicationsaep\\\/\",\"name\":\"Publications - Atelier-Mus\u00e9e Encre &amp; Plomb\",\"isPartOf\":{\"@id\":\"https:\\\/\\\/encretplomb.ch\\\/#website\"},\"primaryImageOfPage\":{\"@id\":\"https:\\\/\\\/encretplomb.ch\\\/index.php\\\/publicationsaep\\\/#primaryimage\"},\"image\":{\"@id\":\"https:\\\/\\\/encretplomb.ch\\\/index.php\\\/publicationsaep\\\/#primaryimage\"},\"thumbnailUrl\":\"https:\\\/\\\/encretplomb.ch\\\/wp-content\\\/uploads\\\/2021\\\/04\\\/Gazette30img-e1625204975809-704x1024.png\",\"datePublished\":\"2021-07-02T05:26:56+00:00\",\"dateModified\":\"2026-03-18T10:45:35+00:00\",\"breadcrumb\":{\"@id\":\"https:\\\/\\\/encretplomb.ch\\\/index.php\\\/publicationsaep\\\/#breadcrumb\"},\"inLanguage\":\"fr-FR\",\"potentialAction\":[{\"@type\":\"ReadAction\",\"target\":[\"https:\\\/\\\/encretplomb.ch\\\/index.php\\\/publicationsaep\\\/\"]}]},{\"@type\":\"ImageObject\",\"inLanguage\":\"fr-FR\",\"@id\":\"https:\\\/\\\/encretplomb.ch\\\/index.php\\\/publicationsaep\\\/#primaryimage\",\"url\":\"https:\\\/\\\/i0.wp.com\\\/encretplomb.ch\\\/wp-content\\\/uploads\\\/2021\\\/04\\\/Gazette30img-e1625204975809.png?fit=1701%2C2474&ssl=1\",\"contentUrl\":\"https:\\\/\\\/i0.wp.com\\\/encretplomb.ch\\\/wp-content\\\/uploads\\\/2021\\\/04\\\/Gazette30img-e1625204975809.png?fit=1701%2C2474&ssl=1\",\"width\":1701,\"height\":2474},{\"@type\":\"BreadcrumbList\",\"@id\":\"https:\\\/\\\/encretplomb.ch\\\/index.php\\\/publicationsaep\\\/#breadcrumb\",\"itemListElement\":[{\"@type\":\"ListItem\",\"position\":1,\"name\":\"Accueil\",\"item\":\"https:\\\/\\\/encretplomb.ch\\\/\"},{\"@type\":\"ListItem\",\"position\":2,\"name\":\"Publications\"}]},{\"@type\":\"WebSite\",\"@id\":\"https:\\\/\\\/encretplomb.ch\\\/#website\",\"url\":\"https:\\\/\\\/encretplomb.ch\\\/\",\"name\":\"Atelier-Mus\u00e9e Encre &amp; Plomb\",\"description\":\"Mus\u00e9e vivant de la typographie\",\"publisher\":{\"@id\":\"https:\\\/\\\/encretplomb.ch\\\/#organization\"},\"potentialAction\":[{\"@type\":\"SearchAction\",\"target\":{\"@type\":\"EntryPoint\",\"urlTemplate\":\"https:\\\/\\\/encretplomb.ch\\\/?s={search_term_string}\"},\"query-input\":{\"@type\":\"PropertyValueSpecification\",\"valueRequired\":true,\"valueName\":\"search_term_string\"}}],\"inLanguage\":\"fr-FR\"},{\"@type\":\"Organization\",\"@id\":\"https:\\\/\\\/encretplomb.ch\\\/#organization\",\"name\":\"Atelier Mus\u00e9e de la Typographie\",\"url\":\"https:\\\/\\\/encretplomb.ch\\\/\",\"logo\":{\"@type\":\"ImageObject\",\"inLanguage\":\"fr-FR\",\"@id\":\"https:\\\/\\\/encretplomb.ch\\\/#\\\/schema\\\/logo\\\/image\\\/\",\"url\":\"https:\\\/\\\/i0.wp.com\\\/encretplomb.ch\\\/wp-content\\\/uploads\\\/2021\\\/05\\\/cropped-Logo_AEP-12-1.04.18-Original-.jpg?fit=1591%2C653&ssl=1\",\"contentUrl\":\"https:\\\/\\\/i0.wp.com\\\/encretplomb.ch\\\/wp-content\\\/uploads\\\/2021\\\/05\\\/cropped-Logo_AEP-12-1.04.18-Original-.jpg?fit=1591%2C653&ssl=1\",\"width\":1591,\"height\":653,\"caption\":\"Atelier Mus\u00e9e de la Typographie\"},\"image\":{\"@id\":\"https:\\\/\\\/encretplomb.ch\\\/#\\\/schema\\\/logo\\\/image\\\/\"}}]}<\/script>\n<!-- \/ Yoast SEO plugin. -->","yoast_head_json":{"title":"Publications - Atelier-Mus\u00e9e Encre &amp; Plomb","robots":{"index":"index","follow":"follow","max-snippet":"max-snippet:-1","max-image-preview":"max-image-preview:large","max-video-preview":"max-video-preview:-1"},"canonical":"https:\/\/encretplomb.ch\/index.php\/publicationsaep\/","og_locale":"fr_FR","og_type":"article","og_title":"Publications - Atelier-Mus\u00e9e Encre &amp; Plomb","og_description":"Publications de l&rsquo;Atelier-Mus\u00e9e Encre &amp; Plomb La Gazette Refl\u00e8te la vie de l&rsquo;Atelier-Mus\u00e9e et para\u00eet au minimum deux fois l&rsquo;an. Elle est adress\u00e9e aux membres, donateurs et sympathisants dans sa version papier. Vous pouvez acc\u00e9der aux derniers num\u00e9ros ci-dessous. Avril 2026Octobre 25Avril 2025Octobre 2024Avril 2024Octobre 2023Avril 2023Octobre 2022Mars 2022 Les films D\u00e9couvrez les quatre m\u00e9tiers&hellip;","og_url":"https:\/\/encretplomb.ch\/index.php\/publicationsaep\/","og_site_name":"Atelier-Mus\u00e9e Encre &amp; Plomb","article_modified_time":"2026-03-18T10:45:35+00:00","og_image":[{"url":"https:\/\/encretplomb.ch\/wp-content\/uploads\/2021\/04\/Gazette30img-e1625204975809-704x1024.png","type":"","width":"","height":""}],"twitter_card":"summary_large_image","twitter_misc":{"Dur\u00e9e de lecture estim\u00e9e":"1 minute"},"schema":{"@context":"https:\/\/schema.org","@graph":[{"@type":"WebPage","@id":"https:\/\/encretplomb.ch\/index.php\/publicationsaep\/","url":"https:\/\/encretplomb.ch\/index.php\/publicationsaep\/","name":"Publications - Atelier-Mus\u00e9e Encre &amp; Plomb","isPartOf":{"@id":"https:\/\/encretplomb.ch\/#website"},"primaryImageOfPage":{"@id":"https:\/\/encretplomb.ch\/index.php\/publicationsaep\/#primaryimage"},"image":{"@id":"https:\/\/encretplomb.ch\/index.php\/publicationsaep\/#primaryimage"},"thumbnailUrl":"https:\/\/encretplomb.ch\/wp-content\/uploads\/2021\/04\/Gazette30img-e1625204975809-704x1024.png","datePublished":"2021-07-02T05:26:56+00:00","dateModified":"2026-03-18T10:45:35+00:00","breadcrumb":{"@id":"https:\/\/encretplomb.ch\/index.php\/publicationsaep\/#breadcrumb"},"inLanguage":"fr-FR","potentialAction":[{"@type":"ReadAction","target":["https:\/\/encretplomb.ch\/index.php\/publicationsaep\/"]}]},{"@type":"ImageObject","inLanguage":"fr-FR","@id":"https:\/\/encretplomb.ch\/index.php\/publicationsaep\/#primaryimage","url":"https:\/\/i0.wp.com\/encretplomb.ch\/wp-content\/uploads\/2021\/04\/Gazette30img-e1625204975809.png?fit=1701%2C2474&ssl=1","contentUrl":"https:\/\/i0.wp.com\/encretplomb.ch\/wp-content\/uploads\/2021\/04\/Gazette30img-e1625204975809.png?fit=1701%2C2474&ssl=1","width":1701,"height":2474},{"@type":"BreadcrumbList","@id":"https:\/\/encretplomb.ch\/index.php\/publicationsaep\/#breadcrumb","itemListElement":[{"@type":"ListItem","position":1,"name":"Accueil","item":"https:\/\/encretplomb.ch\/"},{"@type":"ListItem","position":2,"name":"Publications"}]},{"@type":"WebSite","@id":"https:\/\/encretplomb.ch\/#website","url":"https:\/\/encretplomb.ch\/","name":"Atelier-Mus\u00e9e Encre &amp; Plomb","description":"Mus\u00e9e vivant de la typographie","publisher":{"@id":"https:\/\/encretplomb.ch\/#organization"},"potentialAction":[{"@type":"SearchAction","target":{"@type":"EntryPoint","urlTemplate":"https:\/\/encretplomb.ch\/?s={search_term_string}"},"query-input":{"@type":"PropertyValueSpecification","valueRequired":true,"valueName":"search_term_string"}}],"inLanguage":"fr-FR"},{"@type":"Organization","@id":"https:\/\/encretplomb.ch\/#organization","name":"Atelier Mus\u00e9e de la Typographie","url":"https:\/\/encretplomb.ch\/","logo":{"@type":"ImageObject","inLanguage":"fr-FR","@id":"https:\/\/encretplomb.ch\/#\/schema\/logo\/image\/","url":"https:\/\/i0.wp.com\/encretplomb.ch\/wp-content\/uploads\/2021\/05\/cropped-Logo_AEP-12-1.04.18-Original-.jpg?fit=1591%2C653&ssl=1","contentUrl":"https:\/\/i0.wp.com\/encretplomb.ch\/wp-content\/uploads\/2021\/05\/cropped-Logo_AEP-12-1.04.18-Original-.jpg?fit=1591%2C653&ssl=1","width":1591,"height":653,"caption":"Atelier Mus\u00e9e de la Typographie"},"image":{"@id":"https:\/\/encretplomb.ch\/#\/schema\/logo\/image\/"}}]}},"jetpack_sharing_enabled":true,"_links":{"self":[{"href":"https:\/\/encretplomb.ch\/index.php\/wp-json\/wp\/v2\/pages\/4740","targetHints":{"allow":["GET"]}}],"collection":[{"href":"https:\/\/encretplomb.ch\/index.php\/wp-json\/wp\/v2\/pages"}],"about":[{"href":"https:\/\/encretplomb.ch\/index.php\/wp-json\/wp\/v2\/types\/page"}],"author":[{"embeddable":true,"href":"https:\/\/encretplomb.ch\/index.php\/wp-json\/wp\/v2\/users\/7"}],"replies":[{"embeddable":true,"href":"https:\/\/encretplomb.ch\/index.php\/wp-json\/wp\/v2\/comments?post=4740"}],"version-history":[{"count":108,"href":"https:\/\/encretplomb.ch\/index.php\/wp-json\/wp\/v2\/pages\/4740\/revisions"}],"predecessor-version":[{"id":6301,"href":"https:\/\/encretplomb.ch\/index.php\/wp-json\/wp\/v2\/pages\/4740\/revisions\/6301"}],"wp:attachment":[{"href":"https:\/\/encretplomb.ch\/index.php\/wp-json\/wp\/v2\/media?parent=4740"}],"curies":[{"name":"wp","href":"https:\/\/api.w.org\/{rel}","templated":true}]}}