{"id":5052,"date":"2021-09-14T13:11:59","date_gmt":"2021-09-14T11:11:59","guid":{"rendered":"https:\/\/encretplomb.ch\/?page_id=5052"},"modified":"2023-05-17T09:38:55","modified_gmt":"2023-05-17T07:38:55","slug":"la-reliure-artisanale","status":"publish","type":"page","link":"https:\/\/encretplomb.ch\/index.php\/la-reliure-artisanale\/","title":{"rendered":"Film La reliure artisanale"},"content":{"rendered":"\n<h2 class=\"wp-block-heading\">La reliure artisanale<\/h2>\n\n\n\n<div>\n<p><span style=\"font-size: revert;\">Le film, consacr\u00e9 \u00e0 la \u00ab <\/span>Reliure Artisanale<span style=\"font-size: revert;\"> \u00bb, tourn\u00e9 avec le ma\u00eetre relieur Jean-Pierre Walther documente ce m\u00e9tier. Le relieur et le r\u00e9alisateur, Alain Wenker, ont choisi de mettre en images la fabrication d\u2019un livre d\u2019art luxueux. De la prise en mains des feuilles par l\u2019artisan jusqu\u2019\u00e0 la confection de l\u2019\u00e9tui, toutes les op\u00e9rations sont d\u00e9montr\u00e9es avec pr\u00e9cision et des explications d\u00e9taill\u00e9es.<\/span><\/p>\n<\/div>\n<div>\n<p>Disponible sur le site de l\u2019Atelier-Mus\u00e9e Encre &amp; Plomb, ce film permettra aussi de pr\u00e9senter la reliure artisanale lorsque les Compagnons se rendront sur des manifestations extra-muros et lorsque des visiteurs manifesteront un int\u00e9r\u00eat particulier pour ce m\u00e9tier passionnant.<\/p>\n<p><a href=\"https:\/\/films.encretplomb.ch\/La-reliure1.mp4\" target=\"_blank\" rel=\"noopener\">Voir le film &gt;<\/a><\/p>\n<\/div>\n\n\n\n<figure class=\"wp-block-image size-large is-resized\"><img data-recalc-dims=\"1\" loading=\"lazy\" decoding=\"async\" data-attachment-id=\"4288\" data-permalink=\"https:\/\/encretplomb.ch\/reliure-couture-pg\/\" data-orig-file=\"https:\/\/i0.wp.com\/encretplomb.ch\/wp-content\/uploads\/2021\/06\/reliure-couture-PG-scaled.jpeg?fit=2560%2C1920&amp;ssl=1\" data-orig-size=\"2560,1920\" data-comments-opened=\"0\" data-image-meta=\"{&quot;aperture&quot;:&quot;3.2&quot;,&quot;credit&quot;:&quot;&quot;,&quot;camera&quot;:&quot;Canon DIGITAL IXUS 970 IS&quot;,&quot;caption&quot;:&quot;&quot;,&quot;created_timestamp&quot;:&quot;1315580937&quot;,&quot;copyright&quot;:&quot;&quot;,&quot;focal_length&quot;:&quot;6.6&quot;,&quot;iso&quot;:&quot;200&quot;,&quot;shutter_speed&quot;:&quot;0.16666666666667&quot;,&quot;title&quot;:&quot;&quot;,&quot;orientation&quot;:&quot;1&quot;}\" data-image-title=\"reliure, couture PG\" data-image-description=\"\" data-image-caption=\"\" data-large-file=\"https:\/\/i0.wp.com\/encretplomb.ch\/wp-content\/uploads\/2021\/06\/reliure-couture-PG-scaled.jpeg?fit=580%2C435&amp;ssl=1\" src=\"https:\/\/i0.wp.com\/encretplomb.ch\/wp-content\/uploads\/2021\/06\/reliure-couture-PG.jpeg?resize=542%2C406&#038;ssl=1\" alt=\"\" class=\"wp-image-4288\" width=\"542\" height=\"406\" srcset=\"https:\/\/i0.wp.com\/encretplomb.ch\/wp-content\/uploads\/2021\/06\/reliure-couture-PG-scaled.jpeg?resize=1024%2C768&amp;ssl=1 1024w, https:\/\/i0.wp.com\/encretplomb.ch\/wp-content\/uploads\/2021\/06\/reliure-couture-PG-scaled.jpeg?resize=300%2C225&amp;ssl=1 300w, https:\/\/i0.wp.com\/encretplomb.ch\/wp-content\/uploads\/2021\/06\/reliure-couture-PG-scaled.jpeg?resize=1536%2C1152&amp;ssl=1 1536w, https:\/\/i0.wp.com\/encretplomb.ch\/wp-content\/uploads\/2021\/06\/reliure-couture-PG-scaled.jpeg?resize=2048%2C1536&amp;ssl=1 2048w, https:\/\/i0.wp.com\/encretplomb.ch\/wp-content\/uploads\/2021\/06\/reliure-couture-PG-scaled.jpeg?resize=1200%2C900&amp;ssl=1 1200w, https:\/\/i0.wp.com\/encretplomb.ch\/wp-content\/uploads\/2021\/06\/reliure-couture-PG-scaled.jpeg?resize=1980%2C1485&amp;ssl=1 1980w, https:\/\/i0.wp.com\/encretplomb.ch\/wp-content\/uploads\/2021\/06\/reliure-couture-PG-scaled.jpeg?w=1740&amp;ssl=1 1740w\" sizes=\"auto, (max-width: 542px) 100vw, 542px\" \/><\/figure>\n\n\n\n<p>Autres vid\u00e9os sur les m\u00e9tiers de la typographie<\/p>\n\n\n\n<ul class=\"wp-block-list\">\n<li><a href=\"https:\/\/encretplomb.ch\/index.php\/linotype\/\">La composition chaude<\/a><\/li>\n\n\n\n<li><a href=\"https:\/\/encretplomb.ch\/index.php\/compositeur-typographe\/\">La composition manuelle<\/a><\/li>\n\n\n\n<li><a href=\"https:\/\/encretplomb.ch\/index.php\/limpression-typographique\/\">L&rsquo;impression<\/a><\/li>\n<\/ul>\n","protected":false},"excerpt":{"rendered":"<p>La reliure artisanale Le film, consacr\u00e9 \u00e0 la \u00ab Reliure Artisanale \u00bb, tourn\u00e9 avec le ma\u00eetre relieur Jean-Pierre Walther documente ce m\u00e9tier. Le relieur et le r\u00e9alisateur, Alain Wenker, ont choisi de mettre en images la fabrication d\u2019un livre d\u2019art luxueux. De la prise en mains des feuilles par l\u2019artisan jusqu\u2019\u00e0 la confection de l\u2019\u00e9tui,&hellip;<\/p>\n","protected":false},"author":7,"featured_media":0,"parent":0,"menu_order":0,"comment_status":"closed","ping_status":"closed","template":"templates\/template-full-width.php","meta":{"footnotes":""},"class_list":["post-5052","page","type-page","status-publish","hentry"],"yoast_head":"<!-- This site is optimized with the Yoast SEO plugin v27.5 - https:\/\/yoast.com\/product\/yoast-seo-wordpress\/ -->\n<title>Film La reliure artisanale - Atelier-Mus\u00e9e Encre &amp; Plomb<\/title>\n<meta name=\"robots\" content=\"index, follow, max-snippet:-1, max-image-preview:large, max-video-preview:-1\" \/>\n<link rel=\"canonical\" href=\"https:\/\/encretplomb.ch\/index.php\/la-reliure-artisanale\/\" \/>\n<meta property=\"og:locale\" content=\"fr_FR\" \/>\n<meta property=\"og:type\" content=\"article\" \/>\n<meta property=\"og:title\" content=\"Film La reliure artisanale - Atelier-Mus\u00e9e Encre &amp; Plomb\" \/>\n<meta property=\"og:description\" content=\"La reliure artisanale Le film, consacr\u00e9 \u00e0 la \u00ab Reliure Artisanale \u00bb, tourn\u00e9 avec le ma\u00eetre relieur Jean-Pierre Walther documente ce m\u00e9tier. Le relieur et le r\u00e9alisateur, Alain Wenker, ont choisi de mettre en images la fabrication d\u2019un livre d\u2019art luxueux. De la prise en mains des feuilles par l\u2019artisan jusqu\u2019\u00e0 la confection de l\u2019\u00e9tui,&hellip;\" \/>\n<meta property=\"og:url\" content=\"https:\/\/encretplomb.ch\/index.php\/la-reliure-artisanale\/\" \/>\n<meta property=\"og:site_name\" content=\"Atelier-Mus\u00e9e Encre &amp; Plomb\" \/>\n<meta property=\"article:modified_time\" content=\"2023-05-17T07:38:55+00:00\" \/>\n<meta property=\"og:image\" content=\"https:\/\/encretplomb.ch\/wp-content\/uploads\/2021\/06\/reliure-couture-PG-1024x768.jpeg\" \/>\n<meta name=\"twitter:card\" content=\"summary_large_image\" \/>\n<meta name=\"twitter:label1\" content=\"Dur\u00e9e de lecture estim\u00e9e\" \/>\n\t<meta name=\"twitter:data1\" content=\"1 minute\" \/>\n<script type=\"application\/ld+json\" class=\"yoast-schema-graph\">{\"@context\":\"https:\\\/\\\/schema.org\",\"@graph\":[{\"@type\":\"WebPage\",\"@id\":\"https:\\\/\\\/encretplomb.ch\\\/index.php\\\/la-reliure-artisanale\\\/\",\"url\":\"https:\\\/\\\/encretplomb.ch\\\/index.php\\\/la-reliure-artisanale\\\/\",\"name\":\"Film La reliure artisanale - Atelier-Mus\u00e9e Encre &amp; Plomb\",\"isPartOf\":{\"@id\":\"https:\\\/\\\/encretplomb.ch\\\/#website\"},\"primaryImageOfPage\":{\"@id\":\"https:\\\/\\\/encretplomb.ch\\\/index.php\\\/la-reliure-artisanale\\\/#primaryimage\"},\"image\":{\"@id\":\"https:\\\/\\\/encretplomb.ch\\\/index.php\\\/la-reliure-artisanale\\\/#primaryimage\"},\"thumbnailUrl\":\"https:\\\/\\\/encretplomb.ch\\\/wp-content\\\/uploads\\\/2021\\\/06\\\/reliure-couture-PG-1024x768.jpeg\",\"datePublished\":\"2021-09-14T11:11:59+00:00\",\"dateModified\":\"2023-05-17T07:38:55+00:00\",\"breadcrumb\":{\"@id\":\"https:\\\/\\\/encretplomb.ch\\\/index.php\\\/la-reliure-artisanale\\\/#breadcrumb\"},\"inLanguage\":\"fr-FR\",\"potentialAction\":[{\"@type\":\"ReadAction\",\"target\":[\"https:\\\/\\\/encretplomb.ch\\\/index.php\\\/la-reliure-artisanale\\\/\"]}]},{\"@type\":\"ImageObject\",\"inLanguage\":\"fr-FR\",\"@id\":\"https:\\\/\\\/encretplomb.ch\\\/index.php\\\/la-reliure-artisanale\\\/#primaryimage\",\"url\":\"https:\\\/\\\/encretplomb.ch\\\/wp-content\\\/uploads\\\/2021\\\/06\\\/reliure-couture-PG-1024x768.jpeg\",\"contentUrl\":\"https:\\\/\\\/encretplomb.ch\\\/wp-content\\\/uploads\\\/2021\\\/06\\\/reliure-couture-PG-1024x768.jpeg\"},{\"@type\":\"BreadcrumbList\",\"@id\":\"https:\\\/\\\/encretplomb.ch\\\/index.php\\\/la-reliure-artisanale\\\/#breadcrumb\",\"itemListElement\":[{\"@type\":\"ListItem\",\"position\":1,\"name\":\"Accueil\",\"item\":\"https:\\\/\\\/encretplomb.ch\\\/\"},{\"@type\":\"ListItem\",\"position\":2,\"name\":\"Film La reliure artisanale\"}]},{\"@type\":\"WebSite\",\"@id\":\"https:\\\/\\\/encretplomb.ch\\\/#website\",\"url\":\"https:\\\/\\\/encretplomb.ch\\\/\",\"name\":\"Atelier-Mus\u00e9e Encre &amp; Plomb\",\"description\":\"Mus\u00e9e vivant de la typographie\",\"publisher\":{\"@id\":\"https:\\\/\\\/encretplomb.ch\\\/#organization\"},\"potentialAction\":[{\"@type\":\"SearchAction\",\"target\":{\"@type\":\"EntryPoint\",\"urlTemplate\":\"https:\\\/\\\/encretplomb.ch\\\/?s={search_term_string}\"},\"query-input\":{\"@type\":\"PropertyValueSpecification\",\"valueRequired\":true,\"valueName\":\"search_term_string\"}}],\"inLanguage\":\"fr-FR\"},{\"@type\":\"Organization\",\"@id\":\"https:\\\/\\\/encretplomb.ch\\\/#organization\",\"name\":\"Atelier Mus\u00e9e de la Typographie\",\"url\":\"https:\\\/\\\/encretplomb.ch\\\/\",\"logo\":{\"@type\":\"ImageObject\",\"inLanguage\":\"fr-FR\",\"@id\":\"https:\\\/\\\/encretplomb.ch\\\/#\\\/schema\\\/logo\\\/image\\\/\",\"url\":\"https:\\\/\\\/i0.wp.com\\\/encretplomb.ch\\\/wp-content\\\/uploads\\\/2021\\\/05\\\/cropped-Logo_AEP-12-1.04.18-Original-.jpg?fit=1591%2C653&ssl=1\",\"contentUrl\":\"https:\\\/\\\/i0.wp.com\\\/encretplomb.ch\\\/wp-content\\\/uploads\\\/2021\\\/05\\\/cropped-Logo_AEP-12-1.04.18-Original-.jpg?fit=1591%2C653&ssl=1\",\"width\":1591,\"height\":653,\"caption\":\"Atelier Mus\u00e9e de la Typographie\"},\"image\":{\"@id\":\"https:\\\/\\\/encretplomb.ch\\\/#\\\/schema\\\/logo\\\/image\\\/\"}}]}<\/script>\n<!-- \/ Yoast SEO plugin. -->","yoast_head_json":{"title":"Film La reliure artisanale - Atelier-Mus\u00e9e Encre &amp; Plomb","robots":{"index":"index","follow":"follow","max-snippet":"max-snippet:-1","max-image-preview":"max-image-preview:large","max-video-preview":"max-video-preview:-1"},"canonical":"https:\/\/encretplomb.ch\/index.php\/la-reliure-artisanale\/","og_locale":"fr_FR","og_type":"article","og_title":"Film La reliure artisanale - Atelier-Mus\u00e9e Encre &amp; Plomb","og_description":"La reliure artisanale Le film, consacr\u00e9 \u00e0 la \u00ab Reliure Artisanale \u00bb, tourn\u00e9 avec le ma\u00eetre relieur Jean-Pierre Walther documente ce m\u00e9tier. Le relieur et le r\u00e9alisateur, Alain Wenker, ont choisi de mettre en images la fabrication d\u2019un livre d\u2019art luxueux. De la prise en mains des feuilles par l\u2019artisan jusqu\u2019\u00e0 la confection de l\u2019\u00e9tui,&hellip;","og_url":"https:\/\/encretplomb.ch\/index.php\/la-reliure-artisanale\/","og_site_name":"Atelier-Mus\u00e9e Encre &amp; Plomb","article_modified_time":"2023-05-17T07:38:55+00:00","og_image":[{"url":"https:\/\/encretplomb.ch\/wp-content\/uploads\/2021\/06\/reliure-couture-PG-1024x768.jpeg","type":"","width":"","height":""}],"twitter_card":"summary_large_image","twitter_misc":{"Dur\u00e9e de lecture estim\u00e9e":"1 minute"},"schema":{"@context":"https:\/\/schema.org","@graph":[{"@type":"WebPage","@id":"https:\/\/encretplomb.ch\/index.php\/la-reliure-artisanale\/","url":"https:\/\/encretplomb.ch\/index.php\/la-reliure-artisanale\/","name":"Film La reliure artisanale - Atelier-Mus\u00e9e Encre &amp; Plomb","isPartOf":{"@id":"https:\/\/encretplomb.ch\/#website"},"primaryImageOfPage":{"@id":"https:\/\/encretplomb.ch\/index.php\/la-reliure-artisanale\/#primaryimage"},"image":{"@id":"https:\/\/encretplomb.ch\/index.php\/la-reliure-artisanale\/#primaryimage"},"thumbnailUrl":"https:\/\/encretplomb.ch\/wp-content\/uploads\/2021\/06\/reliure-couture-PG-1024x768.jpeg","datePublished":"2021-09-14T11:11:59+00:00","dateModified":"2023-05-17T07:38:55+00:00","breadcrumb":{"@id":"https:\/\/encretplomb.ch\/index.php\/la-reliure-artisanale\/#breadcrumb"},"inLanguage":"fr-FR","potentialAction":[{"@type":"ReadAction","target":["https:\/\/encretplomb.ch\/index.php\/la-reliure-artisanale\/"]}]},{"@type":"ImageObject","inLanguage":"fr-FR","@id":"https:\/\/encretplomb.ch\/index.php\/la-reliure-artisanale\/#primaryimage","url":"https:\/\/encretplomb.ch\/wp-content\/uploads\/2021\/06\/reliure-couture-PG-1024x768.jpeg","contentUrl":"https:\/\/encretplomb.ch\/wp-content\/uploads\/2021\/06\/reliure-couture-PG-1024x768.jpeg"},{"@type":"BreadcrumbList","@id":"https:\/\/encretplomb.ch\/index.php\/la-reliure-artisanale\/#breadcrumb","itemListElement":[{"@type":"ListItem","position":1,"name":"Accueil","item":"https:\/\/encretplomb.ch\/"},{"@type":"ListItem","position":2,"name":"Film La reliure artisanale"}]},{"@type":"WebSite","@id":"https:\/\/encretplomb.ch\/#website","url":"https:\/\/encretplomb.ch\/","name":"Atelier-Mus\u00e9e Encre &amp; Plomb","description":"Mus\u00e9e vivant de la typographie","publisher":{"@id":"https:\/\/encretplomb.ch\/#organization"},"potentialAction":[{"@type":"SearchAction","target":{"@type":"EntryPoint","urlTemplate":"https:\/\/encretplomb.ch\/?s={search_term_string}"},"query-input":{"@type":"PropertyValueSpecification","valueRequired":true,"valueName":"search_term_string"}}],"inLanguage":"fr-FR"},{"@type":"Organization","@id":"https:\/\/encretplomb.ch\/#organization","name":"Atelier Mus\u00e9e de la Typographie","url":"https:\/\/encretplomb.ch\/","logo":{"@type":"ImageObject","inLanguage":"fr-FR","@id":"https:\/\/encretplomb.ch\/#\/schema\/logo\/image\/","url":"https:\/\/i0.wp.com\/encretplomb.ch\/wp-content\/uploads\/2021\/05\/cropped-Logo_AEP-12-1.04.18-Original-.jpg?fit=1591%2C653&ssl=1","contentUrl":"https:\/\/i0.wp.com\/encretplomb.ch\/wp-content\/uploads\/2021\/05\/cropped-Logo_AEP-12-1.04.18-Original-.jpg?fit=1591%2C653&ssl=1","width":1591,"height":653,"caption":"Atelier Mus\u00e9e de la Typographie"},"image":{"@id":"https:\/\/encretplomb.ch\/#\/schema\/logo\/image\/"}}]}},"jetpack_sharing_enabled":true,"_links":{"self":[{"href":"https:\/\/encretplomb.ch\/index.php\/wp-json\/wp\/v2\/pages\/5052","targetHints":{"allow":["GET"]}}],"collection":[{"href":"https:\/\/encretplomb.ch\/index.php\/wp-json\/wp\/v2\/pages"}],"about":[{"href":"https:\/\/encretplomb.ch\/index.php\/wp-json\/wp\/v2\/types\/page"}],"author":[{"embeddable":true,"href":"https:\/\/encretplomb.ch\/index.php\/wp-json\/wp\/v2\/users\/7"}],"replies":[{"embeddable":true,"href":"https:\/\/encretplomb.ch\/index.php\/wp-json\/wp\/v2\/comments?post=5052"}],"version-history":[{"count":23,"href":"https:\/\/encretplomb.ch\/index.php\/wp-json\/wp\/v2\/pages\/5052\/revisions"}],"predecessor-version":[{"id":6240,"href":"https:\/\/encretplomb.ch\/index.php\/wp-json\/wp\/v2\/pages\/5052\/revisions\/6240"}],"wp:attachment":[{"href":"https:\/\/encretplomb.ch\/index.php\/wp-json\/wp\/v2\/media?parent=5052"}],"curies":[{"name":"wp","href":"https:\/\/api.w.org\/{rel}","templated":true}]}}