{"id":5239,"date":"2022-04-07T11:57:33","date_gmt":"2022-04-07T09:57:33","guid":{"rendered":"https:\/\/encretplomb.ch\/?p=5239"},"modified":"2023-05-15T12:11:35","modified_gmt":"2023-05-15T10:11:35","slug":"compositeur-typographe","status":"publish","type":"page","link":"https:\/\/encretplomb.ch\/index.php\/compositeur-typographe\/","title":{"rendered":"Film compositeur-typographe"},"content":{"rendered":"\n\n\n<h2 class=\"wp-block-heading\">Le compositeur-typographe<\/h2>\n\n\n\n<div>\n<p>Philippe Voruz, Compagnon compositeur-typographe, vous pr\u00e9sente son m\u00e9tier dans le d\u00e9tail. Le choix du caract\u00e8re et la description de la casse, le mat\u00e9riel utilis\u00e9 et les diff\u00e9rentes \u00e9tapes de r\u00e9alisation d\u2019un texte, de la mise en page, de l\u2019\u00e9preuvage, de la correction jusqu\u2019\u00e0 l\u2019\u00e9preuve finale. Toutes ces \u00e9tapes ont \u00e9t\u00e9 mises en images par le r\u00e9alisateur Alain Wenker, elles permettent de mieux comprendre le m\u00e9tier tr\u00e8s exigeant du compositeur\u00a0!<\/p>\n<\/div>\n<p><a href=\"https:\/\/films.encretplomb.ch\/Le-compositeur-typographe1.mp4\" target=\"_blank\" rel=\"noopener\">Voir le film<\/a> &gt;<\/p>\n\n\n\n<div class=\"wp-block-columns is-layout-flex wp-container-core-columns-is-layout-d0b3c9c8 wp-block-columns-is-layout-flex\">\n<div class=\"wp-block-column is-layout-flow wp-block-column-is-layout-flow\">\n<figure class=\"wp-block-image size-large\"><img data-recalc-dims=\"1\" loading=\"lazy\" decoding=\"async\" width=\"580\" height=\"327\" data-attachment-id=\"5238\" data-permalink=\"https:\/\/encretplomb.ch\/dsc00159\/\" data-orig-file=\"https:\/\/i0.wp.com\/encretplomb.ch\/wp-content\/uploads\/2022\/04\/DSC00159-1-scaled.jpg?fit=2560%2C1442&amp;ssl=1\" data-orig-size=\"2560,1442\" data-comments-opened=\"0\" data-image-meta=\"{&quot;aperture&quot;:&quot;3.5&quot;,&quot;credit&quot;:&quot;&quot;,&quot;camera&quot;:&quot;DSC-HX300&quot;,&quot;caption&quot;:&quot;&quot;,&quot;created_timestamp&quot;:&quot;1649273691&quot;,&quot;copyright&quot;:&quot;&quot;,&quot;focal_length&quot;:&quot;11.86&quot;,&quot;iso&quot;:&quot;320&quot;,&quot;shutter_speed&quot;:&quot;0.0125&quot;,&quot;title&quot;:&quot;&quot;,&quot;orientation&quot;:&quot;1&quot;}\" data-image-title=\"DSC00159\" data-image-description=\"\" data-image-caption=\"\" data-large-file=\"https:\/\/i0.wp.com\/encretplomb.ch\/wp-content\/uploads\/2022\/04\/DSC00159-1-scaled.jpg?fit=580%2C327&amp;ssl=1\" src=\"https:\/\/i0.wp.com\/encretplomb.ch\/wp-content\/uploads\/2022\/04\/DSC00159-1.jpg?resize=580%2C327&#038;ssl=1\" alt=\"\" class=\"wp-image-5238\" srcset=\"https:\/\/i0.wp.com\/encretplomb.ch\/wp-content\/uploads\/2022\/04\/DSC00159-1-scaled.jpg?resize=1024%2C577&amp;ssl=1 1024w, https:\/\/i0.wp.com\/encretplomb.ch\/wp-content\/uploads\/2022\/04\/DSC00159-1-scaled.jpg?resize=300%2C169&amp;ssl=1 300w, https:\/\/i0.wp.com\/encretplomb.ch\/wp-content\/uploads\/2022\/04\/DSC00159-1-scaled.jpg?resize=1536%2C865&amp;ssl=1 1536w, https:\/\/i0.wp.com\/encretplomb.ch\/wp-content\/uploads\/2022\/04\/DSC00159-1-scaled.jpg?resize=2048%2C1154&amp;ssl=1 2048w, https:\/\/i0.wp.com\/encretplomb.ch\/wp-content\/uploads\/2022\/04\/DSC00159-1-scaled.jpg?resize=1200%2C676&amp;ssl=1 1200w, https:\/\/i0.wp.com\/encretplomb.ch\/wp-content\/uploads\/2022\/04\/DSC00159-1-scaled.jpg?resize=1980%2C1115&amp;ssl=1 1980w, https:\/\/i0.wp.com\/encretplomb.ch\/wp-content\/uploads\/2022\/04\/DSC00159-1-scaled.jpg?w=1740&amp;ssl=1 1740w\" sizes=\"auto, (max-width: 580px) 100vw, 580px\" \/><\/figure>\n<\/div>\n\n\n\n<div class=\"wp-block-column is-layout-flow wp-block-column-is-layout-flow\">\n<figure class=\"wp-block-image size-large\"><img data-recalc-dims=\"1\" loading=\"lazy\" decoding=\"async\" width=\"580\" height=\"327\" data-attachment-id=\"5237\" data-permalink=\"https:\/\/encretplomb.ch\/dsc00160\/\" data-orig-file=\"https:\/\/i0.wp.com\/encretplomb.ch\/wp-content\/uploads\/2022\/04\/DSC00160-1-scaled.jpg?fit=2560%2C1442&amp;ssl=1\" data-orig-size=\"2560,1442\" data-comments-opened=\"0\" data-image-meta=\"{&quot;aperture&quot;:&quot;3.5&quot;,&quot;credit&quot;:&quot;&quot;,&quot;camera&quot;:&quot;DSC-HX300&quot;,&quot;caption&quot;:&quot;&quot;,&quot;created_timestamp&quot;:&quot;1649273760&quot;,&quot;copyright&quot;:&quot;&quot;,&quot;focal_length&quot;:&quot;8.83&quot;,&quot;iso&quot;:&quot;200&quot;,&quot;shutter_speed&quot;:&quot;0.02&quot;,&quot;title&quot;:&quot;&quot;,&quot;orientation&quot;:&quot;1&quot;}\" data-image-title=\"DSC00160\" data-image-description=\"\" data-image-caption=\"\" data-large-file=\"https:\/\/i0.wp.com\/encretplomb.ch\/wp-content\/uploads\/2022\/04\/DSC00160-1-scaled.jpg?fit=580%2C327&amp;ssl=1\" src=\"https:\/\/i0.wp.com\/encretplomb.ch\/wp-content\/uploads\/2022\/04\/DSC00160-1.jpg?resize=580%2C327&#038;ssl=1\" alt=\"\" class=\"wp-image-5237\" srcset=\"https:\/\/i0.wp.com\/encretplomb.ch\/wp-content\/uploads\/2022\/04\/DSC00160-1-scaled.jpg?resize=1024%2C577&amp;ssl=1 1024w, https:\/\/i0.wp.com\/encretplomb.ch\/wp-content\/uploads\/2022\/04\/DSC00160-1-scaled.jpg?resize=300%2C169&amp;ssl=1 300w, https:\/\/i0.wp.com\/encretplomb.ch\/wp-content\/uploads\/2022\/04\/DSC00160-1-scaled.jpg?resize=1536%2C865&amp;ssl=1 1536w, https:\/\/i0.wp.com\/encretplomb.ch\/wp-content\/uploads\/2022\/04\/DSC00160-1-scaled.jpg?resize=2048%2C1154&amp;ssl=1 2048w, https:\/\/i0.wp.com\/encretplomb.ch\/wp-content\/uploads\/2022\/04\/DSC00160-1-scaled.jpg?resize=1200%2C676&amp;ssl=1 1200w, https:\/\/i0.wp.com\/encretplomb.ch\/wp-content\/uploads\/2022\/04\/DSC00160-1-scaled.jpg?resize=1980%2C1115&amp;ssl=1 1980w, https:\/\/i0.wp.com\/encretplomb.ch\/wp-content\/uploads\/2022\/04\/DSC00160-1-scaled.jpg?w=1740&amp;ssl=1 1740w\" sizes=\"auto, (max-width: 580px) 100vw, 580px\" \/><\/figure>\n<\/div>\n<\/div>\n\n\n\n<div class=\"wp-block-columns is-layout-flex wp-container-core-columns-is-layout-d0b3c9c8 wp-block-columns-is-layout-flex\">\n<div class=\"wp-block-column is-layout-flow wp-block-column-is-layout-flow\" style=\"--col-width:100%;flex-basis:100%\">\n<p>Autres vid\u00e9os sur les m\u00e9tiers de la typographie<\/p>\n\n\n\n<ul class=\"wp-block-list\">\n<li><a href=\"https:\/\/encretplomb.ch\/index.php\/limpression-typographique\/\">L&rsquo;impression typographique<\/a><\/li>\n\n\n\n<li><a href=\"https:\/\/encretplomb.ch\/index.php\/linotype\/\">La composition chaude<\/a><\/li>\n\n\n\n<li><a href=\"https:\/\/encretplomb.ch\/index.php\/la-reliure-artisanale\/\">La reliure artisanale<\/a><\/li>\n<\/ul>\n<\/div>\n<\/div>\n\n\n\n<figure class=\"wp-block-image size-full\"><a href=\"https:\/\/encretplomb.ch\"><img data-recalc-dims=\"1\" loading=\"lazy\" decoding=\"async\" width=\"30\" height=\"30\" data-attachment-id=\"4315\" data-permalink=\"https:\/\/encretplomb.ch\/93634\/\" data-orig-file=\"https:\/\/i0.wp.com\/encretplomb.ch\/wp-content\/uploads\/2021\/06\/93634-e1622902593923.png?fit=30%2C30&amp;ssl=1\" data-orig-size=\"30,30\" data-comments-opened=\"0\" data-image-meta=\"{&quot;aperture&quot;:&quot;0&quot;,&quot;credit&quot;:&quot;&quot;,&quot;camera&quot;:&quot;&quot;,&quot;caption&quot;:&quot;&quot;,&quot;created_timestamp&quot;:&quot;0&quot;,&quot;copyright&quot;:&quot;&quot;,&quot;focal_length&quot;:&quot;0&quot;,&quot;iso&quot;:&quot;0&quot;,&quot;shutter_speed&quot;:&quot;0&quot;,&quot;title&quot;:&quot;&quot;,&quot;orientation&quot;:&quot;0&quot;}\" data-image-title=\"93634\" data-image-description=\"\" data-image-caption=\"\" data-large-file=\"https:\/\/i0.wp.com\/encretplomb.ch\/wp-content\/uploads\/2021\/06\/93634-e1622902593923.png?fit=30%2C30&amp;ssl=1\" src=\"https:\/\/i0.wp.com\/encretplomb.ch\/wp-content\/uploads\/2021\/06\/93634-e1622902593923.png?resize=30%2C30&#038;ssl=1\" alt=\"\" class=\"wp-image-4315\"\/><\/a><\/figure>\n","protected":false},"excerpt":{"rendered":"<p>Le compositeur-typographe Philippe Voruz, Compagnon compositeur-typographe, vous pr\u00e9sente son m\u00e9tier dans le d\u00e9tail. Le choix du caract\u00e8re et la description de la casse, le mat\u00e9riel utilis\u00e9 et les diff\u00e9rentes \u00e9tapes de r\u00e9alisation d\u2019un texte, de la mise en page, de l\u2019\u00e9preuvage, de la correction jusqu\u2019\u00e0 l\u2019\u00e9preuve finale. Toutes ces \u00e9tapes ont \u00e9t\u00e9 mises en images&hellip;<\/p>\n","protected":false},"author":7,"featured_media":0,"parent":0,"menu_order":13,"comment_status":"closed","ping_status":"closed","template":"templates\/template-full-width.php","meta":{"footnotes":""},"class_list":["post-5239","page","type-page","status-publish","hentry"],"yoast_head":"<!-- This site is optimized with the Yoast SEO plugin v27.5 - https:\/\/yoast.com\/product\/yoast-seo-wordpress\/ -->\n<title>Film compositeur-typographe - Atelier-Mus\u00e9e Encre &amp; Plomb<\/title>\n<meta name=\"robots\" content=\"index, follow, max-snippet:-1, max-image-preview:large, max-video-preview:-1\" \/>\n<link rel=\"canonical\" href=\"https:\/\/encretplomb.ch\/index.php\/compositeur-typographe\/\" \/>\n<meta property=\"og:locale\" content=\"fr_FR\" \/>\n<meta property=\"og:type\" content=\"article\" \/>\n<meta property=\"og:title\" content=\"Film compositeur-typographe - Atelier-Mus\u00e9e Encre &amp; Plomb\" \/>\n<meta property=\"og:description\" content=\"Le compositeur-typographe Philippe Voruz, Compagnon compositeur-typographe, vous pr\u00e9sente son m\u00e9tier dans le d\u00e9tail. Le choix du caract\u00e8re et la description de la casse, le mat\u00e9riel utilis\u00e9 et les diff\u00e9rentes \u00e9tapes de r\u00e9alisation d\u2019un texte, de la mise en page, de l\u2019\u00e9preuvage, de la correction jusqu\u2019\u00e0 l\u2019\u00e9preuve finale. Toutes ces \u00e9tapes ont \u00e9t\u00e9 mises en images&hellip;\" \/>\n<meta property=\"og:url\" content=\"https:\/\/encretplomb.ch\/index.php\/compositeur-typographe\/\" \/>\n<meta property=\"og:site_name\" content=\"Atelier-Mus\u00e9e Encre &amp; Plomb\" \/>\n<meta property=\"article:modified_time\" content=\"2023-05-15T10:11:35+00:00\" \/>\n<meta property=\"og:image\" content=\"https:\/\/encretplomb.ch\/wp-content\/uploads\/2022\/04\/DSC00159-1-1024x577.jpg\" \/>\n<meta name=\"twitter:card\" content=\"summary_large_image\" \/>\n<meta name=\"twitter:label1\" content=\"Dur\u00e9e de lecture estim\u00e9e\" \/>\n\t<meta name=\"twitter:data1\" content=\"2 minutes\" \/>\n<script type=\"application\/ld+json\" class=\"yoast-schema-graph\">{\"@context\":\"https:\\\/\\\/schema.org\",\"@graph\":[{\"@type\":\"WebPage\",\"@id\":\"https:\\\/\\\/encretplomb.ch\\\/index.php\\\/compositeur-typographe\\\/\",\"url\":\"https:\\\/\\\/encretplomb.ch\\\/index.php\\\/compositeur-typographe\\\/\",\"name\":\"Film compositeur-typographe - Atelier-Mus\u00e9e Encre &amp; Plomb\",\"isPartOf\":{\"@id\":\"https:\\\/\\\/encretplomb.ch\\\/#website\"},\"primaryImageOfPage\":{\"@id\":\"https:\\\/\\\/encretplomb.ch\\\/index.php\\\/compositeur-typographe\\\/#primaryimage\"},\"image\":{\"@id\":\"https:\\\/\\\/encretplomb.ch\\\/index.php\\\/compositeur-typographe\\\/#primaryimage\"},\"thumbnailUrl\":\"https:\\\/\\\/encretplomb.ch\\\/wp-content\\\/uploads\\\/2022\\\/04\\\/DSC00159-1-1024x577.jpg\",\"datePublished\":\"2022-04-07T09:57:33+00:00\",\"dateModified\":\"2023-05-15T10:11:35+00:00\",\"breadcrumb\":{\"@id\":\"https:\\\/\\\/encretplomb.ch\\\/index.php\\\/compositeur-typographe\\\/#breadcrumb\"},\"inLanguage\":\"fr-FR\",\"potentialAction\":[{\"@type\":\"ReadAction\",\"target\":[\"https:\\\/\\\/encretplomb.ch\\\/index.php\\\/compositeur-typographe\\\/\"]}]},{\"@type\":\"ImageObject\",\"inLanguage\":\"fr-FR\",\"@id\":\"https:\\\/\\\/encretplomb.ch\\\/index.php\\\/compositeur-typographe\\\/#primaryimage\",\"url\":\"https:\\\/\\\/i0.wp.com\\\/encretplomb.ch\\\/wp-content\\\/uploads\\\/2022\\\/04\\\/DSC00159-1-scaled.jpg?fit=2560%2C1442&ssl=1\",\"contentUrl\":\"https:\\\/\\\/i0.wp.com\\\/encretplomb.ch\\\/wp-content\\\/uploads\\\/2022\\\/04\\\/DSC00159-1-scaled.jpg?fit=2560%2C1442&ssl=1\",\"width\":2560,\"height\":1442},{\"@type\":\"BreadcrumbList\",\"@id\":\"https:\\\/\\\/encretplomb.ch\\\/index.php\\\/compositeur-typographe\\\/#breadcrumb\",\"itemListElement\":[{\"@type\":\"ListItem\",\"position\":1,\"name\":\"Accueil\",\"item\":\"https:\\\/\\\/encretplomb.ch\\\/\"},{\"@type\":\"ListItem\",\"position\":2,\"name\":\"Film compositeur-typographe\"}]},{\"@type\":\"WebSite\",\"@id\":\"https:\\\/\\\/encretplomb.ch\\\/#website\",\"url\":\"https:\\\/\\\/encretplomb.ch\\\/\",\"name\":\"Atelier-Mus\u00e9e Encre &amp; Plomb\",\"description\":\"Mus\u00e9e vivant de la typographie\",\"publisher\":{\"@id\":\"https:\\\/\\\/encretplomb.ch\\\/#organization\"},\"potentialAction\":[{\"@type\":\"SearchAction\",\"target\":{\"@type\":\"EntryPoint\",\"urlTemplate\":\"https:\\\/\\\/encretplomb.ch\\\/?s={search_term_string}\"},\"query-input\":{\"@type\":\"PropertyValueSpecification\",\"valueRequired\":true,\"valueName\":\"search_term_string\"}}],\"inLanguage\":\"fr-FR\"},{\"@type\":\"Organization\",\"@id\":\"https:\\\/\\\/encretplomb.ch\\\/#organization\",\"name\":\"Atelier Mus\u00e9e de la Typographie\",\"url\":\"https:\\\/\\\/encretplomb.ch\\\/\",\"logo\":{\"@type\":\"ImageObject\",\"inLanguage\":\"fr-FR\",\"@id\":\"https:\\\/\\\/encretplomb.ch\\\/#\\\/schema\\\/logo\\\/image\\\/\",\"url\":\"https:\\\/\\\/i0.wp.com\\\/encretplomb.ch\\\/wp-content\\\/uploads\\\/2021\\\/05\\\/cropped-Logo_AEP-12-1.04.18-Original-.jpg?fit=1591%2C653&ssl=1\",\"contentUrl\":\"https:\\\/\\\/i0.wp.com\\\/encretplomb.ch\\\/wp-content\\\/uploads\\\/2021\\\/05\\\/cropped-Logo_AEP-12-1.04.18-Original-.jpg?fit=1591%2C653&ssl=1\",\"width\":1591,\"height\":653,\"caption\":\"Atelier Mus\u00e9e de la Typographie\"},\"image\":{\"@id\":\"https:\\\/\\\/encretplomb.ch\\\/#\\\/schema\\\/logo\\\/image\\\/\"}}]}<\/script>\n<!-- \/ Yoast SEO plugin. -->","yoast_head_json":{"title":"Film compositeur-typographe - Atelier-Mus\u00e9e Encre &amp; Plomb","robots":{"index":"index","follow":"follow","max-snippet":"max-snippet:-1","max-image-preview":"max-image-preview:large","max-video-preview":"max-video-preview:-1"},"canonical":"https:\/\/encretplomb.ch\/index.php\/compositeur-typographe\/","og_locale":"fr_FR","og_type":"article","og_title":"Film compositeur-typographe - Atelier-Mus\u00e9e Encre &amp; Plomb","og_description":"Le compositeur-typographe Philippe Voruz, Compagnon compositeur-typographe, vous pr\u00e9sente son m\u00e9tier dans le d\u00e9tail. Le choix du caract\u00e8re et la description de la casse, le mat\u00e9riel utilis\u00e9 et les diff\u00e9rentes \u00e9tapes de r\u00e9alisation d\u2019un texte, de la mise en page, de l\u2019\u00e9preuvage, de la correction jusqu\u2019\u00e0 l\u2019\u00e9preuve finale. Toutes ces \u00e9tapes ont \u00e9t\u00e9 mises en images&hellip;","og_url":"https:\/\/encretplomb.ch\/index.php\/compositeur-typographe\/","og_site_name":"Atelier-Mus\u00e9e Encre &amp; Plomb","article_modified_time":"2023-05-15T10:11:35+00:00","og_image":[{"url":"https:\/\/encretplomb.ch\/wp-content\/uploads\/2022\/04\/DSC00159-1-1024x577.jpg","type":"","width":"","height":""}],"twitter_card":"summary_large_image","twitter_misc":{"Dur\u00e9e de lecture estim\u00e9e":"2 minutes"},"schema":{"@context":"https:\/\/schema.org","@graph":[{"@type":"WebPage","@id":"https:\/\/encretplomb.ch\/index.php\/compositeur-typographe\/","url":"https:\/\/encretplomb.ch\/index.php\/compositeur-typographe\/","name":"Film compositeur-typographe - Atelier-Mus\u00e9e Encre &amp; Plomb","isPartOf":{"@id":"https:\/\/encretplomb.ch\/#website"},"primaryImageOfPage":{"@id":"https:\/\/encretplomb.ch\/index.php\/compositeur-typographe\/#primaryimage"},"image":{"@id":"https:\/\/encretplomb.ch\/index.php\/compositeur-typographe\/#primaryimage"},"thumbnailUrl":"https:\/\/encretplomb.ch\/wp-content\/uploads\/2022\/04\/DSC00159-1-1024x577.jpg","datePublished":"2022-04-07T09:57:33+00:00","dateModified":"2023-05-15T10:11:35+00:00","breadcrumb":{"@id":"https:\/\/encretplomb.ch\/index.php\/compositeur-typographe\/#breadcrumb"},"inLanguage":"fr-FR","potentialAction":[{"@type":"ReadAction","target":["https:\/\/encretplomb.ch\/index.php\/compositeur-typographe\/"]}]},{"@type":"ImageObject","inLanguage":"fr-FR","@id":"https:\/\/encretplomb.ch\/index.php\/compositeur-typographe\/#primaryimage","url":"https:\/\/i0.wp.com\/encretplomb.ch\/wp-content\/uploads\/2022\/04\/DSC00159-1-scaled.jpg?fit=2560%2C1442&ssl=1","contentUrl":"https:\/\/i0.wp.com\/encretplomb.ch\/wp-content\/uploads\/2022\/04\/DSC00159-1-scaled.jpg?fit=2560%2C1442&ssl=1","width":2560,"height":1442},{"@type":"BreadcrumbList","@id":"https:\/\/encretplomb.ch\/index.php\/compositeur-typographe\/#breadcrumb","itemListElement":[{"@type":"ListItem","position":1,"name":"Accueil","item":"https:\/\/encretplomb.ch\/"},{"@type":"ListItem","position":2,"name":"Film compositeur-typographe"}]},{"@type":"WebSite","@id":"https:\/\/encretplomb.ch\/#website","url":"https:\/\/encretplomb.ch\/","name":"Atelier-Mus\u00e9e Encre &amp; Plomb","description":"Mus\u00e9e vivant de la typographie","publisher":{"@id":"https:\/\/encretplomb.ch\/#organization"},"potentialAction":[{"@type":"SearchAction","target":{"@type":"EntryPoint","urlTemplate":"https:\/\/encretplomb.ch\/?s={search_term_string}"},"query-input":{"@type":"PropertyValueSpecification","valueRequired":true,"valueName":"search_term_string"}}],"inLanguage":"fr-FR"},{"@type":"Organization","@id":"https:\/\/encretplomb.ch\/#organization","name":"Atelier Mus\u00e9e de la Typographie","url":"https:\/\/encretplomb.ch\/","logo":{"@type":"ImageObject","inLanguage":"fr-FR","@id":"https:\/\/encretplomb.ch\/#\/schema\/logo\/image\/","url":"https:\/\/i0.wp.com\/encretplomb.ch\/wp-content\/uploads\/2021\/05\/cropped-Logo_AEP-12-1.04.18-Original-.jpg?fit=1591%2C653&ssl=1","contentUrl":"https:\/\/i0.wp.com\/encretplomb.ch\/wp-content\/uploads\/2021\/05\/cropped-Logo_AEP-12-1.04.18-Original-.jpg?fit=1591%2C653&ssl=1","width":1591,"height":653,"caption":"Atelier Mus\u00e9e de la Typographie"},"image":{"@id":"https:\/\/encretplomb.ch\/#\/schema\/logo\/image\/"}}]}},"jetpack_sharing_enabled":true,"_links":{"self":[{"href":"https:\/\/encretplomb.ch\/index.php\/wp-json\/wp\/v2\/pages\/5239","targetHints":{"allow":["GET"]}}],"collection":[{"href":"https:\/\/encretplomb.ch\/index.php\/wp-json\/wp\/v2\/pages"}],"about":[{"href":"https:\/\/encretplomb.ch\/index.php\/wp-json\/wp\/v2\/types\/page"}],"author":[{"embeddable":true,"href":"https:\/\/encretplomb.ch\/index.php\/wp-json\/wp\/v2\/users\/7"}],"replies":[{"embeddable":true,"href":"https:\/\/encretplomb.ch\/index.php\/wp-json\/wp\/v2\/comments?post=5239"}],"version-history":[{"count":27,"href":"https:\/\/encretplomb.ch\/index.php\/wp-json\/wp\/v2\/pages\/5239\/revisions"}],"predecessor-version":[{"id":5773,"href":"https:\/\/encretplomb.ch\/index.php\/wp-json\/wp\/v2\/pages\/5239\/revisions\/5773"}],"wp:attachment":[{"href":"https:\/\/encretplomb.ch\/index.php\/wp-json\/wp\/v2\/media?parent=5239"}],"curies":[{"name":"wp","href":"https:\/\/api.w.org\/{rel}","templated":true}]}}