{"id":5271,"date":"2022-03-21T14:34:53","date_gmt":"2022-03-21T13:34:53","guid":{"rendered":"https:\/\/encretplomb.ch\/?p=5271"},"modified":"2022-08-07T11:09:50","modified_gmt":"2022-08-07T09:09:50","slug":"assemblee-generale-2022","status":"publish","type":"page","link":"https:\/\/encretplomb.ch\/index.php\/assemblee-generale-2022\/","title":{"rendered":"Assembl\u00e9e g\u00e9n\u00e9rale 2022"},"content":{"rendered":"\n<h2 class=\"wp-block-heading\">Assembl\u00e9e g\u00e9n\u00e9rale 2022<\/h2>\n\n\n\n<p>L\u2019assembl\u00e9e g\u00e9n\u00e9rale de l\u2019Association d\u2019Encre et de Plomb s\u2019est tenue&nbsp;le lundi 4 avril 2022 \u00e0 l\u2019Atelier-Mus\u00e9e, <br>\u00e0 Chavannes-pr\u00e8s-Renens.<\/p>\n\n\n\n<p>L\u2019assembl\u00e9e s\u2019est d\u00e9roul\u00e9e normalement et les membres pr\u00e9sents ont adopt\u00e9 les diff\u00e9rents rapports, les comptes 2021 ainsi que le budget pour l\u2019ann\u00e9e en cours.<\/p>\n\n\n\n<p>Un compte-rendu plus d\u00e9taill\u00e9 para\u00eetra dans la prochaine Gazette.<\/p>\n\n\n\n<p>L\u2019information principale donn\u00e9e par le pr\u00e9sident Jean-Pierre Villard concerne le Mus\u00e9e Gutenberg, \u00e0 Fribourg. Ce dernier va fermer prochainement et une partie du mat\u00e9riel typographique va partir en Suisse allemande du c\u00f4t\u00e9 de Soleure.<\/p>\n\n\n\n<p>Un article sur l\u2019AEP va para\u00eetre dans le prochain bulletin de Patrimoine suisse, section vaudoise. <br>Une occasion de nouer des contacts \u00e9largis dans le domaine du patrimoine industriel.<\/p>\n\n\n\n<p>Derni\u00e8re information: notre Journ\u00e9e Portes ouvertes se tiendra le samedi 19 novembre 2022. <br>L\u2019artiste invit\u00e9e est Madame Ga\u00ebl Garrocq, linograveuse.<\/p>\n\n\n\n<div class=\"wp-block-columns is-layout-flex wp-container-core-columns-is-layout-d0b3c9c8 wp-block-columns-is-layout-flex\">\n<div class=\"wp-block-column is-layout-flow wp-block-column-is-layout-flow\">\n<figure class=\"wp-block-image size-large\"><img data-recalc-dims=\"1\" loading=\"lazy\" decoding=\"async\" width=\"580\" height=\"364\" data-attachment-id=\"5264\" data-permalink=\"https:\/\/encretplomb.ch\/capture-decran-2022-04-18-a-18-26-15\/\" data-orig-file=\"https:\/\/i0.wp.com\/encretplomb.ch\/wp-content\/uploads\/2022\/04\/Capture-decran-2022-04-18-a-18.26.15.png?fit=3834%2C2408&amp;ssl=1\" data-orig-size=\"3834,2408\" data-comments-opened=\"0\" data-image-meta=\"{&quot;aperture&quot;:&quot;0&quot;,&quot;credit&quot;:&quot;&quot;,&quot;camera&quot;:&quot;&quot;,&quot;caption&quot;:&quot;&quot;,&quot;created_timestamp&quot;:&quot;0&quot;,&quot;copyright&quot;:&quot;&quot;,&quot;focal_length&quot;:&quot;0&quot;,&quot;iso&quot;:&quot;0&quot;,&quot;shutter_speed&quot;:&quot;0&quot;,&quot;title&quot;:&quot;&quot;,&quot;orientation&quot;:&quot;0&quot;}\" data-image-title=\"Capture d\u2019\u00e9cran 2022-04-18 \u00e0 18.26.15\" data-image-description=\"\" data-image-caption=\"\" data-medium-file=\"https:\/\/i0.wp.com\/encretplomb.ch\/wp-content\/uploads\/2022\/04\/Capture-decran-2022-04-18-a-18.26.15.png?fit=300%2C188&amp;ssl=1\" data-large-file=\"https:\/\/i0.wp.com\/encretplomb.ch\/wp-content\/uploads\/2022\/04\/Capture-decran-2022-04-18-a-18.26.15.png?fit=580%2C364&amp;ssl=1\" src=\"https:\/\/i0.wp.com\/encretplomb.ch\/wp-content\/uploads\/2022\/04\/Capture-decran-2022-04-18-a-18.26.15.png?resize=580%2C364&#038;ssl=1\" alt=\"\" class=\"wp-image-5264\" srcset=\"https:\/\/i0.wp.com\/encretplomb.ch\/wp-content\/uploads\/2022\/04\/Capture-decran-2022-04-18-a-18.26.15.png?resize=1024%2C643&amp;ssl=1 1024w, https:\/\/i0.wp.com\/encretplomb.ch\/wp-content\/uploads\/2022\/04\/Capture-decran-2022-04-18-a-18.26.15.png?resize=300%2C188&amp;ssl=1 300w, https:\/\/i0.wp.com\/encretplomb.ch\/wp-content\/uploads\/2022\/04\/Capture-decran-2022-04-18-a-18.26.15.png?resize=1536%2C965&amp;ssl=1 1536w, https:\/\/i0.wp.com\/encretplomb.ch\/wp-content\/uploads\/2022\/04\/Capture-decran-2022-04-18-a-18.26.15.png?resize=2048%2C1286&amp;ssl=1 2048w, https:\/\/i0.wp.com\/encretplomb.ch\/wp-content\/uploads\/2022\/04\/Capture-decran-2022-04-18-a-18.26.15.png?resize=1200%2C754&amp;ssl=1 1200w, https:\/\/i0.wp.com\/encretplomb.ch\/wp-content\/uploads\/2022\/04\/Capture-decran-2022-04-18-a-18.26.15.png?resize=1980%2C1244&amp;ssl=1 1980w, https:\/\/i0.wp.com\/encretplomb.ch\/wp-content\/uploads\/2022\/04\/Capture-decran-2022-04-18-a-18.26.15.png?w=1740&amp;ssl=1 1740w\" sizes=\"auto, (max-width: 580px) 100vw, 580px\" \/><\/figure>\n<\/div>\n\n\n\n<div class=\"wp-block-column is-layout-flow wp-block-column-is-layout-flow\">\n<figure class=\"wp-block-image size-large\"><img data-recalc-dims=\"1\" loading=\"lazy\" decoding=\"async\" width=\"580\" height=\"368\" data-attachment-id=\"5265\" data-permalink=\"https:\/\/encretplomb.ch\/capture-decran-2022-04-18-a-18-25-09\/\" data-orig-file=\"https:\/\/i0.wp.com\/encretplomb.ch\/wp-content\/uploads\/2022\/04\/Capture-decran-2022-04-18-a-18.25.09.png?fit=3846%2C2440&amp;ssl=1\" data-orig-size=\"3846,2440\" data-comments-opened=\"0\" data-image-meta=\"{&quot;aperture&quot;:&quot;0&quot;,&quot;credit&quot;:&quot;&quot;,&quot;camera&quot;:&quot;&quot;,&quot;caption&quot;:&quot;&quot;,&quot;created_timestamp&quot;:&quot;0&quot;,&quot;copyright&quot;:&quot;&quot;,&quot;focal_length&quot;:&quot;0&quot;,&quot;iso&quot;:&quot;0&quot;,&quot;shutter_speed&quot;:&quot;0&quot;,&quot;title&quot;:&quot;&quot;,&quot;orientation&quot;:&quot;0&quot;}\" data-image-title=\"Capture d\u2019\u00e9cran 2022-04-18 \u00e0 18.25.09\" data-image-description=\"\" data-image-caption=\"\" data-medium-file=\"https:\/\/i0.wp.com\/encretplomb.ch\/wp-content\/uploads\/2022\/04\/Capture-decran-2022-04-18-a-18.25.09.png?fit=300%2C190&amp;ssl=1\" data-large-file=\"https:\/\/i0.wp.com\/encretplomb.ch\/wp-content\/uploads\/2022\/04\/Capture-decran-2022-04-18-a-18.25.09.png?fit=580%2C368&amp;ssl=1\" src=\"https:\/\/i0.wp.com\/encretplomb.ch\/wp-content\/uploads\/2022\/04\/Capture-decran-2022-04-18-a-18.25.09.png?resize=580%2C368&#038;ssl=1\" alt=\"\" class=\"wp-image-5265\" srcset=\"https:\/\/i0.wp.com\/encretplomb.ch\/wp-content\/uploads\/2022\/04\/Capture-decran-2022-04-18-a-18.25.09.png?resize=1024%2C650&amp;ssl=1 1024w, https:\/\/i0.wp.com\/encretplomb.ch\/wp-content\/uploads\/2022\/04\/Capture-decran-2022-04-18-a-18.25.09.png?resize=300%2C190&amp;ssl=1 300w, https:\/\/i0.wp.com\/encretplomb.ch\/wp-content\/uploads\/2022\/04\/Capture-decran-2022-04-18-a-18.25.09.png?resize=1536%2C974&amp;ssl=1 1536w, https:\/\/i0.wp.com\/encretplomb.ch\/wp-content\/uploads\/2022\/04\/Capture-decran-2022-04-18-a-18.25.09.png?resize=2048%2C1299&amp;ssl=1 2048w, https:\/\/i0.wp.com\/encretplomb.ch\/wp-content\/uploads\/2022\/04\/Capture-decran-2022-04-18-a-18.25.09.png?resize=1200%2C761&amp;ssl=1 1200w, https:\/\/i0.wp.com\/encretplomb.ch\/wp-content\/uploads\/2022\/04\/Capture-decran-2022-04-18-a-18.25.09.png?resize=1980%2C1256&amp;ssl=1 1980w, https:\/\/i0.wp.com\/encretplomb.ch\/wp-content\/uploads\/2022\/04\/Capture-decran-2022-04-18-a-18.25.09.png?w=1740&amp;ssl=1 1740w\" sizes=\"auto, (max-width: 580px) 100vw, 580px\" \/><\/figure>\n<\/div>\n<\/div>\n\n\n\n<p><\/p>\n\n\n\n<figure class=\"wp-block-image size-full\"><a href=\"https:\/\/encretplomb.ch\"><img data-recalc-dims=\"1\" loading=\"lazy\" decoding=\"async\" width=\"30\" height=\"30\" data-attachment-id=\"4315\" data-permalink=\"https:\/\/encretplomb.ch\/93634\/\" data-orig-file=\"https:\/\/i0.wp.com\/encretplomb.ch\/wp-content\/uploads\/2021\/06\/93634-e1622902593923.png?fit=30%2C30&amp;ssl=1\" data-orig-size=\"30,30\" data-comments-opened=\"0\" data-image-meta=\"{&quot;aperture&quot;:&quot;0&quot;,&quot;credit&quot;:&quot;&quot;,&quot;camera&quot;:&quot;&quot;,&quot;caption&quot;:&quot;&quot;,&quot;created_timestamp&quot;:&quot;0&quot;,&quot;copyright&quot;:&quot;&quot;,&quot;focal_length&quot;:&quot;0&quot;,&quot;iso&quot;:&quot;0&quot;,&quot;shutter_speed&quot;:&quot;0&quot;,&quot;title&quot;:&quot;&quot;,&quot;orientation&quot;:&quot;0&quot;}\" data-image-title=\"93634\" data-image-description=\"\" data-image-caption=\"\" data-medium-file=\"https:\/\/i0.wp.com\/encretplomb.ch\/wp-content\/uploads\/2021\/06\/93634-e1622902593923.png?fit=300%2C300&amp;ssl=1\" data-large-file=\"https:\/\/i0.wp.com\/encretplomb.ch\/wp-content\/uploads\/2021\/06\/93634-e1622902593923.png?fit=30%2C30&amp;ssl=1\" src=\"https:\/\/i0.wp.com\/encretplomb.ch\/wp-content\/uploads\/2021\/06\/93634-e1622902593923.png?resize=30%2C30&#038;ssl=1\" alt=\"\" class=\"wp-image-4315\"\/><\/a><\/figure>\n","protected":false},"excerpt":{"rendered":"<p>Assembl\u00e9e g\u00e9n\u00e9rale 2022 L\u2019assembl\u00e9e g\u00e9n\u00e9rale de l\u2019Association d\u2019Encre et de Plomb s\u2019est tenue&nbsp;le lundi 4 avril 2022 \u00e0 l\u2019Atelier-Mus\u00e9e, \u00e0 Chavannes-pr\u00e8s-Renens. L\u2019assembl\u00e9e s\u2019est d\u00e9roul\u00e9e normalement et les membres pr\u00e9sents ont adopt\u00e9 les diff\u00e9rents rapports, les comptes 2021 ainsi que le budget pour l\u2019ann\u00e9e en cours. Un compte-rendu plus d\u00e9taill\u00e9 para\u00eetra dans la prochaine Gazette. L\u2019information&hellip;<\/p>\n","protected":false},"author":6,"featured_media":0,"parent":0,"menu_order":14,"comment_status":"closed","ping_status":"closed","template":"templates\/template-full-width.php","meta":{"footnotes":""},"class_list":["post-5271","page","type-page","status-publish","hentry"],"yoast_head":"<!-- This site is optimized with the Yoast SEO plugin v27.3 - https:\/\/yoast.com\/product\/yoast-seo-wordpress\/ -->\n<title>Assembl\u00e9e g\u00e9n\u00e9rale 2022 - Atelier-Mus\u00e9e Encre &amp; Plomb<\/title>\n<meta name=\"robots\" content=\"index, follow, max-snippet:-1, max-image-preview:large, max-video-preview:-1\" \/>\n<link rel=\"canonical\" href=\"https:\/\/encretplomb.ch\/index.php\/assemblee-generale-2022\/\" \/>\n<meta property=\"og:locale\" content=\"fr_FR\" \/>\n<meta property=\"og:type\" content=\"article\" \/>\n<meta property=\"og:title\" content=\"Assembl\u00e9e g\u00e9n\u00e9rale 2022 - Atelier-Mus\u00e9e Encre &amp; Plomb\" \/>\n<meta property=\"og:description\" content=\"Assembl\u00e9e g\u00e9n\u00e9rale 2022 L\u2019assembl\u00e9e g\u00e9n\u00e9rale de l\u2019Association d\u2019Encre et de Plomb s\u2019est tenue&nbsp;le lundi 4 avril 2022 \u00e0 l\u2019Atelier-Mus\u00e9e, \u00e0 Chavannes-pr\u00e8s-Renens. L\u2019assembl\u00e9e s\u2019est d\u00e9roul\u00e9e normalement et les membres pr\u00e9sents ont adopt\u00e9 les diff\u00e9rents rapports, les comptes 2021 ainsi que le budget pour l\u2019ann\u00e9e en cours. Un compte-rendu plus d\u00e9taill\u00e9 para\u00eetra dans la prochaine Gazette. L\u2019information&hellip;\" \/>\n<meta property=\"og:url\" content=\"https:\/\/encretplomb.ch\/index.php\/assemblee-generale-2022\/\" \/>\n<meta property=\"og:site_name\" content=\"Atelier-Mus\u00e9e Encre &amp; Plomb\" \/>\n<meta property=\"article:modified_time\" content=\"2022-08-07T09:09:50+00:00\" \/>\n<meta property=\"og:image\" content=\"https:\/\/encretplomb.ch\/wp-content\/uploads\/2022\/04\/Capture-decran-2022-04-18-a-18.26.15-1024x643.png\" \/>\n<meta name=\"twitter:card\" content=\"summary_large_image\" \/>\n<meta name=\"twitter:label1\" content=\"Dur\u00e9e de lecture estim\u00e9e\" \/>\n\t<meta name=\"twitter:data1\" content=\"2 minutes\" \/>\n<script type=\"application\/ld+json\" class=\"yoast-schema-graph\">{\"@context\":\"https:\\\/\\\/schema.org\",\"@graph\":[{\"@type\":\"WebPage\",\"@id\":\"https:\\\/\\\/encretplomb.ch\\\/index.php\\\/assemblee-generale-2022\\\/\",\"url\":\"https:\\\/\\\/encretplomb.ch\\\/index.php\\\/assemblee-generale-2022\\\/\",\"name\":\"Assembl\u00e9e g\u00e9n\u00e9rale 2022 - Atelier-Mus\u00e9e Encre &amp; Plomb\",\"isPartOf\":{\"@id\":\"https:\\\/\\\/encretplomb.ch\\\/#website\"},\"primaryImageOfPage\":{\"@id\":\"https:\\\/\\\/encretplomb.ch\\\/index.php\\\/assemblee-generale-2022\\\/#primaryimage\"},\"image\":{\"@id\":\"https:\\\/\\\/encretplomb.ch\\\/index.php\\\/assemblee-generale-2022\\\/#primaryimage\"},\"thumbnailUrl\":\"https:\\\/\\\/encretplomb.ch\\\/wp-content\\\/uploads\\\/2022\\\/04\\\/Capture-decran-2022-04-18-a-18.26.15-1024x643.png\",\"datePublished\":\"2022-03-21T13:34:53+00:00\",\"dateModified\":\"2022-08-07T09:09:50+00:00\",\"breadcrumb\":{\"@id\":\"https:\\\/\\\/encretplomb.ch\\\/index.php\\\/assemblee-generale-2022\\\/#breadcrumb\"},\"inLanguage\":\"fr-FR\",\"potentialAction\":[{\"@type\":\"ReadAction\",\"target\":[\"https:\\\/\\\/encretplomb.ch\\\/index.php\\\/assemblee-generale-2022\\\/\"]}]},{\"@type\":\"ImageObject\",\"inLanguage\":\"fr-FR\",\"@id\":\"https:\\\/\\\/encretplomb.ch\\\/index.php\\\/assemblee-generale-2022\\\/#primaryimage\",\"url\":\"https:\\\/\\\/i0.wp.com\\\/encretplomb.ch\\\/wp-content\\\/uploads\\\/2022\\\/04\\\/Capture-decran-2022-04-18-a-18.26.15.png?fit=3834%2C2408&ssl=1\",\"contentUrl\":\"https:\\\/\\\/i0.wp.com\\\/encretplomb.ch\\\/wp-content\\\/uploads\\\/2022\\\/04\\\/Capture-decran-2022-04-18-a-18.26.15.png?fit=3834%2C2408&ssl=1\",\"width\":3834,\"height\":2408},{\"@type\":\"BreadcrumbList\",\"@id\":\"https:\\\/\\\/encretplomb.ch\\\/index.php\\\/assemblee-generale-2022\\\/#breadcrumb\",\"itemListElement\":[{\"@type\":\"ListItem\",\"position\":1,\"name\":\"Accueil\",\"item\":\"https:\\\/\\\/encretplomb.ch\\\/\"},{\"@type\":\"ListItem\",\"position\":2,\"name\":\"Assembl\u00e9e g\u00e9n\u00e9rale 2022\"}]},{\"@type\":\"WebSite\",\"@id\":\"https:\\\/\\\/encretplomb.ch\\\/#website\",\"url\":\"https:\\\/\\\/encretplomb.ch\\\/\",\"name\":\"Atelier-Mus\u00e9e Encre &amp; Plomb\",\"description\":\"Mus\u00e9e vivant de la typographie\",\"publisher\":{\"@id\":\"https:\\\/\\\/encretplomb.ch\\\/#organization\"},\"potentialAction\":[{\"@type\":\"SearchAction\",\"target\":{\"@type\":\"EntryPoint\",\"urlTemplate\":\"https:\\\/\\\/encretplomb.ch\\\/?s={search_term_string}\"},\"query-input\":{\"@type\":\"PropertyValueSpecification\",\"valueRequired\":true,\"valueName\":\"search_term_string\"}}],\"inLanguage\":\"fr-FR\"},{\"@type\":\"Organization\",\"@id\":\"https:\\\/\\\/encretplomb.ch\\\/#organization\",\"name\":\"Atelier Mus\u00e9e de la Typographie\",\"url\":\"https:\\\/\\\/encretplomb.ch\\\/\",\"logo\":{\"@type\":\"ImageObject\",\"inLanguage\":\"fr-FR\",\"@id\":\"https:\\\/\\\/encretplomb.ch\\\/#\\\/schema\\\/logo\\\/image\\\/\",\"url\":\"https:\\\/\\\/i0.wp.com\\\/encretplomb.ch\\\/wp-content\\\/uploads\\\/2021\\\/05\\\/cropped-Logo_AEP-12-1.04.18-Original-.jpg?fit=1591%2C653&ssl=1\",\"contentUrl\":\"https:\\\/\\\/i0.wp.com\\\/encretplomb.ch\\\/wp-content\\\/uploads\\\/2021\\\/05\\\/cropped-Logo_AEP-12-1.04.18-Original-.jpg?fit=1591%2C653&ssl=1\",\"width\":1591,\"height\":653,\"caption\":\"Atelier Mus\u00e9e de la Typographie\"},\"image\":{\"@id\":\"https:\\\/\\\/encretplomb.ch\\\/#\\\/schema\\\/logo\\\/image\\\/\"}}]}<\/script>\n<!-- \/ Yoast SEO plugin. -->","yoast_head_json":{"title":"Assembl\u00e9e g\u00e9n\u00e9rale 2022 - Atelier-Mus\u00e9e Encre &amp; Plomb","robots":{"index":"index","follow":"follow","max-snippet":"max-snippet:-1","max-image-preview":"max-image-preview:large","max-video-preview":"max-video-preview:-1"},"canonical":"https:\/\/encretplomb.ch\/index.php\/assemblee-generale-2022\/","og_locale":"fr_FR","og_type":"article","og_title":"Assembl\u00e9e g\u00e9n\u00e9rale 2022 - Atelier-Mus\u00e9e Encre &amp; Plomb","og_description":"Assembl\u00e9e g\u00e9n\u00e9rale 2022 L\u2019assembl\u00e9e g\u00e9n\u00e9rale de l\u2019Association d\u2019Encre et de Plomb s\u2019est tenue&nbsp;le lundi 4 avril 2022 \u00e0 l\u2019Atelier-Mus\u00e9e, \u00e0 Chavannes-pr\u00e8s-Renens. L\u2019assembl\u00e9e s\u2019est d\u00e9roul\u00e9e normalement et les membres pr\u00e9sents ont adopt\u00e9 les diff\u00e9rents rapports, les comptes 2021 ainsi que le budget pour l\u2019ann\u00e9e en cours. Un compte-rendu plus d\u00e9taill\u00e9 para\u00eetra dans la prochaine Gazette. L\u2019information&hellip;","og_url":"https:\/\/encretplomb.ch\/index.php\/assemblee-generale-2022\/","og_site_name":"Atelier-Mus\u00e9e Encre &amp; Plomb","article_modified_time":"2022-08-07T09:09:50+00:00","og_image":[{"url":"https:\/\/encretplomb.ch\/wp-content\/uploads\/2022\/04\/Capture-decran-2022-04-18-a-18.26.15-1024x643.png","type":"","width":"","height":""}],"twitter_card":"summary_large_image","twitter_misc":{"Dur\u00e9e de lecture estim\u00e9e":"2 minutes"},"schema":{"@context":"https:\/\/schema.org","@graph":[{"@type":"WebPage","@id":"https:\/\/encretplomb.ch\/index.php\/assemblee-generale-2022\/","url":"https:\/\/encretplomb.ch\/index.php\/assemblee-generale-2022\/","name":"Assembl\u00e9e g\u00e9n\u00e9rale 2022 - Atelier-Mus\u00e9e Encre &amp; Plomb","isPartOf":{"@id":"https:\/\/encretplomb.ch\/#website"},"primaryImageOfPage":{"@id":"https:\/\/encretplomb.ch\/index.php\/assemblee-generale-2022\/#primaryimage"},"image":{"@id":"https:\/\/encretplomb.ch\/index.php\/assemblee-generale-2022\/#primaryimage"},"thumbnailUrl":"https:\/\/encretplomb.ch\/wp-content\/uploads\/2022\/04\/Capture-decran-2022-04-18-a-18.26.15-1024x643.png","datePublished":"2022-03-21T13:34:53+00:00","dateModified":"2022-08-07T09:09:50+00:00","breadcrumb":{"@id":"https:\/\/encretplomb.ch\/index.php\/assemblee-generale-2022\/#breadcrumb"},"inLanguage":"fr-FR","potentialAction":[{"@type":"ReadAction","target":["https:\/\/encretplomb.ch\/index.php\/assemblee-generale-2022\/"]}]},{"@type":"ImageObject","inLanguage":"fr-FR","@id":"https:\/\/encretplomb.ch\/index.php\/assemblee-generale-2022\/#primaryimage","url":"https:\/\/i0.wp.com\/encretplomb.ch\/wp-content\/uploads\/2022\/04\/Capture-decran-2022-04-18-a-18.26.15.png?fit=3834%2C2408&ssl=1","contentUrl":"https:\/\/i0.wp.com\/encretplomb.ch\/wp-content\/uploads\/2022\/04\/Capture-decran-2022-04-18-a-18.26.15.png?fit=3834%2C2408&ssl=1","width":3834,"height":2408},{"@type":"BreadcrumbList","@id":"https:\/\/encretplomb.ch\/index.php\/assemblee-generale-2022\/#breadcrumb","itemListElement":[{"@type":"ListItem","position":1,"name":"Accueil","item":"https:\/\/encretplomb.ch\/"},{"@type":"ListItem","position":2,"name":"Assembl\u00e9e g\u00e9n\u00e9rale 2022"}]},{"@type":"WebSite","@id":"https:\/\/encretplomb.ch\/#website","url":"https:\/\/encretplomb.ch\/","name":"Atelier-Mus\u00e9e Encre &amp; Plomb","description":"Mus\u00e9e vivant de la typographie","publisher":{"@id":"https:\/\/encretplomb.ch\/#organization"},"potentialAction":[{"@type":"SearchAction","target":{"@type":"EntryPoint","urlTemplate":"https:\/\/encretplomb.ch\/?s={search_term_string}"},"query-input":{"@type":"PropertyValueSpecification","valueRequired":true,"valueName":"search_term_string"}}],"inLanguage":"fr-FR"},{"@type":"Organization","@id":"https:\/\/encretplomb.ch\/#organization","name":"Atelier Mus\u00e9e de la Typographie","url":"https:\/\/encretplomb.ch\/","logo":{"@type":"ImageObject","inLanguage":"fr-FR","@id":"https:\/\/encretplomb.ch\/#\/schema\/logo\/image\/","url":"https:\/\/i0.wp.com\/encretplomb.ch\/wp-content\/uploads\/2021\/05\/cropped-Logo_AEP-12-1.04.18-Original-.jpg?fit=1591%2C653&ssl=1","contentUrl":"https:\/\/i0.wp.com\/encretplomb.ch\/wp-content\/uploads\/2021\/05\/cropped-Logo_AEP-12-1.04.18-Original-.jpg?fit=1591%2C653&ssl=1","width":1591,"height":653,"caption":"Atelier Mus\u00e9e de la Typographie"},"image":{"@id":"https:\/\/encretplomb.ch\/#\/schema\/logo\/image\/"}}]}},"jetpack_sharing_enabled":true,"_links":{"self":[{"href":"https:\/\/encretplomb.ch\/index.php\/wp-json\/wp\/v2\/pages\/5271","targetHints":{"allow":["GET"]}}],"collection":[{"href":"https:\/\/encretplomb.ch\/index.php\/wp-json\/wp\/v2\/pages"}],"about":[{"href":"https:\/\/encretplomb.ch\/index.php\/wp-json\/wp\/v2\/types\/page"}],"author":[{"embeddable":true,"href":"https:\/\/encretplomb.ch\/index.php\/wp-json\/wp\/v2\/users\/6"}],"replies":[{"embeddable":true,"href":"https:\/\/encretplomb.ch\/index.php\/wp-json\/wp\/v2\/comments?post=5271"}],"version-history":[{"count":13,"href":"https:\/\/encretplomb.ch\/index.php\/wp-json\/wp\/v2\/pages\/5271\/revisions"}],"predecessor-version":[{"id":5302,"href":"https:\/\/encretplomb.ch\/index.php\/wp-json\/wp\/v2\/pages\/5271\/revisions\/5302"}],"wp:attachment":[{"href":"https:\/\/encretplomb.ch\/index.php\/wp-json\/wp\/v2\/media?parent=5271"}],"curies":[{"name":"wp","href":"https:\/\/api.w.org\/{rel}","templated":true}]}}