{"id":5894,"date":"2023-12-14T16:24:25","date_gmt":"2023-12-14T15:24:25","guid":{"rendered":"https:\/\/encretplomb.ch\/?page_id=5894"},"modified":"2024-04-30T12:05:02","modified_gmt":"2024-04-30T10:05:02","slug":"portes-ouvertes-2023","status":"publish","type":"page","link":"https:\/\/encretplomb.ch\/index.php\/portes-ouvertes-2023\/","title":{"rendered":"Portes ouvertes 2023"},"content":{"rendered":"\n<h2 class=\"wp-block-heading\"><strong>Plein succ\u00e8s pour la journ\u00e9e Portes ouvertes 2023<\/strong><\/h2>\n\n\n\n<p>Le pr\u00e9sident Jean-Pierre Villard l\u2019explique dans son \u00e9dito de la Gazette, cette ann\u00e9e nous n\u2019\u00e9tions pas les seuls \u00e0 ouvrir nos portes au public.<\/p>\n\n\n\n<p>En effet, sous l\u2019impulsion de la commune, la journ\u00e9e Portes ouvertes a \u00e9t\u00e9 \u00e9tendue \u00e0 tous les artisans, artistes, associations et autres travaillant sur le site de l\u2019ancienne chocolaterie Perrier.<\/p>\n\n\n\n<p>De notre c\u00f4t\u00e9, comme toutes les ann\u00e9es, nous avions un invit\u00e9, toujours dans l\u2019environnement de l\u2019imprimerie. C\u2019est Thomas Mottet, s\u00e9rigraphe d\u2019art, qui a anim\u00e9 la journ\u00e9e en expliquant la technique de la s\u00e9rigraphie. Les visiteurs pouvaient \u00ab&nbsp;racler&nbsp;\u00bb la derni\u00e8re couleur d\u2019une carte cr\u00e9\u00e9 par un artiste.<\/p>\n\n\n\n<p>Ces Portes ouvertes, touchant toute l\u2019ancienne chocolaterie Perrier, ont drain\u00e9 un public plus vari\u00e9 et plus nombreux. Nos coll\u00e8gues d\u00e9montrant les diff\u00e9rents m\u00e9tiers de la typographie ont eu du pain sur la planche. Nous avons vu passer environ 350 personnes, r\u00e9ellement enthousiasm\u00e9es par la d\u00e9couverte de notre atelier-mus\u00e9e.<\/p>\n\n\n\n<p>En 2024, le samedi 16 novembre, nous f\u00eaterons le 25e anniversaire de l\u2019Association Encre &amp; Plomb. Nous allons, d\u00e8s maintenant, jeter les bases pour marquer un quart de si\u00e8cle \u00e0 faire perdurer cette superbe cr\u00e9ation de Gutenberg qu\u2019est la typographie.<\/p>\n\n\n<div class=\"n2-section-smartslider fitvidsignore  n2_clear\" data-ssid=\"17\"><div id=\"n2-ss-17-align\" class=\"n2-ss-align\"><div class=\"n2-padding\"><div id=\"n2-ss-17\" data-creator=\"Smart Slider 3\" data-responsive=\"auto\" class=\"n2-ss-slider n2-ow n2-has-hover n2notransition  \">\n\n\n\n\n\n\n\n\n\n\n\n\n\n<div class=\"n2-ss-slider-wrapper-inside\">\n        <div class=\"n2-ss-slider-1 n2_ss__touch_element n2-ow\">\n            <div class=\"n2-ss-slider-2 n2-ow\">\n                                                    <div class=\"n2-ss-background-animation n2-ow\"><\/div>\n                                <div class=\"n2-ss-slider-3 n2-ow\">\n\n                    <div class=\"n2-ss-slide-backgrounds n2-ow-all\"><div class=\"n2-ss-slide-background\" data-public-id=\"1\" data-mode=\"fill\"><div class=\"n2-ss-slide-background-image\" data-blur=\"0\" data-opacity=\"100\" data-x=\"49\" data-y=\"40\" data-alt=\"\" data-title=\"\" style=\"--ss-o-pos-x:49%;--ss-o-pos-y:40%\"><picture class=\"skip-lazy jetpack-lazy-image\" data-skip-lazy=\"1\"><img decoding=\"async\" src=\"\/\/encretplomb.ch\/wp-content\/uploads\/slider17\/IMG_9468.jpeg\" alt=\"\" title=\"\" loading=\"lazy\" class=\"skip-lazy jetpack-lazy-image\" data-skip-lazy=\"1\"><\/picture><\/div><div data-color=\"RGBA(255,255,255,0)\" style=\"background-color: RGBA(255,255,255,0);\" class=\"n2-ss-slide-background-color\"><\/div><\/div><div class=\"n2-ss-slide-background\" data-public-id=\"2\" data-mode=\"fill\" aria-hidden=\"true\"><div class=\"n2-ss-slide-background-image\" data-blur=\"0\" data-opacity=\"100\" data-x=\"53\" data-y=\"56\" data-alt=\"\" data-title=\"\" style=\"--ss-o-pos-x:53%;--ss-o-pos-y:56%\"><picture class=\"skip-lazy jetpack-lazy-image\" data-skip-lazy=\"1\"><img decoding=\"async\" src=\"\/\/encretplomb.ch\/wp-content\/uploads\/slider17\/IMG_9464.jpeg\" alt=\"\" title=\"\" loading=\"lazy\" class=\"skip-lazy jetpack-lazy-image\" data-skip-lazy=\"1\"><\/picture><\/div><div data-color=\"RGBA(255,255,255,0)\" style=\"background-color: RGBA(255,255,255,0);\" class=\"n2-ss-slide-background-color\"><\/div><\/div><div class=\"n2-ss-slide-background\" data-public-id=\"3\" data-mode=\"fill\" aria-hidden=\"true\"><div class=\"n2-ss-slide-background-image\" data-blur=\"0\" data-opacity=\"100\" data-x=\"53\" data-y=\"21\" data-alt=\"\" data-title=\"\" style=\"--ss-o-pos-x:53%;--ss-o-pos-y:21%\"><picture class=\"skip-lazy jetpack-lazy-image\" data-skip-lazy=\"1\"><img decoding=\"async\" src=\"\/\/encretplomb.ch\/wp-content\/uploads\/slider17\/IMG_9449.jpeg\" alt=\"\" title=\"\" loading=\"lazy\" class=\"skip-lazy jetpack-lazy-image\" data-skip-lazy=\"1\"><\/picture><\/div><div data-color=\"RGBA(255,255,255,0)\" style=\"background-color: RGBA(255,255,255,0);\" class=\"n2-ss-slide-background-color\"><\/div><\/div><div class=\"n2-ss-slide-background\" data-public-id=\"4\" data-mode=\"fill\" aria-hidden=\"true\"><div class=\"n2-ss-slide-background-image\" data-blur=\"0\" data-opacity=\"100\" data-x=\"60\" data-y=\"24\" data-alt=\"\" data-title=\"\" style=\"--ss-o-pos-x:60%;--ss-o-pos-y:24%\"><picture class=\"skip-lazy jetpack-lazy-image\" data-skip-lazy=\"1\"><img decoding=\"async\" src=\"\/\/encretplomb.ch\/wp-content\/uploads\/slider17\/IMG_9450.jpeg\" alt=\"\" title=\"\" loading=\"lazy\" class=\"skip-lazy jetpack-lazy-image\" data-skip-lazy=\"1\"><\/picture><\/div><div data-color=\"RGBA(255,255,255,0)\" style=\"background-color: RGBA(255,255,255,0);\" class=\"n2-ss-slide-background-color\"><\/div><\/div><div class=\"n2-ss-slide-background\" data-public-id=\"5\" data-mode=\"fill\" aria-hidden=\"true\"><div class=\"n2-ss-slide-background-image\" data-blur=\"0\" data-opacity=\"100\" data-x=\"48\" data-y=\"72\" data-alt=\"\" data-title=\"\" style=\"--ss-o-pos-x:48%;--ss-o-pos-y:72%\"><picture class=\"skip-lazy jetpack-lazy-image\" data-skip-lazy=\"1\"><img decoding=\"async\" src=\"\/\/encretplomb.ch\/wp-content\/uploads\/slider17\/IMG_94512.jpeg\" alt=\"\" title=\"\" loading=\"lazy\" class=\"skip-lazy jetpack-lazy-image\" data-skip-lazy=\"1\"><\/picture><\/div><div data-color=\"RGBA(255,255,255,0)\" style=\"background-color: RGBA(255,255,255,0);\" class=\"n2-ss-slide-background-color\"><\/div><\/div><div class=\"n2-ss-slide-background\" data-public-id=\"6\" data-mode=\"fill\" aria-hidden=\"true\"><div class=\"n2-ss-slide-background-image\" data-blur=\"0\" data-opacity=\"100\" data-x=\"51\" data-y=\"17\" data-alt=\"\" data-title=\"\" style=\"--ss-o-pos-x:51%;--ss-o-pos-y:17%\"><picture class=\"skip-lazy jetpack-lazy-image\" data-skip-lazy=\"1\"><img decoding=\"async\" src=\"\/\/encretplomb.ch\/wp-content\/uploads\/slider17\/IMG_9454.jpeg\" alt=\"\" title=\"\" loading=\"lazy\" class=\"skip-lazy jetpack-lazy-image\" data-skip-lazy=\"1\"><\/picture><\/div><div data-color=\"RGBA(255,255,255,0)\" style=\"background-color: RGBA(255,255,255,0);\" class=\"n2-ss-slide-background-color\"><\/div><\/div><div class=\"n2-ss-slide-background\" data-public-id=\"7\" data-mode=\"fill\" aria-hidden=\"true\"><div class=\"n2-ss-slide-background-image\" data-blur=\"0\" data-opacity=\"100\" data-x=\"50\" data-y=\"50\" data-alt=\"\" data-title=\"\"><picture class=\"skip-lazy jetpack-lazy-image\" data-skip-lazy=\"1\"><img decoding=\"async\" src=\"\/\/encretplomb.ch\/wp-content\/uploads\/slider17\/IMG_9467.jpeg\" alt=\"\" title=\"\" loading=\"lazy\" class=\"skip-lazy jetpack-lazy-image\" data-skip-lazy=\"1\"><\/picture><\/div><div data-color=\"RGBA(255,255,255,0)\" style=\"background-color: RGBA(255,255,255,0);\" class=\"n2-ss-slide-background-color\"><\/div><\/div><div class=\"n2-ss-slide-background\" data-public-id=\"8\" data-mode=\"fill\" aria-hidden=\"true\"><div class=\"n2-ss-slide-background-image\" data-blur=\"0\" data-opacity=\"100\" data-x=\"50\" data-y=\"50\" data-alt=\"\" data-title=\"\"><picture class=\"skip-lazy jetpack-lazy-image\" data-skip-lazy=\"1\"><img decoding=\"async\" src=\"\/\/encretplomb.ch\/wp-content\/uploads\/slider17\/IMG_9455.jpeg\" alt=\"\" title=\"\" loading=\"lazy\" class=\"skip-lazy jetpack-lazy-image\" data-skip-lazy=\"1\"><\/picture><\/div><div data-color=\"RGBA(255,255,255,0)\" style=\"background-color: RGBA(255,255,255,0);\" class=\"n2-ss-slide-background-color\"><\/div><\/div><div class=\"n2-ss-slide-background\" data-public-id=\"9\" data-mode=\"fill\" aria-hidden=\"true\"><div class=\"n2-ss-slide-background-image\" data-blur=\"0\" data-opacity=\"100\" data-x=\"49\" data-y=\"49\" data-alt=\"\" data-title=\"\" style=\"--ss-o-pos-x:49%;--ss-o-pos-y:49%\"><picture class=\"skip-lazy jetpack-lazy-image\" data-skip-lazy=\"1\"><img decoding=\"async\" src=\"\/\/encretplomb.ch\/wp-content\/uploads\/slider17\/IMG_9474.jpeg\" alt=\"\" title=\"\" loading=\"lazy\" class=\"skip-lazy jetpack-lazy-image\" data-skip-lazy=\"1\"><\/picture><\/div><div data-color=\"RGBA(255,255,255,0)\" style=\"background-color: RGBA(255,255,255,0);\" class=\"n2-ss-slide-background-color\"><\/div><\/div><\/div>                    <div class=\"n2-ss-slider-4 n2-ow\">\n                        <svg xmlns=\"http:\/\/www.w3.org\/2000\/svg\" viewBox=\"0 0 600 400\" data-related-device=\"desktopPortrait\" class=\"n2-ow n2-ss-preserve-size n2-ss-preserve-size--slider n2-ss-slide-limiter\"><\/svg><div data-first=\"1\" data-slide-duration=\"0\" data-id=\"147\" data-slide-public-id=\"1\" data-title=\"D\u00e9monstration de la s\u00e9rigraphie\" class=\"n2-ss-slide n2-ow  n2-ss-slide-147\"><div role=\"note\" class=\"n2-ss-slide--focus\" tabindex=\"-1\">D\u00e9monstration de la s\u00e9rigraphie<\/div><div class=\"n2-ss-layers-container n2-ss-slide-limiter n2-ow\"><div class=\"n2-ss-layer n2-ow n-uc-P8p3dfc0l2w3\" data-sstype=\"slide\" data-pm=\"default\"><\/div><\/div><\/div><div data-slide-duration=\"0\" data-id=\"138\" data-slide-public-id=\"2\" aria-hidden=\"true\" data-title=\"S\u00e9rigraphie - encrage de la forme\" class=\"n2-ss-slide n2-ow  n2-ss-slide-138\"><div role=\"note\" class=\"n2-ss-slide--focus\" tabindex=\"-1\">S\u00e9rigraphie &#8211; encrage de la forme<\/div><div class=\"n2-ss-layers-container n2-ss-slide-limiter n2-ow\"><div class=\"n2-ss-layer n2-ow n-uc-AZL6W6QoC8XI\" data-sstype=\"slide\" data-pm=\"default\"><\/div><\/div><\/div><div data-slide-duration=\"0\" data-id=\"144\" data-slide-public-id=\"3\" aria-hidden=\"true\" data-title=\"Documents s\u00e9rigraphi\u00e9s\" class=\"n2-ss-slide n2-ow  n2-ss-slide-144\"><div role=\"note\" class=\"n2-ss-slide--focus\" tabindex=\"-1\">Documents s\u00e9rigraphi\u00e9s<\/div><div class=\"n2-ss-layers-container n2-ss-slide-limiter n2-ow\"><div class=\"n2-ss-layer n2-ow n-uc-dftpG6bhYfLU\" data-sstype=\"slide\" data-pm=\"default\"><\/div><\/div><\/div><div data-slide-duration=\"0\" data-id=\"139\" data-slide-public-id=\"4\" aria-hidden=\"true\" data-title=\"S\u00e9rigraphies encadr\u00e9es\" class=\"n2-ss-slide n2-ow  n2-ss-slide-139\"><div role=\"note\" class=\"n2-ss-slide--focus\" tabindex=\"-1\">S\u00e9rigraphies encadr\u00e9es<\/div><div class=\"n2-ss-layers-container n2-ss-slide-limiter n2-ow\"><div class=\"n2-ss-layer n2-ow n-uc-LyWswKwZgZaA\" data-sstype=\"slide\" data-pm=\"default\"><\/div><\/div><\/div><div data-slide-duration=\"0\" data-id=\"148\" data-slide-public-id=\"5\" aria-hidden=\"true\" data-title=\"La composition manuelle\" class=\"n2-ss-slide n2-ow  n2-ss-slide-148\"><div role=\"note\" class=\"n2-ss-slide--focus\" tabindex=\"-1\">La composition manuelle<\/div><div class=\"n2-ss-layers-container n2-ss-slide-limiter n2-ow\"><div class=\"n2-ss-layer n2-ow n-uc-sIi7sckiSIvp\" data-sstype=\"slide\" data-pm=\"default\"><\/div><\/div><\/div><div data-slide-duration=\"0\" data-id=\"143\" data-slide-public-id=\"6\" aria-hidden=\"true\" data-title=\"La composition m\u00e9canique\" class=\"n2-ss-slide n2-ow  n2-ss-slide-143\"><div role=\"note\" class=\"n2-ss-slide--focus\" tabindex=\"-1\">La composition m\u00e9canique<\/div><div class=\"n2-ss-layers-container n2-ss-slide-limiter n2-ow\"><div class=\"n2-ss-layer n2-ow n-uc-hmoKQYstyCxY\" data-sstype=\"slide\" data-pm=\"default\"><\/div><\/div><\/div><div data-slide-duration=\"0\" data-id=\"142\" data-slide-public-id=\"7\" aria-hidden=\"true\" data-title=\"Gaufrage, contr\u00f4le\" class=\"n2-ss-slide n2-ow  n2-ss-slide-142\"><div role=\"note\" class=\"n2-ss-slide--focus\" tabindex=\"-1\">Gaufrage, contr\u00f4le<\/div><div class=\"n2-ss-layers-container n2-ss-slide-limiter n2-ow\"><div class=\"n2-ss-layer n2-ow n-uc-CthN2OxKhU3S\" data-sstype=\"slide\" data-pm=\"default\"><\/div><\/div><\/div><div data-slide-duration=\"0\" data-id=\"141\" data-slide-public-id=\"8\" aria-hidden=\"true\" data-title=\"La reliure\" class=\"n2-ss-slide n2-ow  n2-ss-slide-141\"><div role=\"note\" class=\"n2-ss-slide--focus\" tabindex=\"-1\">La reliure<\/div><div class=\"n2-ss-layers-container n2-ss-slide-limiter n2-ow\"><div class=\"n2-ss-layer n2-ow n-uc-gcjc4zMM6ld0\" data-sstype=\"slide\" data-pm=\"default\"><\/div><\/div><\/div><div data-slide-duration=\"0\" data-id=\"149\" data-slide-public-id=\"9\" aria-hidden=\"true\" data-title=\"Succ\u00e8s des portes ouvertes 2023\" class=\"n2-ss-slide n2-ow  n2-ss-slide-149\"><div role=\"note\" class=\"n2-ss-slide--focus\" tabindex=\"-1\">Succ\u00e8s des portes ouvertes 2023<\/div><div class=\"n2-ss-layers-container n2-ss-slide-limiter n2-ow\"><div class=\"n2-ss-layer n2-ow n-uc-iF6rNOiqpVfU\" data-sstype=\"slide\" data-pm=\"default\"><\/div><\/div><\/div>                    <\/div>\n\n                                    <\/div>\n            <\/div>\n        <\/div>\n        <div class=\"n2-ss-slider-controls n2-ss-slider-controls-absolute-center-bottom\"><div style=\"--widget-offset:30px;text-align: center;width:100%;\" class=\"n2-ss-widget nextend-bar nextend-bar-horizontal n2-ss-widget-hidden n2-ow-all\"><div class=\"n2-style-3745c27e4cee514fb93ac00b0ec9858c-simple \" style=\"display: inline-block;\"><span class=\"n2-font-86860a54b7064aeda4451b2de9b363f3-simple \">&nbsp;<\/span><\/div><\/div><\/div><\/div><\/div><ss3-loader><\/ss3-loader><\/div><\/div><div class=\"n2_clear\"><\/div><\/div>\n\n\n<p>Texte et photos: Marcel Martin<\/p>\n\n\n\n<figure class=\"wp-block-image size-large\"><a href=\"https:\/\/encretplomb.ch\/index.php\/activites\/\"><img data-recalc-dims=\"1\" decoding=\"async\" src=\"https:\/\/i0.wp.com\/encretplomb.ch\/wp-content\/uploads\/2021\/06\/93634-e1622902593923.png?w=580&#038;ssl=1\" alt=\"\"\/><\/a><\/figure>\n","protected":false},"excerpt":{"rendered":"<p>Plein succ\u00e8s pour la journ\u00e9e Portes ouvertes 2023 Le pr\u00e9sident Jean-Pierre Villard l\u2019explique dans son \u00e9dito de la Gazette, cette ann\u00e9e nous n\u2019\u00e9tions pas les seuls \u00e0 ouvrir nos portes au public. En effet, sous l\u2019impulsion de la commune, la journ\u00e9e Portes ouvertes a \u00e9t\u00e9 \u00e9tendue \u00e0 tous les artisans, artistes, associations et autres travaillant&hellip;<\/p>\n","protected":false},"author":7,"featured_media":0,"parent":0,"menu_order":0,"comment_status":"closed","ping_status":"closed","template":"templates\/template-full-width.php","meta":{"footnotes":""},"class_list":["post-5894","page","type-page","status-publish","hentry"],"yoast_head":"<!-- This site is optimized with the Yoast SEO plugin v27.4 - https:\/\/yoast.com\/product\/yoast-seo-wordpress\/ -->\n<title>Portes ouvertes 2023 - Atelier-Mus\u00e9e Encre &amp; Plomb<\/title>\n<meta name=\"robots\" content=\"index, follow, max-snippet:-1, max-image-preview:large, max-video-preview:-1\" \/>\n<link rel=\"canonical\" href=\"https:\/\/encretplomb.ch\/index.php\/portes-ouvertes-2023\/\" \/>\n<meta property=\"og:locale\" content=\"fr_FR\" \/>\n<meta property=\"og:type\" content=\"article\" \/>\n<meta property=\"og:title\" content=\"Portes ouvertes 2023 - Atelier-Mus\u00e9e Encre &amp; Plomb\" \/>\n<meta property=\"og:description\" content=\"Plein succ\u00e8s pour la journ\u00e9e Portes ouvertes 2023 Le pr\u00e9sident Jean-Pierre Villard l\u2019explique dans son \u00e9dito de la Gazette, cette ann\u00e9e nous n\u2019\u00e9tions pas les seuls \u00e0 ouvrir nos portes au public. En effet, sous l\u2019impulsion de la commune, la journ\u00e9e Portes ouvertes a \u00e9t\u00e9 \u00e9tendue \u00e0 tous les artisans, artistes, associations et autres travaillant&hellip;\" \/>\n<meta property=\"og:url\" content=\"https:\/\/encretplomb.ch\/index.php\/portes-ouvertes-2023\/\" \/>\n<meta property=\"og:site_name\" content=\"Atelier-Mus\u00e9e Encre &amp; Plomb\" \/>\n<meta property=\"article:modified_time\" content=\"2024-04-30T10:05:02+00:00\" \/>\n<meta property=\"og:image\" content=\"https:\/\/encretplomb.ch\/wp-content\/uploads\/2021\/06\/93634-e1622902593923.png\" \/>\n<meta name=\"twitter:card\" content=\"summary_large_image\" \/>\n<meta name=\"twitter:label1\" content=\"Dur\u00e9e de lecture estim\u00e9e\" \/>\n\t<meta name=\"twitter:data1\" content=\"2 minutes\" \/>\n<script type=\"application\/ld+json\" class=\"yoast-schema-graph\">{\"@context\":\"https:\\\/\\\/schema.org\",\"@graph\":[{\"@type\":\"WebPage\",\"@id\":\"https:\\\/\\\/encretplomb.ch\\\/index.php\\\/portes-ouvertes-2023\\\/\",\"url\":\"https:\\\/\\\/encretplomb.ch\\\/index.php\\\/portes-ouvertes-2023\\\/\",\"name\":\"Portes ouvertes 2023 - Atelier-Mus\u00e9e Encre &amp; Plomb\",\"isPartOf\":{\"@id\":\"https:\\\/\\\/encretplomb.ch\\\/#website\"},\"primaryImageOfPage\":{\"@id\":\"https:\\\/\\\/encretplomb.ch\\\/index.php\\\/portes-ouvertes-2023\\\/#primaryimage\"},\"image\":{\"@id\":\"https:\\\/\\\/encretplomb.ch\\\/index.php\\\/portes-ouvertes-2023\\\/#primaryimage\"},\"thumbnailUrl\":\"https:\\\/\\\/encretplomb.ch\\\/wp-content\\\/uploads\\\/2021\\\/06\\\/93634-e1622902593923.png\",\"datePublished\":\"2023-12-14T15:24:25+00:00\",\"dateModified\":\"2024-04-30T10:05:02+00:00\",\"breadcrumb\":{\"@id\":\"https:\\\/\\\/encretplomb.ch\\\/index.php\\\/portes-ouvertes-2023\\\/#breadcrumb\"},\"inLanguage\":\"fr-FR\",\"potentialAction\":[{\"@type\":\"ReadAction\",\"target\":[\"https:\\\/\\\/encretplomb.ch\\\/index.php\\\/portes-ouvertes-2023\\\/\"]}]},{\"@type\":\"ImageObject\",\"inLanguage\":\"fr-FR\",\"@id\":\"https:\\\/\\\/encretplomb.ch\\\/index.php\\\/portes-ouvertes-2023\\\/#primaryimage\",\"url\":\"https:\\\/\\\/i0.wp.com\\\/encretplomb.ch\\\/wp-content\\\/uploads\\\/2021\\\/06\\\/93634-e1622902593923.png?fit=30%2C30&ssl=1\",\"contentUrl\":\"https:\\\/\\\/i0.wp.com\\\/encretplomb.ch\\\/wp-content\\\/uploads\\\/2021\\\/06\\\/93634-e1622902593923.png?fit=30%2C30&ssl=1\",\"width\":30,\"height\":30},{\"@type\":\"BreadcrumbList\",\"@id\":\"https:\\\/\\\/encretplomb.ch\\\/index.php\\\/portes-ouvertes-2023\\\/#breadcrumb\",\"itemListElement\":[{\"@type\":\"ListItem\",\"position\":1,\"name\":\"Accueil\",\"item\":\"https:\\\/\\\/encretplomb.ch\\\/\"},{\"@type\":\"ListItem\",\"position\":2,\"name\":\"Portes ouvertes 2023\"}]},{\"@type\":\"WebSite\",\"@id\":\"https:\\\/\\\/encretplomb.ch\\\/#website\",\"url\":\"https:\\\/\\\/encretplomb.ch\\\/\",\"name\":\"Atelier-Mus\u00e9e Encre &amp; Plomb\",\"description\":\"Mus\u00e9e vivant de la typographie\",\"publisher\":{\"@id\":\"https:\\\/\\\/encretplomb.ch\\\/#organization\"},\"potentialAction\":[{\"@type\":\"SearchAction\",\"target\":{\"@type\":\"EntryPoint\",\"urlTemplate\":\"https:\\\/\\\/encretplomb.ch\\\/?s={search_term_string}\"},\"query-input\":{\"@type\":\"PropertyValueSpecification\",\"valueRequired\":true,\"valueName\":\"search_term_string\"}}],\"inLanguage\":\"fr-FR\"},{\"@type\":\"Organization\",\"@id\":\"https:\\\/\\\/encretplomb.ch\\\/#organization\",\"name\":\"Atelier Mus\u00e9e de la Typographie\",\"url\":\"https:\\\/\\\/encretplomb.ch\\\/\",\"logo\":{\"@type\":\"ImageObject\",\"inLanguage\":\"fr-FR\",\"@id\":\"https:\\\/\\\/encretplomb.ch\\\/#\\\/schema\\\/logo\\\/image\\\/\",\"url\":\"https:\\\/\\\/i0.wp.com\\\/encretplomb.ch\\\/wp-content\\\/uploads\\\/2021\\\/05\\\/cropped-Logo_AEP-12-1.04.18-Original-.jpg?fit=1591%2C653&ssl=1\",\"contentUrl\":\"https:\\\/\\\/i0.wp.com\\\/encretplomb.ch\\\/wp-content\\\/uploads\\\/2021\\\/05\\\/cropped-Logo_AEP-12-1.04.18-Original-.jpg?fit=1591%2C653&ssl=1\",\"width\":1591,\"height\":653,\"caption\":\"Atelier Mus\u00e9e de la Typographie\"},\"image\":{\"@id\":\"https:\\\/\\\/encretplomb.ch\\\/#\\\/schema\\\/logo\\\/image\\\/\"}}]}<\/script>\n<!-- \/ Yoast SEO plugin. -->","yoast_head_json":{"title":"Portes ouvertes 2023 - Atelier-Mus\u00e9e Encre &amp; Plomb","robots":{"index":"index","follow":"follow","max-snippet":"max-snippet:-1","max-image-preview":"max-image-preview:large","max-video-preview":"max-video-preview:-1"},"canonical":"https:\/\/encretplomb.ch\/index.php\/portes-ouvertes-2023\/","og_locale":"fr_FR","og_type":"article","og_title":"Portes ouvertes 2023 - Atelier-Mus\u00e9e Encre &amp; Plomb","og_description":"Plein succ\u00e8s pour la journ\u00e9e Portes ouvertes 2023 Le pr\u00e9sident Jean-Pierre Villard l\u2019explique dans son \u00e9dito de la Gazette, cette ann\u00e9e nous n\u2019\u00e9tions pas les seuls \u00e0 ouvrir nos portes au public. En effet, sous l\u2019impulsion de la commune, la journ\u00e9e Portes ouvertes a \u00e9t\u00e9 \u00e9tendue \u00e0 tous les artisans, artistes, associations et autres travaillant&hellip;","og_url":"https:\/\/encretplomb.ch\/index.php\/portes-ouvertes-2023\/","og_site_name":"Atelier-Mus\u00e9e Encre &amp; Plomb","article_modified_time":"2024-04-30T10:05:02+00:00","og_image":[{"url":"https:\/\/encretplomb.ch\/wp-content\/uploads\/2021\/06\/93634-e1622902593923.png","type":"","width":"","height":""}],"twitter_card":"summary_large_image","twitter_misc":{"Dur\u00e9e de lecture estim\u00e9e":"2 minutes"},"schema":{"@context":"https:\/\/schema.org","@graph":[{"@type":"WebPage","@id":"https:\/\/encretplomb.ch\/index.php\/portes-ouvertes-2023\/","url":"https:\/\/encretplomb.ch\/index.php\/portes-ouvertes-2023\/","name":"Portes ouvertes 2023 - Atelier-Mus\u00e9e Encre &amp; Plomb","isPartOf":{"@id":"https:\/\/encretplomb.ch\/#website"},"primaryImageOfPage":{"@id":"https:\/\/encretplomb.ch\/index.php\/portes-ouvertes-2023\/#primaryimage"},"image":{"@id":"https:\/\/encretplomb.ch\/index.php\/portes-ouvertes-2023\/#primaryimage"},"thumbnailUrl":"https:\/\/encretplomb.ch\/wp-content\/uploads\/2021\/06\/93634-e1622902593923.png","datePublished":"2023-12-14T15:24:25+00:00","dateModified":"2024-04-30T10:05:02+00:00","breadcrumb":{"@id":"https:\/\/encretplomb.ch\/index.php\/portes-ouvertes-2023\/#breadcrumb"},"inLanguage":"fr-FR","potentialAction":[{"@type":"ReadAction","target":["https:\/\/encretplomb.ch\/index.php\/portes-ouvertes-2023\/"]}]},{"@type":"ImageObject","inLanguage":"fr-FR","@id":"https:\/\/encretplomb.ch\/index.php\/portes-ouvertes-2023\/#primaryimage","url":"https:\/\/i0.wp.com\/encretplomb.ch\/wp-content\/uploads\/2021\/06\/93634-e1622902593923.png?fit=30%2C30&ssl=1","contentUrl":"https:\/\/i0.wp.com\/encretplomb.ch\/wp-content\/uploads\/2021\/06\/93634-e1622902593923.png?fit=30%2C30&ssl=1","width":30,"height":30},{"@type":"BreadcrumbList","@id":"https:\/\/encretplomb.ch\/index.php\/portes-ouvertes-2023\/#breadcrumb","itemListElement":[{"@type":"ListItem","position":1,"name":"Accueil","item":"https:\/\/encretplomb.ch\/"},{"@type":"ListItem","position":2,"name":"Portes ouvertes 2023"}]},{"@type":"WebSite","@id":"https:\/\/encretplomb.ch\/#website","url":"https:\/\/encretplomb.ch\/","name":"Atelier-Mus\u00e9e Encre &amp; Plomb","description":"Mus\u00e9e vivant de la typographie","publisher":{"@id":"https:\/\/encretplomb.ch\/#organization"},"potentialAction":[{"@type":"SearchAction","target":{"@type":"EntryPoint","urlTemplate":"https:\/\/encretplomb.ch\/?s={search_term_string}"},"query-input":{"@type":"PropertyValueSpecification","valueRequired":true,"valueName":"search_term_string"}}],"inLanguage":"fr-FR"},{"@type":"Organization","@id":"https:\/\/encretplomb.ch\/#organization","name":"Atelier Mus\u00e9e de la Typographie","url":"https:\/\/encretplomb.ch\/","logo":{"@type":"ImageObject","inLanguage":"fr-FR","@id":"https:\/\/encretplomb.ch\/#\/schema\/logo\/image\/","url":"https:\/\/i0.wp.com\/encretplomb.ch\/wp-content\/uploads\/2021\/05\/cropped-Logo_AEP-12-1.04.18-Original-.jpg?fit=1591%2C653&ssl=1","contentUrl":"https:\/\/i0.wp.com\/encretplomb.ch\/wp-content\/uploads\/2021\/05\/cropped-Logo_AEP-12-1.04.18-Original-.jpg?fit=1591%2C653&ssl=1","width":1591,"height":653,"caption":"Atelier Mus\u00e9e de la Typographie"},"image":{"@id":"https:\/\/encretplomb.ch\/#\/schema\/logo\/image\/"}}]}},"jetpack_sharing_enabled":true,"_links":{"self":[{"href":"https:\/\/encretplomb.ch\/index.php\/wp-json\/wp\/v2\/pages\/5894","targetHints":{"allow":["GET"]}}],"collection":[{"href":"https:\/\/encretplomb.ch\/index.php\/wp-json\/wp\/v2\/pages"}],"about":[{"href":"https:\/\/encretplomb.ch\/index.php\/wp-json\/wp\/v2\/types\/page"}],"author":[{"embeddable":true,"href":"https:\/\/encretplomb.ch\/index.php\/wp-json\/wp\/v2\/users\/7"}],"replies":[{"embeddable":true,"href":"https:\/\/encretplomb.ch\/index.php\/wp-json\/wp\/v2\/comments?post=5894"}],"version-history":[{"count":12,"href":"https:\/\/encretplomb.ch\/index.php\/wp-json\/wp\/v2\/pages\/5894\/revisions"}],"predecessor-version":[{"id":5990,"href":"https:\/\/encretplomb.ch\/index.php\/wp-json\/wp\/v2\/pages\/5894\/revisions\/5990"}],"wp:attachment":[{"href":"https:\/\/encretplomb.ch\/index.php\/wp-json\/wp\/v2\/media?parent=5894"}],"curies":[{"name":"wp","href":"https:\/\/api.w.org\/{rel}","templated":true}]}}