{"id":5968,"date":"2024-04-30T07:13:31","date_gmt":"2024-04-30T05:13:31","guid":{"rendered":"https:\/\/encretplomb.ch\/?page_id=5968"},"modified":"2024-04-30T16:14:22","modified_gmt":"2024-04-30T14:14:22","slug":"atelier-linogravure-le-13-avril-2024","status":"publish","type":"page","link":"https:\/\/encretplomb.ch\/index.php\/atelier-linogravure-le-13-avril-2024\/","title":{"rendered":"Atelier linogravure le 13 avril 2024"},"content":{"rendered":"\n<h2 class=\"wp-block-heading\">Atelier linogravure le 13 avril 2024<\/h2>\n\n\n\n<p>Dix participant(e)s ont suivi le cours de linogravure anim\u00e9 par Ga\u00eblle Garrocq, linograveuse professionnelle. Les diff\u00e9rentes \u00e9tapes&nbsp;ont \u00e9t\u00e9 r\u00e9alis\u00e9es sous la conduite de l\u2019experte et les \u0153uvres ont&nbsp;\u00e9t\u00e9 imprim\u00e9es sur la r\u00e9plique de la presse Gutenberg avec l\u2019aide de&nbsp;&nbsp;Jean-Pierre Pasche, imprimeur.<\/p>\n\n\n\n<p><\/p>\n\n\n\n<p><\/p>\n\n\n<div class=\"n2-section-smartslider fitvidsignore  n2_clear\" data-ssid=\"21\"><div id=\"n2-ss-21-align\" class=\"n2-ss-align\"><div class=\"n2-padding\"><div id=\"n2-ss-21\" data-creator=\"Smart Slider 3\" data-responsive=\"auto\" class=\"n2-ss-slider n2-ow n2-has-hover n2notransition  \">\n\n\n\n\n\n\n\n\n\n\n\n\n\n<div class=\"n2-ss-slider-wrapper-inside\">\n        <div class=\"n2-ss-slider-1 n2_ss__touch_element n2-ow\">\n            <div class=\"n2-ss-slider-2 n2-ow\">\n                                                    <div class=\"n2-ss-background-animation n2-ow\"><\/div>\n                                <div class=\"n2-ss-slider-3 n2-ow\">\n\n                    <div class=\"n2-ss-slide-backgrounds n2-ow-all\"><div class=\"n2-ss-slide-background\" data-public-id=\"1\" data-mode=\"fill\"><div class=\"n2-ss-slide-background-image\" data-blur=\"0\" data-opacity=\"100\" data-x=\"52\" data-y=\"57\" data-alt=\"\" data-title=\"\" style=\"--ss-o-pos-x:52%;--ss-o-pos-y:57%\"><picture class=\"skip-lazy jetpack-lazy-image\" data-skip-lazy=\"1\"><img decoding=\"async\" src=\"\/\/encretplomb.ch\/wp-content\/uploads\/2024\/04\/IMG_9542-scaled.jpg\" alt=\"\" title=\"\" loading=\"lazy\" class=\"skip-lazy jetpack-lazy-image\" data-skip-lazy=\"1\"><\/picture><\/div><div data-color=\"RGBA(255,255,255,0)\" style=\"background-color: RGBA(255,255,255,0);\" class=\"n2-ss-slide-background-color\"><\/div><\/div><div class=\"n2-ss-slide-background\" data-public-id=\"2\" data-mode=\"fill\" aria-hidden=\"true\"><div class=\"n2-ss-slide-background-image\" data-blur=\"0\" data-opacity=\"100\" data-x=\"53\" data-y=\"100\" data-alt=\"\" data-title=\"\" style=\"--ss-o-pos-x:53%;--ss-o-pos-y:100%\"><picture class=\"skip-lazy jetpack-lazy-image\" data-skip-lazy=\"1\"><img decoding=\"async\" src=\"\/\/encretplomb.ch\/wp-content\/uploads\/2024\/04\/IMG_9545-2-scaled.jpg\" alt=\"\" title=\"\" loading=\"lazy\" class=\"skip-lazy jetpack-lazy-image\" data-skip-lazy=\"1\"><\/picture><\/div><div data-color=\"RGBA(255,255,255,0)\" style=\"background-color: RGBA(255,255,255,0);\" class=\"n2-ss-slide-background-color\"><\/div><\/div><div class=\"n2-ss-slide-background\" data-public-id=\"3\" data-mode=\"fill\" aria-hidden=\"true\"><div class=\"n2-ss-slide-background-image\" data-blur=\"0\" data-opacity=\"100\" data-x=\"50\" data-y=\"50\" data-alt=\"\" data-title=\"\"><picture class=\"skip-lazy jetpack-lazy-image\" data-skip-lazy=\"1\"><img decoding=\"async\" src=\"\/\/encretplomb.ch\/wp-content\/uploads\/2024\/04\/IMG_9538-scaled.jpg\" alt=\"\" title=\"\" loading=\"lazy\" class=\"skip-lazy jetpack-lazy-image\" data-skip-lazy=\"1\"><\/picture><\/div><div data-color=\"RGBA(255,255,255,0)\" style=\"background-color: RGBA(255,255,255,0);\" class=\"n2-ss-slide-background-color\"><\/div><\/div><div class=\"n2-ss-slide-background\" data-public-id=\"4\" data-mode=\"fill\" aria-hidden=\"true\"><div class=\"n2-ss-slide-background-image\" data-blur=\"0\" data-opacity=\"100\" data-x=\"53\" data-y=\"43\" data-alt=\"\" data-title=\"\" style=\"--ss-o-pos-x:53%;--ss-o-pos-y:43%\"><picture class=\"skip-lazy jetpack-lazy-image\" data-skip-lazy=\"1\"><img decoding=\"async\" src=\"\/\/encretplomb.ch\/wp-content\/uploads\/2024\/04\/IMG_9547-scaled.jpg\" alt=\"\" title=\"\" loading=\"lazy\" class=\"skip-lazy jetpack-lazy-image\" data-skip-lazy=\"1\"><\/picture><\/div><div data-color=\"RGBA(255,255,255,0)\" style=\"background-color: RGBA(255,255,255,0);\" class=\"n2-ss-slide-background-color\"><\/div><\/div><div class=\"n2-ss-slide-background\" data-public-id=\"5\" data-mode=\"fill\" aria-hidden=\"true\"><div class=\"n2-ss-slide-background-image\" data-blur=\"0\" data-opacity=\"100\" data-x=\"12\" data-y=\"100\" data-alt=\"\" data-title=\"\" style=\"--ss-o-pos-x:12%;--ss-o-pos-y:100%\"><picture class=\"skip-lazy jetpack-lazy-image\" data-skip-lazy=\"1\"><img decoding=\"async\" src=\"\/\/encretplomb.ch\/wp-content\/uploads\/slider21\/IMG_95422b.jpeg\" alt=\"\" title=\"\" loading=\"lazy\" class=\"skip-lazy jetpack-lazy-image\" data-skip-lazy=\"1\"><\/picture><\/div><div data-color=\"RGBA(255,255,255,0)\" style=\"background-color: RGBA(255,255,255,0);\" class=\"n2-ss-slide-background-color\"><\/div><\/div><\/div>                    <div class=\"n2-ss-slider-4 n2-ow\">\n                        <svg xmlns=\"http:\/\/www.w3.org\/2000\/svg\" viewBox=\"0 0 600 400\" data-related-device=\"desktopPortrait\" class=\"n2-ow n2-ss-preserve-size n2-ss-preserve-size--slider n2-ss-slide-limiter\"><\/svg><div data-first=\"1\" data-slide-duration=\"0\" data-id=\"170\" data-slide-public-id=\"1\" data-title=\"Belle activit\u00e9 sous l\u2019\u0153il expert de Ga\u00eblle !\" class=\"n2-ss-slide n2-ow  n2-ss-slide-170\"><div role=\"note\" class=\"n2-ss-slide--focus\" tabindex=\"-1\">Belle activit\u00e9 sous l\u2019\u0153il expert de Ga\u00eblle !<\/div><div class=\"n2-ss-layers-container n2-ss-slide-limiter n2-ow\"><div class=\"n2-ss-layer n2-ow n-uc-oOm5CO8XfkDd\" data-sstype=\"slide\" data-pm=\"default\"><\/div><\/div><\/div><div data-slide-duration=\"0\" data-id=\"171\" data-slide-public-id=\"2\" aria-hidden=\"true\" data-title=\"Concentration !\" class=\"n2-ss-slide n2-ow  n2-ss-slide-171\"><div role=\"note\" class=\"n2-ss-slide--focus\" tabindex=\"-1\">Concentration !<\/div><div class=\"n2-ss-layers-container n2-ss-slide-limiter n2-ow\"><div class=\"n2-ss-layer n2-ow n-uc-uGS2vPQ9zeDS\" data-sstype=\"slide\" data-pm=\"default\"><\/div><\/div><\/div><div data-slide-duration=\"0\" data-id=\"173\" data-slide-public-id=\"3\" aria-hidden=\"true\" data-title=\"Un beau d\u00e9but de gravure !\" class=\"n2-ss-slide n2-ow  n2-ss-slide-173\"><div role=\"note\" class=\"n2-ss-slide--focus\" tabindex=\"-1\">Un beau d\u00e9but de gravure !<\/div><div class=\"n2-ss-layers-container n2-ss-slide-limiter n2-ow\"><div class=\"n2-ss-layer n2-ow n-uc-vF7ZCn5bgnZb\" data-sstype=\"slide\" data-pm=\"default\"><\/div><\/div><\/div><div data-slide-duration=\"0\" data-id=\"172\" data-slide-public-id=\"4\" aria-hidden=\"true\" data-title=\"A l\u2019impression !\" class=\"n2-ss-slide n2-ow  n2-ss-slide-172\"><div role=\"note\" class=\"n2-ss-slide--focus\" tabindex=\"-1\">A l\u2019impression !<\/div><div class=\"n2-ss-layers-container n2-ss-slide-limiter n2-ow\"><div class=\"n2-ss-layer n2-ow n-uc-GjDcSGP3iWmN\" data-sstype=\"slide\" data-pm=\"default\"><\/div><\/div><\/div><div data-slide-duration=\"0\" data-id=\"169\" data-slide-public-id=\"5\" aria-hidden=\"true\" data-title=\"R\u00e9sultat imprim\u00e9\" class=\"n2-ss-slide n2-ow  n2-ss-slide-169\"><div role=\"note\" class=\"n2-ss-slide--focus\" tabindex=\"-1\">R\u00e9sultat imprim\u00e9<\/div><div class=\"n2-ss-layers-container n2-ss-slide-limiter n2-ow\"><div class=\"n2-ss-layer n2-ow n-uc-RohFk5pM7z23\" data-sstype=\"slide\" data-pm=\"default\"><\/div><\/div><\/div>                    <\/div>\n\n                                    <\/div>\n            <\/div>\n        <\/div>\n        <div class=\"n2-ss-slider-controls n2-ss-slider-controls-absolute-center-bottom\"><div style=\"--widget-offset:30px;text-align: center;width:100%;\" class=\"n2-ss-widget nextend-bar nextend-bar-horizontal n2-ss-widget-hidden n2-ow-all\"><div class=\"n2-style-3745c27e4cee514fb93ac00b0ec9858c-simple \" style=\"display: inline-block;\"><span class=\"n2-font-86860a54b7064aeda4451b2de9b363f3-simple \">&nbsp;<\/span><\/div><\/div><\/div><\/div><\/div><ss3-loader><\/ss3-loader><\/div><\/div><div class=\"n2_clear\"><\/div><\/div>\n\n\n<p>Photos&nbsp;: Marcel Martin<\/p>\n\n\n\n<figure class=\"wp-block-image size-large is-resized\"><a href=\"https:\/\/encretplomb.ch\/index.php\/activites\/\"><img data-recalc-dims=\"1\" decoding=\"async\" src=\"https:\/\/i0.wp.com\/encretplomb.ch\/wp-content\/uploads\/2021\/06\/93634-e1622902593923.png?w=580&#038;ssl=1\" alt=\"\" style=\"width:46px;height:auto\"\/><\/a><\/figure>\n","protected":false},"excerpt":{"rendered":"<p>Atelier linogravure le 13 avril 2024 Dix participant(e)s ont suivi le cours de linogravure anim\u00e9 par Ga\u00eblle Garrocq, linograveuse professionnelle. Les diff\u00e9rentes \u00e9tapes&nbsp;ont \u00e9t\u00e9 r\u00e9alis\u00e9es sous la conduite de l\u2019experte et les \u0153uvres ont&nbsp;\u00e9t\u00e9 imprim\u00e9es sur la r\u00e9plique de la presse Gutenberg avec l\u2019aide de&nbsp;&nbsp;Jean-Pierre Pasche, imprimeur. Photos&nbsp;: Marcel Martin<\/p>\n","protected":false},"author":7,"featured_media":0,"parent":0,"menu_order":0,"comment_status":"closed","ping_status":"closed","template":"templates\/template-full-width.php","meta":{"footnotes":""},"class_list":["post-5968","page","type-page","status-publish","hentry"],"yoast_head":"<!-- This site is optimized with the Yoast SEO plugin v27.3 - https:\/\/yoast.com\/product\/yoast-seo-wordpress\/ -->\n<title>Atelier linogravure le 13 avril 2024 - Atelier-Mus\u00e9e Encre &amp; Plomb<\/title>\n<meta name=\"robots\" content=\"index, follow, max-snippet:-1, max-image-preview:large, max-video-preview:-1\" \/>\n<link rel=\"canonical\" href=\"https:\/\/encretplomb.ch\/index.php\/atelier-linogravure-le-13-avril-2024\/\" \/>\n<meta property=\"og:locale\" content=\"fr_FR\" \/>\n<meta property=\"og:type\" content=\"article\" \/>\n<meta property=\"og:title\" content=\"Atelier linogravure le 13 avril 2024 - Atelier-Mus\u00e9e Encre &amp; Plomb\" \/>\n<meta property=\"og:description\" content=\"Atelier linogravure le 13 avril 2024 Dix participant(e)s ont suivi le cours de linogravure anim\u00e9 par Ga\u00eblle Garrocq, linograveuse professionnelle. Les diff\u00e9rentes \u00e9tapes&nbsp;ont \u00e9t\u00e9 r\u00e9alis\u00e9es sous la conduite de l\u2019experte et les \u0153uvres ont&nbsp;\u00e9t\u00e9 imprim\u00e9es sur la r\u00e9plique de la presse Gutenberg avec l\u2019aide de&nbsp;&nbsp;Jean-Pierre Pasche, imprimeur. Photos&nbsp;: Marcel Martin\" \/>\n<meta property=\"og:url\" content=\"https:\/\/encretplomb.ch\/index.php\/atelier-linogravure-le-13-avril-2024\/\" \/>\n<meta property=\"og:site_name\" content=\"Atelier-Mus\u00e9e Encre &amp; Plomb\" \/>\n<meta property=\"article:modified_time\" content=\"2024-04-30T14:14:22+00:00\" \/>\n<meta property=\"og:image\" content=\"https:\/\/encretplomb.ch\/wp-content\/uploads\/2021\/06\/93634-e1622902593923.png\" \/>\n<meta name=\"twitter:card\" content=\"summary_large_image\" \/>\n<meta name=\"twitter:label1\" content=\"Dur\u00e9e de lecture estim\u00e9e\" \/>\n\t<meta name=\"twitter:data1\" content=\"1 minute\" \/>\n<script type=\"application\/ld+json\" class=\"yoast-schema-graph\">{\"@context\":\"https:\\\/\\\/schema.org\",\"@graph\":[{\"@type\":\"WebPage\",\"@id\":\"https:\\\/\\\/encretplomb.ch\\\/index.php\\\/atelier-linogravure-le-13-avril-2024\\\/\",\"url\":\"https:\\\/\\\/encretplomb.ch\\\/index.php\\\/atelier-linogravure-le-13-avril-2024\\\/\",\"name\":\"Atelier linogravure le 13 avril 2024 - Atelier-Mus\u00e9e Encre &amp; Plomb\",\"isPartOf\":{\"@id\":\"https:\\\/\\\/encretplomb.ch\\\/#website\"},\"primaryImageOfPage\":{\"@id\":\"https:\\\/\\\/encretplomb.ch\\\/index.php\\\/atelier-linogravure-le-13-avril-2024\\\/#primaryimage\"},\"image\":{\"@id\":\"https:\\\/\\\/encretplomb.ch\\\/index.php\\\/atelier-linogravure-le-13-avril-2024\\\/#primaryimage\"},\"thumbnailUrl\":\"https:\\\/\\\/encretplomb.ch\\\/wp-content\\\/uploads\\\/2021\\\/06\\\/93634-e1622902593923.png\",\"datePublished\":\"2024-04-30T05:13:31+00:00\",\"dateModified\":\"2024-04-30T14:14:22+00:00\",\"breadcrumb\":{\"@id\":\"https:\\\/\\\/encretplomb.ch\\\/index.php\\\/atelier-linogravure-le-13-avril-2024\\\/#breadcrumb\"},\"inLanguage\":\"fr-FR\",\"potentialAction\":[{\"@type\":\"ReadAction\",\"target\":[\"https:\\\/\\\/encretplomb.ch\\\/index.php\\\/atelier-linogravure-le-13-avril-2024\\\/\"]}]},{\"@type\":\"ImageObject\",\"inLanguage\":\"fr-FR\",\"@id\":\"https:\\\/\\\/encretplomb.ch\\\/index.php\\\/atelier-linogravure-le-13-avril-2024\\\/#primaryimage\",\"url\":\"https:\\\/\\\/i0.wp.com\\\/encretplomb.ch\\\/wp-content\\\/uploads\\\/2021\\\/06\\\/93634-e1622902593923.png?fit=30%2C30&ssl=1\",\"contentUrl\":\"https:\\\/\\\/i0.wp.com\\\/encretplomb.ch\\\/wp-content\\\/uploads\\\/2021\\\/06\\\/93634-e1622902593923.png?fit=30%2C30&ssl=1\",\"width\":30,\"height\":30},{\"@type\":\"BreadcrumbList\",\"@id\":\"https:\\\/\\\/encretplomb.ch\\\/index.php\\\/atelier-linogravure-le-13-avril-2024\\\/#breadcrumb\",\"itemListElement\":[{\"@type\":\"ListItem\",\"position\":1,\"name\":\"Accueil\",\"item\":\"https:\\\/\\\/encretplomb.ch\\\/\"},{\"@type\":\"ListItem\",\"position\":2,\"name\":\"Atelier linogravure le 13 avril 2024\"}]},{\"@type\":\"WebSite\",\"@id\":\"https:\\\/\\\/encretplomb.ch\\\/#website\",\"url\":\"https:\\\/\\\/encretplomb.ch\\\/\",\"name\":\"Atelier-Mus\u00e9e Encre &amp; Plomb\",\"description\":\"Mus\u00e9e vivant de la typographie\",\"publisher\":{\"@id\":\"https:\\\/\\\/encretplomb.ch\\\/#organization\"},\"potentialAction\":[{\"@type\":\"SearchAction\",\"target\":{\"@type\":\"EntryPoint\",\"urlTemplate\":\"https:\\\/\\\/encretplomb.ch\\\/?s={search_term_string}\"},\"query-input\":{\"@type\":\"PropertyValueSpecification\",\"valueRequired\":true,\"valueName\":\"search_term_string\"}}],\"inLanguage\":\"fr-FR\"},{\"@type\":\"Organization\",\"@id\":\"https:\\\/\\\/encretplomb.ch\\\/#organization\",\"name\":\"Atelier Mus\u00e9e de la Typographie\",\"url\":\"https:\\\/\\\/encretplomb.ch\\\/\",\"logo\":{\"@type\":\"ImageObject\",\"inLanguage\":\"fr-FR\",\"@id\":\"https:\\\/\\\/encretplomb.ch\\\/#\\\/schema\\\/logo\\\/image\\\/\",\"url\":\"https:\\\/\\\/i0.wp.com\\\/encretplomb.ch\\\/wp-content\\\/uploads\\\/2021\\\/05\\\/cropped-Logo_AEP-12-1.04.18-Original-.jpg?fit=1591%2C653&ssl=1\",\"contentUrl\":\"https:\\\/\\\/i0.wp.com\\\/encretplomb.ch\\\/wp-content\\\/uploads\\\/2021\\\/05\\\/cropped-Logo_AEP-12-1.04.18-Original-.jpg?fit=1591%2C653&ssl=1\",\"width\":1591,\"height\":653,\"caption\":\"Atelier Mus\u00e9e de la Typographie\"},\"image\":{\"@id\":\"https:\\\/\\\/encretplomb.ch\\\/#\\\/schema\\\/logo\\\/image\\\/\"}}]}<\/script>\n<!-- \/ Yoast SEO plugin. -->","yoast_head_json":{"title":"Atelier linogravure le 13 avril 2024 - Atelier-Mus\u00e9e Encre &amp; Plomb","robots":{"index":"index","follow":"follow","max-snippet":"max-snippet:-1","max-image-preview":"max-image-preview:large","max-video-preview":"max-video-preview:-1"},"canonical":"https:\/\/encretplomb.ch\/index.php\/atelier-linogravure-le-13-avril-2024\/","og_locale":"fr_FR","og_type":"article","og_title":"Atelier linogravure le 13 avril 2024 - Atelier-Mus\u00e9e Encre &amp; Plomb","og_description":"Atelier linogravure le 13 avril 2024 Dix participant(e)s ont suivi le cours de linogravure anim\u00e9 par Ga\u00eblle Garrocq, linograveuse professionnelle. Les diff\u00e9rentes \u00e9tapes&nbsp;ont \u00e9t\u00e9 r\u00e9alis\u00e9es sous la conduite de l\u2019experte et les \u0153uvres ont&nbsp;\u00e9t\u00e9 imprim\u00e9es sur la r\u00e9plique de la presse Gutenberg avec l\u2019aide de&nbsp;&nbsp;Jean-Pierre Pasche, imprimeur. Photos&nbsp;: Marcel Martin","og_url":"https:\/\/encretplomb.ch\/index.php\/atelier-linogravure-le-13-avril-2024\/","og_site_name":"Atelier-Mus\u00e9e Encre &amp; Plomb","article_modified_time":"2024-04-30T14:14:22+00:00","og_image":[{"url":"https:\/\/encretplomb.ch\/wp-content\/uploads\/2021\/06\/93634-e1622902593923.png","type":"","width":"","height":""}],"twitter_card":"summary_large_image","twitter_misc":{"Dur\u00e9e de lecture estim\u00e9e":"1 minute"},"schema":{"@context":"https:\/\/schema.org","@graph":[{"@type":"WebPage","@id":"https:\/\/encretplomb.ch\/index.php\/atelier-linogravure-le-13-avril-2024\/","url":"https:\/\/encretplomb.ch\/index.php\/atelier-linogravure-le-13-avril-2024\/","name":"Atelier linogravure le 13 avril 2024 - Atelier-Mus\u00e9e Encre &amp; Plomb","isPartOf":{"@id":"https:\/\/encretplomb.ch\/#website"},"primaryImageOfPage":{"@id":"https:\/\/encretplomb.ch\/index.php\/atelier-linogravure-le-13-avril-2024\/#primaryimage"},"image":{"@id":"https:\/\/encretplomb.ch\/index.php\/atelier-linogravure-le-13-avril-2024\/#primaryimage"},"thumbnailUrl":"https:\/\/encretplomb.ch\/wp-content\/uploads\/2021\/06\/93634-e1622902593923.png","datePublished":"2024-04-30T05:13:31+00:00","dateModified":"2024-04-30T14:14:22+00:00","breadcrumb":{"@id":"https:\/\/encretplomb.ch\/index.php\/atelier-linogravure-le-13-avril-2024\/#breadcrumb"},"inLanguage":"fr-FR","potentialAction":[{"@type":"ReadAction","target":["https:\/\/encretplomb.ch\/index.php\/atelier-linogravure-le-13-avril-2024\/"]}]},{"@type":"ImageObject","inLanguage":"fr-FR","@id":"https:\/\/encretplomb.ch\/index.php\/atelier-linogravure-le-13-avril-2024\/#primaryimage","url":"https:\/\/i0.wp.com\/encretplomb.ch\/wp-content\/uploads\/2021\/06\/93634-e1622902593923.png?fit=30%2C30&ssl=1","contentUrl":"https:\/\/i0.wp.com\/encretplomb.ch\/wp-content\/uploads\/2021\/06\/93634-e1622902593923.png?fit=30%2C30&ssl=1","width":30,"height":30},{"@type":"BreadcrumbList","@id":"https:\/\/encretplomb.ch\/index.php\/atelier-linogravure-le-13-avril-2024\/#breadcrumb","itemListElement":[{"@type":"ListItem","position":1,"name":"Accueil","item":"https:\/\/encretplomb.ch\/"},{"@type":"ListItem","position":2,"name":"Atelier linogravure le 13 avril 2024"}]},{"@type":"WebSite","@id":"https:\/\/encretplomb.ch\/#website","url":"https:\/\/encretplomb.ch\/","name":"Atelier-Mus\u00e9e Encre &amp; Plomb","description":"Mus\u00e9e vivant de la typographie","publisher":{"@id":"https:\/\/encretplomb.ch\/#organization"},"potentialAction":[{"@type":"SearchAction","target":{"@type":"EntryPoint","urlTemplate":"https:\/\/encretplomb.ch\/?s={search_term_string}"},"query-input":{"@type":"PropertyValueSpecification","valueRequired":true,"valueName":"search_term_string"}}],"inLanguage":"fr-FR"},{"@type":"Organization","@id":"https:\/\/encretplomb.ch\/#organization","name":"Atelier Mus\u00e9e de la Typographie","url":"https:\/\/encretplomb.ch\/","logo":{"@type":"ImageObject","inLanguage":"fr-FR","@id":"https:\/\/encretplomb.ch\/#\/schema\/logo\/image\/","url":"https:\/\/i0.wp.com\/encretplomb.ch\/wp-content\/uploads\/2021\/05\/cropped-Logo_AEP-12-1.04.18-Original-.jpg?fit=1591%2C653&ssl=1","contentUrl":"https:\/\/i0.wp.com\/encretplomb.ch\/wp-content\/uploads\/2021\/05\/cropped-Logo_AEP-12-1.04.18-Original-.jpg?fit=1591%2C653&ssl=1","width":1591,"height":653,"caption":"Atelier Mus\u00e9e de la Typographie"},"image":{"@id":"https:\/\/encretplomb.ch\/#\/schema\/logo\/image\/"}}]}},"jetpack_sharing_enabled":true,"_links":{"self":[{"href":"https:\/\/encretplomb.ch\/index.php\/wp-json\/wp\/v2\/pages\/5968","targetHints":{"allow":["GET"]}}],"collection":[{"href":"https:\/\/encretplomb.ch\/index.php\/wp-json\/wp\/v2\/pages"}],"about":[{"href":"https:\/\/encretplomb.ch\/index.php\/wp-json\/wp\/v2\/types\/page"}],"author":[{"embeddable":true,"href":"https:\/\/encretplomb.ch\/index.php\/wp-json\/wp\/v2\/users\/7"}],"replies":[{"embeddable":true,"href":"https:\/\/encretplomb.ch\/index.php\/wp-json\/wp\/v2\/comments?post=5968"}],"version-history":[{"count":13,"href":"https:\/\/encretplomb.ch\/index.php\/wp-json\/wp\/v2\/pages\/5968\/revisions"}],"predecessor-version":[{"id":6012,"href":"https:\/\/encretplomb.ch\/index.php\/wp-json\/wp\/v2\/pages\/5968\/revisions\/6012"}],"wp:attachment":[{"href":"https:\/\/encretplomb.ch\/index.php\/wp-json\/wp\/v2\/media?parent=5968"}],"curies":[{"name":"wp","href":"https:\/\/api.w.org\/{rel}","templated":true}]}}