{"id":6259,"date":"2025-05-19T07:57:44","date_gmt":"2025-05-19T05:57:44","guid":{"rendered":"https:\/\/encretplomb.ch\/?page_id=6259"},"modified":"2025-05-19T08:00:10","modified_gmt":"2025-05-19T06:00:10","slug":"assemblee-generale-2025","status":"publish","type":"page","link":"https:\/\/encretplomb.ch\/index.php\/assemblee-generale-2025\/","title":{"rendered":"Assembl\u00e9e g\u00e9n\u00e9rale 2025"},"content":{"rendered":"\n<h2 class=\"wp-block-heading\">Assembl\u00e9e g\u00e9n\u00e9rale 2025<\/h2>\n\n\n\n<p>Une trentaine de membres et Compagnons ont ralli\u00e9 l\u2019Atelier-Mus\u00e9e Encre &amp; Plomb ce 30 avril, pour assister \u00e0 l\u2019Assembl\u00e9e G\u00e9n\u00e9rale.<\/p>\n<p>Dans son rapport, le pr\u00e9sident Jean-Pierre Villard a soulign\u00e9 le magnifique succ\u00e8s de la journ\u00e9e des Portes ouvertes du 16 novembre marquant le 25e anniversaire de l\u2019Atelier-Mus\u00e9e. Une affluence importante nous a permis de mettre en valeur le patrimoine typographique aupr\u00e8s des visiteurs tr\u00e8s int\u00e9ress\u00e9s. Les visites ont augment\u00e9 apr\u00e8s cette journ\u00e9e, c\u2019est r\u00e9jouissant. Autre point de satisfaction, la pr\u00e9sence de cinq jeunes tr\u00e8s enthousiastes pour notre Atelier-Mus\u00e9e. Les formations qui leur sont dispens\u00e9es par les Compagnons, que ce soit en composition manuelle ou m\u00e9canique et en impression, permettent d\u00e9j\u00e0 une rel\u00e8ve pour assurer les visites. C\u2019est un grand encouragement pour le futur.<\/p>\n<p>Au plan des comptes, c\u2019est malheureusement par un d\u00e9ficit que se cl\u00f4ture l\u2019ann\u00e9e 2024. Tous les postes ont \u00e9t\u00e9 contr\u00f4l\u00e9s par les v\u00e9rificateurs qui, dans leur rapport ont soulign\u00e9 la parfaite tenue des comptes. Tous les rapports ont \u00e9t\u00e9 adopt\u00e9s \u00e0 l\u2019unanimit\u00e9.<\/p>\n<p>Au terme de cette assembl\u00e9e, Monsieur Fr\u00e9d\u00e9ric Deshusses a pr\u00e9sent\u00e9 son ouvrage : L\u2019adieu au plomb. La F\u00e9d\u00e9ration suisse des typographes et le changement technique. \u00bb L\u2019auteur a compuls\u00e9 les archives des trente-cinq derni\u00e8res ann\u00e9es du syndicat FST. Il en ressort que les luttes se terminant parfois par une gr\u00e8ve ont permis au syndicat et donc aux salari\u00e9s de b\u00e9n\u00e9ficier de la semaine de 40 heures, mais n\u2019ont pas r\u00e9ussi \u00e0 freiner les progr\u00e8s techniques annon\u00e7ant entre autres les grandes mutations de la composition m\u00e9canique au plomb et puis l\u2019arriv\u00e9e de la photocomposition.<\/p>\n<p>Au terme de cette intervention les discussions ont continu\u00e9 autour du verre de l\u2019amiti\u00e9.<\/p>\n<p>\u00a0<\/p>\n","protected":false},"excerpt":{"rendered":"<p>Assembl\u00e9e g\u00e9n\u00e9rale 2025 Une trentaine de membres et Compagnons ont ralli\u00e9 l\u2019Atelier-Mus\u00e9e Encre &amp; Plomb ce 30 avril, pour assister \u00e0 l\u2019Assembl\u00e9e G\u00e9n\u00e9rale. Dans son rapport, le pr\u00e9sident Jean-Pierre Villard a soulign\u00e9 le magnifique succ\u00e8s de la journ\u00e9e des Portes ouvertes du 16 novembre marquant le 25e anniversaire de l\u2019Atelier-Mus\u00e9e. Une affluence importante nous a&hellip;<\/p>\n","protected":false},"author":9,"featured_media":0,"parent":0,"menu_order":0,"comment_status":"closed","ping_status":"closed","template":"","meta":{"footnotes":""},"class_list":["post-6259","page","type-page","status-publish","hentry"],"yoast_head":"<!-- This site is optimized with the Yoast SEO plugin v27.3 - https:\/\/yoast.com\/product\/yoast-seo-wordpress\/ -->\n<title>Assembl\u00e9e g\u00e9n\u00e9rale 2025 - Atelier-Mus\u00e9e Encre &amp; Plomb<\/title>\n<meta name=\"robots\" content=\"index, follow, max-snippet:-1, max-image-preview:large, max-video-preview:-1\" \/>\n<link rel=\"canonical\" href=\"https:\/\/encretplomb.ch\/index.php\/assemblee-generale-2025\/\" \/>\n<meta property=\"og:locale\" content=\"fr_FR\" \/>\n<meta property=\"og:type\" content=\"article\" \/>\n<meta property=\"og:title\" content=\"Assembl\u00e9e g\u00e9n\u00e9rale 2025 - Atelier-Mus\u00e9e Encre &amp; Plomb\" \/>\n<meta property=\"og:description\" content=\"Assembl\u00e9e g\u00e9n\u00e9rale 2025 Une trentaine de membres et Compagnons ont ralli\u00e9 l\u2019Atelier-Mus\u00e9e Encre &amp; Plomb ce 30 avril, pour assister \u00e0 l\u2019Assembl\u00e9e G\u00e9n\u00e9rale. Dans son rapport, le pr\u00e9sident Jean-Pierre Villard a soulign\u00e9 le magnifique succ\u00e8s de la journ\u00e9e des Portes ouvertes du 16 novembre marquant le 25e anniversaire de l\u2019Atelier-Mus\u00e9e. Une affluence importante nous a&hellip;\" \/>\n<meta property=\"og:url\" content=\"https:\/\/encretplomb.ch\/index.php\/assemblee-generale-2025\/\" \/>\n<meta property=\"og:site_name\" content=\"Atelier-Mus\u00e9e Encre &amp; Plomb\" \/>\n<meta property=\"article:modified_time\" content=\"2025-05-19T06:00:10+00:00\" \/>\n<meta name=\"twitter:card\" content=\"summary_large_image\" \/>\n<meta name=\"twitter:label1\" content=\"Dur\u00e9e de lecture estim\u00e9e\" \/>\n\t<meta name=\"twitter:data1\" content=\"2 minutes\" \/>\n<script type=\"application\/ld+json\" class=\"yoast-schema-graph\">{\"@context\":\"https:\\\/\\\/schema.org\",\"@graph\":[{\"@type\":\"WebPage\",\"@id\":\"https:\\\/\\\/encretplomb.ch\\\/index.php\\\/assemblee-generale-2025\\\/\",\"url\":\"https:\\\/\\\/encretplomb.ch\\\/index.php\\\/assemblee-generale-2025\\\/\",\"name\":\"Assembl\u00e9e g\u00e9n\u00e9rale 2025 - Atelier-Mus\u00e9e Encre &amp; Plomb\",\"isPartOf\":{\"@id\":\"https:\\\/\\\/encretplomb.ch\\\/#website\"},\"datePublished\":\"2025-05-19T05:57:44+00:00\",\"dateModified\":\"2025-05-19T06:00:10+00:00\",\"breadcrumb\":{\"@id\":\"https:\\\/\\\/encretplomb.ch\\\/index.php\\\/assemblee-generale-2025\\\/#breadcrumb\"},\"inLanguage\":\"fr-FR\",\"potentialAction\":[{\"@type\":\"ReadAction\",\"target\":[\"https:\\\/\\\/encretplomb.ch\\\/index.php\\\/assemblee-generale-2025\\\/\"]}]},{\"@type\":\"BreadcrumbList\",\"@id\":\"https:\\\/\\\/encretplomb.ch\\\/index.php\\\/assemblee-generale-2025\\\/#breadcrumb\",\"itemListElement\":[{\"@type\":\"ListItem\",\"position\":1,\"name\":\"Accueil\",\"item\":\"https:\\\/\\\/encretplomb.ch\\\/\"},{\"@type\":\"ListItem\",\"position\":2,\"name\":\"Assembl\u00e9e g\u00e9n\u00e9rale 2025\"}]},{\"@type\":\"WebSite\",\"@id\":\"https:\\\/\\\/encretplomb.ch\\\/#website\",\"url\":\"https:\\\/\\\/encretplomb.ch\\\/\",\"name\":\"Atelier-Mus\u00e9e Encre &amp; Plomb\",\"description\":\"Mus\u00e9e vivant de la typographie\",\"publisher\":{\"@id\":\"https:\\\/\\\/encretplomb.ch\\\/#organization\"},\"potentialAction\":[{\"@type\":\"SearchAction\",\"target\":{\"@type\":\"EntryPoint\",\"urlTemplate\":\"https:\\\/\\\/encretplomb.ch\\\/?s={search_term_string}\"},\"query-input\":{\"@type\":\"PropertyValueSpecification\",\"valueRequired\":true,\"valueName\":\"search_term_string\"}}],\"inLanguage\":\"fr-FR\"},{\"@type\":\"Organization\",\"@id\":\"https:\\\/\\\/encretplomb.ch\\\/#organization\",\"name\":\"Atelier Mus\u00e9e de la Typographie\",\"url\":\"https:\\\/\\\/encretplomb.ch\\\/\",\"logo\":{\"@type\":\"ImageObject\",\"inLanguage\":\"fr-FR\",\"@id\":\"https:\\\/\\\/encretplomb.ch\\\/#\\\/schema\\\/logo\\\/image\\\/\",\"url\":\"https:\\\/\\\/i0.wp.com\\\/encretplomb.ch\\\/wp-content\\\/uploads\\\/2021\\\/05\\\/cropped-Logo_AEP-12-1.04.18-Original-.jpg?fit=1591%2C653&ssl=1\",\"contentUrl\":\"https:\\\/\\\/i0.wp.com\\\/encretplomb.ch\\\/wp-content\\\/uploads\\\/2021\\\/05\\\/cropped-Logo_AEP-12-1.04.18-Original-.jpg?fit=1591%2C653&ssl=1\",\"width\":1591,\"height\":653,\"caption\":\"Atelier Mus\u00e9e de la Typographie\"},\"image\":{\"@id\":\"https:\\\/\\\/encretplomb.ch\\\/#\\\/schema\\\/logo\\\/image\\\/\"}}]}<\/script>\n<!-- \/ Yoast SEO plugin. -->","yoast_head_json":{"title":"Assembl\u00e9e g\u00e9n\u00e9rale 2025 - Atelier-Mus\u00e9e Encre &amp; Plomb","robots":{"index":"index","follow":"follow","max-snippet":"max-snippet:-1","max-image-preview":"max-image-preview:large","max-video-preview":"max-video-preview:-1"},"canonical":"https:\/\/encretplomb.ch\/index.php\/assemblee-generale-2025\/","og_locale":"fr_FR","og_type":"article","og_title":"Assembl\u00e9e g\u00e9n\u00e9rale 2025 - Atelier-Mus\u00e9e Encre &amp; Plomb","og_description":"Assembl\u00e9e g\u00e9n\u00e9rale 2025 Une trentaine de membres et Compagnons ont ralli\u00e9 l\u2019Atelier-Mus\u00e9e Encre &amp; Plomb ce 30 avril, pour assister \u00e0 l\u2019Assembl\u00e9e G\u00e9n\u00e9rale. Dans son rapport, le pr\u00e9sident Jean-Pierre Villard a soulign\u00e9 le magnifique succ\u00e8s de la journ\u00e9e des Portes ouvertes du 16 novembre marquant le 25e anniversaire de l\u2019Atelier-Mus\u00e9e. Une affluence importante nous a&hellip;","og_url":"https:\/\/encretplomb.ch\/index.php\/assemblee-generale-2025\/","og_site_name":"Atelier-Mus\u00e9e Encre &amp; Plomb","article_modified_time":"2025-05-19T06:00:10+00:00","twitter_card":"summary_large_image","twitter_misc":{"Dur\u00e9e de lecture estim\u00e9e":"2 minutes"},"schema":{"@context":"https:\/\/schema.org","@graph":[{"@type":"WebPage","@id":"https:\/\/encretplomb.ch\/index.php\/assemblee-generale-2025\/","url":"https:\/\/encretplomb.ch\/index.php\/assemblee-generale-2025\/","name":"Assembl\u00e9e g\u00e9n\u00e9rale 2025 - Atelier-Mus\u00e9e Encre &amp; Plomb","isPartOf":{"@id":"https:\/\/encretplomb.ch\/#website"},"datePublished":"2025-05-19T05:57:44+00:00","dateModified":"2025-05-19T06:00:10+00:00","breadcrumb":{"@id":"https:\/\/encretplomb.ch\/index.php\/assemblee-generale-2025\/#breadcrumb"},"inLanguage":"fr-FR","potentialAction":[{"@type":"ReadAction","target":["https:\/\/encretplomb.ch\/index.php\/assemblee-generale-2025\/"]}]},{"@type":"BreadcrumbList","@id":"https:\/\/encretplomb.ch\/index.php\/assemblee-generale-2025\/#breadcrumb","itemListElement":[{"@type":"ListItem","position":1,"name":"Accueil","item":"https:\/\/encretplomb.ch\/"},{"@type":"ListItem","position":2,"name":"Assembl\u00e9e g\u00e9n\u00e9rale 2025"}]},{"@type":"WebSite","@id":"https:\/\/encretplomb.ch\/#website","url":"https:\/\/encretplomb.ch\/","name":"Atelier-Mus\u00e9e Encre &amp; Plomb","description":"Mus\u00e9e vivant de la typographie","publisher":{"@id":"https:\/\/encretplomb.ch\/#organization"},"potentialAction":[{"@type":"SearchAction","target":{"@type":"EntryPoint","urlTemplate":"https:\/\/encretplomb.ch\/?s={search_term_string}"},"query-input":{"@type":"PropertyValueSpecification","valueRequired":true,"valueName":"search_term_string"}}],"inLanguage":"fr-FR"},{"@type":"Organization","@id":"https:\/\/encretplomb.ch\/#organization","name":"Atelier Mus\u00e9e de la Typographie","url":"https:\/\/encretplomb.ch\/","logo":{"@type":"ImageObject","inLanguage":"fr-FR","@id":"https:\/\/encretplomb.ch\/#\/schema\/logo\/image\/","url":"https:\/\/i0.wp.com\/encretplomb.ch\/wp-content\/uploads\/2021\/05\/cropped-Logo_AEP-12-1.04.18-Original-.jpg?fit=1591%2C653&ssl=1","contentUrl":"https:\/\/i0.wp.com\/encretplomb.ch\/wp-content\/uploads\/2021\/05\/cropped-Logo_AEP-12-1.04.18-Original-.jpg?fit=1591%2C653&ssl=1","width":1591,"height":653,"caption":"Atelier Mus\u00e9e de la Typographie"},"image":{"@id":"https:\/\/encretplomb.ch\/#\/schema\/logo\/image\/"}}]}},"jetpack_sharing_enabled":true,"_links":{"self":[{"href":"https:\/\/encretplomb.ch\/index.php\/wp-json\/wp\/v2\/pages\/6259","targetHints":{"allow":["GET"]}}],"collection":[{"href":"https:\/\/encretplomb.ch\/index.php\/wp-json\/wp\/v2\/pages"}],"about":[{"href":"https:\/\/encretplomb.ch\/index.php\/wp-json\/wp\/v2\/types\/page"}],"author":[{"embeddable":true,"href":"https:\/\/encretplomb.ch\/index.php\/wp-json\/wp\/v2\/users\/9"}],"replies":[{"embeddable":true,"href":"https:\/\/encretplomb.ch\/index.php\/wp-json\/wp\/v2\/comments?post=6259"}],"version-history":[{"count":3,"href":"https:\/\/encretplomb.ch\/index.php\/wp-json\/wp\/v2\/pages\/6259\/revisions"}],"predecessor-version":[{"id":6264,"href":"https:\/\/encretplomb.ch\/index.php\/wp-json\/wp\/v2\/pages\/6259\/revisions\/6264"}],"wp:attachment":[{"href":"https:\/\/encretplomb.ch\/index.php\/wp-json\/wp\/v2\/media?parent=6259"}],"curies":[{"name":"wp","href":"https:\/\/api.w.org\/{rel}","templated":true}]}}