{"id":662,"date":"2016-01-11T00:08:50","date_gmt":"2016-01-10T23:08:50","guid":{"rendered":"https:\/\/encretplomb.ch\/wp-projet\/?page_id=662"},"modified":"2021-09-11T12:30:06","modified_gmt":"2021-09-11T10:30:06","slug":"autres_publications","status":"publish","type":"page","link":"https:\/\/encretplomb.ch\/index.php\/autres_publications\/","title":{"rendered":"Autres publications"},"content":{"rendered":"\n<h2 class=\"has-text-align-center wp-block-heading\">Autres publications de l&rsquo;Atelier-Mus\u00e9e Encre &amp; Plomb<\/h2>\n\n\n\n<div class=\"wp-block-group alignwide\"><div class=\"wp-block-group__inner-container is-layout-flow wp-block-group-is-layout-flow\">\n<div class=\"wp-block-media-text alignwide is-stacked-on-mobile\" style=\"grid-template-columns:24% auto\"><figure class=\"wp-block-media-text__media\"><img data-recalc-dims=\"1\" loading=\"lazy\" decoding=\"async\" width=\"580\" height=\"838\" data-attachment-id=\"3057\" data-permalink=\"https:\/\/encretplomb.ch\/img_8468\/\" data-orig-file=\"https:\/\/i0.wp.com\/encretplomb.ch\/wp-content\/uploads\/2018\/11\/IMG_8468-e1556607776864.jpeg?fit=400%2C578&amp;ssl=1\" data-orig-size=\"400,578\" data-comments-opened=\"1\" data-image-meta=\"{&quot;aperture&quot;:&quot;3.2&quot;,&quot;credit&quot;:&quot;&quot;,&quot;camera&quot;:&quot;Canon PowerShot G7 X&quot;,&quot;caption&quot;:&quot;&quot;,&quot;created_timestamp&quot;:&quot;1536337951&quot;,&quot;copyright&quot;:&quot;&quot;,&quot;focal_length&quot;:&quot;8.8&quot;,&quot;iso&quot;:&quot;125&quot;,&quot;shutter_speed&quot;:&quot;0.033333333333333&quot;,&quot;title&quot;:&quot;&quot;,&quot;orientation&quot;:&quot;0&quot;}\" data-image-title=\"IMG_8468\" data-image-description=\"\" data-image-caption=\"\" data-large-file=\"https:\/\/i0.wp.com\/encretplomb.ch\/wp-content\/uploads\/2018\/11\/IMG_8468-e1556607776864.jpeg?fit=580%2C838&amp;ssl=1\" src=\"https:\/\/i0.wp.com\/encretplomb.ch\/wp-content\/uploads\/2018\/11\/IMG_8468.jpeg?resize=580%2C838&#038;ssl=1\" alt=\"\" class=\"wp-image-3057 size-full\"\/><\/figure><div class=\"wp-block-media-text__content\">\n<h2 class=\"has-vivid-red-color has-text-color wp-block-heading\"><strong>\u00ab\u00a0typographes et imprimeurs en suisse romande &#8211; une histoire\u00a0\u00bb<\/strong><\/h2>\n\n\n\n<p>Ce livre est une \u0153uvre collective r\u00e9alis\u00e9e par d&rsquo;anciens professionnels passionn\u00e9s, b\u00e9n\u00e9voles \u00e0 l\u2019Atelier-Mus\u00e9e Encre &amp; Plomb.<br><br><em><strong>En vente au prix de: CHF 40.-&nbsp;(+ frais de port CHF 9.-)<br><\/strong>(CHF 10.- de r\u00e9duction pour les membres \u00e0 jour de leur cotisation)<\/em><\/p>\n\n\n\n<p><a href=\"https:\/\/encretplomb.ch\/index.php\/contact\/\">Vous pouvez le commander<\/a><\/p>\n\n\n\n<p><em><a href=\"https:\/\/encretplomb.ch\/index.php\/typographes-une-histoire\/\">Pour en savoir plus&#8230;<\/a><\/em><\/p>\n<\/div><\/div>\n<\/div><\/div>\n\n\n\n<p> <\/p>\n\n\n\n<div class=\"wp-block-media-text alignwide is-stacked-on-mobile\" style=\"grid-template-columns:23% auto\"><figure class=\"wp-block-media-text__media\"><img data-recalc-dims=\"1\" loading=\"lazy\" decoding=\"async\" width=\"477\" height=\"753\" data-attachment-id=\"3792\" data-permalink=\"https:\/\/encretplomb.ch\/pllaquette-aep\/\" data-orig-file=\"https:\/\/i0.wp.com\/encretplomb.ch\/wp-content\/uploads\/2020\/02\/Pllaquette-AEP.jpg?fit=477%2C753&amp;ssl=1\" data-orig-size=\"477,753\" data-comments-opened=\"1\" data-image-meta=\"{&quot;aperture&quot;:&quot;0&quot;,&quot;credit&quot;:&quot;&quot;,&quot;camera&quot;:&quot;&quot;,&quot;caption&quot;:&quot;&quot;,&quot;created_timestamp&quot;:&quot;0&quot;,&quot;copyright&quot;:&quot;&quot;,&quot;focal_length&quot;:&quot;0&quot;,&quot;iso&quot;:&quot;0&quot;,&quot;shutter_speed&quot;:&quot;0&quot;,&quot;title&quot;:&quot;&quot;,&quot;orientation&quot;:&quot;1&quot;}\" data-image-title=\"Pllaquette AEP\" data-image-description=\"\" data-image-caption=\"\" data-large-file=\"https:\/\/i0.wp.com\/encretplomb.ch\/wp-content\/uploads\/2020\/02\/Pllaquette-AEP.jpg?fit=477%2C753&amp;ssl=1\" src=\"https:\/\/i0.wp.com\/encretplomb.ch\/wp-content\/uploads\/2020\/02\/Pllaquette-AEP.jpg?resize=477%2C753&#038;ssl=1\" alt=\"\" class=\"wp-image-3792 size-full\" srcset=\"https:\/\/i0.wp.com\/encretplomb.ch\/wp-content\/uploads\/2020\/02\/Pllaquette-AEP.jpg?w=477&amp;ssl=1 477w, https:\/\/i0.wp.com\/encretplomb.ch\/wp-content\/uploads\/2020\/02\/Pllaquette-AEP.jpg?resize=190%2C300&amp;ssl=1 190w\" sizes=\"auto, (max-width: 477px) 100vw, 477px\" \/><\/figure><div class=\"wp-block-media-text__content\">\n<h2 class=\"has-vivid-red-color has-text-color wp-block-heading\"><strong>Plaquette Encre &amp; Plomb<\/strong><\/h2>\n\n\n\n<p>Nous vous faisons volontiers parvenir notre&nbsp;plaquette de pr\u00e9sentation de l&rsquo;Atelier-Mus\u00e9e Encre &amp; Plomb.<\/p>\n\n\n\n<p><a href=\"https:\/\/encretplomb.ch\/wp-content\/uploads\/2016\/04\/Plaquette-Encre-Plomb.pdf\" target=\"_blank\" rel=\"noreferrer noopener\" aria-label=\" (opens in a new tab)\"><em>Acc\u00e8s \u00e0 la brochure<\/em><\/a><\/p>\n<\/div><\/div>\n\n\n\n<p><\/p>\n\n\n\n<div class=\"wp-block-media-text alignwide is-stacked-on-mobile\" style=\"grid-template-columns:22% auto\"><figure class=\"wp-block-media-text__media\"><img data-recalc-dims=\"1\" loading=\"lazy\" decoding=\"async\" width=\"580\" height=\"820\" data-attachment-id=\"3330\" data-permalink=\"https:\/\/encretplomb.ch\/equipementscouv\/\" data-orig-file=\"https:\/\/i0.wp.com\/encretplomb.ch\/wp-content\/uploads\/2019\/04\/EquipementsCouv.jpg?fit=794%2C1123&amp;ssl=1\" data-orig-size=\"794,1123\" data-comments-opened=\"1\" data-image-meta=\"{&quot;aperture&quot;:&quot;0&quot;,&quot;credit&quot;:&quot;&quot;,&quot;camera&quot;:&quot;&quot;,&quot;caption&quot;:&quot;&quot;,&quot;created_timestamp&quot;:&quot;0&quot;,&quot;copyright&quot;:&quot;&quot;,&quot;focal_length&quot;:&quot;0&quot;,&quot;iso&quot;:&quot;0&quot;,&quot;shutter_speed&quot;:&quot;0&quot;,&quot;title&quot;:&quot;&quot;,&quot;orientation&quot;:&quot;0&quot;}\" data-image-title=\"EquipementsCouv\" data-image-description=\"\" data-image-caption=\"\" data-large-file=\"https:\/\/i0.wp.com\/encretplomb.ch\/wp-content\/uploads\/2019\/04\/EquipementsCouv.jpg?fit=580%2C820&amp;ssl=1\" src=\"https:\/\/i0.wp.com\/encretplomb.ch\/wp-content\/uploads\/2019\/04\/EquipementsCouv.jpg?resize=580%2C820&#038;ssl=1\" alt=\"\" class=\"wp-image-3330 size-full\" srcset=\"https:\/\/i0.wp.com\/encretplomb.ch\/wp-content\/uploads\/2019\/04\/EquipementsCouv.jpg?resize=724%2C1024&amp;ssl=1 724w, https:\/\/i0.wp.com\/encretplomb.ch\/wp-content\/uploads\/2019\/04\/EquipementsCouv.jpg?resize=212%2C300&amp;ssl=1 212w, https:\/\/i0.wp.com\/encretplomb.ch\/wp-content\/uploads\/2019\/04\/EquipementsCouv.jpg?w=794&amp;ssl=1 794w\" sizes=\"auto, (max-width: 580px) 100vw, 580px\" \/><\/figure><div class=\"wp-block-media-text__content\">\n<h2 class=\"has-vivid-red-color has-text-color wp-block-heading\"><strong>Liste des \u00e9quipements Encre &amp; Plomb<\/strong><\/h2>\n\n\n\n<p>Notre d\u00e9sir \u00e9tant de l\u00e9guer \u00e0 nos descendants une partie du patrimoine industriel des arts graphiques, nous animons l\u2019Atelier-Mus\u00e9e Encre &amp; Plomb en maintenant en \u00e9tat de marche tout le parc de machines.<\/p>\n\n\n\n<p><em><a rel=\"noreferrer noopener\" aria-label=\"En savoir plus.. (opens in a new tab)\" href=\"https:\/\/encretplomb.ch\/wp-content\/uploads\/2016\/04\/Liste-\u00e9quipements-Encre-Plomb.pdf\" target=\"_blank\">En savoir plus..<\/a><a rel=\"noreferrer noopener\" aria-label=\" (s\u2019ouvre dans un nouvel onglet)\" href=\"https:\/\/encretplomb.ch\/wp-content\/uploads\/2019\/11\/Catalogue-biblioth\u00e8que-04.11.19.pdf\" target=\"_blank\">.<\/a><\/em><\/p>\n<\/div><\/div>\n\n\n\n<p> <\/p>\n\n\n\n<div class=\"wp-block-media-text alignwide is-stacked-on-mobile\" style=\"grid-template-columns:22% auto\"><figure class=\"wp-block-media-text__media\"><img data-recalc-dims=\"1\" loading=\"lazy\" decoding=\"async\" width=\"580\" height=\"820\" data-attachment-id=\"3245\" data-permalink=\"https:\/\/encretplomb.ch\/sans-nom-1-2\/\" data-orig-file=\"https:\/\/i0.wp.com\/encretplomb.ch\/wp-content\/uploads\/2019\/04\/Sans-nom-1-e1556440940895.jpg?fit=500%2C707&amp;ssl=1\" data-orig-size=\"500,707\" data-comments-opened=\"1\" data-image-meta=\"{&quot;aperture&quot;:&quot;0&quot;,&quot;credit&quot;:&quot;&quot;,&quot;camera&quot;:&quot;&quot;,&quot;caption&quot;:&quot;&quot;,&quot;created_timestamp&quot;:&quot;0&quot;,&quot;copyright&quot;:&quot;&quot;,&quot;focal_length&quot;:&quot;0&quot;,&quot;iso&quot;:&quot;0&quot;,&quot;shutter_speed&quot;:&quot;0&quot;,&quot;title&quot;:&quot;&quot;,&quot;orientation&quot;:&quot;0&quot;}\" data-image-title=\"Sans nom 1\" data-image-description=\"\" data-image-caption=\"\" data-large-file=\"https:\/\/i0.wp.com\/encretplomb.ch\/wp-content\/uploads\/2019\/04\/Sans-nom-1-e1556440940895.jpg?fit=580%2C820&amp;ssl=1\" src=\"https:\/\/i0.wp.com\/encretplomb.ch\/wp-content\/uploads\/2019\/04\/Sans-nom-1.jpg?resize=580%2C820&#038;ssl=1\" alt=\"\" class=\"wp-image-3245 size-full\"\/><\/figure><div class=\"wp-block-media-text__content\">\n<h2 class=\"has-vivid-red-color has-text-color wp-block-heading\"><strong>Biblioth\u00e8que Encre &amp; Plomb<\/strong><\/h2>\n\n\n\n<p>Les quelques 500 volumes traitant des arts graphiques de la biblioth\u00e8que Encre &amp; Plomb sont r\u00e9pertori\u00e9s dans un catalogue.<\/p>\n\n\n\n<p> <br><em><a href=\"https:\/\/encretplomb.ch\/wp-content\/uploads\/2019\/11\/Catalogue-biblioth\u00e8que-04.11.19.pdf\" target=\"_blank\" rel=\"noreferrer noopener\" aria-label=\" (opens in a new tab)\">Acc\u00e8s au catalogue<\/a><\/em><\/p>\n<\/div><\/div>\n\n\n\n<p> <\/p>\n\n\n\n<div class=\"wp-block-media-text alignwide is-stacked-on-mobile\" style=\"grid-template-columns:22% auto\"><figure class=\"wp-block-media-text__media\"><img data-recalc-dims=\"1\" loading=\"lazy\" decoding=\"async\" width=\"580\" height=\"237\" data-attachment-id=\"2882\" data-permalink=\"https:\/\/encretplomb.ch\/logo_aep-12-04-18-original-copie\/\" data-orig-file=\"https:\/\/i0.wp.com\/encretplomb.ch\/wp-content\/uploads\/2018\/06\/Logo_AEP-12.04.18-Original-copie.png?fit=591%2C242&amp;ssl=1\" data-orig-size=\"591,242\" data-comments-opened=\"1\" data-image-meta=\"{&quot;aperture&quot;:&quot;0&quot;,&quot;credit&quot;:&quot;&quot;,&quot;camera&quot;:&quot;&quot;,&quot;caption&quot;:&quot;&quot;,&quot;created_timestamp&quot;:&quot;0&quot;,&quot;copyright&quot;:&quot;&quot;,&quot;focal_length&quot;:&quot;0&quot;,&quot;iso&quot;:&quot;0&quot;,&quot;shutter_speed&quot;:&quot;0&quot;,&quot;title&quot;:&quot;&quot;,&quot;orientation&quot;:&quot;0&quot;}\" data-image-title=\"Logo_AEP 12.04.18-Original copie\" data-image-description=\"\" data-image-caption=\"\" data-large-file=\"https:\/\/i0.wp.com\/encretplomb.ch\/wp-content\/uploads\/2018\/06\/Logo_AEP-12.04.18-Original-copie.png?fit=580%2C237&amp;ssl=1\" src=\"https:\/\/i0.wp.com\/encretplomb.ch\/wp-content\/uploads\/2018\/06\/Logo_AEP-12.04.18-Original-copie.png?resize=580%2C237&#038;ssl=1\" alt=\"\" class=\"wp-image-2882 size-full\" srcset=\"https:\/\/i0.wp.com\/encretplomb.ch\/wp-content\/uploads\/2018\/06\/Logo_AEP-12.04.18-Original-copie.png?w=591&amp;ssl=1 591w, https:\/\/i0.wp.com\/encretplomb.ch\/wp-content\/uploads\/2018\/06\/Logo_AEP-12.04.18-Original-copie.png?resize=300%2C123&amp;ssl=1 300w\" sizes=\"auto, (max-width: 580px) 100vw, 580px\" \/><\/figure><div class=\"wp-block-media-text__content\">\n<h2 class=\"has-vivid-red-color has-text-color wp-block-heading\"><strong>Prospectus Encre &amp; Plomb<\/strong><\/h2>\n\n\n\n<p class=\"has-normal-font-size\"> <strong><a href=\"https:\/\/encretplomb.ch\/wp-content\/uploads\/2016\/04\/A-propos-visite-2016.pdf\" target=\"_blank\" rel=\"noreferrer noopener\">A propos de l&rsquo;Atelier-Mus\u00e9e Encre &amp; Plomb<\/a><\/strong> <\/p>\n\n\n\n<p class=\"has-normal-font-size\"><strong><a href=\"https:\/\/encretplomb.ch\/wp-content\/uploads\/2020\/04\/Plan-acc\u00e8s-AEP.jpg\" target=\"_blank\" rel=\"noreferrer noopener\" aria-label=\"Plan d'acc\u00e8s (opens in a new tab)\">Plan d&rsquo;acc\u00e8s<\/a><\/strong><\/p>\n<\/div><\/div>\n\n\n\n<p><a href=\"https:\/\/encretplomb.ch\/\"><img data-recalc-dims=\"1\" decoding=\"async\" src=\"https:\/\/i0.wp.com\/encretplomb.ch\/wp-content\/uploads\/2021\/06\/93634-e1622902593923.png?w=580&#038;ssl=1\" alt=\"\" \/><\/a><\/p>\n","protected":false},"excerpt":{"rendered":"<p>Autres publications de l&rsquo;Atelier-Mus\u00e9e Encre &amp; Plomb \u00ab\u00a0typographes et imprimeurs en suisse romande &#8211; une histoire\u00a0\u00bb Ce livre est une \u0153uvre collective r\u00e9alis\u00e9e par d&rsquo;anciens professionnels passionn\u00e9s, b\u00e9n\u00e9voles \u00e0 l\u2019Atelier-Mus\u00e9e Encre &amp; Plomb. En vente au prix de: CHF 40.-&nbsp;(+ frais de port CHF 9.-)(CHF 10.- de r\u00e9duction pour les membres \u00e0 jour de leur&hellip;<\/p>\n","protected":false},"author":7,"featured_media":0,"parent":0,"menu_order":0,"comment_status":"closed","ping_status":"closed","template":"","meta":{"footnotes":""},"class_list":["post-662","page","type-page","status-publish","hentry"],"yoast_head":"<!-- This site is optimized with the Yoast SEO plugin v27.4 - https:\/\/yoast.com\/product\/yoast-seo-wordpress\/ -->\n<title>Autres publications - Atelier-Mus\u00e9e Encre &amp; Plomb<\/title>\n<meta name=\"robots\" content=\"index, follow, max-snippet:-1, max-image-preview:large, max-video-preview:-1\" \/>\n<link rel=\"canonical\" href=\"https:\/\/encretplomb.ch\/index.php\/autres_publications\/\" \/>\n<meta property=\"og:locale\" content=\"fr_FR\" \/>\n<meta property=\"og:type\" content=\"article\" \/>\n<meta property=\"og:title\" content=\"Autres publications - Atelier-Mus\u00e9e Encre &amp; Plomb\" \/>\n<meta property=\"og:description\" content=\"Autres publications de l&rsquo;Atelier-Mus\u00e9e Encre &amp; Plomb \u00ab\u00a0typographes et imprimeurs en suisse romande &#8211; une histoire\u00a0\u00bb Ce livre est une \u0153uvre collective r\u00e9alis\u00e9e par d&rsquo;anciens professionnels passionn\u00e9s, b\u00e9n\u00e9voles \u00e0 l\u2019Atelier-Mus\u00e9e Encre &amp; Plomb. En vente au prix de: CHF 40.-&nbsp;(+ frais de port CHF 9.-)(CHF 10.- de r\u00e9duction pour les membres \u00e0 jour de leur&hellip;\" \/>\n<meta property=\"og:url\" content=\"https:\/\/encretplomb.ch\/index.php\/autres_publications\/\" \/>\n<meta property=\"og:site_name\" content=\"Atelier-Mus\u00e9e Encre &amp; Plomb\" \/>\n<meta property=\"article:modified_time\" content=\"2021-09-11T10:30:06+00:00\" \/>\n<meta property=\"og:image\" content=\"https:\/\/encretplomb.ch\/wp-content\/uploads\/2018\/11\/IMG_8468-709x1024.jpeg\" \/>\n<meta name=\"twitter:card\" content=\"summary_large_image\" \/>\n<meta name=\"twitter:label1\" content=\"Dur\u00e9e de lecture estim\u00e9e\" \/>\n\t<meta name=\"twitter:data1\" content=\"1 minute\" \/>\n<script type=\"application\/ld+json\" class=\"yoast-schema-graph\">{\"@context\":\"https:\\\/\\\/schema.org\",\"@graph\":[{\"@type\":\"WebPage\",\"@id\":\"https:\\\/\\\/encretplomb.ch\\\/index.php\\\/autres_publications\\\/\",\"url\":\"https:\\\/\\\/encretplomb.ch\\\/index.php\\\/autres_publications\\\/\",\"name\":\"Autres publications - Atelier-Mus\u00e9e Encre &amp; Plomb\",\"isPartOf\":{\"@id\":\"https:\\\/\\\/encretplomb.ch\\\/#website\"},\"primaryImageOfPage\":{\"@id\":\"https:\\\/\\\/encretplomb.ch\\\/index.php\\\/autres_publications\\\/#primaryimage\"},\"image\":{\"@id\":\"https:\\\/\\\/encretplomb.ch\\\/index.php\\\/autres_publications\\\/#primaryimage\"},\"thumbnailUrl\":\"https:\\\/\\\/encretplomb.ch\\\/wp-content\\\/uploads\\\/2018\\\/11\\\/IMG_8468-709x1024.jpeg\",\"datePublished\":\"2016-01-10T23:08:50+00:00\",\"dateModified\":\"2021-09-11T10:30:06+00:00\",\"breadcrumb\":{\"@id\":\"https:\\\/\\\/encretplomb.ch\\\/index.php\\\/autres_publications\\\/#breadcrumb\"},\"inLanguage\":\"fr-FR\",\"potentialAction\":[{\"@type\":\"ReadAction\",\"target\":[\"https:\\\/\\\/encretplomb.ch\\\/index.php\\\/autres_publications\\\/\"]}]},{\"@type\":\"ImageObject\",\"inLanguage\":\"fr-FR\",\"@id\":\"https:\\\/\\\/encretplomb.ch\\\/index.php\\\/autres_publications\\\/#primaryimage\",\"url\":\"https:\\\/\\\/encretplomb.ch\\\/wp-content\\\/uploads\\\/2018\\\/11\\\/IMG_8468-709x1024.jpeg\",\"contentUrl\":\"https:\\\/\\\/encretplomb.ch\\\/wp-content\\\/uploads\\\/2018\\\/11\\\/IMG_8468-709x1024.jpeg\"},{\"@type\":\"BreadcrumbList\",\"@id\":\"https:\\\/\\\/encretplomb.ch\\\/index.php\\\/autres_publications\\\/#breadcrumb\",\"itemListElement\":[{\"@type\":\"ListItem\",\"position\":1,\"name\":\"Accueil\",\"item\":\"https:\\\/\\\/encretplomb.ch\\\/\"},{\"@type\":\"ListItem\",\"position\":2,\"name\":\"Autres publications\"}]},{\"@type\":\"WebSite\",\"@id\":\"https:\\\/\\\/encretplomb.ch\\\/#website\",\"url\":\"https:\\\/\\\/encretplomb.ch\\\/\",\"name\":\"Atelier-Mus\u00e9e Encre &amp; Plomb\",\"description\":\"Mus\u00e9e vivant de la typographie\",\"publisher\":{\"@id\":\"https:\\\/\\\/encretplomb.ch\\\/#organization\"},\"potentialAction\":[{\"@type\":\"SearchAction\",\"target\":{\"@type\":\"EntryPoint\",\"urlTemplate\":\"https:\\\/\\\/encretplomb.ch\\\/?s={search_term_string}\"},\"query-input\":{\"@type\":\"PropertyValueSpecification\",\"valueRequired\":true,\"valueName\":\"search_term_string\"}}],\"inLanguage\":\"fr-FR\"},{\"@type\":\"Organization\",\"@id\":\"https:\\\/\\\/encretplomb.ch\\\/#organization\",\"name\":\"Atelier Mus\u00e9e de la Typographie\",\"url\":\"https:\\\/\\\/encretplomb.ch\\\/\",\"logo\":{\"@type\":\"ImageObject\",\"inLanguage\":\"fr-FR\",\"@id\":\"https:\\\/\\\/encretplomb.ch\\\/#\\\/schema\\\/logo\\\/image\\\/\",\"url\":\"https:\\\/\\\/i0.wp.com\\\/encretplomb.ch\\\/wp-content\\\/uploads\\\/2021\\\/05\\\/cropped-Logo_AEP-12-1.04.18-Original-.jpg?fit=1591%2C653&ssl=1\",\"contentUrl\":\"https:\\\/\\\/i0.wp.com\\\/encretplomb.ch\\\/wp-content\\\/uploads\\\/2021\\\/05\\\/cropped-Logo_AEP-12-1.04.18-Original-.jpg?fit=1591%2C653&ssl=1\",\"width\":1591,\"height\":653,\"caption\":\"Atelier Mus\u00e9e de la Typographie\"},\"image\":{\"@id\":\"https:\\\/\\\/encretplomb.ch\\\/#\\\/schema\\\/logo\\\/image\\\/\"}}]}<\/script>\n<!-- \/ Yoast SEO plugin. -->","yoast_head_json":{"title":"Autres publications - Atelier-Mus\u00e9e Encre &amp; Plomb","robots":{"index":"index","follow":"follow","max-snippet":"max-snippet:-1","max-image-preview":"max-image-preview:large","max-video-preview":"max-video-preview:-1"},"canonical":"https:\/\/encretplomb.ch\/index.php\/autres_publications\/","og_locale":"fr_FR","og_type":"article","og_title":"Autres publications - Atelier-Mus\u00e9e Encre &amp; Plomb","og_description":"Autres publications de l&rsquo;Atelier-Mus\u00e9e Encre &amp; Plomb \u00ab\u00a0typographes et imprimeurs en suisse romande &#8211; une histoire\u00a0\u00bb Ce livre est une \u0153uvre collective r\u00e9alis\u00e9e par d&rsquo;anciens professionnels passionn\u00e9s, b\u00e9n\u00e9voles \u00e0 l\u2019Atelier-Mus\u00e9e Encre &amp; Plomb. En vente au prix de: CHF 40.-&nbsp;(+ frais de port CHF 9.-)(CHF 10.- de r\u00e9duction pour les membres \u00e0 jour de leur&hellip;","og_url":"https:\/\/encretplomb.ch\/index.php\/autres_publications\/","og_site_name":"Atelier-Mus\u00e9e Encre &amp; Plomb","article_modified_time":"2021-09-11T10:30:06+00:00","og_image":[{"url":"https:\/\/encretplomb.ch\/wp-content\/uploads\/2018\/11\/IMG_8468-709x1024.jpeg","type":"","width":"","height":""}],"twitter_card":"summary_large_image","twitter_misc":{"Dur\u00e9e de lecture estim\u00e9e":"1 minute"},"schema":{"@context":"https:\/\/schema.org","@graph":[{"@type":"WebPage","@id":"https:\/\/encretplomb.ch\/index.php\/autres_publications\/","url":"https:\/\/encretplomb.ch\/index.php\/autres_publications\/","name":"Autres publications - Atelier-Mus\u00e9e Encre &amp; Plomb","isPartOf":{"@id":"https:\/\/encretplomb.ch\/#website"},"primaryImageOfPage":{"@id":"https:\/\/encretplomb.ch\/index.php\/autres_publications\/#primaryimage"},"image":{"@id":"https:\/\/encretplomb.ch\/index.php\/autres_publications\/#primaryimage"},"thumbnailUrl":"https:\/\/encretplomb.ch\/wp-content\/uploads\/2018\/11\/IMG_8468-709x1024.jpeg","datePublished":"2016-01-10T23:08:50+00:00","dateModified":"2021-09-11T10:30:06+00:00","breadcrumb":{"@id":"https:\/\/encretplomb.ch\/index.php\/autres_publications\/#breadcrumb"},"inLanguage":"fr-FR","potentialAction":[{"@type":"ReadAction","target":["https:\/\/encretplomb.ch\/index.php\/autres_publications\/"]}]},{"@type":"ImageObject","inLanguage":"fr-FR","@id":"https:\/\/encretplomb.ch\/index.php\/autres_publications\/#primaryimage","url":"https:\/\/encretplomb.ch\/wp-content\/uploads\/2018\/11\/IMG_8468-709x1024.jpeg","contentUrl":"https:\/\/encretplomb.ch\/wp-content\/uploads\/2018\/11\/IMG_8468-709x1024.jpeg"},{"@type":"BreadcrumbList","@id":"https:\/\/encretplomb.ch\/index.php\/autres_publications\/#breadcrumb","itemListElement":[{"@type":"ListItem","position":1,"name":"Accueil","item":"https:\/\/encretplomb.ch\/"},{"@type":"ListItem","position":2,"name":"Autres publications"}]},{"@type":"WebSite","@id":"https:\/\/encretplomb.ch\/#website","url":"https:\/\/encretplomb.ch\/","name":"Atelier-Mus\u00e9e Encre &amp; Plomb","description":"Mus\u00e9e vivant de la typographie","publisher":{"@id":"https:\/\/encretplomb.ch\/#organization"},"potentialAction":[{"@type":"SearchAction","target":{"@type":"EntryPoint","urlTemplate":"https:\/\/encretplomb.ch\/?s={search_term_string}"},"query-input":{"@type":"PropertyValueSpecification","valueRequired":true,"valueName":"search_term_string"}}],"inLanguage":"fr-FR"},{"@type":"Organization","@id":"https:\/\/encretplomb.ch\/#organization","name":"Atelier Mus\u00e9e de la Typographie","url":"https:\/\/encretplomb.ch\/","logo":{"@type":"ImageObject","inLanguage":"fr-FR","@id":"https:\/\/encretplomb.ch\/#\/schema\/logo\/image\/","url":"https:\/\/i0.wp.com\/encretplomb.ch\/wp-content\/uploads\/2021\/05\/cropped-Logo_AEP-12-1.04.18-Original-.jpg?fit=1591%2C653&ssl=1","contentUrl":"https:\/\/i0.wp.com\/encretplomb.ch\/wp-content\/uploads\/2021\/05\/cropped-Logo_AEP-12-1.04.18-Original-.jpg?fit=1591%2C653&ssl=1","width":1591,"height":653,"caption":"Atelier Mus\u00e9e de la Typographie"},"image":{"@id":"https:\/\/encretplomb.ch\/#\/schema\/logo\/image\/"}}]}},"jetpack_sharing_enabled":false,"_links":{"self":[{"href":"https:\/\/encretplomb.ch\/index.php\/wp-json\/wp\/v2\/pages\/662","targetHints":{"allow":["GET"]}}],"collection":[{"href":"https:\/\/encretplomb.ch\/index.php\/wp-json\/wp\/v2\/pages"}],"about":[{"href":"https:\/\/encretplomb.ch\/index.php\/wp-json\/wp\/v2\/types\/page"}],"author":[{"embeddable":true,"href":"https:\/\/encretplomb.ch\/index.php\/wp-json\/wp\/v2\/users\/7"}],"replies":[{"embeddable":true,"href":"https:\/\/encretplomb.ch\/index.php\/wp-json\/wp\/v2\/comments?post=662"}],"version-history":[{"count":175,"href":"https:\/\/encretplomb.ch\/index.php\/wp-json\/wp\/v2\/pages\/662\/revisions"}],"predecessor-version":[{"id":4985,"href":"https:\/\/encretplomb.ch\/index.php\/wp-json\/wp\/v2\/pages\/662\/revisions\/4985"}],"wp:attachment":[{"href":"https:\/\/encretplomb.ch\/index.php\/wp-json\/wp\/v2\/media?parent=662"}],"curies":[{"name":"wp","href":"https:\/\/api.w.org\/{rel}","templated":true}]}}