{"id":691,"date":"2016-01-12T23:40:50","date_gmt":"2016-01-12T21:40:50","guid":{"rendered":"https:\/\/encretplomb.ch\/wp-projet\/?page_id=691"},"modified":"2025-01-06T14:09:08","modified_gmt":"2025-01-06T13:09:08","slug":"liens-et-partenaires","status":"publish","type":"page","link":"https:\/\/encretplomb.ch\/index.php\/liens-et-partenaires\/","title":{"rendered":"Liens et partenaires"},"content":{"rendered":"\n<h2 class=\"wp-block-heading has-text-align-center\"><strong>Communes nous soutenant<\/strong><\/h2>\n\n\n\n<p class=\"has-text-align-center\"><a rel=\"noreferrer noopener\" href=\"http:\/\/www.chavannes.ch\" target=\"_blank\">Chavannes-pr\u00e8s-Renens<\/a>&nbsp; &#x2666;&nbsp;&nbsp;<a rel=\"noreferrer noopener\" href=\"http:\/\/www.crissier.ch\" target=\"_blank\">Crissier<\/a>&nbsp;&nbsp;&#x2666; &nbsp;<a rel=\"noreferrer noopener\" href=\"http:\/\/www.echandens.ch\" target=\"_blank\">Echandens<\/a>&nbsp;&nbsp;<br><a rel=\"noreferrer noopener\" href=\"http:\/\/www.prilly.ch\" target=\"_blank\">Prilly<\/a>&nbsp; &#x2666;&nbsp;&nbsp;<a rel=\"noreferrer noopener\" href=\"http:\/\/www.renens.ch\" target=\"_blank\">Renens<\/a>&nbsp; &#x2666;&nbsp;&nbsp;<a rel=\"noreferrer noopener\" href=\"http:\/\/www.st-sulpice.ch\" target=\"_blank\">Saint-Sulpice<\/a>&nbsp;&nbsp;&#x2666; &nbsp;<a rel=\"noreferrer noopener\" href=\"http:\/\/www.villars-sainte-croix.ch\" target=\"_blank\">Villars-Ste-Croix<\/a><\/p>\n\n\n\n<h2 class=\"wp-block-heading has-text-align-center\">Autres mus\u00e9es de l&rsquo;imprimerie<\/h2>\n\n\n\n<p class=\"has-text-align-center\"><a href=\"http:\/\/www.espacegutenberg.ch\" target=\"_blank\" rel=\"noreferrer noopener\">Espace Gutenberg, Yvonand<\/a>\u00a0\u00a0&#x2666;\u00a0 <a href=\"http:\/\/www.lecadratin.ch\/\" target=\"_blank\" rel=\"noreferrer noopener\">Le Cadratin, Sottens<\/a>\u00a0\u00a0&#x2666;\u00a0\u00a0<a href=\"https:\/\/www.gutenbergmuseum.ch\/fr\/\" target=\"_blank\" rel=\"noreferrer noopener\">Mus\u00e9e <\/a><br><a href=\"http:\/\/www.gilde-gutenberg.ch\/\" target=\"_blank\" rel=\"noreferrer noopener\">Gilde Gutenberg, Z\u00fcrich<\/a>\u00a0\u00a0&#x2666;\u00a0\u00a0<a href=\"http:\/\/www.papiermuseum.ch\/\" target=\"_blank\" rel=\"noreferrer noopener\">Mus\u00e9e du papier, B\u00e2le<\/a><br><\/p>\n\n\n\n<h2 class=\"wp-block-heading has-text-align-center\">Publications-Emissions-Reportages<\/h2>\n\n\n\n<p class=\"has-text-align-center\"><a rel=\"noreferrer noopener\" href=\"http:\/\/www.rts.ch\/play\/tv\/passe-moi-les-jumelles\/video\/impressions?id=7574195\" target=\"_blank\">Passe-moi les jumelles &#8211; Radio T\u00e9l\u00e9vision Suisse romande, 18 mars 2016<\/a><br><a href=\"http:\/\/www.rts.ch\/play\/radio\/suivez-le-guide\/audio\/encre--plomb-atelier-musee-de-limprimerie?id=7844353\" target=\"_blank\" rel=\"noreferrer noopener\">Suivez le guide \u2013 Radio T\u00e9l\u00e9vision Suisse romande, 25 ao\u00fbt 2016<\/a><\/p>\n\n\n<table style=\"border-collapse: collapse; width: 100%;\">\n<tbody>\n<tr>\n<td style=\"width: 33.333333333333336%;\"><a href=\"http:\/\/www.loisirs.ch\" target=\"_blank\" rel=\"noopener noreferrer\"><img data-recalc-dims=\"1\" loading=\"lazy\" decoding=\"async\" data-attachment-id=\"697\" data-permalink=\"https:\/\/encretplomb.ch\/index.php\/liens-et-partenaires\/loisirs_ch\/\" data-orig-file=\"https:\/\/i0.wp.com\/encretplomb.ch\/wp-content\/uploads\/2016\/01\/loisirs_ch.jpg?fit=190%2C52&amp;ssl=1\" data-orig-size=\"190,52\" data-comments-opened=\"1\" data-image-meta=\"{&quot;aperture&quot;:&quot;0&quot;,&quot;credit&quot;:&quot;&quot;,&quot;camera&quot;:&quot;&quot;,&quot;caption&quot;:&quot;&quot;,&quot;created_timestamp&quot;:&quot;0&quot;,&quot;copyright&quot;:&quot;&quot;,&quot;focal_length&quot;:&quot;0&quot;,&quot;iso&quot;:&quot;0&quot;,&quot;shutter_speed&quot;:&quot;0&quot;,&quot;title&quot;:&quot;&quot;,&quot;orientation&quot;:&quot;0&quot;}\" data-image-title=\"loisirs_ch\" data-image-description=\"\" data-image-caption=\"\" data-large-file=\"https:\/\/i0.wp.com\/encretplomb.ch\/wp-content\/uploads\/2016\/01\/loisirs_ch.jpg?fit=190%2C52&amp;ssl=1\" class=\"alignleft wp-image-697 \" src=\"https:\/\/i0.wp.com\/encretplomb.ch\/wp-content\/uploads\/2016\/01\/loisirs_ch.jpg?resize=149%2C41&#038;ssl=1\" alt=\"loisirs_ch\" width=\"149\" height=\"41\" \/><\/a><\/td>\n<td style=\"width: 33.333333333333336%;\"><a href=\"http:\/\/www.lausanne-tourisme.ch\" target=\"_blank\" rel=\"noopener noreferrer\"><img data-recalc-dims=\"1\" loading=\"lazy\" decoding=\"async\" data-attachment-id=\"960\" data-permalink=\"https:\/\/encretplomb.ch\/index.php\/liens-et-partenaires\/logo_lausanne_tourisme\/\" data-orig-file=\"https:\/\/i0.wp.com\/encretplomb.ch\/wp-content\/uploads\/2016\/01\/logo_lausanne_tourisme.png?fit=215%2C86&amp;ssl=1\" data-orig-size=\"215,86\" data-comments-opened=\"1\" data-image-meta=\"{&quot;aperture&quot;:&quot;0&quot;,&quot;credit&quot;:&quot;&quot;,&quot;camera&quot;:&quot;&quot;,&quot;caption&quot;:&quot;&quot;,&quot;created_timestamp&quot;:&quot;0&quot;,&quot;copyright&quot;:&quot;&quot;,&quot;focal_length&quot;:&quot;0&quot;,&quot;iso&quot;:&quot;0&quot;,&quot;shutter_speed&quot;:&quot;0&quot;,&quot;title&quot;:&quot;&quot;,&quot;orientation&quot;:&quot;0&quot;}\" data-image-title=\"logo_lausanne_tourisme\" data-image-description=\"\" data-image-caption=\"\" data-large-file=\"https:\/\/i0.wp.com\/encretplomb.ch\/wp-content\/uploads\/2016\/01\/logo_lausanne_tourisme.png?fit=215%2C86&amp;ssl=1\" class=\"wp-image-960 alignleft\" src=\"https:\/\/i0.wp.com\/encretplomb.ch\/wp-content\/uploads\/2016\/01\/logo_lausanne_tourisme.png?resize=105%2C42&#038;ssl=1\" alt=\"logo_lausanne_tourisme\" width=\"105\" height=\"42\" \/><\/a><\/td>\n<td style=\"width: 33.333333333333336%;\"><a href=\"http:\/\/www.museums.ch\/fr\" target=\"_blank\" rel=\"noopener noreferrer\"><img data-recalc-dims=\"1\" loading=\"lazy\" decoding=\"async\" data-attachment-id=\"1175\" data-permalink=\"https:\/\/encretplomb.ch\/index.php\/liens-et-partenaires\/logoams\/\" data-orig-file=\"https:\/\/i0.wp.com\/encretplomb.ch\/wp-content\/uploads\/2016\/02\/LogoAMS-e1455106767834.gif?fit=668%2C233&amp;ssl=1\" data-orig-size=\"668,233\" data-comments-opened=\"1\" data-image-meta=\"{&quot;aperture&quot;:&quot;0&quot;,&quot;credit&quot;:&quot;&quot;,&quot;camera&quot;:&quot;&quot;,&quot;caption&quot;:&quot;&quot;,&quot;created_timestamp&quot;:&quot;0&quot;,&quot;copyright&quot;:&quot;&quot;,&quot;focal_length&quot;:&quot;0&quot;,&quot;iso&quot;:&quot;0&quot;,&quot;shutter_speed&quot;:&quot;0&quot;,&quot;title&quot;:&quot;&quot;,&quot;orientation&quot;:&quot;0&quot;}\" data-image-title=\"LogoAMS\" data-image-description=\"\" data-image-caption=\"\" data-large-file=\"https:\/\/i0.wp.com\/encretplomb.ch\/wp-content\/uploads\/2016\/02\/LogoAMS-e1455106767834.gif?fit=580%2C410&amp;ssl=1\" class=\"wp-image-1175 alignleft\" src=\"https:\/\/i0.wp.com\/encretplomb.ch\/wp-content\/uploads\/2016\/02\/LogoAMS-e1455106767834.gif?resize=163%2C57&#038;ssl=1\" alt=\"LogoAMS\" width=\"163\" height=\"57\" \/><\/a><\/td>\n<\/tr>\n<\/tbody>\n<\/table>","protected":false},"excerpt":{"rendered":"<p>Communes nous soutenant Chavannes-pr\u00e8s-Renens&nbsp; &#x2666;&nbsp;&nbsp;Crissier&nbsp;&nbsp;&#x2666; &nbsp;Echandens&nbsp;&nbsp;Prilly&nbsp; &#x2666;&nbsp;&nbsp;Renens&nbsp; &#x2666;&nbsp;&nbsp;Saint-Sulpice&nbsp;&nbsp;&#x2666; &nbsp;Villars-Ste-Croix Autres mus\u00e9es de l&rsquo;imprimerie Espace Gutenberg, Yvonand\u00a0\u00a0&#x2666;\u00a0 Le Cadratin, Sottens\u00a0\u00a0&#x2666;\u00a0\u00a0Mus\u00e9e Gilde Gutenberg, Z\u00fcrich\u00a0\u00a0&#x2666;\u00a0\u00a0Mus\u00e9e du papier, B\u00e2le Publications-Emissions-Reportages Passe-moi les jumelles &#8211; Radio T\u00e9l\u00e9vision Suisse romande, 18 mars 2016Suivez le guide \u2013 Radio T\u00e9l\u00e9vision Suisse romande, 25 ao\u00fbt 2016<\/p>\n","protected":false},"author":7,"featured_media":0,"parent":0,"menu_order":0,"comment_status":"closed","ping_status":"closed","template":"","meta":{"footnotes":""},"class_list":["post-691","page","type-page","status-publish","hentry"],"yoast_head":"<!-- This site is optimized with the Yoast SEO plugin v27.4 - https:\/\/yoast.com\/product\/yoast-seo-wordpress\/ -->\n<title>Liens et partenaires - Atelier-Mus\u00e9e Encre &amp; Plomb<\/title>\n<meta name=\"robots\" content=\"index, follow, max-snippet:-1, max-image-preview:large, max-video-preview:-1\" \/>\n<link rel=\"canonical\" href=\"https:\/\/encretplomb.ch\/index.php\/liens-et-partenaires\/\" \/>\n<meta property=\"og:locale\" content=\"fr_FR\" \/>\n<meta property=\"og:type\" content=\"article\" \/>\n<meta property=\"og:title\" content=\"Liens et partenaires - Atelier-Mus\u00e9e Encre &amp; Plomb\" \/>\n<meta property=\"og:description\" content=\"Communes nous soutenant Chavannes-pr\u00e8s-Renens&nbsp; &#x2666;&nbsp;&nbsp;Crissier&nbsp;&nbsp;&#x2666; &nbsp;Echandens&nbsp;&nbsp;Prilly&nbsp; &#x2666;&nbsp;&nbsp;Renens&nbsp; &#x2666;&nbsp;&nbsp;Saint-Sulpice&nbsp;&nbsp;&#x2666; &nbsp;Villars-Ste-Croix Autres mus\u00e9es de l&rsquo;imprimerie Espace Gutenberg, Yvonand\u00a0\u00a0&#x2666;\u00a0 Le Cadratin, Sottens\u00a0\u00a0&#x2666;\u00a0\u00a0Mus\u00e9e Gilde Gutenberg, Z\u00fcrich\u00a0\u00a0&#x2666;\u00a0\u00a0Mus\u00e9e du papier, B\u00e2le Publications-Emissions-Reportages Passe-moi les jumelles &#8211; Radio T\u00e9l\u00e9vision Suisse romande, 18 mars 2016Suivez le guide \u2013 Radio T\u00e9l\u00e9vision Suisse romande, 25 ao\u00fbt 2016\" \/>\n<meta property=\"og:url\" content=\"https:\/\/encretplomb.ch\/index.php\/liens-et-partenaires\/\" \/>\n<meta property=\"og:site_name\" content=\"Atelier-Mus\u00e9e Encre &amp; Plomb\" \/>\n<meta property=\"article:modified_time\" content=\"2025-01-06T13:09:08+00:00\" \/>\n<meta property=\"og:image\" content=\"https:\/\/encretplomb.ch\/wp-content\/uploads\/2016\/01\/loisirs_ch.jpg\" \/>\n<meta name=\"twitter:card\" content=\"summary_large_image\" \/>\n<meta name=\"twitter:label1\" content=\"Dur\u00e9e de lecture estim\u00e9e\" \/>\n\t<meta name=\"twitter:data1\" content=\"1 minute\" \/>\n<script type=\"application\/ld+json\" class=\"yoast-schema-graph\">{\"@context\":\"https:\\\/\\\/schema.org\",\"@graph\":[{\"@type\":\"WebPage\",\"@id\":\"https:\\\/\\\/encretplomb.ch\\\/index.php\\\/liens-et-partenaires\\\/\",\"url\":\"https:\\\/\\\/encretplomb.ch\\\/index.php\\\/liens-et-partenaires\\\/\",\"name\":\"Liens et partenaires - Atelier-Mus\u00e9e Encre &amp; Plomb\",\"isPartOf\":{\"@id\":\"https:\\\/\\\/encretplomb.ch\\\/#website\"},\"primaryImageOfPage\":{\"@id\":\"https:\\\/\\\/encretplomb.ch\\\/index.php\\\/liens-et-partenaires\\\/#primaryimage\"},\"image\":{\"@id\":\"https:\\\/\\\/encretplomb.ch\\\/index.php\\\/liens-et-partenaires\\\/#primaryimage\"},\"thumbnailUrl\":\"https:\\\/\\\/encretplomb.ch\\\/wp-content\\\/uploads\\\/2016\\\/01\\\/loisirs_ch.jpg\",\"datePublished\":\"2016-01-12T21:40:50+00:00\",\"dateModified\":\"2025-01-06T13:09:08+00:00\",\"breadcrumb\":{\"@id\":\"https:\\\/\\\/encretplomb.ch\\\/index.php\\\/liens-et-partenaires\\\/#breadcrumb\"},\"inLanguage\":\"fr-FR\",\"potentialAction\":[{\"@type\":\"ReadAction\",\"target\":[\"https:\\\/\\\/encretplomb.ch\\\/index.php\\\/liens-et-partenaires\\\/\"]}]},{\"@type\":\"ImageObject\",\"inLanguage\":\"fr-FR\",\"@id\":\"https:\\\/\\\/encretplomb.ch\\\/index.php\\\/liens-et-partenaires\\\/#primaryimage\",\"url\":\"https:\\\/\\\/i0.wp.com\\\/encretplomb.ch\\\/wp-content\\\/uploads\\\/2016\\\/01\\\/loisirs_ch.jpg?fit=190%2C52&ssl=1\",\"contentUrl\":\"https:\\\/\\\/i0.wp.com\\\/encretplomb.ch\\\/wp-content\\\/uploads\\\/2016\\\/01\\\/loisirs_ch.jpg?fit=190%2C52&ssl=1\",\"width\":190,\"height\":52},{\"@type\":\"BreadcrumbList\",\"@id\":\"https:\\\/\\\/encretplomb.ch\\\/index.php\\\/liens-et-partenaires\\\/#breadcrumb\",\"itemListElement\":[{\"@type\":\"ListItem\",\"position\":1,\"name\":\"Accueil\",\"item\":\"https:\\\/\\\/encretplomb.ch\\\/\"},{\"@type\":\"ListItem\",\"position\":2,\"name\":\"Liens et partenaires\"}]},{\"@type\":\"WebSite\",\"@id\":\"https:\\\/\\\/encretplomb.ch\\\/#website\",\"url\":\"https:\\\/\\\/encretplomb.ch\\\/\",\"name\":\"Atelier-Mus\u00e9e Encre &amp; Plomb\",\"description\":\"Mus\u00e9e vivant de la typographie\",\"publisher\":{\"@id\":\"https:\\\/\\\/encretplomb.ch\\\/#organization\"},\"potentialAction\":[{\"@type\":\"SearchAction\",\"target\":{\"@type\":\"EntryPoint\",\"urlTemplate\":\"https:\\\/\\\/encretplomb.ch\\\/?s={search_term_string}\"},\"query-input\":{\"@type\":\"PropertyValueSpecification\",\"valueRequired\":true,\"valueName\":\"search_term_string\"}}],\"inLanguage\":\"fr-FR\"},{\"@type\":\"Organization\",\"@id\":\"https:\\\/\\\/encretplomb.ch\\\/#organization\",\"name\":\"Atelier Mus\u00e9e de la Typographie\",\"url\":\"https:\\\/\\\/encretplomb.ch\\\/\",\"logo\":{\"@type\":\"ImageObject\",\"inLanguage\":\"fr-FR\",\"@id\":\"https:\\\/\\\/encretplomb.ch\\\/#\\\/schema\\\/logo\\\/image\\\/\",\"url\":\"https:\\\/\\\/i0.wp.com\\\/encretplomb.ch\\\/wp-content\\\/uploads\\\/2021\\\/05\\\/cropped-Logo_AEP-12-1.04.18-Original-.jpg?fit=1591%2C653&ssl=1\",\"contentUrl\":\"https:\\\/\\\/i0.wp.com\\\/encretplomb.ch\\\/wp-content\\\/uploads\\\/2021\\\/05\\\/cropped-Logo_AEP-12-1.04.18-Original-.jpg?fit=1591%2C653&ssl=1\",\"width\":1591,\"height\":653,\"caption\":\"Atelier Mus\u00e9e de la Typographie\"},\"image\":{\"@id\":\"https:\\\/\\\/encretplomb.ch\\\/#\\\/schema\\\/logo\\\/image\\\/\"}}]}<\/script>\n<!-- \/ Yoast SEO plugin. -->","yoast_head_json":{"title":"Liens et partenaires - Atelier-Mus\u00e9e Encre &amp; Plomb","robots":{"index":"index","follow":"follow","max-snippet":"max-snippet:-1","max-image-preview":"max-image-preview:large","max-video-preview":"max-video-preview:-1"},"canonical":"https:\/\/encretplomb.ch\/index.php\/liens-et-partenaires\/","og_locale":"fr_FR","og_type":"article","og_title":"Liens et partenaires - Atelier-Mus\u00e9e Encre &amp; Plomb","og_description":"Communes nous soutenant Chavannes-pr\u00e8s-Renens&nbsp; &#x2666;&nbsp;&nbsp;Crissier&nbsp;&nbsp;&#x2666; &nbsp;Echandens&nbsp;&nbsp;Prilly&nbsp; &#x2666;&nbsp;&nbsp;Renens&nbsp; &#x2666;&nbsp;&nbsp;Saint-Sulpice&nbsp;&nbsp;&#x2666; &nbsp;Villars-Ste-Croix Autres mus\u00e9es de l&rsquo;imprimerie Espace Gutenberg, Yvonand\u00a0\u00a0&#x2666;\u00a0 Le Cadratin, Sottens\u00a0\u00a0&#x2666;\u00a0\u00a0Mus\u00e9e Gilde Gutenberg, Z\u00fcrich\u00a0\u00a0&#x2666;\u00a0\u00a0Mus\u00e9e du papier, B\u00e2le Publications-Emissions-Reportages Passe-moi les jumelles &#8211; Radio T\u00e9l\u00e9vision Suisse romande, 18 mars 2016Suivez le guide \u2013 Radio T\u00e9l\u00e9vision Suisse romande, 25 ao\u00fbt 2016","og_url":"https:\/\/encretplomb.ch\/index.php\/liens-et-partenaires\/","og_site_name":"Atelier-Mus\u00e9e Encre &amp; Plomb","article_modified_time":"2025-01-06T13:09:08+00:00","og_image":[{"url":"https:\/\/encretplomb.ch\/wp-content\/uploads\/2016\/01\/loisirs_ch.jpg","type":"","width":"","height":""}],"twitter_card":"summary_large_image","twitter_misc":{"Dur\u00e9e de lecture estim\u00e9e":"1 minute"},"schema":{"@context":"https:\/\/schema.org","@graph":[{"@type":"WebPage","@id":"https:\/\/encretplomb.ch\/index.php\/liens-et-partenaires\/","url":"https:\/\/encretplomb.ch\/index.php\/liens-et-partenaires\/","name":"Liens et partenaires - Atelier-Mus\u00e9e Encre &amp; Plomb","isPartOf":{"@id":"https:\/\/encretplomb.ch\/#website"},"primaryImageOfPage":{"@id":"https:\/\/encretplomb.ch\/index.php\/liens-et-partenaires\/#primaryimage"},"image":{"@id":"https:\/\/encretplomb.ch\/index.php\/liens-et-partenaires\/#primaryimage"},"thumbnailUrl":"https:\/\/encretplomb.ch\/wp-content\/uploads\/2016\/01\/loisirs_ch.jpg","datePublished":"2016-01-12T21:40:50+00:00","dateModified":"2025-01-06T13:09:08+00:00","breadcrumb":{"@id":"https:\/\/encretplomb.ch\/index.php\/liens-et-partenaires\/#breadcrumb"},"inLanguage":"fr-FR","potentialAction":[{"@type":"ReadAction","target":["https:\/\/encretplomb.ch\/index.php\/liens-et-partenaires\/"]}]},{"@type":"ImageObject","inLanguage":"fr-FR","@id":"https:\/\/encretplomb.ch\/index.php\/liens-et-partenaires\/#primaryimage","url":"https:\/\/i0.wp.com\/encretplomb.ch\/wp-content\/uploads\/2016\/01\/loisirs_ch.jpg?fit=190%2C52&ssl=1","contentUrl":"https:\/\/i0.wp.com\/encretplomb.ch\/wp-content\/uploads\/2016\/01\/loisirs_ch.jpg?fit=190%2C52&ssl=1","width":190,"height":52},{"@type":"BreadcrumbList","@id":"https:\/\/encretplomb.ch\/index.php\/liens-et-partenaires\/#breadcrumb","itemListElement":[{"@type":"ListItem","position":1,"name":"Accueil","item":"https:\/\/encretplomb.ch\/"},{"@type":"ListItem","position":2,"name":"Liens et partenaires"}]},{"@type":"WebSite","@id":"https:\/\/encretplomb.ch\/#website","url":"https:\/\/encretplomb.ch\/","name":"Atelier-Mus\u00e9e Encre &amp; Plomb","description":"Mus\u00e9e vivant de la typographie","publisher":{"@id":"https:\/\/encretplomb.ch\/#organization"},"potentialAction":[{"@type":"SearchAction","target":{"@type":"EntryPoint","urlTemplate":"https:\/\/encretplomb.ch\/?s={search_term_string}"},"query-input":{"@type":"PropertyValueSpecification","valueRequired":true,"valueName":"search_term_string"}}],"inLanguage":"fr-FR"},{"@type":"Organization","@id":"https:\/\/encretplomb.ch\/#organization","name":"Atelier Mus\u00e9e de la Typographie","url":"https:\/\/encretplomb.ch\/","logo":{"@type":"ImageObject","inLanguage":"fr-FR","@id":"https:\/\/encretplomb.ch\/#\/schema\/logo\/image\/","url":"https:\/\/i0.wp.com\/encretplomb.ch\/wp-content\/uploads\/2021\/05\/cropped-Logo_AEP-12-1.04.18-Original-.jpg?fit=1591%2C653&ssl=1","contentUrl":"https:\/\/i0.wp.com\/encretplomb.ch\/wp-content\/uploads\/2021\/05\/cropped-Logo_AEP-12-1.04.18-Original-.jpg?fit=1591%2C653&ssl=1","width":1591,"height":653,"caption":"Atelier Mus\u00e9e de la Typographie"},"image":{"@id":"https:\/\/encretplomb.ch\/#\/schema\/logo\/image\/"}}]}},"jetpack_sharing_enabled":true,"_links":{"self":[{"href":"https:\/\/encretplomb.ch\/index.php\/wp-json\/wp\/v2\/pages\/691","targetHints":{"allow":["GET"]}}],"collection":[{"href":"https:\/\/encretplomb.ch\/index.php\/wp-json\/wp\/v2\/pages"}],"about":[{"href":"https:\/\/encretplomb.ch\/index.php\/wp-json\/wp\/v2\/types\/page"}],"author":[{"embeddable":true,"href":"https:\/\/encretplomb.ch\/index.php\/wp-json\/wp\/v2\/users\/7"}],"replies":[{"embeddable":true,"href":"https:\/\/encretplomb.ch\/index.php\/wp-json\/wp\/v2\/comments?post=691"}],"version-history":[{"count":201,"href":"https:\/\/encretplomb.ch\/index.php\/wp-json\/wp\/v2\/pages\/691\/revisions"}],"predecessor-version":[{"id":6235,"href":"https:\/\/encretplomb.ch\/index.php\/wp-json\/wp\/v2\/pages\/691\/revisions\/6235"}],"wp:attachment":[{"href":"https:\/\/encretplomb.ch\/index.php\/wp-json\/wp\/v2\/media?parent=691"}],"curies":[{"name":"wp","href":"https:\/\/api.w.org\/{rel}","templated":true}]}}